{"id":460,"date":"2015-04-13T13:36:05","date_gmt":"2015-04-13T16:36:05","guid":{"rendered":"https:\/\/wp.ufpel.edu.br\/depfis\/?page_id=460"},"modified":"2019-03-14T09:22:15","modified_gmt":"2019-03-14T12:22:15","slug":"disciplinas-virtuais","status":"publish","type":"page","link":"https:\/\/wp.ufpel.edu.br\/depfis\/disciplinas-virtuais\/","title":{"rendered":"Disciplinas Virtuais"},"content":{"rendered":"<p><strong>F\u00edsica (11090023)<\/strong><\/p>\n<p><a href=\"https:\/\/wp.ufpel.edu.br\/depfis\/files\/2015\/04\/lista1.pdf\" target=\"_blank\" rel=\"noopener noreferrer\">Lista n\u00ba 1<\/a>\u00a0&#8211; <span style=\"color: #0000ff\">Medidas e Unidades<\/span><\/p>\n<p><a href=\"https:\/\/wp.ufpel.edu.br\/depfis\/files\/2015\/04\/lista2.pdf\" target=\"_blank\" rel=\"noopener noreferrer\">Lista n\u00ba 2<\/a>\u00a0&#8211; <span style=\"color: #0000ff\">For\u00e7a e Torque<\/span><\/p>\n<p><a href=\"https:\/\/wp.ufpel.edu.br\/depfis\/files\/2015\/04\/lista3.pdf\" target=\"_blank\" rel=\"noopener noreferrer\">Lista n\u00ba 3<\/a>\u00a0&#8211; <span style=\"color: #0000ff\">Energia e Pot\u00eancia<\/span><\/p>\n<p><a href=\"https:\/\/wp.ufpel.edu.br\/depfis\/files\/2015\/04\/lista4.pdf\" target=\"_blank\" rel=\"noopener noreferrer\">Lista n\u00ba 4<\/a>\u00a0&#8211;<span style=\"color: #0000ff\"> Fluidos<\/span><\/p>\n<p><a href=\"https:\/\/wp.ufpel.edu.br\/depfis\/files\/2015\/04\/lista5.pdf\" target=\"_blank\" rel=\"noopener noreferrer\">Lista n\u00ba 5<\/a>\u00a0&#8211; <span style=\"color: #0000ff\">Exerc\u00edcios\u00a0<\/span><\/p>\n<p><a href=\"https:\/\/wp.ufpel.edu.br\/depfis\/files\/2015\/04\/lista6.pdf\" target=\"_blank\" rel=\"noopener noreferrer\">Lista n\u00ba 6<\/a>\u00a0&#8211; <span style=\"color: #0000ff\">Exerc\u00edcios<\/span><\/p>\n<p><strong>F\u00edsica B\u00e1sica I (11090032)<\/strong><\/p>\n<p><a href=\"https:\/\/wp.ufpel.edu.br\/depfis\/files\/2015\/04\/lista-1.pdf\">Lista n\u00ba 1<\/a>\u00a0&#8211; <span style=\"color: #0000ff\">Medidas e Unidades<\/span><\/p>\n<p><a href=\"https:\/\/wp.ufpel.edu.br\/depfis\/files\/2015\/04\/lista-2-cinematica.pdf\">Lista n\u00ba 2<\/a>\u00a0&#8211; <span style=\"color: #0000ff\">Cinem\u00e1tica<\/span><\/p>\n<p><a href=\"https:\/\/wp.ufpel.edu.br\/depfis\/files\/2015\/04\/lista-3-vetores.pdf\">Lista n\u00ba 3<\/a>\u00a0&#8211; <span style=\"color: #0000ff\">Vetores<\/span><\/p>\n<p><a href=\"https:\/\/wp.ufpel.edu.br\/depfis\/files\/2015\/04\/lista-4-mov-2e3D.pdf\">Lista n\u00ba 4<\/a>\u00a0&#8211; <span style=\"color: #0000ff\">Movimento em 2 e 3 Dimens\u00f5es<\/span><\/p>\n<p><a href=\"https:\/\/wp.ufpel.edu.br\/depfis\/files\/2015\/04\/lista-5-forca1.pdf\">Lista n\u00ba 5<\/a>\u00a0&#8211; <span style=\"color: #0000ff\">For\u00e7a e Movimento I<\/span><\/p>\n<p><a href=\"https:\/\/wp.ufpel.edu.br\/depfis\/files\/2015\/04\/lista-6-forca2.pdf\">Lista n\u00ba 6<\/a>\u00a0&#8211; <span style=\"color: #0000ff\">For\u00e7a e Movimento II<\/span><\/p>\n<p><a href=\"https:\/\/wp.ufpel.edu.br\/depfis\/files\/2015\/04\/lista-7-cinetica-trabalho.pdf\">Lista n\u00ba 7<\/a>\u00a0&#8211; <span style=\"color: #0000ff\">Trabalho e Energia Cin\u00e9tica<\/span><\/p>\n<p><a href=\"https:\/\/wp.ufpel.edu.br\/depfis\/files\/2015\/04\/lista-8-conservacao-energia.pdf\">Lista n\u00ba 8<\/a>\u00a0&#8211; <span style=\"color: #0000ff\">Conserva\u00e7\u00e3o da Energia\u00a0<\/span><\/p>\n<p><a href=\"https:\/\/wp.ufpel.edu.br\/depfis\/files\/2015\/04\/lista-9-colisoes.pdf\">Lista n\u00ba 9<\/a>\u00a0&#8211; <span style=\"color: #0000ff\">Colis\u00f5es<\/span><\/p>\n<p><a href=\"https:\/\/wp.ufpel.edu.br\/depfis\/files\/2015\/04\/lista-10-rotacao.pdf\">Lista n\u00ba 10<\/a>\u00a0&#8211; <span style=\"color: #0000ff\">Rota\u00e7\u00e3o<\/span><\/p>\n<p><a href=\"https:\/\/wp.ufpel.edu.br\/depfis\/files\/2015\/04\/lista-11-torque-momento-angular.pdf\">Lista n\u00ba 11<\/a>\u00a0&#8211; <span style=\"color: #0000ff\">Torque e Momento Angular\u00a0<\/span><\/p>\n<p><strong>F\u00edsica B\u00e1sica II (11090032)<\/strong><\/p>\n<p><a href=\"https:\/\/wp.ufpel.edu.br\/depfis\/files\/2015\/04\/lista_fluidos.pdf\">Lista n\u00ba 1<\/a>\u00a0&#8211;<span style=\"color: #0000ff\"> Fluidos<\/span><\/p>\n<p><a href=\"https:\/\/wp.ufpel.edu.br\/depfis\/files\/2015\/04\/lista_gases.pdf\">Lista n\u00ba 2<\/a>\u00a0&#8211; <span style=\"color: #0000ff\">Teoria Cin\u00e9tica dos Gases<\/span><\/p>\n<p><a href=\"https:\/\/wp.ufpel.edu.br\/depfis\/files\/2015\/04\/lista_gravit.pdf\">Lista n\u00ba 3<\/a>\u00a0&#8211; <span style=\"color: #0000ff\">Gravita\u00e7\u00e3o<\/span><\/p>\n<p><a href=\"https:\/\/wp.ufpel.edu.br\/depfis\/files\/2015\/04\/lista_ondas1.pdf\">Lista n\u00ba 4<\/a>\u00a0&#8211; <span style=\"color: #0000ff\">Ondas I<\/span><\/p>\n<p><a href=\"https:\/\/wp.ufpel.edu.br\/depfis\/files\/2015\/04\/lista_ondas2.pdf\">Lista n\u00ba 5<\/a>\u00a0&#8211; <span style=\"color: #0000ff\">Ondas II<\/span><\/p>\n<p><a href=\"https:\/\/wp.ufpel.edu.br\/depfis\/files\/2015\/04\/lista_oscil.pdf\">Lista n\u00ba 6<\/a>\u00a0&#8211; <span style=\"color: #0000ff\">Oscila\u00e7\u00f5es<\/span><\/p>\n<p><a href=\"https:\/\/wp.ufpel.edu.br\/depfis\/files\/2015\/04\/lista_segunda_lei.pdf\">Lista n\u00ba 7<\/a>\u00a0&#8211; <span style=\"color: #0000ff\">Entropia e a Segunda Lei da Termodin\u00e2mica<\/span><\/p>\n<p><a href=\"https:\/\/wp.ufpel.edu.br\/depfis\/files\/2015\/04\/lista_temp_calor.pdf\">Lista n\u00ba 8<\/a>\u00a0&#8211; <span style=\"color: #0000ff\">Temperatura, Calor e a Primeira Lei da Termodin\u00e2mica\u00a0<\/span><\/p>\n","protected":false},"excerpt":{"rendered":"<p>F\u00edsica (11090023) Lista n\u00ba 1\u00a0&#8211; Medidas e Unidades Lista n\u00ba 2\u00a0&#8211; For\u00e7a e Torque Lista n\u00ba 3\u00a0&#8211; Energia e Pot\u00eancia Lista n\u00ba 4\u00a0&#8211; Fluidos Lista n\u00ba 5\u00a0&#8211; Exerc\u00edcios\u00a0 Lista n\u00ba 6\u00a0&#8211; Exerc\u00edcios F\u00edsica B\u00e1sica I (11090032) Lista n\u00ba 1\u00a0&#8211; Medidas e Unidades Lista n\u00ba 2\u00a0&#8211; Cinem\u00e1tica Lista n\u00ba 3\u00a0&#8211; Vetores Lista n\u00ba 4\u00a0&#8211; Movimento em &hellip; <\/p>\n<p><a class=\"more-link btn\" href=\"https:\/\/wp.ufpel.edu.br\/depfis\/disciplinas-virtuais\/\">Continue lendo<\/a><\/p>\n","protected":false},"author":489,"featured_media":0,"parent":0,"menu_order":0,"comment_status":"closed","ping_status":"closed","template":"","meta":{"footnotes":""},"class_list":["post-460","page","type-page","status-publish","hentry","nodate","item-wrap"],"_links":{"self":[{"href":"https:\/\/wp.ufpel.edu.br\/depfis\/wp-json\/wp\/v2\/pages\/460","targetHints":{"allow":["GET"]}}],"collection":[{"href":"https:\/\/wp.ufpel.edu.br\/depfis\/wp-json\/wp\/v2\/pages"}],"about":[{"href":"https:\/\/wp.ufpel.edu.br\/depfis\/wp-json\/wp\/v2\/types\/page"}],"author":[{"embeddable":true,"href":"https:\/\/wp.ufpel.edu.br\/depfis\/wp-json\/wp\/v2\/users\/489"}],"replies":[{"embeddable":true,"href":"https:\/\/wp.ufpel.edu.br\/depfis\/wp-json\/wp\/v2\/comments?post=460"}],"version-history":[{"count":7,"href":"https:\/\/wp.ufpel.edu.br\/depfis\/wp-json\/wp\/v2\/pages\/460\/revisions"}],"predecessor-version":[{"id":1452,"href":"https:\/\/wp.ufpel.edu.br\/depfis\/wp-json\/wp\/v2\/pages\/460\/revisions\/1452"}],"wp:attachment":[{"href":"https:\/\/wp.ufpel.edu.br\/depfis\/wp-json\/wp\/v2\/media?parent=460"}],"curies":[{"name":"wp","href":"https:\/\/api.w.org\/{rel}","templated":true}]}}