{"id":291,"date":"2015-04-02T14:03:34","date_gmt":"2015-04-02T17:03:34","guid":{"rendered":"https:\/\/wp.ufpel.edu.br\/depfis\/?page_id=291"},"modified":"2023-10-09T13:37:18","modified_gmt":"2023-10-09T16:37:18","slug":"alunos","status":"publish","type":"page","link":"https:\/\/wp.ufpel.edu.br\/depfis\/alunos\/","title":{"rendered":"Planos de Ensino"},"content":{"rendered":"<p><em>Consulta aos Planos de Ensino das disciplinas oferecidas em <strong>2019\/2 <\/strong>pelo Departamento de F\u00edsica aos diversos cursos de gradua\u00e7\u00e3o da UFPel:<\/em><\/p>\n<p>Dispon\u00edveis a partir de 2019\/2 no sistema cobalto ap\u00f3s aprova\u00e7\u00e3o em reuni\u00e3o departamental.<\/p>\n<p><em>Consulta aos Planos de Ensino das disciplinas oferecidas em <strong>2019\/1 <\/strong>pelo Departamento de F\u00edsica aos diversos cursos de gradua\u00e7\u00e3o da UFPel:<\/em><\/p>\n<p><a href=\"https:\/\/wp.ufpel.edu.br\/depfis\/files\/2019\/03\/DF-PLANOS-DE-2019-1-ENVIO-PDF.zip\">DF &#8211; PLANOS DE 2019-1 ENVIO PDF<\/a><\/p>\n<p><span style=\"color: #ff0000\"><em>OBS: Descompacte o arquivo para obten\u00e7\u00e3o dos planos de ensino em formato pdf.<\/em><\/span><\/p>\n<p><!--more--><\/p>\n<p><em>Consulta aos Planos de Ensino das disciplinas oferecidas em <strong>2018\/2\u00a0<\/strong>pelo Departamento de F\u00edsica aos diversos cursos de gradua\u00e7\u00e3o da UFPel:<\/em><\/p>\n<p><span style=\"color: #ff0000\"><a href=\"https:\/\/wp.ufpel.edu.br\/depfis\/files\/2018\/09\/DF-PLANOS-DE-ENSINO-2018-2-PDF.zip\">DF &#8211; PLANOS DE ENSINO PDF 2018-2<\/a>\u00a0( Arquivo d<\/span>ispon\u00edvel em 04\/09\/2018 ).<\/p>\n<p><!--more--><\/p>\n<p><em>Consulta aos Planos de Ensino das disciplinas oferecidas em <strong>2018\/1<\/strong> pelo Departamento de F\u00edsica aos diversos cursos de gradua\u00e7\u00e3o da UFPel:<\/em><\/p>\n<p><a href=\"https:\/\/wp.ufpel.edu.br\/depfis\/files\/2018\/04\/DF-PLANOS-DE-ENSINO-PDF-2018-1-1.zip\">DF &#8211; PLANOS DE ENSINO PDF 2018-1<\/a><\/p>\n<p><em>Consulta aos Planos de Ensino das disciplinas oferecidas em <strong>2017\/2<\/strong> pelo Departamento de F\u00edsica aos diversos cursos de gradua\u00e7\u00e3o da UFPel:<\/em><\/p>\n<p><a href=\"https:\/\/wp.ufpel.edu.br\/depfis\/files\/2015\/04\/Planos-de-ensino-2017-2.rar\">DF &#8211; PLANOS DE ENSINO PDF 2017-2<\/a><\/p>\n<p><em>Consulta aos Planos de Ensino das disciplinas oferecidas em <strong>2017\/1<\/strong> pelo Departamento de F\u00edsica aos diversos cursos de gradua\u00e7\u00e3o da UFPel:<\/em><\/p>\n<p><a href=\"https:\/\/wp.ufpel.edu.br\/depfis\/files\/2015\/04\/2017-1.rar\">DF\u00a0 &#8211; PLANOS DE ENSINO PDF 2017-1<\/a><\/p>\n<p><em>Consulta aos Planos de Ensino das disciplinas oferecidas em<strong> 2016\/2<\/strong> pelo Departamento de F\u00edsica aos diversos cursos de gradua\u00e7\u00e3o da UFPel:<\/em><\/p>\n<p><a href=\"https:\/\/wp.ufpel.edu.br\/depfis\/alunos\/planos-de-ensino-2016_2-pdfs\/\" rel=\"attachment wp-att-943\">DF &#8211; PLANOS DE ENSINO PDF 2016-2<\/a><\/p>\n<p><!--more--><\/p>\n<p><em>Consulta aos Planos de Ensino das disciplinas oferecidas em <strong>2016\/1<\/strong> pelo Departamento de F\u00edsica aos diversos cursos de gradua\u00e7\u00e3o da UFPel:<\/em><\/p>\n<p><a href=\"https:\/\/wp.ufpel.edu.br\/depfis\/files\/2019\/03\/planos_de_ensino_2016-1.zip\">DF &#8211; PLANOS DE ENSINO PDF 2016-1<\/a><\/p>\n","protected":false},"excerpt":{"rendered":"<p>Consulta aos Planos de Ensino das disciplinas oferecidas em 2019\/2 pelo Departamento de F\u00edsica aos diversos cursos de gradua\u00e7\u00e3o da UFPel: Dispon\u00edveis a partir de 2019\/2 no sistema cobalto ap\u00f3s aprova\u00e7\u00e3o em reuni\u00e3o departamental. Consulta aos Planos de Ensino das disciplinas oferecidas em 2019\/1 pelo Departamento de F\u00edsica aos diversos cursos de gradua\u00e7\u00e3o da UFPel: &hellip; <\/p>\n<p><a class=\"more-link btn\" href=\"https:\/\/wp.ufpel.edu.br\/depfis\/alunos\/\">Continue lendo<\/a><\/p>\n","protected":false},"author":489,"featured_media":0,"parent":0,"menu_order":0,"comment_status":"closed","ping_status":"closed","template":"","meta":{"footnotes":""},"class_list":["post-291","page","type-page","status-publish","hentry","nodate","item-wrap"],"_links":{"self":[{"href":"https:\/\/wp.ufpel.edu.br\/depfis\/wp-json\/wp\/v2\/pages\/291","targetHints":{"allow":["GET"]}}],"collection":[{"href":"https:\/\/wp.ufpel.edu.br\/depfis\/wp-json\/wp\/v2\/pages"}],"about":[{"href":"https:\/\/wp.ufpel.edu.br\/depfis\/wp-json\/wp\/v2\/types\/page"}],"author":[{"embeddable":true,"href":"https:\/\/wp.ufpel.edu.br\/depfis\/wp-json\/wp\/v2\/users\/489"}],"replies":[{"embeddable":true,"href":"https:\/\/wp.ufpel.edu.br\/depfis\/wp-json\/wp\/v2\/comments?post=291"}],"version-history":[{"count":91,"href":"https:\/\/wp.ufpel.edu.br\/depfis\/wp-json\/wp\/v2\/pages\/291\/revisions"}],"predecessor-version":[{"id":1772,"href":"https:\/\/wp.ufpel.edu.br\/depfis\/wp-json\/wp\/v2\/pages\/291\/revisions\/1772"}],"wp:attachment":[{"href":"https:\/\/wp.ufpel.edu.br\/depfis\/wp-json\/wp\/v2\/media?parent=291"}],"curies":[{"name":"wp","href":"https:\/\/api.w.org\/{rel}","templated":true}]}}