{"id":186,"date":"2015-03-23T12:11:13","date_gmt":"2015-03-23T15:11:13","guid":{"rendered":"https:\/\/wp.ufpel.edu.br\/depfis\/?page_id=186"},"modified":"2023-09-26T00:58:51","modified_gmt":"2023-09-26T03:58:51","slug":"cursos-atendidos","status":"publish","type":"page","link":"https:\/\/wp.ufpel.edu.br\/depfis\/cursos-atendidos\/","title":{"rendered":"Cursos Atendidos"},"content":{"rendered":"<p><span style=\"color: #000000;\">Atualmente o Departamento de F\u00edsica atende os seguintes cursos da UFPel:<\/span><\/p>\n<p><span style=\"color: #000000;\"><strong>Gradua\u00e7\u00e3o<\/strong><\/span><\/p>\n<table style=\"height: 546px; width: 777px;\">\n<tbody>\n<tr style=\"height: 39px;\">\n<td style=\"width: 419px; height: 39px;\"><span style=\"color: #000000;\">2900 &#8211; <a href=\"https:\/\/institucional.ufpel.edu.br\/cursos\/cod\/2900\" target=\"_blank\" rel=\"noopener\">Licenciatura em F\u00edsica<\/a><\/span><\/td>\n<td style=\"width: 358px; height: 39px;\"><span style=\"color: #000000;\">7800 &#8211; <a href=\"https:\/\/institucional.ufpel.edu.br\/cursos\/cod\/7800\" target=\"_blank\" rel=\"noopener\">Qu\u00edmica Forense<\/a><\/span><\/td>\n<\/tr>\n<tr style=\"height: 39px;\">\n<td style=\"width: 419px; height: 39px;\"><span style=\"color: #000000;\">2910 &#8211; <a href=\"https:\/\/institucional.ufpel.edu.br\/cursos\/cod\/2910\" target=\"_blank\" rel=\"noopener\">Bacharelado em F\u00edsica<\/a><\/span><\/td>\n<td style=\"width: 358px; height: 39px;\"><span style=\"color: #000000;\">3910 &#8211; <a href=\"https:\/\/institucional.ufpel.edu.br\/cursos\/cod\/3910\" target=\"_blank\" rel=\"noopener\">Engenharia de Computa\u00e7\u00e3o<\/a><\/span><\/td>\n<\/tr>\n<tr style=\"height: 39px;\">\n<td style=\"width: 419px; height: 39px;\"><span style=\"color: #000000;\">3800 &#8211; <a href=\"https:\/\/institucional.ufpel.edu.br\/cursos\/cod\/3800\" target=\"_blank\" rel=\"noopener\">Licenciatura em Matem\u00e1tica Integral<\/a><\/span><\/td>\n<td style=\"width: 358px; height: 39px;\"><span style=\"color: #000000;\">6100 &#8211; <a href=\"https:\/\/institucional.ufpel.edu.br\/cursos\/cod\/6100\" target=\"_blank\" rel=\"noopener\">Engenharia de Materiais<\/a><\/span><\/td>\n<\/tr>\n<tr style=\"height: 39px;\">\n<td style=\"width: 419px; height: 39px;\"><span style=\"color: #000000;\">3820 &#8211; <a href=\"https:\/\/institucional.ufpel.edu.br\/cursos\/cod\/3820\" target=\"_blank\" rel=\"noopener\">Licenciatura em Matem\u00e1tica Noturno<\/a><\/span><\/td>\n<td style=\"width: 358px; height: 39px;\"><span style=\"color: #000000;\">6400 &#8211; <a href=\"https:\/\/institucional.ufpel.edu.br\/cursos\/cod\/6400\" target=\"_blank\" rel=\"noopener\">Engenharia H\u00eddrica<\/a><\/span><\/td>\n<\/tr>\n<tr style=\"height: 39px;\">\n<td style=\"width: 419px; height: 39px;\"><span style=\"color: #000000;\">1800 &#8211; <a href=\"https:\/\/institucional.ufpel.edu.br\/cursos\/cod\/1800\" target=\"_blank\" rel=\"noopener\">Meteorologia<\/a><\/span><\/td>\n<td style=\"width: 358px; height: 39px;\"><span style=\"color: #000000;\">700 &#8211; <a href=\"https:\/\/institucional.ufpel.edu.br\/cursos\/cod\/700\" target=\"_blank\" rel=\"noopener\">Engenharia Agr\u00edcola<\/a><\/span><\/td>\n<\/tr>\n<tr style=\"height: 39px;\">\n<td style=\"width: 419px; height: 40px;\"><span style=\"color: #000000;\">500 &#8211; <a href=\"https:\/\/institucional.ufpel.edu.br\/cursos\/cod\/500\" target=\"_blank\" rel=\"noopener\">Medicina Veterin\u00e1ria<\/a><\/span><\/td>\n<td style=\"width: 358px; height: 40px;\"><span style=\"color: #000000;\">5200 &#8211; <a href=\"https:\/\/institucional.ufpel.edu.br\/cursos\/cod\/5200\" target=\"_blank\" rel=\"noopener\">Engenharia Industrial Madeireira<\/a><\/span><\/td>\n<\/tr>\n<tr style=\"height: 39px;\">\n<td style=\"width: 419px; height: 39px;\"><span style=\"color: #000000;\">100 &#8211; <a href=\"https:\/\/institucional.ufpel.edu.br\/cursos\/cod\/100\" target=\"_blank\" rel=\"noopener\">Agronomia<\/a><\/span><\/td>\n<td style=\"width: 358px; height: 39px;\"><span style=\"color: #000000;\">5590 &#8211; <a href=\"https:\/\/institucional.ufpel.edu.br\/cursos\/cod\/5590\" target=\"_blank\" rel=\"noopener\">Geoprocessamento<\/a><\/span><\/td>\n<\/tr>\n<tr style=\"height: 39px;\">\n<td style=\"width: 419px; height: 39px;\"><span style=\"color: #000000;\">4110 &#8211; <a href=\"https:\/\/institucional.ufpel.edu.br\/cursos\/cod\/4110\" target=\"_blank\" rel=\"noopener\">Ci\u00eancias Biol\u00f3gicas Bacharelado<\/a><\/span><\/td>\n<td style=\"width: 358px; height: 39px;\"><span style=\"color: #000000;\">5600 &#8211; <a href=\"https:\/\/institucional.ufpel.edu.br\/cursos\/cod\/5600\" target=\"_blank\" rel=\"noopener\">Engenharia Geol\u00f3gica<\/a><\/span><\/td>\n<\/tr>\n<tr style=\"height: 39px;\">\n<td style=\"width: 419px; height: 39px;\"><span style=\"color: #000000;\">4120 &#8211; <a href=\"https:\/\/institucional.ufpel.edu.br\/cursos\/cod\/4120\" target=\"_blank\" rel=\"noopener\">Ci\u00eancias Biol\u00f3gicas Licenciatura<\/a><\/span><\/td>\n<td style=\"width: 358px; height: 39px;\"><span style=\"color: #000000;\">6200 &#8211; <a href=\"https:\/\/institucional.ufpel.edu.br\/cursos\/cod\/6200\" target=\"_blank\" rel=\"noopener\">Engenharia Sanit\u00e1ria e Ambiental<\/a><\/span><\/td>\n<\/tr>\n<tr style=\"height: 39px;\">\n<td style=\"width: 419px; height: 39px;\"><span style=\"color: #000000;\">7100 &#8211; <a href=\"https:\/\/institucional.ufpel.edu.br\/cursos\/cod\/7100\" target=\"_blank\" rel=\"noopener\">Farm\u00e1cia<\/a><\/span><\/td>\n<td style=\"width: 358px; height: 39px;\"><span style=\"color: #000000;\">6300 &#8211; <a href=\"https:\/\/institucional.ufpel.edu.br\/cursos\/cod\/6300\" target=\"_blank\" rel=\"noopener\">Engenharia Civil<\/a><\/span><\/td>\n<\/tr>\n<tr style=\"height: 39px;\">\n<td style=\"width: 419px; height: 39px;\"><span style=\"color: #000000;\">4300 &#8211; <a href=\"https:\/\/institucional.ufpel.edu.br\/cursos\/cod\/4300\" target=\"_blank\" rel=\"noopener\">Qu\u00edmica de Alimentos<\/a><\/span><\/td>\n<td style=\"width: 358px; height: 39px;\"><span style=\"color: #000000;\">6500 &#8211; <a href=\"https:\/\/institucional.ufpel.edu.br\/cursos\/cod\/6500\" target=\"_blank\" rel=\"noopener\">Engenharia de Petr\u00f3leo<\/a><\/span><\/td>\n<\/tr>\n<tr style=\"height: 39px;\">\n<td style=\"width: 419px; height: 39px;\"><span style=\"color: #000000;\">4410 &#8211; <a href=\"https:\/\/institucional.ufpel.edu.br\/cursos\/cod\/4410\" target=\"_blank\" rel=\"noopener\">Qu\u00edmica Bacharelado<\/a><\/span><\/td>\n<td style=\"width: 358px; height: 39px;\"><span style=\"color: #000000;\">6700 &#8211; <a href=\"https:\/\/institucional.ufpel.edu.br\/cursos\/cod\/6700\" target=\"_blank\" rel=\"noopener\">Engenharia de Produ\u00e7\u00e3o (Noturno)<\/a><\/span><\/td>\n<\/tr>\n<tr style=\"height: 39px;\">\n<td style=\"width: 419px; height: 39px;\"><span style=\"color: #000000;\">4420 &#8211; <a href=\"https:\/\/institucional.ufpel.edu.br\/cursos\/cod\/4420\" target=\"_blank\" rel=\"noopener\">Qu\u00edmica Licenciatura<\/a><\/span><\/td>\n<td style=\"width: 358px; height: 39px;\"><span style=\"color: #000000;\">6900 &#8211; <a href=\"https:\/\/institucional.ufpel.edu.br\/cursos\/cod\/6900\" target=\"_blank\" rel=\"noopener\">Engenharia de Controle e Automa\u00e7\u00e3o<\/a><\/span><\/td>\n<\/tr>\n<tr style=\"height: 39px;\">\n<td style=\"width: 419px; height: 39px;\"><span style=\"color: #000000;\">4440 &#8211; <a href=\"https:\/\/institucional.ufpel.edu.br\/cursos\/cod\/4440\" target=\"_blank\" rel=\"noopener\">Qu\u00edmica Industrial<\/a><\/span><\/td>\n<td style=\"width: 358px; height: 39px;\"><span style=\"color: #000000;\">7000 &#8211; <a href=\"https:\/\/institucional.ufpel.edu.br\/cursos\/cod\/7000\" target=\"_blank\" rel=\"noopener\">Engenharia Eletr\u00f4nica<\/a><\/span><\/td>\n<\/tr>\n<\/tbody>\n<\/table>\n<p>&nbsp;<\/p>\n<p><span style=\"color: #000000;\"><strong>P\u00f3s-Gradua\u00e7\u00e3o:<\/strong><\/span><\/p>\n<p><span style=\"color: #000000;\"><a href=\"https:\/\/institucional.ufpel.edu.br\/unidades\/id\/912\" target=\"_blank\" rel=\"noopener\">Programa de P\u00f3s-gradua\u00e7\u00e3o em F\u00edsica da UFPel<\/a>: Mestrado e Doutorado<\/span><\/p>\n<p>&nbsp;<\/p>\n","protected":false},"excerpt":{"rendered":"<p>Atualmente o Departamento de F\u00edsica atende os seguintes cursos da UFPel: Gradua\u00e7\u00e3o 2900 &#8211; Licenciatura em F\u00edsica 7800 &#8211; Qu\u00edmica Forense 2910 &#8211; Bacharelado em F\u00edsica 3910 &#8211; Engenharia de Computa\u00e7\u00e3o 3800 &#8211; Licenciatura em Matem\u00e1tica Integral 6100 &#8211; Engenharia de Materiais 3820 &#8211; Licenciatura em Matem\u00e1tica Noturno 6400 &#8211; Engenharia H\u00eddrica 1800 &#8211; Meteorologia &hellip; <\/p>\n<p><a class=\"more-link btn\" href=\"https:\/\/wp.ufpel.edu.br\/depfis\/cursos-atendidos\/\">Continue lendo<\/a><\/p>\n","protected":false},"author":489,"featured_media":0,"parent":0,"menu_order":0,"comment_status":"closed","ping_status":"closed","template":"","meta":{"footnotes":""},"class_list":["post-186","page","type-page","status-publish","hentry","nodate","item-wrap"],"_links":{"self":[{"href":"https:\/\/wp.ufpel.edu.br\/depfis\/wp-json\/wp\/v2\/pages\/186","targetHints":{"allow":["GET"]}}],"collection":[{"href":"https:\/\/wp.ufpel.edu.br\/depfis\/wp-json\/wp\/v2\/pages"}],"about":[{"href":"https:\/\/wp.ufpel.edu.br\/depfis\/wp-json\/wp\/v2\/types\/page"}],"author":[{"embeddable":true,"href":"https:\/\/wp.ufpel.edu.br\/depfis\/wp-json\/wp\/v2\/users\/489"}],"replies":[{"embeddable":true,"href":"https:\/\/wp.ufpel.edu.br\/depfis\/wp-json\/wp\/v2\/comments?post=186"}],"version-history":[{"count":18,"href":"https:\/\/wp.ufpel.edu.br\/depfis\/wp-json\/wp\/v2\/pages\/186\/revisions"}],"predecessor-version":[{"id":1749,"href":"https:\/\/wp.ufpel.edu.br\/depfis\/wp-json\/wp\/v2\/pages\/186\/revisions\/1749"}],"wp:attachment":[{"href":"https:\/\/wp.ufpel.edu.br\/depfis\/wp-json\/wp\/v2\/media?parent=186"}],"curies":[{"name":"wp","href":"https:\/\/api.w.org\/{rel}","templated":true}]}}