{"id":1829,"date":"2025-07-16T14:22:14","date_gmt":"2025-07-16T17:22:14","guid":{"rendered":"https:\/\/wp.ufpel.edu.br\/depfis\/?page_id=1829"},"modified":"2026-03-30T13:32:12","modified_gmt":"2026-03-30T16:32:12","slug":"laboratorios","status":"publish","type":"page","link":"https:\/\/wp.ufpel.edu.br\/depfis\/laboratorios\/","title":{"rendered":"Laborat\u00f3rios"},"content":{"rendered":"<p><span style=\"font-size: 18pt;\"><strong>Pr\u00e9dio 5<\/strong><\/span><\/p>\n<ul>\n<li>\u00a0<strong>Sala 215 &#8211; Laborat\u00f3rio de Novas Tecnologias II<\/strong>\n<ul>\n<li>Professor Respons\u00e1vel: <a href=\"https:\/\/institucional.ufpel.edu.br\/servidores\/id\/132454\" target=\"_blank\" rel=\"noopener\">Carlos Alberto Vaz de Morais J\u00fanior<\/a><\/li>\n<li><a href=\"https:\/\/wp.ufpel.edu.br\/depfis\/files\/2025\/07\/Lab_215.pdf\">Sobre o Laborat\u00f3rio<\/a><\/li>\n<li>Regimento<\/li>\n<\/ul>\n<\/li>\n<\/ul>\n<p><span style=\"font-size: 18pt;\"><strong>Pr\u00e9dio 13<\/strong><\/span><\/p>\n<ul>\n<li><strong>Sala 406 &#8211; Laborat\u00f3rio de Ensino de F\u00edsica 1<\/strong>\n<ul>\n<li>Professor Respons\u00e1vel: <a href=\"https:\/\/institucional.ufpel.edu.br\/servidores\/id\/29796\" target=\"_blank\" rel=\"noopener\">Valdemar das Neves Vieira<\/a><\/li>\n<li><a href=\"https:\/\/wp.ufpel.edu.br\/depfis\/files\/2025\/07\/Lab_406.pdf\">Sobre o Laborat\u00f3rio<\/a><\/li>\n<li><a href=\"https:\/\/wp.ufpel.edu.br\/depfis\/files\/2025\/07\/RegimentoLaboratoriosDepFis_06_2025.pdf\">Regimento<\/a><\/li>\n<\/ul>\n<\/li>\n<li><strong>Sala 408 &#8211; Laborat\u00f3rio de \u00d3ptica e F\u00edsica Moderna<\/strong>\n<ul>\n<li>Professor Respons\u00e1vel: <a href=\"https:\/\/institucional.ufpel.edu.br\/servidores\/id\/30266\" target=\"_blank\" rel=\"noopener\">F\u00e1bio Teixeira Dias<\/a><\/li>\n<li><a href=\"https:\/\/wp.ufpel.edu.br\/depfis\/files\/2025\/07\/Lab_408.pdf\">Sobre o Laborat\u00f3rio<\/a><\/li>\n<li><a href=\"https:\/\/wp.ufpel.edu.br\/depfis\/files\/2025\/07\/RegimentoLaboratoriosDepFis_06_2025.pdf\">Regimento<\/a><\/li>\n<\/ul>\n<\/li>\n<li><strong>Sala 409 &#8211; Laborat\u00f3rio de Eletricidade e Magnetismo<\/strong>\n<ul>\n<li>Professor Respons\u00e1vel: <a href=\"https:\/\/institucional.ufpel.edu.br\/servidores\/id\/149640\" target=\"_blank\" rel=\"noopener\">Pedro Lovato Gomes Jardim<\/a><\/li>\n<li><a href=\"https:\/\/wp.ufpel.edu.br\/depfis\/files\/2025\/07\/Lab_409.pdf\">Sobre o Laborat\u00f3rio<\/a><\/li>\n<li><a href=\"https:\/\/wp.ufpel.edu.br\/depfis\/files\/2025\/07\/RegimentoLaboratoriosDepFis_06_2025.pdf\">Regimento<\/a><\/li>\n<\/ul>\n<\/li>\n<li><strong>Sala 416 &#8211; Laborat\u00f3rio de Ensino de F\u00edsica 2 e Eletr\u00f4nica<\/strong>\n<ul>\n<li>Professor Respons\u00e1vel: <a href=\"https:\/\/institucional.ufpel.edu.br\/servidores\/id\/175220\" target=\"_blank\" rel=\"noopener\">Wagner Tenfen<\/a><\/li>\n<li><a href=\"https:\/\/wp.ufpel.edu.br\/depfis\/files\/2025\/07\/Lab_416.pdf\">Sobre o Laborat\u00f3rio<\/a><\/li>\n<li><a href=\"https:\/\/wp.ufpel.edu.br\/depfis\/files\/2025\/07\/RegimentoLaboratoriosDepFis_06_2025.pdf\">Regimento<\/a><\/li>\n<\/ul>\n<\/li>\n<li><strong>Sala 417 &#8211; Laborat\u00f3rio de Mec\u00e2nica 1<\/strong>\n<ul>\n<li>Professor Respons\u00e1vel: <a href=\"https:\/\/institucional.ufpel.edu.br\/servidores\/id\/64030\" target=\"_blank\" rel=\"noopener\">Willian Edgardo Alayo Rodriguez<\/a><\/li>\n<li><a href=\"https:\/\/wp.ufpel.edu.br\/depfis\/files\/2025\/07\/Lab_417.pdf\">Sobre o Laborat\u00f3rio<\/a><\/li>\n<li><a href=\"https:\/\/wp.ufpel.edu.br\/depfis\/files\/2025\/07\/RegimentoLaboratoriosDepFis_06_2025.pdf\">Regimento<\/a><\/li>\n<\/ul>\n<\/li>\n<li><strong>Sala 418 &#8211; Laborat\u00f3rio de Mec\u00e2nica dos Flu\u00eddos e Termodin\u00e2mica<\/strong>\n<ul>\n<li>Professor Respons\u00e1vel: <a href=\"https:\/\/institucional.ufpel.edu.br\/servidores\/id\/132384\" target=\"_blank\" rel=\"noopener\">Arlan da Silva Ferreira<\/a><\/li>\n<li><a href=\"https:\/\/wp.ufpel.edu.br\/depfis\/files\/2025\/07\/Lab_418.pdf\">Sobre o Laborat\u00f3rio<\/a><\/li>\n<li><a href=\"https:\/\/wp.ufpel.edu.br\/depfis\/files\/2025\/07\/RegimentoLaboratoriosDepFis_06_2025.pdf\">Regimento<\/a><\/li>\n<\/ul>\n<\/li>\n<li><strong>Sala 419 &#8211; Laborat\u00f3rio de Mec\u00e2nica 1<\/strong>\n<ul>\n<li>Professor Respons\u00e1vel: <a href=\"https:\/\/institucional.ufpel.edu.br\/servidores\/id\/132384\" target=\"_blank\" rel=\"noopener\">Arlan da Silva Ferreira<\/a><\/li>\n<li><a href=\"https:\/\/wp.ufpel.edu.br\/depfis\/files\/2025\/07\/Lab_419.pdf\">Sobre o Laborat\u00f3rio<\/a><\/li>\n<li><a href=\"https:\/\/wp.ufpel.edu.br\/depfis\/files\/2025\/07\/RegimentoLaboratoriosDepFis_06_2025.pdf\">Regimento<\/a><\/li>\n<\/ul>\n<\/li>\n<\/ul>\n<p><span style=\"font-size: 18pt;\"><strong>Pr\u00e9dio 16<\/strong><\/span><\/p>\n<ul>\n<li>\u00a0<strong>Sala 113 &#8211; Laborat\u00f3rio de Novas Tecnologias I<\/strong>\n<ul>\n<li>Professor Respons\u00e1vel: <a href=\"https:\/\/institucional.ufpel.edu.br\/servidores\/id\/132454\" target=\"_blank\" rel=\"noopener\">Carlos Alberto Vaz de Morais J\u00fanior<\/a><\/li>\n<li><a href=\"https:\/\/wp.ufpel.edu.br\/depfis\/files\/2025\/07\/Lab_113.pdf\">Sobre o Laborat\u00f3rio<\/a><\/li>\n<li>Regimento<\/li>\n<\/ul>\n<\/li>\n<li><strong>Sala 116 &#8211; Laborat\u00f3rio de Computa\u00e7\u00e3o Cient\u00edfica (LCC)<\/strong>\n<ul>\n<li>Coordenador: Prof. <a href=\"https:\/\/institucional.ufpel.edu.br\/servidores\/id\/31208\">Werner Krambeck Sauter<\/a><\/li>\n<li><a href=\"https:\/\/wp.ufpel.edu.br\/depfis\/files\/2026\/03\/REGIMENTO-INTERNO-DO-LABORATORIO-DE-COMPUTACAO-CIENTIFICA-LCC.pdf\">Regimento<\/a><\/li>\n<\/ul>\n<\/li>\n<\/ul>\n<p><span style=\"font-size: 18pt;\"><strong>Servidores T\u00e9cnicos\u00a0<\/strong><\/span><\/p>\n<ul>\n<li><a href=\"https:\/\/institucional.ufpel.edu.br\/servidores\/id\/132320\" target=\"_blank\" rel=\"noopener\">Anderson Lena Baldez<\/a><\/li>\n<li><a href=\"https:\/\/institucional.ufpel.edu.br\/servidores\/id\/35283\" target=\"_blank\" rel=\"noopener\">Cristian Dias Fernandes<\/a><\/li>\n<li><a href=\"https:\/\/institucional.ufpel.edu.br\/servidores\/id\/144180\" target=\"_blank\" rel=\"noopener\">Vin\u00edcius Nizoli Becker<\/a><\/li>\n<\/ul>\n","protected":false},"excerpt":{"rendered":"<p>Pr\u00e9dio 5 \u00a0Sala 215 &#8211; Laborat\u00f3rio de Novas Tecnologias II Professor Respons\u00e1vel: Carlos Alberto Vaz de Morais J\u00fanior Sobre o Laborat\u00f3rio Regimento Pr\u00e9dio 13 Sala 406 &#8211; Laborat\u00f3rio de Ensino de F\u00edsica 1 Professor Respons\u00e1vel: Valdemar das Neves Vieira Sobre o Laborat\u00f3rio Regimento Sala 408 &#8211; Laborat\u00f3rio de \u00d3ptica e F\u00edsica Moderna Professor Respons\u00e1vel: F\u00e1bio &hellip; <\/p>\n<p><a class=\"more-link btn\" href=\"https:\/\/wp.ufpel.edu.br\/depfis\/laboratorios\/\">Continue lendo<\/a><\/p>\n","protected":false},"author":489,"featured_media":0,"parent":0,"menu_order":0,"comment_status":"closed","ping_status":"closed","template":"","meta":{"footnotes":""},"class_list":["post-1829","page","type-page","status-publish","hentry","nodate","item-wrap"],"_links":{"self":[{"href":"https:\/\/wp.ufpel.edu.br\/depfis\/wp-json\/wp\/v2\/pages\/1829","targetHints":{"allow":["GET"]}}],"collection":[{"href":"https:\/\/wp.ufpel.edu.br\/depfis\/wp-json\/wp\/v2\/pages"}],"about":[{"href":"https:\/\/wp.ufpel.edu.br\/depfis\/wp-json\/wp\/v2\/types\/page"}],"author":[{"embeddable":true,"href":"https:\/\/wp.ufpel.edu.br\/depfis\/wp-json\/wp\/v2\/users\/489"}],"replies":[{"embeddable":true,"href":"https:\/\/wp.ufpel.edu.br\/depfis\/wp-json\/wp\/v2\/comments?post=1829"}],"version-history":[{"count":3,"href":"https:\/\/wp.ufpel.edu.br\/depfis\/wp-json\/wp\/v2\/pages\/1829\/revisions"}],"predecessor-version":[{"id":1875,"href":"https:\/\/wp.ufpel.edu.br\/depfis\/wp-json\/wp\/v2\/pages\/1829\/revisions\/1875"}],"wp:attachment":[{"href":"https:\/\/wp.ufpel.edu.br\/depfis\/wp-json\/wp\/v2\/media?parent=1829"}],"curies":[{"name":"wp","href":"https:\/\/api.w.org\/{rel}","templated":true}]}}