{"id":1514,"date":"2019-04-22T12:35:39","date_gmt":"2019-04-22T15:35:39","guid":{"rendered":"https:\/\/wp.ufpel.edu.br\/depfis\/?page_id=1514"},"modified":"2019-10-16T16:22:43","modified_gmt":"2019-10-16T19:22:43","slug":"manual-sei-df","status":"publish","type":"page","link":"https:\/\/wp.ufpel.edu.br\/depfis\/manual-sei-df\/","title":{"rendered":"Manual SEI\/SIGAC DF"},"content":{"rendered":"<p><a href=\"https:\/\/wp.ufpel.edu.br\/depfis\/files\/2019\/09\/Informa\u00e7\u00f5es-SEI-1.29.pdf\">Informa\u00e7\u00f5es SEI 1.29<\/a><\/p>\n<p><a href=\"https:\/\/wp.ufpel.edu.br\/depfis\/files\/2019\/09\/df-afastamentov4.pdf\">Afastamento DF<\/a><\/p>\n<p><a href=\"https:\/\/wp.ufpel.edu.br\/scs\/files\/2018\/07\/RES.-04-2006.pdf\">Resolu\u00e7\u00e3o n\u00ba 04\/2006<\/a><br \/>\nRegulamenta o afastamento docente na UFPel. Revoga a Resolu\u00e7\u00e3o n\u00b0 09\/2004.<\/p>\n<p><a href=\"https:\/\/wp.ufpel.edu.br\/scs\/files\/2018\/07\/RES.-462015-Part.-Doc.DE_.pdf\">Resolu\u00e7\u00e3o n 46\/2015<\/a><\/p>\n<p>Estabelece normas para a participa\u00e7\u00e3o de docentes em Regime de Dedica\u00e7\u00e3o Exclusiva &#8211; DE, em atividades espor\u00e1dicas, remuneradas ou n\u00e3o, em assuntos de suas respectivas especialidades.<\/p>\n<p><a href=\"https:\/\/wp.ufpel.edu.br\/depfis\/files\/2019\/10\/sigac1.02.pdf\">Manual Requerimento Sigepe\/Sigac 1.02<\/a><\/p>\n","protected":false},"excerpt":{"rendered":"<p>Informa\u00e7\u00f5es SEI 1.29 Afastamento DF Resolu\u00e7\u00e3o n\u00ba 04\/2006 Regulamenta o afastamento docente na UFPel. Revoga a Resolu\u00e7\u00e3o n\u00b0 09\/2004. Resolu\u00e7\u00e3o n 46\/2015 Estabelece normas para a participa\u00e7\u00e3o de docentes em Regime de Dedica\u00e7\u00e3o Exclusiva &#8211; DE, em atividades espor\u00e1dicas, remuneradas ou n\u00e3o, em assuntos de suas respectivas especialidades. Manual Requerimento Sigepe\/Sigac 1.02<\/p>\n","protected":false},"author":489,"featured_media":0,"parent":0,"menu_order":0,"comment_status":"closed","ping_status":"closed","template":"","meta":{"footnotes":""},"class_list":["post-1514","page","type-page","status-publish","hentry","nodate","item-wrap"],"_links":{"self":[{"href":"https:\/\/wp.ufpel.edu.br\/depfis\/wp-json\/wp\/v2\/pages\/1514","targetHints":{"allow":["GET"]}}],"collection":[{"href":"https:\/\/wp.ufpel.edu.br\/depfis\/wp-json\/wp\/v2\/pages"}],"about":[{"href":"https:\/\/wp.ufpel.edu.br\/depfis\/wp-json\/wp\/v2\/types\/page"}],"author":[{"embeddable":true,"href":"https:\/\/wp.ufpel.edu.br\/depfis\/wp-json\/wp\/v2\/users\/489"}],"replies":[{"embeddable":true,"href":"https:\/\/wp.ufpel.edu.br\/depfis\/wp-json\/wp\/v2\/comments?post=1514"}],"version-history":[{"count":9,"href":"https:\/\/wp.ufpel.edu.br\/depfis\/wp-json\/wp\/v2\/pages\/1514\/revisions"}],"predecessor-version":[{"id":1628,"href":"https:\/\/wp.ufpel.edu.br\/depfis\/wp-json\/wp\/v2\/pages\/1514\/revisions\/1628"}],"wp:attachment":[{"href":"https:\/\/wp.ufpel.edu.br\/depfis\/wp-json\/wp\/v2\/media?parent=1514"}],"curies":[{"name":"wp","href":"https:\/\/api.w.org\/{rel}","templated":true}]}}