{"id":1482,"date":"2019-04-08T14:00:05","date_gmt":"2019-04-08T17:00:05","guid":{"rendered":"https:\/\/wp.ufpel.edu.br\/depfis\/?page_id=1482"},"modified":"2022-06-14T09:00:35","modified_gmt":"2022-06-14T12:00:35","slug":"links-uteis","status":"publish","type":"page","link":"https:\/\/wp.ufpel.edu.br\/depfis\/links-uteis\/","title":{"rendered":"Links \u00fateis"},"content":{"rendered":"<p><a href=\"https:\/\/institucional.ufpel.edu.br\/unidades\/id\/386\">https:\/\/institucional.ufpel.edu.br\/unidades\/id\/386 (Departamento de F\u00edsica no Portal Institucional)<\/a><\/p>\n<p><a href=\"https:\/\/wp.ufpel.edu.br\/cra\/\">https:\/\/wp.ufpel.edu.br\/cra\/ (Coordena\u00e7\u00e3o de Registros Acad\u00eamicos)<\/a><\/p>\n<p><a href=\"\/\/wp.ufpel.edu.br\/proplan\/nge\/agenda-das-salas\/\">\u200bhttps:\/\/wp.ufpel.edu.br\/proplan\/nge\/agenda-das-salas\/ (SACE &#8211; Hor\u00e1rios de Salas)<\/a><\/p>\n<p><a href=\"https:\/\/wp.ufpel.edu.br\/transporte\/transporte-apoio-capaodoleao\/\">https:\/\/wp.ufpel.edu.br\/transporte\/transporte-apoio-capaodoleao\/ (Hor\u00e1rios \u00d4nibus)<\/a><\/p>\n<p><a href=\"https:\/\/webmail.ufpel.edu.br\">https:\/\/webmail.ufpel.edu.br (E-mail UFPel)<\/a><\/p>\n<p><a href=\"https:\/\/wp.ufpel.edu.br\/prppgi\/\">https:\/\/wp.ufpel.edu.br\/prppgi\/ (Pr\u00f3-Reitoria de Pesquisa, P\u00f3s-Gradua\u00e7\u00e3o e Inova\u00e7\u00e3o )<\/a><\/p>\n<p><a href=\"https:\/\/wp.ufpel.edu.br\/pgfisica\/\">https:\/\/wp.ufpel.edu.br\/pgfisica\/ (Programa de P\u00f3s-Gradua\u00e7\u00e3o em F\u00edsica &#8211; UFPel)<\/a><\/p>\n<p><a href=\"https:\/\/wp.ufpel.edu.br\/fisica-licenciatura\/\">https:\/\/wp.ufpel.edu.br\/fisica-licenciatura\/ (Colegiado Licenciatura em F\u00edsica)<\/a><\/p>\n<p><a href=\"https:\/\/wp.ufpel.edu.br\/fisicabacharelado\/\">https:\/\/wp.ufpel.edu.br\/fisicabacharelado\/ (Colegiado Bacharelado em F\u00edsica)<\/a><\/p>\n","protected":false},"excerpt":{"rendered":"<p>https:\/\/institucional.ufpel.edu.br\/unidades\/id\/386 (Departamento de F\u00edsica no Portal Institucional) https:\/\/wp.ufpel.edu.br\/cra\/ (Coordena\u00e7\u00e3o de Registros Acad\u00eamicos) \u200bhttps:\/\/wp.ufpel.edu.br\/proplan\/nge\/agenda-das-salas\/ (SACE &#8211; Hor\u00e1rios de Salas) https:\/\/wp.ufpel.edu.br\/transporte\/transporte-apoio-capaodoleao\/ (Hor\u00e1rios \u00d4nibus) https:\/\/webmail.ufpel.edu.br (E-mail UFPel) https:\/\/wp.ufpel.edu.br\/prppgi\/ (Pr\u00f3-Reitoria de Pesquisa, P\u00f3s-Gradua\u00e7\u00e3o e Inova\u00e7\u00e3o ) https:\/\/wp.ufpel.edu.br\/pgfisica\/ (Programa de P\u00f3s-Gradua\u00e7\u00e3o em F\u00edsica &#8211; UFPel) https:\/\/wp.ufpel.edu.br\/fisica-licenciatura\/ (Colegiado Licenciatura em F\u00edsica) https:\/\/wp.ufpel.edu.br\/fisicabacharelado\/ (Colegiado Bacharelado em F\u00edsica)<\/p>\n","protected":false},"author":489,"featured_media":0,"parent":0,"menu_order":0,"comment_status":"closed","ping_status":"closed","template":"","meta":{"footnotes":""},"class_list":["post-1482","page","type-page","status-publish","hentry","nodate","item-wrap"],"_links":{"self":[{"href":"https:\/\/wp.ufpel.edu.br\/depfis\/wp-json\/wp\/v2\/pages\/1482","targetHints":{"allow":["GET"]}}],"collection":[{"href":"https:\/\/wp.ufpel.edu.br\/depfis\/wp-json\/wp\/v2\/pages"}],"about":[{"href":"https:\/\/wp.ufpel.edu.br\/depfis\/wp-json\/wp\/v2\/types\/page"}],"author":[{"embeddable":true,"href":"https:\/\/wp.ufpel.edu.br\/depfis\/wp-json\/wp\/v2\/users\/489"}],"replies":[{"embeddable":true,"href":"https:\/\/wp.ufpel.edu.br\/depfis\/wp-json\/wp\/v2\/comments?post=1482"}],"version-history":[{"count":14,"href":"https:\/\/wp.ufpel.edu.br\/depfis\/wp-json\/wp\/v2\/pages\/1482\/revisions"}],"predecessor-version":[{"id":1711,"href":"https:\/\/wp.ufpel.edu.br\/depfis\/wp-json\/wp\/v2\/pages\/1482\/revisions\/1711"}],"wp:attachment":[{"href":"https:\/\/wp.ufpel.edu.br\/depfis\/wp-json\/wp\/v2\/media?parent=1482"}],"curies":[{"name":"wp","href":"https:\/\/api.w.org\/{rel}","templated":true}]}}