{"id":323,"date":"2015-05-21T16:43:03","date_gmt":"2015-05-21T19:43:03","guid":{"rendered":"https:\/\/wp.ufpel.edu.br\/depfil\/?page_id=323"},"modified":"2018-09-25T09:21:19","modified_gmt":"2018-09-25T12:21:19","slug":"doutorado","status":"publish","type":"page","link":"https:\/\/wp.ufpel.edu.br\/depfil\/doutorado\/","title":{"rendered":"Doutorado"},"content":{"rendered":"<p style=\"text-align: justify\"><span style=\"font-family: tahoma, arial, helvetica, sans-serif\">A cria\u00e7\u00e3o do curso de Doutorado em Filosofia teve por objetivo consolidar, em n\u00edvel de ensino, as atividades de pesquisa realizadas por seu corpo docente ao longo dos \u00faltimos anos, visando ser um ponto de refer\u00eancia nas investiga\u00e7\u00f5es a respeito das quest\u00f5es relevantes de filosofia moral e pol\u00edtica em autores como Plat\u00e3o, Arist\u00f3teles, Agostinho, Anselmo, Tom\u00e1s de Aquino, Descartes, Kant, Hegel, Nietzsche, Habermas, Rawls, Wittgenstein, entre outros. O Programa conta com 12 professores em seu corpo docente permanente, al\u00e9m de 3 professores colaboradores, todos com atividades de pesquisa, ensino e extens\u00e3o voltadas para a \u00e1rea espec\u00edfica.<\/span><\/p>\n<p style=\"text-align: justify\"><span style=\"font-family: tahoma,arial,helvetica,sans-serif\"> O curso est\u00e1 articulado em uma grande \u00e1rea de concentra\u00e7\u00e3o, \u00c9tica e Filosofia Pol\u00edtica, com quatro linhas de pesquisa: Concep\u00e7\u00f5es de Virtude, Fundamenta\u00e7\u00e3o e Cr\u00edtica da Moral e Direito, Sociedade e Estado, Epistemologia Moral, que refletem a hist\u00f3ria da pesquisa do Departamento de Filosofia da UFPel. O Programa conta com a publica\u00e7\u00e3o da Revista Dissertatio, fundada em 1995 e indexada no CLASE, com conceito A2 pelo QUALIS\/CAPES. Al\u00e9m disso, conta com a S\u00e9rie Dissertatio Filosofia de Livros Eletr\u00f4nicos (NEPFIL online) que propicia a divulga\u00e7\u00e3o das pesquisas de seu corpo docente e de demais pesquisadores nacionais e estrangeiros.<\/span><\/p>\n","protected":false},"excerpt":{"rendered":"<p>A cria\u00e7\u00e3o do curso de Doutorado em Filosofia teve por objetivo consolidar, em n\u00edvel de ensino, as atividades de pesquisa realizadas por seu corpo docente ao longo dos \u00faltimos anos, visando ser um ponto de refer\u00eancia nas investiga\u00e7\u00f5es a respeito das quest\u00f5es relevantes de filosofia moral e pol\u00edtica em autores como Plat\u00e3o, Arist\u00f3teles, Agostinho, Anselmo, [&hellip;]<\/p>\n","protected":false},"author":352,"featured_media":0,"parent":0,"menu_order":0,"comment_status":"closed","ping_status":"closed","template":"","meta":{"jetpack_post_was_ever_published":false,"footnotes":""},"class_list":["post-323","page","type-page","status-publish","hentry"],"jetpack_sharing_enabled":true,"jetpack_shortlink":"https:\/\/wp.me\/P6RFYP-5d","_links":{"self":[{"href":"https:\/\/wp.ufpel.edu.br\/depfil\/wp-json\/wp\/v2\/pages\/323","targetHints":{"allow":["GET"]}}],"collection":[{"href":"https:\/\/wp.ufpel.edu.br\/depfil\/wp-json\/wp\/v2\/pages"}],"about":[{"href":"https:\/\/wp.ufpel.edu.br\/depfil\/wp-json\/wp\/v2\/types\/page"}],"author":[{"embeddable":true,"href":"https:\/\/wp.ufpel.edu.br\/depfil\/wp-json\/wp\/v2\/users\/352"}],"replies":[{"embeddable":true,"href":"https:\/\/wp.ufpel.edu.br\/depfil\/wp-json\/wp\/v2\/comments?post=323"}],"version-history":[{"count":3,"href":"https:\/\/wp.ufpel.edu.br\/depfil\/wp-json\/wp\/v2\/pages\/323\/revisions"}],"predecessor-version":[{"id":1189,"href":"https:\/\/wp.ufpel.edu.br\/depfil\/wp-json\/wp\/v2\/pages\/323\/revisions\/1189"}],"wp:attachment":[{"href":"https:\/\/wp.ufpel.edu.br\/depfil\/wp-json\/wp\/v2\/media?parent=323"}],"curies":[{"name":"wp","href":"https:\/\/api.w.org\/{rel}","templated":true}]}}