{"id":2,"date":"2014-02-05T20:00:22","date_gmt":"2014-02-05T20:00:22","guid":{"rendered":"https:\/\/wp.ufpel.edu.br\/depfil\/?page_id=2"},"modified":"2026-02-12T08:26:24","modified_gmt":"2026-02-12T11:26:24","slug":"docentes","status":"publish","type":"page","link":"https:\/\/wp.ufpel.edu.br\/depfil\/docentes\/","title":{"rendered":"Docentes"},"content":{"rendered":"<h2>Docentes do Departamento de Filosofia da UFPEL<\/h2>\n<p class=\"p2\" style=\"text-align: justify;\"><div class=\"dados-cobalto cobalto-lista-servidores\"><ul class=\"sem-foto\"><li><a href=\"https:\/\/institucional.ufpel.edu.br\/servidores\/id\/171854\" target=\"_blank\">ADRIANO ANDR\u00c9 MASLOWSKI<\/a><\/li><li><a href=\"https:\/\/institucional.ufpel.edu.br\/servidores\/id\/30520\" target=\"_blank\">CARLOS ADRIANO FERRAZ<\/a><\/li><li><a href=\"https:\/\/institucional.ufpel.edu.br\/servidores\/id\/25634\" target=\"_blank\">CARLOS ALBERTO MIRAGLIA<\/a><span class=\"cobalto-label\">Chefe de departamento Substituto - Departamento de Filosofia<\/span><\/li><li><a href=\"https:\/\/institucional.ufpel.edu.br\/servidores\/id\/28122\" target=\"_blank\">CLADEMIR LUIS ARALDI<\/a><\/li><li><a href=\"https:\/\/institucional.ufpel.edu.br\/servidores\/id\/25413\" target=\"_blank\">CLAUDIO ROBERTO COGO LEIVAS<\/a><\/li><li><a href=\"https:\/\/institucional.ufpel.edu.br\/servidores\/id\/232083\" target=\"_blank\">DAVID GONCALVES BORGES<\/a><\/li><li><a href=\"https:\/\/institucional.ufpel.edu.br\/servidores\/id\/28973\" target=\"_blank\">EDUARDO FERREIRA DAS NEVES FILHO<\/a><span class=\"cobalto-label\">Coordenador de Curso de Gradua\u00e7\u00e3o - Colegiado do Curso de Filosofia<\/span><\/li><li><a href=\"https:\/\/institucional.ufpel.edu.br\/servidores\/id\/144003\" target=\"_blank\">EVANDRO BARBOSA<\/a><\/li><li><a href=\"https:\/\/institucional.ufpel.edu.br\/servidores\/id\/36597\" target=\"_blank\">FLAVIA CARVALHO CHAGAS<\/a><\/li><li><a href=\"https:\/\/institucional.ufpel.edu.br\/servidores\/id\/25930\" target=\"_blank\">JO\u00c3O FRANCISCO NASCIMENTO HOBUSS<\/a><\/li><li><a href=\"https:\/\/institucional.ufpel.edu.br\/servidores\/id\/64023\" target=\"_blank\">JULIANO SANTOS DO CARMO<\/a><span class=\"cobalto-label\">Coordenador de Curso de P\u00f3s-Gradua\u00e7\u00e3o - Programa de P\u00f3s-Gradua\u00e7\u00e3o em Filosofia<\/span><span class=\"cobalto-label\">Coordenador de Curso de P\u00f3s-Gradua\u00e7\u00e3o - Especializa\u00e7\u00e3o em Ensino de Filosofia - EaD<\/span><\/li><li><a href=\"https:\/\/institucional.ufpel.edu.br\/servidores\/id\/136377\" target=\"_blank\">KEBERSON BRESOLIN<\/a><span class=\"cobalto-label\">Coordenador de Curso de P\u00f3s-Gradua\u00e7\u00e3o Substituto - Programa de P\u00f3s-Gradua\u00e7\u00e3o em Filosofia<\/span><span class=\"cobalto-label\">Coordenador de Curso de Gradua\u00e7\u00e3o - Colegiado do Curso de Filosofia (EaD)<\/span><\/li><li><a href=\"https:\/\/institucional.ufpel.edu.br\/servidores\/id\/32678\" target=\"_blank\">KELIN PALIOSA<\/a><span class=\"cobalto-label\">Coordenadora Adjunta - Especializa\u00e7\u00e3o em Ensino de Filosofia - EaD<\/span><\/li><li><a href=\"https:\/\/institucional.ufpel.edu.br\/servidores\/id\/29209\" target=\"_blank\">LUIS EDUARDO XAVIER RUBIRA<\/a><\/li><li><a href=\"https:\/\/institucional.ufpel.edu.br\/servidores\/id\/26300\" target=\"_blank\">MANOEL LUIS CARDOSO VASCONCELLOS<\/a><\/li><li><a href=\"https:\/\/institucional.ufpel.edu.br\/servidores\/id\/203201\" target=\"_blank\">NUNO MIGUEL PEREIRA CASTANHEIRA<\/a><\/li><li><a href=\"https:\/\/institucional.ufpel.edu.br\/servidores\/id\/232085\" target=\"_blank\">RAFAEL WERNER LOPES<\/a><\/li><li><a href=\"https:\/\/institucional.ufpel.edu.br\/servidores\/id\/24723\" target=\"_blank\">SERGIO RICARDO STREFLING<\/a><span class=\"cobalto-label\">Chefe de Departamento - Departamento de Filosofia<\/span><\/li><\/ul><\/div><\/p>\n","protected":false},"excerpt":{"rendered":"<p>Docentes do Departamento de Filosofia da UFPEL<\/p>\n","protected":false},"author":352,"featured_media":0,"parent":0,"menu_order":0,"comment_status":"closed","ping_status":"closed","template":"","meta":{"jetpack_post_was_ever_published":false,"footnotes":""},"class_list":["post-2","page","type-page","status-publish","hentry"],"jetpack_sharing_enabled":true,"jetpack_shortlink":"https:\/\/wp.me\/P6RFYP-2","_links":{"self":[{"href":"https:\/\/wp.ufpel.edu.br\/depfil\/wp-json\/wp\/v2\/pages\/2","targetHints":{"allow":["GET"]}}],"collection":[{"href":"https:\/\/wp.ufpel.edu.br\/depfil\/wp-json\/wp\/v2\/pages"}],"about":[{"href":"https:\/\/wp.ufpel.edu.br\/depfil\/wp-json\/wp\/v2\/types\/page"}],"author":[{"embeddable":true,"href":"https:\/\/wp.ufpel.edu.br\/depfil\/wp-json\/wp\/v2\/users\/352"}],"replies":[{"embeddable":true,"href":"https:\/\/wp.ufpel.edu.br\/depfil\/wp-json\/wp\/v2\/comments?post=2"}],"version-history":[{"count":5,"href":"https:\/\/wp.ufpel.edu.br\/depfil\/wp-json\/wp\/v2\/pages\/2\/revisions"}],"predecessor-version":[{"id":1722,"href":"https:\/\/wp.ufpel.edu.br\/depfil\/wp-json\/wp\/v2\/pages\/2\/revisions\/1722"}],"wp:attachment":[{"href":"https:\/\/wp.ufpel.edu.br\/depfil\/wp-json\/wp\/v2\/media?parent=2"}],"curies":[{"name":"wp","href":"https:\/\/api.w.org\/{rel}","templated":true}]}}