{"id":15,"date":"2014-02-13T15:34:44","date_gmt":"2014-02-13T17:34:44","guid":{"rendered":"https:\/\/wp.ufpel.edu.br\/depfil\/?page_id=15"},"modified":"2025-03-13T12:00:39","modified_gmt":"2025-03-13T15:00:39","slug":"bacharelado","status":"publish","type":"page","link":"https:\/\/wp.ufpel.edu.br\/depfil\/bacharelado\/","title":{"rendered":"Bacharelado em Filosofia"},"content":{"rendered":"<div id=\"attachment_1660\" style=\"width: 1378px\" class=\"wp-caption aligncenter\"><a href=\"https:\/\/wp.ufpel.edu.br\/depfil\/files\/2025\/03\/A-morte-de-Socrates-Jacques-Louis-David-1787-Oleo-sobre-tela-129-196-cm-1.png\"><img aria-describedby=\"caption-attachment-1660\" class=\"wp-image-1660\" src=\"https:\/\/wp.ufpel.edu.br\/depfil\/files\/2025\/03\/A-morte-de-Socrates-Jacques-Louis-David-1787-Oleo-sobre-tela-129-196-cm-1.png\" alt=\"\" width=\"1368\" height=\"435\" srcset=\"https:\/\/wp.ufpel.edu.br\/depfil\/files\/2025\/03\/A-morte-de-Socrates-Jacques-Louis-David-1787-Oleo-sobre-tela-129-196-cm-1.png 850w, https:\/\/wp.ufpel.edu.br\/depfil\/files\/2025\/03\/A-morte-de-Socrates-Jacques-Louis-David-1787-Oleo-sobre-tela-129-196-cm-1-400x127.png 400w, https:\/\/wp.ufpel.edu.br\/depfil\/files\/2025\/03\/A-morte-de-Socrates-Jacques-Louis-David-1787-Oleo-sobre-tela-129-196-cm-1-768x244.png 768w\" sizes=\"(max-width: 1368px) 100vw, 1368px\" \/><\/a><p id=\"caption-attachment-1660\" class=\"wp-caption-text\">A Morte de S\u00f3crates (1787) de Jacques-Louis David.<\/p><\/div>\n<p style=\"text-align: justify;\"><span style=\"font-family: tahoma,arial,helvetica,sans-serif;\"><strong>OBJETIVO GERAL (Bacharelado)<\/strong><\/span><\/p>\n<p style=\"text-align: justify;\"><span style=\"font-family: tahoma,arial,helvetica,sans-serif;\"> O objetivo principal do curso \u00e9 formar pesquisadores na \u00e1rea de filosofia, capacitados a enfrentar com sucesso os desafios de sua futura vida profissional. Visa-se, com isso, o desenvolvimento da capacidade de compreender, analisar e interpretar as principais quest\u00f5es filos\u00f3ficas<strong>.<\/strong><\/span><\/p>\n<p style=\"text-align: justify;\"><span style=\"font-family: tahoma,arial,helvetica,sans-serif;\"><strong>Objetivos espec\u00edficos<\/strong> <\/span><br \/>\n<span style=\"font-family: tahoma,arial,helvetica,sans-serif;\"> &#8211; Propiciar um conhecimento te\u00f3rico geral sobre a Filosofia, sua hist\u00f3ria, per\u00edodos principais, escolas, tend\u00eancias e respectivos expoentes (conhecer sobre filosofia);<\/span><\/p>\n<p style=\"text-align: justify;\"><span style=\"font-family: tahoma,arial,helvetica,sans-serif;\"> &#8211; Caracterizar e aprofundar o conhecimento em torno dos problemas filos\u00f3ficos fundamentais, pertencentes ao mundo pr\u00e1tico e cotidiano e as perspectivas poss\u00edveis de interpreta\u00e7\u00e3o (capacidade de aplicar a metodologia filos\u00f3fica aos mais diversos temas);<\/span><\/p>\n<p style=\"text-align: justify;\"><span style=\"font-family: tahoma,arial,helvetica,sans-serif;\"> &#8211; Capacitar o formando atrav\u00e9s dos conhecimentos metodol\u00f3gicos a atuar como pesquisador na \u00e1rea da filosofia;<\/span><\/p>\n<p style=\"text-align: justify;\"><span style=\"font-family: tahoma,arial,helvetica,sans-serif;\"> &#8211; Contribuir para a capacita\u00e7\u00e3o textos em l\u00edngua estrangeira.<\/span><\/p>\n<p style=\"text-align: justify;\"><span style=\"font-family: tahoma,arial,helvetica,sans-serif;\"><strong>PERFIL DO EGRESSO<\/strong><\/span><\/p>\n<p style=\"text-align: justify;\"><span style=\"font-family: tahoma,arial,helvetica,sans-serif;\">O aluno dever\u00e1 obter uma s\u00f3lida forma\u00e7\u00e3o de Hist\u00f3ria da Filosofia, que lhe possibilite desenvolver a capacidade de compreender, analisar e interpretar os principais temas, quest\u00f5es e sistemas filos\u00f3ficos, e de refletir criticamente acerca da realidade sociocultural em que se insere.<\/span><br \/>\n<span style=\"font-family: tahoma,arial,helvetica,sans-serif;\"> O egresso dever\u00e1 desenvolver com compet\u00eancia a pesquisa filos\u00f3fica, a partir do rigor da an\u00e1lise e da interpreta\u00e7\u00e3o dos textos filos\u00f3ficos relevantes.<\/span><br \/>\n<span style=\"font-family: tahoma,arial,helvetica,sans-serif;\"> O bacharel dever\u00e1 ter a\u00a0\u00a0capacidade de refletir sobre a pr\u00e1tica investigativa, podendo contribuir no debate interdisciplinar.<\/span><\/p>\n<p style=\"text-align: justify;\"><span style=\"font-family: tahoma,arial,helvetica,sans-serif;\"><strong>DADOS DE IDENTIFICA\u00c7\u00c3O<\/strong> <\/span><\/p>\n<p style=\"text-align: justify;\"><span style=\"font-family: tahoma,arial,helvetica,sans-serif;\"> Nome do Curso<strong>: BACHARELADO EM FILOSOFIA<\/strong><\/span><br \/>\n<span style=\"font-family: tahoma,arial,helvetica,sans-serif;\"> Criado em:<strong> Setembro de 2005, tendo vig\u00eancia a partir do primeiro semestre de 2006<\/strong><\/span><br \/>\n<span style=\"font-family: tahoma,arial,helvetica,sans-serif;\"> Habilita\u00e7\u00e3o:\u00a0<strong>Bacharel em Filosofia<\/strong><\/span><br \/>\n<span style=\"font-family: tahoma,arial,helvetica,sans-serif;\"> Turno de Funcionamento: Noturno<\/span><br \/>\n<span style=\"font-family: tahoma,arial,helvetica,sans-serif;\"> Modalidade:<strong>\u00a0<\/strong>presencial<\/span><br \/>\n<span style=\"font-family: tahoma,arial,helvetica,sans-serif;\"> <strong>Carga Hor\u00e1ria<\/strong>:<\/span><br \/>\n<span style=\"font-family: tahoma,arial,helvetica,sans-serif;\"> Forma\u00e7\u00e3o Espec\u00edfica: 2295 horas<br \/>\n<\/span>-Disciplinas obrigat\u00f3rias<br \/>\n-Disciplinas optativas<br \/>\n-Trabalho de conclus\u00e3o de curso<br \/>\n<span style=\"font-family: tahoma,arial,helvetica,sans-serif;\">Forma\u00e7\u00e3o complementar: 210 horas<\/span><br \/>\n<span style=\"font-family: tahoma,arial,helvetica,sans-serif;\"> Forma\u00e7\u00e3o de extens\u00e3o (j\u00e1 computadas na forma\u00e7\u00e3o espec\u00edfica)<br \/>\n<\/span><br \/>\n<span style=\"font-family: tahoma,arial,helvetica,sans-serif;\"> <strong>Total: 2505 Horas<\/strong><\/span><\/p>\n<p><span style=\"font-family: tahoma, arial, helvetica, sans-serif;\">Acesse o Fluxograma do Curso de Bacharelado em Filosofia clicando no link abaixo:<\/span><\/p>\n<p><span style=\"font-family: tahoma, arial, helvetica, sans-serif;\"><a href=\"https:\/\/wp.ufpel.edu.br\/depfil\/files\/2025\/03\/fluxograma-filosofia-bacharelado.png\">Fluxograma Bacharelado<\/a><br \/>\n<\/span><\/p>\n<p><strong>Docentes Filosofia Bacharelado:<\/strong><\/p>\n<p>Consulte no link abaixo os Professores que ministraram disciplinas no curso nos \u00faltimos tr\u00eas semestres<\/p>\n<p><a href=\"https:\/\/institucional.ufpel.edu.br\/cursos\/cod\/2010#professores\">https:\/\/institucional.ufpel.edu.br\/cursos\/cod\/2010#professor<\/a><\/p>\n","protected":false},"excerpt":{"rendered":"<p>OBJETIVO GERAL (Bacharelado) O objetivo principal do curso \u00e9 formar pesquisadores na \u00e1rea de filosofia, capacitados a enfrentar com sucesso os desafios de sua futura vida profissional. Visa-se, com isso, o desenvolvimento da capacidade de compreender, analisar e interpretar as principais quest\u00f5es filos\u00f3ficas. Objetivos espec\u00edficos &#8211; Propiciar um conhecimento te\u00f3rico geral sobre a Filosofia, sua [&hellip;]<\/p>\n","protected":false},"author":352,"featured_media":0,"parent":0,"menu_order":0,"comment_status":"closed","ping_status":"closed","template":"","meta":{"jetpack_post_was_ever_published":false,"footnotes":""},"class_list":["post-15","page","type-page","status-publish","hentry"],"jetpack_sharing_enabled":false,"jetpack_shortlink":"https:\/\/wp.me\/P6RFYP-f","_links":{"self":[{"href":"https:\/\/wp.ufpel.edu.br\/depfil\/wp-json\/wp\/v2\/pages\/15","targetHints":{"allow":["GET"]}}],"collection":[{"href":"https:\/\/wp.ufpel.edu.br\/depfil\/wp-json\/wp\/v2\/pages"}],"about":[{"href":"https:\/\/wp.ufpel.edu.br\/depfil\/wp-json\/wp\/v2\/types\/page"}],"author":[{"embeddable":true,"href":"https:\/\/wp.ufpel.edu.br\/depfil\/wp-json\/wp\/v2\/users\/352"}],"replies":[{"embeddable":true,"href":"https:\/\/wp.ufpel.edu.br\/depfil\/wp-json\/wp\/v2\/comments?post=15"}],"version-history":[{"count":10,"href":"https:\/\/wp.ufpel.edu.br\/depfil\/wp-json\/wp\/v2\/pages\/15\/revisions"}],"predecessor-version":[{"id":1665,"href":"https:\/\/wp.ufpel.edu.br\/depfil\/wp-json\/wp\/v2\/pages\/15\/revisions\/1665"}],"wp:attachment":[{"href":"https:\/\/wp.ufpel.edu.br\/depfil\/wp-json\/wp\/v2\/media?parent=15"}],"curies":[{"name":"wp","href":"https:\/\/api.w.org\/{rel}","templated":true}]}}