{"id":13,"date":"2014-02-13T15:35:04","date_gmt":"2014-02-13T17:35:04","guid":{"rendered":"https:\/\/wp.ufpel.edu.br\/depfil\/?page_id=13"},"modified":"2025-03-13T11:59:28","modified_gmt":"2025-03-13T14:59:28","slug":"licenciatura","status":"publish","type":"page","link":"https:\/\/wp.ufpel.edu.br\/depfil\/licenciatura\/","title":{"rendered":"Licenciatura em Filosofia"},"content":{"rendered":"<div id=\"attachment_1660\" style=\"width: 1391px\" class=\"wp-caption aligncenter\"><a href=\"https:\/\/wp.ufpel.edu.br\/depfil\/files\/2025\/03\/A-morte-de-Socrates-Jacques-Louis-David-1787-Oleo-sobre-tela-129-196-cm-1.png\"><img aria-describedby=\"caption-attachment-1660\" class=\"wp-image-1660\" src=\"https:\/\/wp.ufpel.edu.br\/depfil\/files\/2025\/03\/A-morte-de-Socrates-Jacques-Louis-David-1787-Oleo-sobre-tela-129-196-cm-1.png\" alt=\"\" width=\"1381\" height=\"439\" srcset=\"https:\/\/wp.ufpel.edu.br\/depfil\/files\/2025\/03\/A-morte-de-Socrates-Jacques-Louis-David-1787-Oleo-sobre-tela-129-196-cm-1.png 850w, https:\/\/wp.ufpel.edu.br\/depfil\/files\/2025\/03\/A-morte-de-Socrates-Jacques-Louis-David-1787-Oleo-sobre-tela-129-196-cm-1-400x127.png 400w, https:\/\/wp.ufpel.edu.br\/depfil\/files\/2025\/03\/A-morte-de-Socrates-Jacques-Louis-David-1787-Oleo-sobre-tela-129-196-cm-1-768x244.png 768w\" sizes=\"(max-width: 1381px) 100vw, 1381px\" \/><\/a><p id=\"caption-attachment-1660\" class=\"wp-caption-text\">A Morte de S\u00f3crates (1787) de Jacques-Louis David.<\/p><\/div>\n<p style=\"text-align: justify;\"><span style=\"font-family: tahoma,arial,helvetica,sans-serif;\"><strong>OBJETIVO GERAL<\/strong> <\/span><\/p>\n<p style=\"text-align: justify;\"><span style=\"font-family: tahoma,arial,helvetica,sans-serif;\"> O objetivo principal do curso \u00e9 formar professores de filosofia, capacitados a enfrentar com sucesso os desafios de sua futura vida profissional. Visa-se, com isso, a uma a\u00e7\u00e3o pedag\u00f3gica e cultural coerente, aliada ao desenvolvimento da capacidade de compreender, analisar e interpretar as principais quest\u00f5es filos\u00f3ficas.<\/span><\/p>\n<p style=\"text-align: justify;\"><span style=\"font-family: tahoma,arial,helvetica,sans-serif;\"><strong>Objetivos espec\u00edficos<\/strong><\/span><\/p>\n<p style=\"text-align: justify;\"><span style=\"font-family: tahoma,arial,helvetica,sans-serif;\"> <strong>\u00a0<\/strong>&#8211; Propiciar um conhecimento te\u00f3rico geral sobre a Filosofia, sua hist\u00f3ria, per\u00edodos principais, escolas, tend\u00eancias e respectivos expoentes (conhecer sobre filosofia);<\/span><\/p>\n<p style=\"text-align: justify;\"><span style=\"font-family: tahoma,arial,helvetica,sans-serif;\"> &#8211; Caracterizar e aprofundar o conhecimento em torno dos problemas filos\u00f3ficos fundamentais, pertencentes ao mundo pr\u00e1tico e cotidiano e as perspectivas poss\u00edveis de interpreta\u00e7\u00e3o (capacidade de aplicar a metodologia filos\u00f3fica aos mais diversos temas);<\/span><\/p>\n<p style=\"text-align: justify;\"><span style=\"font-family: tahoma,arial,helvetica,sans-serif;\"> &#8211; Capacitar o formando atrav\u00e9s dos conhecimentos metodol\u00f3gicos a atuar como professor e pesquisador na \u00e1rea da filosofia (capacidade de ensinar Filosofia);<\/span><\/p>\n<p style=\"text-align: justify;\"><span style=\"font-family: tahoma,arial,helvetica,sans-serif;\"> &#8211; Contribuir para a capacita\u00e7\u00e3o textos em l\u00edngua estrangeira.<\/span><\/p>\n<p style=\"text-align: justify;\"><span style=\"font-family: tahoma,arial,helvetica,sans-serif;\"><strong>PERFIL DO EGRESSO<\/strong><\/span><\/p>\n<p style=\"text-align: justify;\"><span style=\"font-family: tahoma,arial,helvetica,sans-serif;\">O aluno dever\u00e1 obter uma s\u00f3lida forma\u00e7\u00e3o de Hist\u00f3ria da Filosofia, que lhe possibilite desenvolver a capacidade de compreender, analisar e interpretar os principais temas, quest\u00f5es e sistemas filos\u00f3ficos, e de refletir criticamente acerca da realidade sociocultural em que se insere.<\/span><br \/>\n<span style=\"font-family: tahoma,arial,helvetica,sans-serif;\"> \u00a0A capacidade de refletir sobre a experi\u00eancia como docente integrar\u00e1 o perfil do egresso, o qual ter\u00e1 condi\u00e7\u00f5es de investigar quais s\u00e3o os recursos necess\u00e1rios para enfrentar o desafio de suscitar nos jovens e adultos o interesse pela reflex\u00e3o filos\u00f3fica.<\/span><br \/>\n<span style=\"font-family: tahoma,arial,helvetica,sans-serif;\"> \u00a0Al\u00e9m disso, o licenciado dever\u00e1 conhecer, ao longo do curso, a situa\u00e7\u00e3o e as contradi\u00e7\u00f5es da escola, al\u00e9m de sua organiza\u00e7\u00e3o.<\/span><\/p>\n<p style=\"text-align: justify;\"><span style=\"font-family: tahoma,arial,helvetica,sans-serif;\"><strong>DADOS DE IDENTIFICA\u00c7\u00c3O<\/strong> <\/span><\/p>\n<p style=\"text-align: justify;\"><span style=\"font-family: tahoma,arial,helvetica,sans-serif;\"> Nome do Curso<strong>: LICENCIATURA EM FILOSOFIA<\/strong><\/span><br \/>\n<span style=\"font-family: tahoma,arial,helvetica,sans-serif;\"> Criado em:<strong> Agosto de 1984<\/strong><\/span><br \/>\n<span style=\"font-family: tahoma,arial,helvetica,sans-serif;\"> Habilita\u00e7\u00e3o:\u00a0<strong>Licenciado em Filosofia<\/strong><\/span><br \/>\n<span style=\"font-family: tahoma,arial,helvetica,sans-serif;\"> Turno de Funcionamento: Noturno<\/span><br \/>\n<span style=\"font-family: tahoma,arial,helvetica,sans-serif;\"> Modalidade:<strong>\u00a0<\/strong>presencial<\/span><br \/>\n<span style=\"font-family: tahoma,arial,helvetica,sans-serif;\"> \u00a0<strong>Carga Hor\u00e1ria<\/strong>:<\/span><br \/>\nForma\u00e7\u00e3o Espec\u00edfica: 3015 horas<br \/>\n-Disciplinas obrigat\u00f3rias<br \/>\n-Disciplinas optativas<br \/>\n-Est\u00e1gio curricular obrigat\u00f3rio<br \/>\n-Trabalho de conclus\u00e3o de Curso<br \/>\nForma\u00e7\u00e3o complementar: 210 horas<br \/>\nForma\u00e7\u00e3o de extens\u00e3o (j\u00e1 computadas na forma\u00e7\u00e3o espec\u00edfica)<\/p>\n<p><span style=\"font-family: tahoma,arial,helvetica,sans-serif;\"><strong>Total: 3225 horas<\/strong><\/span><\/p>\n<p style=\"text-align: justify;\"><span style=\"font-family: tahoma, arial, helvetica, sans-serif;\">Verifique o Fluxograma do Curso de Licenciatura em Filosofia clicando no link abaixo:<\/span><\/p>\n<p style=\"text-align: justify;\"><span style=\"font-family: tahoma, arial, helvetica, sans-serif;\"><a href=\"https:\/\/wp.ufpel.edu.br\/depfil\/files\/2025\/03\/fluxograma-filosofia-licenciatura.png\">Fluxograma Licenciatura<\/a><\/span><\/p>\n<p><strong>Docentes Filosofia Licenciatura:<\/strong><\/p>\n<p>Consulte no link abaixo os Professores que ministraram disciplinas no curso nos \u00faltimos tr\u00eas semestres<\/p>\n<p><a href=\"https:\/\/institucional.ufpel.edu.br\/cursos\/cod\/2000#professores\">https:\/\/institucional.ufpel.edu.br\/cursos\/cod\/2010#professores<\/a><\/p>\n","protected":false},"excerpt":{"rendered":"<p>OBJETIVO GERAL O objetivo principal do curso \u00e9 formar professores de filosofia, capacitados a enfrentar com sucesso os desafios de sua futura vida profissional. Visa-se, com isso, a uma a\u00e7\u00e3o pedag\u00f3gica e cultural coerente, aliada ao desenvolvimento da capacidade de compreender, analisar e interpretar as principais quest\u00f5es filos\u00f3ficas. Objetivos espec\u00edficos \u00a0&#8211; Propiciar um conhecimento te\u00f3rico [&hellip;]<\/p>\n","protected":false},"author":352,"featured_media":0,"parent":0,"menu_order":0,"comment_status":"closed","ping_status":"closed","template":"","meta":{"jetpack_post_was_ever_published":false,"footnotes":""},"class_list":["post-13","page","type-page","status-publish","hentry"],"jetpack_sharing_enabled":true,"jetpack_shortlink":"https:\/\/wp.me\/P6RFYP-d","_links":{"self":[{"href":"https:\/\/wp.ufpel.edu.br\/depfil\/wp-json\/wp\/v2\/pages\/13","targetHints":{"allow":["GET"]}}],"collection":[{"href":"https:\/\/wp.ufpel.edu.br\/depfil\/wp-json\/wp\/v2\/pages"}],"about":[{"href":"https:\/\/wp.ufpel.edu.br\/depfil\/wp-json\/wp\/v2\/types\/page"}],"author":[{"embeddable":true,"href":"https:\/\/wp.ufpel.edu.br\/depfil\/wp-json\/wp\/v2\/users\/352"}],"replies":[{"embeddable":true,"href":"https:\/\/wp.ufpel.edu.br\/depfil\/wp-json\/wp\/v2\/comments?post=13"}],"version-history":[{"count":14,"href":"https:\/\/wp.ufpel.edu.br\/depfil\/wp-json\/wp\/v2\/pages\/13\/revisions"}],"predecessor-version":[{"id":1663,"href":"https:\/\/wp.ufpel.edu.br\/depfil\/wp-json\/wp\/v2\/pages\/13\/revisions\/1663"}],"wp:attachment":[{"href":"https:\/\/wp.ufpel.edu.br\/depfil\/wp-json\/wp\/v2\/media?parent=13"}],"curies":[{"name":"wp","href":"https:\/\/api.w.org\/{rel}","templated":true}]}}