{"id":119,"date":"2014-02-14T14:29:14","date_gmt":"2014-02-14T16:29:14","guid":{"rendered":"https:\/\/wp.ufpel.edu.br\/depfil\/?page_id=119"},"modified":"2022-11-21T19:29:24","modified_gmt":"2022-11-21T22:29:24","slug":"nepfil","status":"publish","type":"page","link":"https:\/\/wp.ufpel.edu.br\/depfil\/nepfil\/","title":{"rendered":"NEPFIL"},"content":{"rendered":"<h4 style=\"text-align: justify;\"><span style=\"font-family: tahoma, arial, helvetica, sans-serif;\">NEPFIL ONLINE<\/span><\/h4>\n<p style=\"text-align: justify;\"><span style=\"font-family: tahoma, arial, helvetica, sans-serif;\">O N\u00facleo de Ensino e Pesquisa em Filosofia \u00e9 uma iniciativa do Departamento de Filosofia da Universidade Federal de Pelotas que tem como objetivo principal a edi\u00e7\u00e3o, em formato digital, das publica\u00e7\u00f5es do Curso de Gradua\u00e7\u00e3o, Mestrado e Doutorado em Filosofia da UFPel e de outras institui\u00e7\u00f5es. Em breve publicaremos as novas regras para submiss\u00f5es de manuscritos.<\/span><\/p>\n<h4 style=\"text-align: justify;\"><span style=\"font-family: tahoma, arial, helvetica, sans-serif;\">DISSERTATIO FILOSOFIA<\/span><\/h4>\n<p style=\"text-align: justify;\"><span style=\"font-family: tahoma, arial, helvetica, sans-serif;\">A S\u00e9rie Dissertatio Filosofia de livros eletr\u00f4nicos tem por objetivo prec\u00edpuo a publica\u00e7\u00e3o de obras filos\u00f3ficas de professores\/pesquisadores cuja qualidade do trabalho e a excel\u00eancia na argumenta\u00e7\u00e3o filos\u00f3fica seja publicamente reconhecida. A S\u00e9rie Dissertatio Filosofia de livros eletr\u00f4nicos est\u00e1 vinculada \u00e0 Revista Dissertatio de Filosofia, publica\u00e7\u00e3o quadrimestral do Departamento de Filosofia do Instituto de Filosofia, Sociologia e Pol\u00edtica da UFPel.<\/span><\/p>\n<h4 style=\"text-align: justify;\"><span style=\"font-family: tahoma, arial, helvetica, sans-serif;\">EDITORES<\/span><\/h4>\n<p style=\"text-align: justify;\"><span style=\"font-family: tahoma, arial, helvetica, sans-serif;\">\u200bProf. Dr. Juliano do Carmo\u00a0<\/span><br \/>\n<span style=\"font-family: tahoma, arial, helvetica, sans-serif;\">Prof. Dr. Jo\u00e3o Hobuss<\/span><\/p>\n<h4 style=\"text-align: justify;\"><span style=\"font-family: tahoma, arial, helvetica, sans-serif;\">DIAGRAMADOR<\/span><\/h4>\n<p style=\"text-align: justify;\"><span style=\"font-family: tahoma, arial, helvetica, sans-serif;\">Lucas Duarte Silva\u00a0<\/span><\/p>\n<p><span style=\"font-family: tahoma, arial, helvetica, sans-serif;\">Acesse o acervo em <a href=\"http:\/\/wp.ufpel.edu.br\/nepfil\">wp.ufpel.edu.br\/nepfil\u00a0<\/a><\/span><\/p>\n","protected":false},"excerpt":{"rendered":"<p>NEPFIL ONLINE O N\u00facleo de Ensino e Pesquisa em Filosofia \u00e9 uma iniciativa do Departamento de Filosofia da Universidade Federal de Pelotas que tem como objetivo principal a edi\u00e7\u00e3o, em formato digital, das publica\u00e7\u00f5es do Curso de Gradua\u00e7\u00e3o, Mestrado e Doutorado em Filosofia da UFPel e de outras institui\u00e7\u00f5es. Em breve publicaremos as novas regras [&hellip;]<\/p>\n","protected":false},"author":352,"featured_media":0,"parent":0,"menu_order":0,"comment_status":"closed","ping_status":"closed","template":"","meta":{"jetpack_post_was_ever_published":false,"footnotes":""},"class_list":["post-119","page","type-page","status-publish","hentry"],"jetpack_sharing_enabled":true,"jetpack_shortlink":"https:\/\/wp.me\/P6RFYP-1V","_links":{"self":[{"href":"https:\/\/wp.ufpel.edu.br\/depfil\/wp-json\/wp\/v2\/pages\/119","targetHints":{"allow":["GET"]}}],"collection":[{"href":"https:\/\/wp.ufpel.edu.br\/depfil\/wp-json\/wp\/v2\/pages"}],"about":[{"href":"https:\/\/wp.ufpel.edu.br\/depfil\/wp-json\/wp\/v2\/types\/page"}],"author":[{"embeddable":true,"href":"https:\/\/wp.ufpel.edu.br\/depfil\/wp-json\/wp\/v2\/users\/352"}],"replies":[{"embeddable":true,"href":"https:\/\/wp.ufpel.edu.br\/depfil\/wp-json\/wp\/v2\/comments?post=119"}],"version-history":[{"count":3,"href":"https:\/\/wp.ufpel.edu.br\/depfil\/wp-json\/wp\/v2\/pages\/119\/revisions"}],"predecessor-version":[{"id":1468,"href":"https:\/\/wp.ufpel.edu.br\/depfil\/wp-json\/wp\/v2\/pages\/119\/revisions\/1468"}],"wp:attachment":[{"href":"https:\/\/wp.ufpel.edu.br\/depfil\/wp-json\/wp\/v2\/media?parent=119"}],"curies":[{"name":"wp","href":"https:\/\/api.w.org\/{rel}","templated":true}]}}