{"id":1176,"date":"2018-09-25T08:37:55","date_gmt":"2018-09-25T11:37:55","guid":{"rendered":"https:\/\/wp.ufpel.edu.br\/depfil\/?page_id=1176"},"modified":"2022-11-21T19:26:35","modified_gmt":"2022-11-21T22:26:35","slug":"publicacoes","status":"publish","type":"page","link":"https:\/\/wp.ufpel.edu.br\/depfil\/publicacoes\/","title":{"rendered":"Publica\u00e7\u00f5es"},"content":{"rendered":"<p><span style=\"font-family: tahoma, arial, helvetica, sans-serif;\">Revista Dissertatio de Filosofia (Qualis A2)<\/span><\/p>\n<p><a href=\"https:\/\/periodicos.ufpel.edu.br\/ojs2\/index.php\/dissertatio\/index\"><img class=\"alignnone wp-image-1124 size-medium\" src=\"https:\/\/wp.ufpel.edu.br\/depfil\/files\/2018\/09\/pageHeaderTitleImage_pt_BR-e1537466043522-400x154.jpg\" alt=\"\" width=\"400\" height=\"154\" srcset=\"https:\/\/wp.ufpel.edu.br\/depfil\/files\/2018\/09\/pageHeaderTitleImage_pt_BR-e1537466043522-400x154.jpg 400w, https:\/\/wp.ufpel.edu.br\/depfil\/files\/2018\/09\/pageHeaderTitleImage_pt_BR-e1537466043522.jpg 502w\" sizes=\"(max-width: 400px) 100vw, 400px\" \/><\/a><\/p>\n<p><span style=\"font-family: tahoma, arial, helvetica, sans-serif;\">S\u00e9rie Dissertatio de Livros Eletr\u00f4nicos (NEPFIL online)<\/span><\/p>\n<p><a href=\"https:\/\/wp.ufpel.edu.br\/nepfil\/\"><img class=\"alignnone wp-image-1096 size-medium\" src=\"https:\/\/wp.ufpel.edu.br\/depfil\/files\/2018\/09\/safe_image-400x209.jpeg\" alt=\"\" width=\"400\" height=\"209\" srcset=\"https:\/\/wp.ufpel.edu.br\/depfil\/files\/2018\/09\/safe_image-400x209.jpeg 400w, https:\/\/wp.ufpel.edu.br\/depfil\/files\/2018\/09\/safe_image.jpeg 540w\" sizes=\"(max-width: 400px) 100vw, 400px\" \/><\/a><\/p>\n<p><span style=\"font-family: tahoma, arial, helvetica, sans-serif;\">Revista Seara Filos\u00f3fica (Qualis B5)<\/span><\/p>\n<p><a href=\"https:\/\/periodicos.ufpel.edu.br\/ojs2\/index.php\/searafilosofica\"><img class=\"alignnone wp-image-1179 size-medium\" src=\"https:\/\/wp.ufpel.edu.br\/depfil\/files\/2018\/09\/Seara-400x129.png\" alt=\"\" width=\"400\" height=\"129\" srcset=\"https:\/\/wp.ufpel.edu.br\/depfil\/files\/2018\/09\/Seara-400x129.png 400w, https:\/\/wp.ufpel.edu.br\/depfil\/files\/2018\/09\/Seara.png 447w\" sizes=\"(max-width: 400px) 100vw, 400px\" \/><\/a><\/p>\n","protected":false},"excerpt":{"rendered":"<p>Revista Dissertatio de Filosofia (Qualis A2) S\u00e9rie Dissertatio de Livros Eletr\u00f4nicos (NEPFIL online) Revista Seara Filos\u00f3fica (Qualis B5)<\/p>\n","protected":false},"author":357,"featured_media":0,"parent":0,"menu_order":0,"comment_status":"closed","ping_status":"closed","template":"","meta":{"jetpack_post_was_ever_published":false,"footnotes":""},"class_list":["post-1176","page","type-page","status-publish","hentry"],"jetpack_sharing_enabled":true,"jetpack_shortlink":"https:\/\/wp.me\/P6RFYP-iY","_links":{"self":[{"href":"https:\/\/wp.ufpel.edu.br\/depfil\/wp-json\/wp\/v2\/pages\/1176","targetHints":{"allow":["GET"]}}],"collection":[{"href":"https:\/\/wp.ufpel.edu.br\/depfil\/wp-json\/wp\/v2\/pages"}],"about":[{"href":"https:\/\/wp.ufpel.edu.br\/depfil\/wp-json\/wp\/v2\/types\/page"}],"author":[{"embeddable":true,"href":"https:\/\/wp.ufpel.edu.br\/depfil\/wp-json\/wp\/v2\/users\/357"}],"replies":[{"embeddable":true,"href":"https:\/\/wp.ufpel.edu.br\/depfil\/wp-json\/wp\/v2\/comments?post=1176"}],"version-history":[{"count":4,"href":"https:\/\/wp.ufpel.edu.br\/depfil\/wp-json\/wp\/v2\/pages\/1176\/revisions"}],"predecessor-version":[{"id":1466,"href":"https:\/\/wp.ufpel.edu.br\/depfil\/wp-json\/wp\/v2\/pages\/1176\/revisions\/1466"}],"wp:attachment":[{"href":"https:\/\/wp.ufpel.edu.br\/depfil\/wp-json\/wp\/v2\/media?parent=1176"}],"curies":[{"name":"wp","href":"https:\/\/api.w.org\/{rel}","templated":true}]}}