{"id":105,"date":"2014-02-14T14:21:10","date_gmt":"2014-02-14T16:21:10","guid":{"rendered":"https:\/\/wp.ufpel.edu.br\/depfil\/?page_id=105"},"modified":"2022-11-21T19:29:07","modified_gmt":"2022-11-21T22:29:07","slug":"mestrado","status":"publish","type":"page","link":"https:\/\/wp.ufpel.edu.br\/depfil\/mestrado\/","title":{"rendered":"Mestrado"},"content":{"rendered":"<p style=\"text-align: justify;\"><span style=\"font-family: tahoma,arial,helvetica,sans-serif;\">O Programa de P\u00f3s-Gradua\u00e7\u00e3o stricto sensu em Filosofia da UFPel est\u00e1 alicer\u00e7ado na hist\u00f3ria institucional de seu Departamento de Filosofia. Desde 1984, o departamento mant\u00e9m um curso de Gradua\u00e7\u00e3o em Filosofia (Licenciatura), atualmente desdobrado em licenciatura e bacharelado e, a partir de 1997, implantou a p\u00f3s-gradua\u00e7\u00e3o lato sensu com o curso de especializa\u00e7\u00e3o em Filosofia Moral e Pol\u00edtica. O curso de p\u00f3s-gradua\u00e7\u00e3o em n\u00edvel de Mestrado surgiu em 2007 com vistas a atender a uma demanda importante dos anseios comunit\u00e1rios da regi\u00e3o sul do estado do Rio Grande do Sul, bem como do Uruguai. Para fortalecer os la\u00e7os com o Uruguai, com vistas \u00e0 integra\u00e7\u00e3o regional, a UFPel firmou conv\u00eanio com a Universidade Cat\u00f3lica do Uruguai (UCU) prevendo o interc\u00e2mbio docente com o curso de Mestrado em Filosofia da UFPel. Al\u00e9m deste, tamb\u00e9m foi firmado acordo de coopera\u00e7\u00e3o com a Universidade Federal de Santa Catarina (UFSC), que j\u00e1 possui um programa de p\u00f3s-gradua\u00e7\u00e3o em filosofia consolidado. <\/span><\/p>\n<p style=\"text-align: justify;\"><span style=\"font-family: tahoma,arial,helvetica,sans-serif;\"> A cria\u00e7\u00e3o do curso de Mestrado em Filosofia teve por objetivo consolidar, em n\u00edvel de ensino, as atividades de pesquisa realizadas por seu corpo docente ao longo dos \u00faltimos anos, visando ser um ponto de refer\u00eancia nas investiga\u00e7\u00f5es a respeito das quest\u00f5es relevantes de filosofia moral e pol\u00edtica em autores como Plat\u00e3o, Arist\u00f3teles, Agostinho, Anselmo, Tom\u00e1s de Aquino, Descartes, Kant, Hegel, Nietzsche, Habermas, Rawls, Wittgenstein, entre outros. O Programa conta com 10 professores em seu corpo docente permanente, al\u00e9m de 3 professores colaboradores, todos com atividades de pesquisa, ensino e extens\u00e3o voltadas para a \u00e1rea espec\u00edfica.<\/span><\/p>\n<p style=\"text-align: justify;\"><span style=\"font-family: tahoma,arial,helvetica,sans-serif;\"> O curso est\u00e1 articulado em uma grande \u00e1rea de concentra\u00e7\u00e3o, \u00c9tica e Filosofia Pol\u00edtica, com tr\u00eas linhas de pesquisa: Concep\u00e7\u00f5es de Virtude, Fundamenta\u00e7\u00e3o e Cr\u00edtica da Moral e Direito, Sociedade e Estado, que refletem a hist\u00f3ria da pesquisa do Departamento de Filosofia da UFPel. O Programa conta com a publica\u00e7\u00e3o da Revista Dissertatio, fundada em 1995 e indexada no CLASE, com conceito A2 pelo QUALIS\/CAPES. Al\u00e9m disso, conta com a Cole\u00e7\u00e3o Dissertatio Filosofia que propicia a divulga\u00e7\u00e3o das pesquisas de seu corpo docente.<\/span><\/p>\n","protected":false},"excerpt":{"rendered":"<p>O Programa de P\u00f3s-Gradua\u00e7\u00e3o stricto sensu em Filosofia da UFPel est\u00e1 alicer\u00e7ado na hist\u00f3ria institucional de seu Departamento de Filosofia. Desde 1984, o departamento mant\u00e9m um curso de Gradua\u00e7\u00e3o em Filosofia (Licenciatura), atualmente desdobrado em licenciatura e bacharelado e, a partir de 1997, implantou a p\u00f3s-gradua\u00e7\u00e3o lato sensu com o curso de especializa\u00e7\u00e3o em Filosofia [&hellip;]<\/p>\n","protected":false},"author":352,"featured_media":0,"parent":0,"menu_order":0,"comment_status":"closed","ping_status":"closed","template":"","meta":{"jetpack_post_was_ever_published":false,"footnotes":""},"class_list":["post-105","page","type-page","status-publish","hentry"],"jetpack_sharing_enabled":true,"jetpack_shortlink":"https:\/\/wp.me\/P6RFYP-1H","_links":{"self":[{"href":"https:\/\/wp.ufpel.edu.br\/depfil\/wp-json\/wp\/v2\/pages\/105","targetHints":{"allow":["GET"]}}],"collection":[{"href":"https:\/\/wp.ufpel.edu.br\/depfil\/wp-json\/wp\/v2\/pages"}],"about":[{"href":"https:\/\/wp.ufpel.edu.br\/depfil\/wp-json\/wp\/v2\/types\/page"}],"author":[{"embeddable":true,"href":"https:\/\/wp.ufpel.edu.br\/depfil\/wp-json\/wp\/v2\/users\/352"}],"replies":[{"embeddable":true,"href":"https:\/\/wp.ufpel.edu.br\/depfil\/wp-json\/wp\/v2\/comments?post=105"}],"version-history":[{"count":4,"href":"https:\/\/wp.ufpel.edu.br\/depfil\/wp-json\/wp\/v2\/pages\/105\/revisions"}],"predecessor-version":[{"id":1467,"href":"https:\/\/wp.ufpel.edu.br\/depfil\/wp-json\/wp\/v2\/pages\/105\/revisions\/1467"}],"wp:attachment":[{"href":"https:\/\/wp.ufpel.edu.br\/depfil\/wp-json\/wp\/v2\/media?parent=105"}],"curies":[{"name":"wp","href":"https:\/\/api.w.org\/{rel}","templated":true}]}}