{"id":103,"date":"2014-02-14T14:20:15","date_gmt":"2014-02-14T16:20:15","guid":{"rendered":"https:\/\/wp.ufpel.edu.br\/depfil\/?page_id=103"},"modified":"2022-11-21T19:29:41","modified_gmt":"2022-11-21T22:29:41","slug":"especializacao","status":"publish","type":"page","link":"https:\/\/wp.ufpel.edu.br\/depfil\/especializacao\/","title":{"rendered":"Especializa\u00e7\u00e3o"},"content":{"rendered":"<p style=\"text-align: justify;\"><strong><span style=\"font-family: tahoma,arial,helvetica,sans-serif;\">Especializa\u00e7\u00e3o<\/span><\/strong><\/p>\n<p style=\"text-align: justify;\"><span style=\"font-family: tahoma,arial,helvetica,sans-serif;\"> Criado em 1997, o Curso de P\u00f3s-Gradua\u00e7\u00e3o em Filosofia da UFPEL concentrou seus esfor\u00e7os na Especializa\u00e7\u00e3o em Filosofia Moral e Pol\u00edtica. O resultado do empenho de um reduzido n\u00famero de docentes levou \u00e0 consolida\u00e7\u00e3o, dez anos depois, do Mestrado em \u00c9tica e Filosofia Pol\u00edtica. O Curso de Especializa\u00e7\u00e3o, todavia, acabou por ser desativado no segundo semestre de 2007, pelo fato de somente existirem oito professores efetivos para dar conta da Gradua\u00e7\u00e3o e do Mestrado em Filosofia.<\/span><\/p>\n<p style=\"text-align: justify;\"><span style=\"font-family: tahoma,arial,helvetica,sans-serif;\">Entre setembro de 2007 e fevereiro de 2013, muitas foram as transforma\u00e7\u00f5es no Departamento de Filosofia \u2212 que conta, atualmente, com quatorze professores efetivos. Em termos de Ensino, conforme o resultado do ENADE divulgado pelo MEC em dezembro de 2012, o Curso de Filosofia da UFPEL foi classificado como o nono melhor do pa\u00eds e o primeiro no Estado do Rio Grande do Sul. No que diz respeito \u00e0 Pesquisa, as Bolsas de Produtividade do CNPq atestam a qualidade das investiga\u00e7\u00f5es de nosso quadro docente. A pr\u00f3pria <em>Dissertatio \u2013 Revista de Filosofia<\/em>, ascendeu, em 2010, \u00e0 classifica\u00e7\u00e3o B1 no Qualis da CAPES (e recentemente A2). A Extens\u00e3o, por sua vez, atrav\u00e9s de diversos projetos, vem articulando, cada vez mais, a rela\u00e7\u00e3o entre Ensino e Pesquisa em intera\u00e7\u00e3o com a comunidade em geral.<\/span><\/p>\n<p style=\"text-align: justify;\"><span style=\"font-family: tahoma,arial,helvetica,sans-serif;\">Todos esses acontecimentos criaram as condi\u00e7\u00f5es para abertura, em outubro de 2017, de novas possibilidades de investiga\u00e7\u00e3o em Filosofia atrav\u00e9s da modalidade EaD. O foco do Curso de Especializa\u00e7\u00e3o em Ensino de Filosofia est\u00e1 voltado para as novas metodologias de Ensino (desde os pressupostos b\u00e1sicos da neuroaprendizagem at\u00e9 a perspectiva de trabalhar com Problemas Filos\u00f3ficos na Educa\u00e7\u00e3o B\u00e1sica).\u00a0<\/span><\/p>\n<p style=\"text-align: justify;\">Atualmente o Curso de Especializa\u00e7\u00e3o em Ensino de Filosofia possui mais de 400 alunos distribu\u00eddos em 25 polos de apoio presencial no Rio Grande do Sul. Acesse o site do curso aqui: <a href=\"http:\/\/wp.ufpel.edu.br\/ed\">wp.ufpel.edu.br\/ed<\/a><\/p>\n","protected":false},"excerpt":{"rendered":"<p>Especializa\u00e7\u00e3o Criado em 1997, o Curso de P\u00f3s-Gradua\u00e7\u00e3o em Filosofia da UFPEL concentrou seus esfor\u00e7os na Especializa\u00e7\u00e3o em Filosofia Moral e Pol\u00edtica. O resultado do empenho de um reduzido n\u00famero de docentes levou \u00e0 consolida\u00e7\u00e3o, dez anos depois, do Mestrado em \u00c9tica e Filosofia Pol\u00edtica. O Curso de Especializa\u00e7\u00e3o, todavia, acabou por ser desativado no [&hellip;]<\/p>\n","protected":false},"author":352,"featured_media":0,"parent":0,"menu_order":0,"comment_status":"closed","ping_status":"closed","template":"","meta":{"jetpack_post_was_ever_published":false,"footnotes":""},"class_list":["post-103","page","type-page","status-publish","hentry"],"jetpack_sharing_enabled":true,"jetpack_shortlink":"https:\/\/wp.me\/P6RFYP-1F","_links":{"self":[{"href":"https:\/\/wp.ufpel.edu.br\/depfil\/wp-json\/wp\/v2\/pages\/103","targetHints":{"allow":["GET"]}}],"collection":[{"href":"https:\/\/wp.ufpel.edu.br\/depfil\/wp-json\/wp\/v2\/pages"}],"about":[{"href":"https:\/\/wp.ufpel.edu.br\/depfil\/wp-json\/wp\/v2\/types\/page"}],"author":[{"embeddable":true,"href":"https:\/\/wp.ufpel.edu.br\/depfil\/wp-json\/wp\/v2\/users\/352"}],"replies":[{"embeddable":true,"href":"https:\/\/wp.ufpel.edu.br\/depfil\/wp-json\/wp\/v2\/comments?post=103"}],"version-history":[{"count":5,"href":"https:\/\/wp.ufpel.edu.br\/depfil\/wp-json\/wp\/v2\/pages\/103\/revisions"}],"predecessor-version":[{"id":1469,"href":"https:\/\/wp.ufpel.edu.br\/depfil\/wp-json\/wp\/v2\/pages\/103\/revisions\/1469"}],"wp:attachment":[{"href":"https:\/\/wp.ufpel.edu.br\/depfil\/wp-json\/wp\/v2\/media?parent=103"}],"curies":[{"name":"wp","href":"https:\/\/api.w.org\/{rel}","templated":true}]}}