{"id":10,"date":"2014-02-13T14:56:12","date_gmt":"2014-02-13T16:56:12","guid":{"rendered":"https:\/\/wp.ufpel.edu.br\/depfil\/?page_id=10"},"modified":"2022-11-21T19:50:31","modified_gmt":"2022-11-21T22:50:31","slug":"apresentacao","status":"publish","type":"page","link":"https:\/\/wp.ufpel.edu.br\/depfil\/apresentacao\/","title":{"rendered":"Apresenta\u00e7\u00e3o"},"content":{"rendered":"<p style=\"text-align: justify;\"><span style=\"font-family: georgia, palatino, serif;\">O Curso de Filosofia \u2013<strong>\u00a0Licenciatura em Filosofia<\/strong>\u00a0\u2013 foi criado em agosto de 1984, come\u00e7ando a funcionar em mar\u00e7o de 1985, com uma matr\u00edcula de 40 alunos e dura\u00e7\u00e3o do curso prevista para oito semestres.<\/span><\/p>\n<p style=\"text-align: justify;\"><span style=\"font-family: georgia, palatino, serif;\">A cria\u00e7\u00e3o do Curso de Filosofia articulou-se ao fato de que a UFPel apresentava uma diversidade de cursos de gradua\u00e7\u00e3o, todos eles inseridos no \u00e2mbito comunit\u00e1rio, contribuindo de maneira decisiva para o desenvolvimento s\u00f3cio-econ\u00f4mico-cultural da regi\u00e3o. Com o Curso de Filosofia visava-se proporcionar uma concep\u00e7\u00e3o unit\u00e1ria e articulada do saber, para promover uma compreens\u00e3o mais profunda da problem\u00e1tica do Homem e de sua inser\u00e7\u00e3o na realidade hist\u00f3rica.<\/span><\/p>\n<p style=\"text-align: justify;\"><span style=\"font-family: georgia, palatino, serif;\">A cria\u00e7\u00e3o do Curso de\u00a0<strong>Bacharelado em Filosofia<\/strong>, com vig\u00eancia a partir do primeiro semestre de 2006, vem refor\u00e7ar as metas acima mencionadas. O objetivo principal do curso \u00e9 formar pesquisadores de filosofia, capacitados a enfrentar com sucesso os desafios de sua futura vida profissional. Visa-se, com isso, a uma atitude investigativa e cr\u00edtica, atrav\u00e9s do desenvolvimento da capacidade de compreender, analisar e interpretar as principais quest\u00f5es filos\u00f3ficas.<\/span><\/p>\n<p style=\"text-align: justify;\"><span style=\"font-family: georgia, palatino, serif;\">Com as transforma\u00e7\u00f5es ocorridas nos \u00faltimos anos no Brasil e no mundo, \u00e9 necess\u00e1rio construir um novo projeto pedag\u00f3gico e uma nova matriz curricular, que permitam uma interven\u00e7\u00e3o e uma reflex\u00e3o cr\u00edtica sobre a realidade cultural em que a universidade, os alunos e os professores est\u00e3o inseridos. \u00c9 necess\u00e1rio salientar, nesse sentido, o empenho do Curso de Filosofia em participar da elabora\u00e7\u00e3o e implementa\u00e7\u00e3o do PAVE \u2013 Programa de Avalia\u00e7\u00e3o da Vida Escolar (CES-UFPel), no qual a filosofia pode contribuir para a constru\u00e7\u00e3o de conhecimentos significativos e para a reflex\u00e3o acerca das quest\u00f5es \u00e9ticas de nossa \u00e9poca.<\/span><\/p>\n<p style=\"text-align: justify;\"><span style=\"font-family: georgia, palatino, serif;\">Em conson\u00e2ncia com os eixos norteadores do Projeto Pedag\u00f3gico da UFPel, e com o Parecer CNE\/CES 492\/2001, o qual instituiu as Diretrizes Curriculares Nacionais para o Curso de Filosofia, com a Resolu\u00e7\u00e3o CNE\/CP 01\/2002, a qual estabelece as Diretrizes Curriculares Nacionais para a Forma\u00e7\u00e3o de Professores e ainda, segundo a Resolu\u00e7\u00e3o CNE\/CP 02\/2002, a qual institui a dura\u00e7\u00e3o e a carga hor\u00e1ria dos cursos de Licenciatura, o Projeto Pedag\u00f3gico do Curso de Filosofia tem como princ\u00edpios:<\/span><\/p>\n<p style=\"text-align: justify;\"><span style=\"font-family: georgia, palatino, serif;\">a) O compromisso do curso com os interesses coletivos, com a promo\u00e7\u00e3o integral da cidadania e com o respeito \u00e0 pessoa, na tradi\u00e7\u00e3o de defesa e fomento dos direitos humanos;<\/span><\/p>\n<p style=\"text-align: justify;\"><span style=\"font-family: georgia, palatino, serif;\">b) A indissociabilidade entre ensino, pesquisa e extens\u00e3o, em que a produ\u00e7\u00e3o do conhecimento esteja ligada ao agir aut\u00f4nomo e pol\u00edtico;<\/span><\/p>\n<p style=\"text-align: justify;\"><span style=\"font-family: georgia, palatino, serif;\">c) Integra\u00e7\u00e3o entre o ensino de gradua\u00e7\u00e3o e p\u00f3s-gradua\u00e7\u00e3o. O Programa de P\u00f3s-gradua\u00e7\u00e3o em Filosofia, em funcionamento desde o ano de 2008, tem como \u00e1rea de concentra\u00e7\u00e3o \u00c9tica e Filosofia Pol\u00edtica e, por meio das atividades de ensino, pesquisa e extens\u00e3o oferece aos discentes possibilidades de integra\u00e7\u00e3o das mesmas com sua forma\u00e7\u00e3o na gradua\u00e7\u00e3o (outros aspectos, ver item 12 deste Projeto);<\/span><\/p>\n<p style=\"text-align: justify;\"><span style=\"font-family: georgia, palatino, serif;\">d) O car\u00e1ter multidirecional e interativo do processo de ensino e aprendizagem, possibilitando o desenvolvimento das pr\u00e1ticas de investiga\u00e7\u00e3o, o acolhimento da diversidade e o exerc\u00edcio de atividades de enriquecimento cultural;<\/span><\/p>\n<p style=\"text-align: justify;\"><span style=\"font-family: georgia, palatino, serif;\">e) A compreens\u00e3o da figura do professor como fundamental na aplica\u00e7\u00e3o de metodologias e de recursos inovadores na rela\u00e7\u00e3o de ensino e aprendizagem, inclusive das novas tecnologias de informa\u00e7\u00e3o e de comunica\u00e7\u00e3o.<\/span><\/p>\n<h3><span style=\"font-family: georgia, palatino, serif;\">GEST\u00c3O DO DEPARTAMENTO DE FILOSOFIA<\/span><\/h3>\n<p><span style=\"font-family: georgia, palatino, serif;\"><ul class=\"dados-cobalto cobalto-chefias-unidade\"><li><span class=\"cobalto-label\">Chefe de Departamento<\/span><a href=\"https:\/\/institucional.ufpel.edu.br\/servidores\/id\/24723\" target=\"_blank\">SERGIO RICARDO STREFLING<\/a><\/li><li><span class=\"cobalto-label\">Chefe de departamento Substituto<\/span><a href=\"https:\/\/institucional.ufpel.edu.br\/servidores\/id\/25634\" target=\"_blank\">CARLOS ALBERTO MIRAGLIA<\/a><\/li><\/ul><\/span><\/p>\n","protected":false},"excerpt":{"rendered":"<p>O Curso de Filosofia \u2013\u00a0Licenciatura em Filosofia\u00a0\u2013 foi criado em agosto de 1984, come\u00e7ando a funcionar em mar\u00e7o de 1985, com uma matr\u00edcula de 40 alunos e dura\u00e7\u00e3o do curso prevista para oito semestres. A cria\u00e7\u00e3o do Curso de Filosofia articulou-se ao fato de que a UFPel apresentava uma diversidade de cursos de gradua\u00e7\u00e3o, todos [&hellip;]<\/p>\n","protected":false},"author":352,"featured_media":0,"parent":0,"menu_order":0,"comment_status":"closed","ping_status":"closed","template":"","meta":{"jetpack_post_was_ever_published":false,"footnotes":""},"class_list":["post-10","page","type-page","status-publish","hentry"],"jetpack_sharing_enabled":true,"jetpack_shortlink":"https:\/\/wp.me\/P6RFYP-a","_links":{"self":[{"href":"https:\/\/wp.ufpel.edu.br\/depfil\/wp-json\/wp\/v2\/pages\/10","targetHints":{"allow":["GET"]}}],"collection":[{"href":"https:\/\/wp.ufpel.edu.br\/depfil\/wp-json\/wp\/v2\/pages"}],"about":[{"href":"https:\/\/wp.ufpel.edu.br\/depfil\/wp-json\/wp\/v2\/types\/page"}],"author":[{"embeddable":true,"href":"https:\/\/wp.ufpel.edu.br\/depfil\/wp-json\/wp\/v2\/users\/352"}],"replies":[{"embeddable":true,"href":"https:\/\/wp.ufpel.edu.br\/depfil\/wp-json\/wp\/v2\/comments?post=10"}],"version-history":[{"count":13,"href":"https:\/\/wp.ufpel.edu.br\/depfil\/wp-json\/wp\/v2\/pages\/10\/revisions"}],"predecessor-version":[{"id":1472,"href":"https:\/\/wp.ufpel.edu.br\/depfil\/wp-json\/wp\/v2\/pages\/10\/revisions\/1472"}],"wp:attachment":[{"href":"https:\/\/wp.ufpel.edu.br\/depfil\/wp-json\/wp\/v2\/media?parent=10"}],"curies":[{"name":"wp","href":"https:\/\/api.w.org\/{rel}","templated":true}]}}