{"id":38,"date":"2010-06-07T16:43:58","date_gmt":"2010-06-07T19:43:58","guid":{"rendered":"https:\/\/wp.ufpel.edu.br\/dea\/?page_id=38"},"modified":"2010-06-08T22:00:29","modified_gmt":"2010-06-09T01:00:29","slug":"expediente","status":"publish","type":"page","link":"https:\/\/wp.ufpel.edu.br\/dea\/expediente\/","title":{"rendered":"Expediente"},"content":{"rendered":"<p><strong> Editor-chefe<\/strong><br \/>\nPaulo Jeyson Barros Paiva<\/p>\n<p><strong>Editores<\/strong><br \/>\nHelena Guimar\u00e3es de Faria<br \/>\nRafael<br \/>\nHenrique<\/p>\n<p><strong>Revis\u00e3o das Normas<\/strong><br \/>\nLisiane Gomes Lemos<\/p>\n<p><strong>Revis\u00e3o Geral<\/strong><br \/>\nRosemar Gomes Lemos<\/p>\n<p><strong>Projeto e Cria\u00e7\u00e3o Gr\u00e1fica<\/strong><br \/>\nPaulo Jeyson Barros Paiva<br \/>\nAna Paula<\/p>\n<p style=\"text-align: left\">\n<p style=\"text-align: left\">EXPEDIENTE DA EDITORA (UFPEL) EXPEDIENTE DA EDITORA (UFPEL) EM PDF<\/p>\n<p><strong>Conselho Editorial<\/strong><br \/>\n&#8211; Andr\u00e9s Zarankin<br \/>\n&#8211; Fab\u00edola Andr\u00e9a Silva<br \/>\n&#8211; F\u00e1bio Vergara Cerqueira<br \/>\n&#8211; Ivan Coelho de S\u00e1<br \/>\n&#8211; Jean-Louis Tornatore<br \/>\n&#8211; Joel Candau<br \/>\n&#8211; Lourdes S. Dominguez<br \/>\n&#8211; Marcus Granato<br \/>\n&#8211; Margarete Regina Freitas Gon\u00e7alves<br \/>\n&#8211; M\u00f3nica Beatriz Rotman<br \/>\n&#8211; Paulo Ricardo Pezat<br \/>\n&#8211; Pedro Paulo Abreu Funari<br \/>\n&#8211; Rub\u00e9n Chababo<br \/>\n&#8211; Sidney Gon\u00e7alves Vieira<br \/>\n&#8211; Silvia Helena Zanirato<br \/>\n&#8211; \u00darsula Rosa da Silva<br \/>\n&#8211; Vera Lucia Doyle Louzada de Mattos Dodebei<\/p>\n<p><a href=\"http:\/\/ich.ufpel.edu.br\/memoriaemrede\/pdf\/expediente\/expediente-egu-ufpel-abril-2010.pdf\">Baixar PDF<\/a><\/p>\n","protected":false},"excerpt":{"rendered":"<p>Editor-chefe Paulo Jeyson Barros Paiva Editores Helena Guimar\u00e3es de Faria Rafael Henrique Revis\u00e3o das Normas Lisiane Gomes Lemos Revis\u00e3o Geral Rosemar Gomes Lemos Projeto e Cria\u00e7\u00e3o Gr\u00e1fica Paulo Jeyson Barros Paiva Ana Paula EXPEDIENTE DA EDITORA (UFPEL) EXPEDIENTE DA EDITORA&#8230; <a class=\"more-link\" href=\"https:\/\/wp.ufpel.edu.br\/dea\/expediente\/\">Continue lendo &rarr;<\/a><\/p>\n","protected":false},"author":65,"featured_media":0,"parent":0,"menu_order":0,"comment_status":"closed","ping_status":"open","template":"","meta":{"footnotes":""},"class_list":["post-38","page","type-page","status-publish","hentry"],"_links":{"self":[{"href":"https:\/\/wp.ufpel.edu.br\/dea\/wp-json\/wp\/v2\/pages\/38","targetHints":{"allow":["GET"]}}],"collection":[{"href":"https:\/\/wp.ufpel.edu.br\/dea\/wp-json\/wp\/v2\/pages"}],"about":[{"href":"https:\/\/wp.ufpel.edu.br\/dea\/wp-json\/wp\/v2\/types\/page"}],"author":[{"embeddable":true,"href":"https:\/\/wp.ufpel.edu.br\/dea\/wp-json\/wp\/v2\/users\/65"}],"replies":[{"embeddable":true,"href":"https:\/\/wp.ufpel.edu.br\/dea\/wp-json\/wp\/v2\/comments?post=38"}],"version-history":[{"count":6,"href":"https:\/\/wp.ufpel.edu.br\/dea\/wp-json\/wp\/v2\/pages\/38\/revisions"}],"predecessor-version":[{"id":78,"href":"https:\/\/wp.ufpel.edu.br\/dea\/wp-json\/wp\/v2\/pages\/38\/revisions\/78"}],"wp:attachment":[{"href":"https:\/\/wp.ufpel.edu.br\/dea\/wp-json\/wp\/v2\/media?parent=38"}],"curies":[{"name":"wp","href":"https:\/\/api.w.org\/{rel}","templated":true}]}}