{"id":2,"date":"2010-05-26T12:14:24","date_gmt":"2010-05-26T15:14:24","guid":{"rendered":""},"modified":"2010-06-09T00:50:22","modified_gmt":"2010-06-09T03:50:22","slug":"sobre","status":"publish","type":"page","link":"https:\/\/wp.ufpel.edu.br\/dea\/sobre\/","title":{"rendered":"Quem Somos"},"content":{"rendered":"<p style=\"text-align: justify\">O grupo  DEA \u2013 Design Escola e Arte surgiu da iniciativa de jun\u00e7\u00e3o das id\u00e9ias de  contribui\u00e7\u00e3o social de professores e alunos de diferentes segmentos\u00a0 da  Universidade Federal de Pelotas e da Universidade Federal do Rio Grande.  O grupo \u00e9 composto por 3 professoras universit\u00e1rias, 1 funcion\u00e1ria  t\u00e9cnico-administrativa e 10 graduandos pertencentes a UFPEL, UCPEL e  FURG, oriundos dos cursos de Direito, Educa\u00e7\u00e3o F\u00edsica, Artes Visuais,  Design Gr\u00e1fico e Design Digital.\u00a0 Atualmente o grupo Design, Escola e  Arte (DTGC\/IFM\/UFPel) \u00e9 composto pelos graduandos Alan Gon\u00e7alves,  Daniele Santiago, Helena de Faria, Lanna Collares, Lisiane Gomes Lemos,  Nadiele Pires, Paulo Paiva, Gabriel Gomes da Silva, Rafael dos Santos  Ferreira e William Machado,\u00a0 orientados pelas Professoras Rosemar G.  Lemos (DTGC\/IFM), Ana Paula Ara\u00fajo (DTGC\/IFM) e Ivone Homrich  (Direito\/UFPEL) e a T\u00e9cnica administrativa Catharina Mota (DTGC\/IFM).<\/p>\n<p style=\"text-align: justify\">Nosso  objetivo \u00e9 auxiliar a comunidade escolar atrav\u00e9s de iniciativas que  contribuam para seu crescimento cultural, disponibilizando\u00a0 trabalhos cientif\u00edcos publicados e apresentados pelo  DEA em eventos nacionais e internacionais bem como, as oficinas  propostas e realizadas desde sua cria\u00e7\u00e3o, em outubro de 2008, com base  no cumprimento da Lei federal 11645\/2008.<\/p>\n","protected":false},"excerpt":{"rendered":"<p>O grupo DEA \u2013 Design Escola e Arte surgiu da iniciativa de jun\u00e7\u00e3o das id\u00e9ias de contribui\u00e7\u00e3o social de professores e alunos de diferentes segmentos\u00a0 da Universidade Federal de Pelotas e da Universidade Federal do Rio Grande. O grupo \u00e9&#8230; <a class=\"more-link\" href=\"https:\/\/wp.ufpel.edu.br\/dea\/sobre\/\">Continue lendo &rarr;<\/a><\/p>\n","protected":false},"author":65,"featured_media":0,"parent":0,"menu_order":1,"comment_status":"closed","ping_status":"open","template":"","meta":{"footnotes":""},"class_list":["post-2","page","type-page","status-publish","hentry"],"_links":{"self":[{"href":"https:\/\/wp.ufpel.edu.br\/dea\/wp-json\/wp\/v2\/pages\/2","targetHints":{"allow":["GET"]}}],"collection":[{"href":"https:\/\/wp.ufpel.edu.br\/dea\/wp-json\/wp\/v2\/pages"}],"about":[{"href":"https:\/\/wp.ufpel.edu.br\/dea\/wp-json\/wp\/v2\/types\/page"}],"author":[{"embeddable":true,"href":"https:\/\/wp.ufpel.edu.br\/dea\/wp-json\/wp\/v2\/users\/65"}],"replies":[{"embeddable":true,"href":"https:\/\/wp.ufpel.edu.br\/dea\/wp-json\/wp\/v2\/comments?post=2"}],"version-history":[{"count":4,"href":"https:\/\/wp.ufpel.edu.br\/dea\/wp-json\/wp\/v2\/pages\/2\/revisions"}],"predecessor-version":[{"id":131,"href":"https:\/\/wp.ufpel.edu.br\/dea\/wp-json\/wp\/v2\/pages\/2\/revisions\/131"}],"wp:attachment":[{"href":"https:\/\/wp.ufpel.edu.br\/dea\/wp-json\/wp\/v2\/media?parent=2"}],"curies":[{"name":"wp","href":"https:\/\/api.w.org\/{rel}","templated":true}]}}