{"id":914,"date":"2018-07-25T23:34:33","date_gmt":"2018-07-26T02:34:33","guid":{"rendered":"https:\/\/wp.ufpel.edu.br\/dcsa\/?page_id=914"},"modified":"2018-12-03T19:23:42","modified_gmt":"2018-12-03T21:23:42","slug":"servicos","status":"publish","type":"page","link":"https:\/\/wp.ufpel.edu.br\/dcsa\/servicos\/","title":{"rendered":"Servi\u00e7os"},"content":{"rendered":"<p><a href=\"https:\/\/wp.ufpel.edu.br\/dcsa\/files\/2018\/07\/images-1.jpg\"><img loading=\"lazy\" decoding=\"async\" class=\"alignright size-full wp-image-918\" src=\"https:\/\/wp.ufpel.edu.br\/dcsa\/files\/2018\/07\/images-1.jpg\" alt=\"\" width=\"300\" height=\"168\" \/><\/a><\/p>\n<p>O Departamento de Ci\u00eancias Sociais Agr\u00e1rias intu\u00eddo do prop\u00f3sito de apoiar o desenvolvimento do agroneg\u00f3cio regional, possue &#8220;<em>expertise<\/em>&#8221; nas \u00e1reas relacionadas a gest\u00e3o agropecu\u00e1ria, an\u00e1lise de organiza\u00e7\u00e3o de cadeias produtivas e de fornecedores, an\u00e1lise de viabilidade economica de Projetos de atividades e\/ou investimentos agropecu\u00e1rios, assim como, por demanda, oferta palestras e cursos relacionados a \u00e1rea de Economia e Gest\u00e3o de Agroneg\u00f3cios.<\/p>\n","protected":false},"excerpt":{"rendered":"<p>O Departamento de Ci\u00eancias Sociais Agr\u00e1rias intu\u00eddo do prop\u00f3sito de apoiar o desenvolvimento do agroneg\u00f3cio regional, possue &#8220;expertise&#8221; nas \u00e1reas relacionadas a gest\u00e3o agropecu\u00e1ria, an\u00e1lise de organiza\u00e7\u00e3o de cadeias produtivas e de fornecedores, an\u00e1lise de viabilidade economica de Projetos de atividades e\/ou investimentos agropecu\u00e1rios, assim como, por demanda, oferta palestras e cursos relacionados a \u00e1rea &hellip; <\/p>\n<p><a class=\"more-link btn\" href=\"https:\/\/wp.ufpel.edu.br\/dcsa\/servicos\/\">Continue lendo<\/a><\/p>\n","protected":false},"author":141,"featured_media":918,"parent":0,"menu_order":0,"comment_status":"closed","ping_status":"closed","template":"template-twocolumnsleft.php","meta":{"footnotes":""},"class_list":["post-914","page","type-page","status-publish","has-post-thumbnail","hentry","nodate","item-wrap"],"jetpack_sharing_enabled":true,"jetpack_likes_enabled":false,"_links":{"self":[{"href":"https:\/\/wp.ufpel.edu.br\/dcsa\/wp-json\/wp\/v2\/pages\/914","targetHints":{"allow":["GET"]}}],"collection":[{"href":"https:\/\/wp.ufpel.edu.br\/dcsa\/wp-json\/wp\/v2\/pages"}],"about":[{"href":"https:\/\/wp.ufpel.edu.br\/dcsa\/wp-json\/wp\/v2\/types\/page"}],"author":[{"embeddable":true,"href":"https:\/\/wp.ufpel.edu.br\/dcsa\/wp-json\/wp\/v2\/users\/141"}],"replies":[{"embeddable":true,"href":"https:\/\/wp.ufpel.edu.br\/dcsa\/wp-json\/wp\/v2\/comments?post=914"}],"version-history":[{"count":6,"href":"https:\/\/wp.ufpel.edu.br\/dcsa\/wp-json\/wp\/v2\/pages\/914\/revisions"}],"predecessor-version":[{"id":1662,"href":"https:\/\/wp.ufpel.edu.br\/dcsa\/wp-json\/wp\/v2\/pages\/914\/revisions\/1662"}],"wp:featuredmedia":[{"embeddable":true,"href":"https:\/\/wp.ufpel.edu.br\/dcsa\/wp-json\/wp\/v2\/media\/918"}],"wp:attachment":[{"href":"https:\/\/wp.ufpel.edu.br\/dcsa\/wp-json\/wp\/v2\/media?parent=914"}],"curies":[{"name":"wp","href":"https:\/\/api.w.org\/{rel}","templated":true}]}}