{"id":873,"date":"2018-07-25T17:59:49","date_gmt":"2018-07-25T20:59:49","guid":{"rendered":"https:\/\/wp.ufpel.edu.br\/dcsa\/?page_id=873"},"modified":"2020-05-21T10:53:32","modified_gmt":"2020-05-21T13:53:32","slug":"cotrim-souza-decio","status":"publish","type":"page","link":"https:\/\/wp.ufpel.edu.br\/dcsa\/departamento\/professores\/cotrim-souza-decio\/","title":{"rendered":"Cotrim, D\u00e9cio"},"content":{"rendered":"<p><strong>D\u00e9cio Souza Cotrim<\/strong>\u00a0 \u00a0 \u00a0 \u00a0 \u00a0 \u00a0 \u00a0 \u00a0 \u00a0 \u00a0 \u00a0 \u00a0 \u00a0 \u00a0 \u00a0 \u00a0 \u00a0 \u00a0 \u00a0 \u00a0 \u00a0 \u00a0 \u00a0 \u00a0 \u00a0 \u00a0 \u00a0 \u00a0 \u00a0 \u00a0 \u00a0 \u00a0 \u00a0 \u00a0 \u00a0 \u00a0 \u00a0 \u00a0 \u00a0 \u00a0 \u00a0 \u00a0 \u00a0 \u00a0 \u00a0<a href=\"https:\/\/wp.ufpel.edu.br\/dcsa\/colaboradores\/professores\/cotrim-souza-decio\/ensino\/\">Atividades<\/a><a href=\"https:\/\/wp.ufpel.edu.br\/dcsa\/files\/2016\/11\/Decio.jpg\"><img loading=\"lazy\" decoding=\"async\" class=\"alignright size-medium wp-image-660\" src=\"https:\/\/wp.ufpel.edu.br\/dcsa\/files\/2016\/11\/Decio-286x400.jpg\" alt=\"\" width=\"286\" height=\"400\" \/><\/a><br \/>\nProfessor Adjunto<br \/>\n<a href=\"mailto:deciocotrim@yahoo.com.br\">deciocotrim@yahoo.com.br<\/a><\/p>\n<p><strong>Escrit\u00f3rio:<\/strong><br \/>\nFaculdade de Agronomia Eliseu Maciel<br \/>\nDepartamento de Ci\u00eancias Sociais Agr\u00e1rias &#8211; Sala 725<br \/>\nTelefone:\u00a053 3275 7256 Ramal 2x<br \/>\nCampus do Cap\u00e3o do Le\u00e3o<\/p>\n<p><strong>Forma\u00e7\u00e3o e Titula\u00e7\u00e3o:<\/strong><br \/>\nDoutor em Desenvolvimento Rural \u2013 PGDR\/UFRGS (2013)<br \/>\nMestre em Desenvolvimento Rural \u2013 PGDR\/UFRGS (2008)<br \/>\nEngenheiro Agr\u00f4nomo \u2013 FA\/UFRGS (1989)<br \/>\n<strong><br \/>\n\u00c1reas de Interesse e Compet\u00eancias:<\/strong><br \/>\nAgroecologia<br \/>\nDesenvolvimento Rural<br \/>\nSociologia Rural<\/p>\n<p><strong>Biografia:<\/strong><br \/>\nProfessor Adjunto da Universidade Federal de Pelotas-Faculdade de Agronomia Eliseu Maciel-Departamento de Ci\u00eancias Sociais Agr\u00e1rias. Membro do corpo de professores do P\u00f3s Gradua\u00e7\u00e3o em Desenvolvimento Territorial e Sistemas Agroindustriais-PPGDTSA. Engenheiro Agr\u00f4nomo formado pela Universidade Federal do Rio Grande do Sul (1989). Especialista em Desenvolvimento Rural CPDA-UFRRJ (2002). Mestre em Desenvolvimento Rural PGDR-UFRGS (2008). Doutor em Desenvolvimento Rural PGDR-UFRGS (2013). Editor da Revista Brasileira de Agroecologia. Principais temas de trabalho e pesquisa: Agroecologia, Constru\u00e7\u00e3o do Conhecimento Agroecol\u00f3gico, M\u00e9todos Participativos, Sociologia Rural, Economia Solid\u00e1ria, Seguran\u00e7a Alimentar, Extens\u00e3o Rural, Cooperativismo e Pesca Artesanal. Atuou na Extens\u00e3o Rural (EMATER-RS) por 25 anos.<\/p>\n<p><strong>Documentos:<br \/>\n<\/strong><a href=\"http:\/\/buscatextual.cnpq.br\/buscatextual\/visualizacv.do?id=K4785673U3\" target=\"_blank\" rel=\"noopener noreferrer\">Curriculo Plataforma Lattes<\/a><\/p>\n","protected":false},"excerpt":{"rendered":"<p>D\u00e9cio Souza Cotrim\u00a0 \u00a0 \u00a0 \u00a0 \u00a0 \u00a0 \u00a0 \u00a0 \u00a0 \u00a0 \u00a0 \u00a0 \u00a0 \u00a0 \u00a0 \u00a0 \u00a0 \u00a0 \u00a0 \u00a0 \u00a0 \u00a0 \u00a0 \u00a0 \u00a0 \u00a0 \u00a0 \u00a0 \u00a0 \u00a0 \u00a0 \u00a0 \u00a0 \u00a0 \u00a0 \u00a0 \u00a0 \u00a0 \u00a0 \u00a0 \u00a0 \u00a0 \u00a0 \u00a0 \u00a0Atividades Professor Adjunto deciocotrim@yahoo.com.br Escrit\u00f3rio: Faculdade de Agronomia Eliseu &hellip; <\/p>\n<p><a class=\"more-link btn\" href=\"https:\/\/wp.ufpel.edu.br\/dcsa\/departamento\/professores\/cotrim-souza-decio\/\">Continue lendo<\/a><\/p>\n","protected":false},"author":141,"featured_media":660,"parent":802,"menu_order":0,"comment_status":"closed","ping_status":"closed","template":"template-twocolumnsleft.php","meta":{"footnotes":""},"class_list":["post-873","page","type-page","status-publish","has-post-thumbnail","hentry","nodate","item-wrap"],"jetpack_sharing_enabled":true,"jetpack_likes_enabled":false,"_links":{"self":[{"href":"https:\/\/wp.ufpel.edu.br\/dcsa\/wp-json\/wp\/v2\/pages\/873","targetHints":{"allow":["GET"]}}],"collection":[{"href":"https:\/\/wp.ufpel.edu.br\/dcsa\/wp-json\/wp\/v2\/pages"}],"about":[{"href":"https:\/\/wp.ufpel.edu.br\/dcsa\/wp-json\/wp\/v2\/types\/page"}],"author":[{"embeddable":true,"href":"https:\/\/wp.ufpel.edu.br\/dcsa\/wp-json\/wp\/v2\/users\/141"}],"replies":[{"embeddable":true,"href":"https:\/\/wp.ufpel.edu.br\/dcsa\/wp-json\/wp\/v2\/comments?post=873"}],"version-history":[{"count":14,"href":"https:\/\/wp.ufpel.edu.br\/dcsa\/wp-json\/wp\/v2\/pages\/873\/revisions"}],"predecessor-version":[{"id":1873,"href":"https:\/\/wp.ufpel.edu.br\/dcsa\/wp-json\/wp\/v2\/pages\/873\/revisions\/1873"}],"up":[{"embeddable":true,"href":"https:\/\/wp.ufpel.edu.br\/dcsa\/wp-json\/wp\/v2\/pages\/802"}],"wp:featuredmedia":[{"embeddable":true,"href":"https:\/\/wp.ufpel.edu.br\/dcsa\/wp-json\/wp\/v2\/media\/660"}],"wp:attachment":[{"href":"https:\/\/wp.ufpel.edu.br\/dcsa\/wp-json\/wp\/v2\/media?parent=873"}],"curies":[{"name":"wp","href":"https:\/\/api.w.org\/{rel}","templated":true}]}}