{"id":869,"date":"2018-07-25T17:54:49","date_gmt":"2018-07-25T20:54:49","guid":{"rendered":"https:\/\/wp.ufpel.edu.br\/dcsa\/?page_id=869"},"modified":"2020-05-21T10:53:04","modified_gmt":"2020-05-21T13:53:04","slug":"conill-mario-gomes","status":"publish","type":"page","link":"https:\/\/wp.ufpel.edu.br\/dcsa\/departamento\/professores\/conill-mario-gomes\/","title":{"rendered":"Conill, M\u00e1rio"},"content":{"rendered":"<p><strong>M\u00e1rio Conill Gomes<\/strong>\u00a0 \u00a0 \u00a0 \u00a0 \u00a0 \u00a0 \u00a0 \u00a0 \u00a0 \u00a0 \u00a0 \u00a0 \u00a0 \u00a0 \u00a0 \u00a0 \u00a0 \u00a0 \u00a0 \u00a0 \u00a0 \u00a0 \u00a0 \u00a0 \u00a0 \u00a0 \u00a0 \u00a0 \u00a0 \u00a0 \u00a0 \u00a0 \u00a0 \u00a0 \u00a0 \u00a0 \u00a0 \u00a0 \u00a0 \u00a0 \u00a0 \u00a0 \u00a0 \u00a0<a href=\"https:\/\/wp.ufpel.edu.br\/dcsa\/colaboradores\/professores\/conill-mario-gomes\/ensino\/\">Atividades<\/a><a href=\"https:\/\/wp.ufpel.edu.br\/dcsa\/files\/2016\/11\/Conill.jpg\"><img loading=\"lazy\" decoding=\"async\" class=\"alignright size-medium wp-image-663\" src=\"https:\/\/wp.ufpel.edu.br\/dcsa\/files\/2016\/11\/Conill-319x400.jpg\" alt=\"\" width=\"319\" height=\"400\" \/><\/a><strong><br \/>\n<\/strong>Professor Titular<br \/>\n<a href=\"mailto:mconill@gmail.com\">mconill@gmail.com<\/a><\/p>\n<p><strong>Escrit\u00f3rio:<\/strong><br \/>\nFaculdade de Agronomia Eliseu Maciel<br \/>\nDepartamento de Ci\u00eancias Sociais Agr\u00e1rias &#8211; Sala 718<br \/>\nTelefone:\u00a053 3275 7256 Ramal 2x<br \/>\nCampus do Cap\u00e3o do Le\u00e3o<\/p>\n<p><strong>Forma\u00e7\u00e3o e Titula\u00e7\u00e3o:<\/strong><br \/>\nP\u00f3s-Doutorado Consejo Superior de Investigaciones Cient\u00edficas, CSIC, Espanha (2016)<br \/>\nDoutor em Engenharia da Produ\u00e7\u00e3o \u00a0\u2013 UFSC (2001)<br \/>\nMestre em Economia Rural \u2013 IEPE\/UFRGS (1991)<br \/>\nEngenheiro Agr\u00f4nomo \u2013 FA\/UFRGS (1985)<\/p>\n<p><strong>\u00c1reas de Interesse e Compet\u00eancias:<\/strong><br \/>\nEconomia da produ\u00e7\u00e3o<br \/>\nSistema multicrit\u00e9rio de apoio \u00e0 decis\u00e3o<br \/>\nAgricultura familiar<\/p>\n<p><strong>Biografia:<\/strong><br \/>\nPossui Gradua\u00e7\u00e3o em Agronomia pela Universidade Federal do Rio Grande do Sul (1985), mestrado em Economia Rural pelo IEPE\/UFRGS (1991) e doutorado em Engenharia de Produ\u00e7\u00e3o pela Universidade Federal de Santa Catarina (2001). P\u00f3s Doutorado no Instituto de Estudios Sociales Avanzados &#8211; IESA\/CSIC (Espanha) na \u00e1rea de Desenvolvimento Territorial e Capital Social. Atualmente \u00e9 professor Associado da Universidade Federal de Pelotas. Tem experi\u00eancia na \u00e1rea de M\u00e9todos Multicrit\u00e9rio em Apoio \u00e0 Decis\u00e3o e Engenharia Econ\u00f4mica, atuando principalmente com foco voltado \u00e0 modelagem da racionalidade e tomada de decis\u00e3o na agricultura familiar.<\/p>\n<p><strong>Documentos:<\/strong><br \/>\n<a href=\"http:\/\/buscatextual.cnpq.br\/buscatextual\/visualizacv.do?id=K4789717A5\" target=\"_blank\" rel=\"noopener noreferrer\">Curriculo Plataforma Lattes<\/a><\/p>\n","protected":false},"excerpt":{"rendered":"<p>M\u00e1rio Conill Gomes\u00a0 \u00a0 \u00a0 \u00a0 \u00a0 \u00a0 \u00a0 \u00a0 \u00a0 \u00a0 \u00a0 \u00a0 \u00a0 \u00a0 \u00a0 \u00a0 \u00a0 \u00a0 \u00a0 \u00a0 \u00a0 \u00a0 \u00a0 \u00a0 \u00a0 \u00a0 \u00a0 \u00a0 \u00a0 \u00a0 \u00a0 \u00a0 \u00a0 \u00a0 \u00a0 \u00a0 \u00a0 \u00a0 \u00a0 \u00a0 \u00a0 \u00a0 \u00a0 \u00a0Atividades Professor Titular mconill@gmail.com Escrit\u00f3rio: Faculdade de Agronomia Eliseu Maciel &hellip; <\/p>\n<p><a class=\"more-link btn\" href=\"https:\/\/wp.ufpel.edu.br\/dcsa\/departamento\/professores\/conill-mario-gomes\/\">Continue lendo<\/a><\/p>\n","protected":false},"author":141,"featured_media":663,"parent":802,"menu_order":0,"comment_status":"closed","ping_status":"closed","template":"template-twocolumnsleft.php","meta":{"footnotes":""},"class_list":["post-869","page","type-page","status-publish","has-post-thumbnail","hentry","nodate","item-wrap"],"jetpack_sharing_enabled":true,"jetpack_likes_enabled":false,"_links":{"self":[{"href":"https:\/\/wp.ufpel.edu.br\/dcsa\/wp-json\/wp\/v2\/pages\/869","targetHints":{"allow":["GET"]}}],"collection":[{"href":"https:\/\/wp.ufpel.edu.br\/dcsa\/wp-json\/wp\/v2\/pages"}],"about":[{"href":"https:\/\/wp.ufpel.edu.br\/dcsa\/wp-json\/wp\/v2\/types\/page"}],"author":[{"embeddable":true,"href":"https:\/\/wp.ufpel.edu.br\/dcsa\/wp-json\/wp\/v2\/users\/141"}],"replies":[{"embeddable":true,"href":"https:\/\/wp.ufpel.edu.br\/dcsa\/wp-json\/wp\/v2\/comments?post=869"}],"version-history":[{"count":11,"href":"https:\/\/wp.ufpel.edu.br\/dcsa\/wp-json\/wp\/v2\/pages\/869\/revisions"}],"predecessor-version":[{"id":1872,"href":"https:\/\/wp.ufpel.edu.br\/dcsa\/wp-json\/wp\/v2\/pages\/869\/revisions\/1872"}],"up":[{"embeddable":true,"href":"https:\/\/wp.ufpel.edu.br\/dcsa\/wp-json\/wp\/v2\/pages\/802"}],"wp:featuredmedia":[{"embeddable":true,"href":"https:\/\/wp.ufpel.edu.br\/dcsa\/wp-json\/wp\/v2\/media\/663"}],"wp:attachment":[{"href":"https:\/\/wp.ufpel.edu.br\/dcsa\/wp-json\/wp\/v2\/media?parent=869"}],"curies":[{"name":"wp","href":"https:\/\/api.w.org\/{rel}","templated":true}]}}