{"id":854,"date":"2018-07-25T14:04:36","date_gmt":"2018-07-25T17:04:36","guid":{"rendered":"https:\/\/wp.ufpel.edu.br\/dcsa\/?page_id=854"},"modified":"2020-05-21T10:48:26","modified_gmt":"2020-05-21T13:48:26","slug":"bezerra-antonio-jorge-amaral","status":"publish","type":"page","link":"https:\/\/wp.ufpel.edu.br\/dcsa\/departamento\/professores\/bezerra-antonio-jorge-amaral\/","title":{"rendered":"Bezerra, Antonio"},"content":{"rendered":"<p><strong>Ant\u00f4nio Jorge Amaral Bezerra<\/strong>\u00a0 \u00a0 \u00a0 \u00a0 \u00a0 \u00a0 \u00a0 \u00a0 \u00a0 \u00a0 \u00a0 \u00a0 \u00a0 \u00a0 \u00a0 \u00a0 \u00a0 \u00a0 \u00a0 \u00a0 \u00a0 \u00a0 \u00a0 \u00a0 \u00a0 \u00a0 \u00a0 \u00a0 \u00a0 \u00a0 \u00a0 \u00a0 <a href=\"https:\/\/wp.ufpel.edu.br\/dcsa\/colaboradores\/professores\/bezerra-antonio-jorge-amaral\/ensino\/\">Atividades<\/a><a href=\"https:\/\/wp.ufpel.edu.br\/dcsa\/files\/2016\/11\/Bezerra-e1531976256896.jpg\"><img loading=\"lazy\" decoding=\"async\" class=\"alignright wp-image-669\" src=\"https:\/\/wp.ufpel.edu.br\/dcsa\/files\/2016\/11\/Bezerra-e1531976256896.jpg\" alt=\"\" width=\"273\" height=\"323\" \/><\/a><br \/>\nProfessor Associado IV<strong><br \/>\n<\/strong><a href=\"mailto:antoniobezerra68@gmail.com\">antoniobezerra68@gmail.com<\/a><\/p>\n<p><strong>Escrit\u00f3rio:<\/strong><br \/>\nFaculdade de Agronomia Eliseu Maciel<br \/>\nDepartamento de Ci\u00eancias Sociais Agr\u00e1rias &#8211; Sala 722<br \/>\nTelefone:\u00a053 3275 7256 Ramal xx<br \/>\nCampus do Cap\u00e3o do Le\u00e3o<\/p>\n<p><strong>Forma\u00e7\u00e3o, Qualifica\u00e7\u00e3o, e Experi\u00eancia Profissional:<\/strong><br \/>\nDoutor em Agronomia \u2013 PPGA \/ UFPel (2006)<br \/>\nEspecialista em Sociologia \u2013 PPGS \/ UFRGS (1995)<br \/>\nEngenheiro Agr\u00f4nomo \u2013 FAEM \/ UFPel (1985)<\/p>\n<p><strong>\u00c1reas de Interesse e Compet\u00eancias:<\/strong><br \/>\nAgroecologia e Meio Ambiente<br \/>\nPecu\u00e1ria Familiar (Agricultura Familiar)<br \/>\nSociologia Rural<\/p>\n<p><strong>Biografia:<\/strong><br \/>\nPossui gradua\u00e7\u00e3o em Engenharia Agron\u00f4mica pela Universidade Federal de Pelotas (1985), P\u00f3s-Gradua\u00e7\u00e3o em n\u00edvel de especializa\u00e7\u00e3o em Ci\u00eancia Pol\u00edtica pelo Instituto de Sociologia e Pol\u00edtica (1995) e doutorado em Ci\u00eancias pela Universidade Federal de Pelotas (2006). Atualmente \u00e9 Professor Associado da Faculdade de Agronomia Eliseu Maciel da Universidade Federal de Pelotas. Ministra aulas na gradua\u00e7\u00e3o (Agronomia, Medicina Veterin\u00e1ria, Zootecnia, Engenharia Agr\u00edcola e Ci\u00eancia Sociais) e na p\u00f3s-gradua\u00e7\u00e3o (Sistemas de Produ\u00e7\u00e3o Agr\u00edcola Familiar &#8211; mestrado e doutorado; Sociologia e Pol\u00edtica &#8211; especializa\u00e7\u00e3o). Possui experi\u00eancia na \u00e1rea Multidisciplinar I (\u00eanfase em agroecologia e meio ambiente) e na de Sociologia Rural.<\/p>\n<p><strong>Documentos e Links Relacionados:<\/strong><br \/>\n<a href=\"http:\/\/buscatextual.cnpq.br\/buscatextual\/visualizacv.do?id=K4227291D4\">Curriculo Plataforma Lattes<\/a><\/p>\n","protected":false},"excerpt":{"rendered":"<p>Ant\u00f4nio Jorge Amaral Bezerra\u00a0 \u00a0 \u00a0 \u00a0 \u00a0 \u00a0 \u00a0 \u00a0 \u00a0 \u00a0 \u00a0 \u00a0 \u00a0 \u00a0 \u00a0 \u00a0 \u00a0 \u00a0 \u00a0 \u00a0 \u00a0 \u00a0 \u00a0 \u00a0 \u00a0 \u00a0 \u00a0 \u00a0 \u00a0 \u00a0 \u00a0 \u00a0 Atividades Professor Associado IV antoniobezerra68@gmail.com Escrit\u00f3rio: Faculdade de Agronomia Eliseu Maciel Departamento de Ci\u00eancias Sociais Agr\u00e1rias &#8211; Sala 722 Telefone:\u00a053 &hellip; <\/p>\n<p><a class=\"more-link btn\" href=\"https:\/\/wp.ufpel.edu.br\/dcsa\/departamento\/professores\/bezerra-antonio-jorge-amaral\/\">Continue lendo<\/a><\/p>\n","protected":false},"author":141,"featured_media":669,"parent":802,"menu_order":0,"comment_status":"closed","ping_status":"closed","template":"template-twocolumnsleft.php","meta":{"footnotes":""},"class_list":["post-854","page","type-page","status-publish","has-post-thumbnail","hentry","nodate","item-wrap"],"jetpack_sharing_enabled":true,"jetpack_likes_enabled":false,"_links":{"self":[{"href":"https:\/\/wp.ufpel.edu.br\/dcsa\/wp-json\/wp\/v2\/pages\/854","targetHints":{"allow":["GET"]}}],"collection":[{"href":"https:\/\/wp.ufpel.edu.br\/dcsa\/wp-json\/wp\/v2\/pages"}],"about":[{"href":"https:\/\/wp.ufpel.edu.br\/dcsa\/wp-json\/wp\/v2\/types\/page"}],"author":[{"embeddable":true,"href":"https:\/\/wp.ufpel.edu.br\/dcsa\/wp-json\/wp\/v2\/users\/141"}],"replies":[{"embeddable":true,"href":"https:\/\/wp.ufpel.edu.br\/dcsa\/wp-json\/wp\/v2\/comments?post=854"}],"version-history":[{"count":15,"href":"https:\/\/wp.ufpel.edu.br\/dcsa\/wp-json\/wp\/v2\/pages\/854\/revisions"}],"predecessor-version":[{"id":1867,"href":"https:\/\/wp.ufpel.edu.br\/dcsa\/wp-json\/wp\/v2\/pages\/854\/revisions\/1867"}],"up":[{"embeddable":true,"href":"https:\/\/wp.ufpel.edu.br\/dcsa\/wp-json\/wp\/v2\/pages\/802"}],"wp:featuredmedia":[{"embeddable":true,"href":"https:\/\/wp.ufpel.edu.br\/dcsa\/wp-json\/wp\/v2\/media\/669"}],"wp:attachment":[{"href":"https:\/\/wp.ufpel.edu.br\/dcsa\/wp-json\/wp\/v2\/media?parent=854"}],"curies":[{"name":"wp","href":"https:\/\/api.w.org\/{rel}","templated":true}]}}