{"id":851,"date":"2018-07-25T14:01:34","date_gmt":"2018-07-25T17:01:34","guid":{"rendered":"https:\/\/wp.ufpel.edu.br\/dcsa\/?page_id=851"},"modified":"2020-05-21T23:00:17","modified_gmt":"2020-05-22T02:00:17","slug":"fernandes-lucio-andre-de-oliveira","status":"publish","type":"page","link":"https:\/\/wp.ufpel.edu.br\/dcsa\/departamento\/professores\/fernandes-lucio-andre-de-oliveira\/","title":{"rendered":"Fernandes, L\u00facio"},"content":{"rendered":"<p><strong>L\u00facio Andr\u00e9 de Oliveira Fernandes<\/strong>\u00a0 \u00a0 \u00a0 \u00a0 \u00a0 \u00a0 \u00a0 \u00a0 \u00a0 \u00a0 \u00a0 \u00a0 \u00a0 \u00a0 \u00a0 \u00a0 \u00a0 \u00a0 \u00a0 \u00a0 \u00a0 \u00a0 \u00a0 \u00a0 \u00a0 \u00a0 \u00a0 \u00a0<a href=\"https:\/\/wp.ufpel.edu.br\/dcsa\/colaboradores\/professores\/fernandes-lucio-andre-de-oliveira\/ensino\/\">Atividades<\/a><strong><a href=\"https:\/\/wp.ufpel.edu.br\/dcsa\/files\/2016\/11\/Lucio.jpg\"><img loading=\"lazy\" decoding=\"async\" class=\"alignright wp-image-667\" src=\"https:\/\/wp.ufpel.edu.br\/dcsa\/files\/2016\/11\/Lucio-400x285.jpg\" alt=\"\" width=\"302\" height=\"349\" \/><\/a><br \/>\n<\/strong>Professor Adjunto<br \/>\n<a href=\"mailto:laofernandes@yahoo.co.uk\">laofernandes@yahoo.co.uk<\/a><\/p>\n<p><strong>Escrit\u00f3rio:<\/strong><br \/>\nFaculdade de Agronomia Eliseu Maciel<br \/>\nDepartamento de Ci\u00eancias Sociais Agr\u00e1rias &#8211; Sala 723<br \/>\nTelefone:\u00a053 3275 7256 Ramal xx<br \/>\nCampus do Cap\u00e3o do Le\u00e3o<\/p>\n<p><strong>Forma\u00e7\u00e3o e Titula\u00e7\u00e3o:<\/strong><br \/>\nDoutor em Pol\u00edtica de Desenvolvimento e Gerenciamanto \u2013 University of Manchester (2004)<br \/>\nMestre em Economia do Meio Ambiente e Desenvolvimento \u2013 University of Manchester (1999)<br \/>\nEngenheiro Agr\u00f4nomo \u2013 FAEM \/ UFPel (1986)<\/p>\n<p><strong>\u00c1reas de Interesse e Compet\u00eancias:<\/strong><br \/>\nEconomia Ecol\u00f3gica<br \/>\nAgroecologia<br \/>\nEconomia solid\u00e1ria<\/p>\n<p><strong>Biografia:<\/strong><br \/>\nPossui gradua\u00e7\u00e3o em Engenharia Agron\u00f4mica pela Universidade Federal de Pelotas (1986), especializa\u00e7\u00e3o em economia, pela mesma universidade (1994), mestrado em Economics of Environment and Development no Institute for Development Policy and Management (1999) e PhD em Development Policy and Management no mesmo instituto da Universidade de Manchester, Inglaterra (2004). Atualmente \u00e9 professor adjunto da Universidade Federal de Pelotas. Tem experi\u00eancia na \u00e1rea de economia, com \u00eanfase em economia rural e economia e meio ambiente. Os temas de interesse s\u00e3o: agricultura familiar, agroecologia, economia ecol\u00f3gica e economia solid\u00e1ria.<\/p>\n<p><strong>Documentos :<\/strong><br \/>\n<a href=\"http:\/\/buscatextual.cnpq.br\/buscatextual\/visualizacv.do?id=K4707534T7\" target=\"_blank\" rel=\"noopener noreferrer\">Curriculo Plataforma Lattes<\/a><\/p>\n","protected":false},"excerpt":{"rendered":"<p>L\u00facio Andr\u00e9 de Oliveira Fernandes\u00a0 \u00a0 \u00a0 \u00a0 \u00a0 \u00a0 \u00a0 \u00a0 \u00a0 \u00a0 \u00a0 \u00a0 \u00a0 \u00a0 \u00a0 \u00a0 \u00a0 \u00a0 \u00a0 \u00a0 \u00a0 \u00a0 \u00a0 \u00a0 \u00a0 \u00a0 \u00a0 \u00a0Atividades Professor Adjunto laofernandes@yahoo.co.uk Escrit\u00f3rio: Faculdade de Agronomia Eliseu Maciel Departamento de Ci\u00eancias Sociais Agr\u00e1rias &#8211; Sala 723 Telefone:\u00a053 3275 7256 Ramal xx Campus &hellip; <\/p>\n<p><a class=\"more-link btn\" href=\"https:\/\/wp.ufpel.edu.br\/dcsa\/departamento\/professores\/fernandes-lucio-andre-de-oliveira\/\">Continue lendo<\/a><\/p>\n","protected":false},"author":141,"featured_media":667,"parent":802,"menu_order":0,"comment_status":"closed","ping_status":"closed","template":"template-twocolumnsleft.php","meta":{"footnotes":""},"class_list":["post-851","page","type-page","status-publish","has-post-thumbnail","hentry","nodate","item-wrap"],"jetpack_sharing_enabled":true,"jetpack_likes_enabled":false,"_links":{"self":[{"href":"https:\/\/wp.ufpel.edu.br\/dcsa\/wp-json\/wp\/v2\/pages\/851","targetHints":{"allow":["GET"]}}],"collection":[{"href":"https:\/\/wp.ufpel.edu.br\/dcsa\/wp-json\/wp\/v2\/pages"}],"about":[{"href":"https:\/\/wp.ufpel.edu.br\/dcsa\/wp-json\/wp\/v2\/types\/page"}],"author":[{"embeddable":true,"href":"https:\/\/wp.ufpel.edu.br\/dcsa\/wp-json\/wp\/v2\/users\/141"}],"replies":[{"embeddable":true,"href":"https:\/\/wp.ufpel.edu.br\/dcsa\/wp-json\/wp\/v2\/comments?post=851"}],"version-history":[{"count":13,"href":"https:\/\/wp.ufpel.edu.br\/dcsa\/wp-json\/wp\/v2\/pages\/851\/revisions"}],"predecessor-version":[{"id":1941,"href":"https:\/\/wp.ufpel.edu.br\/dcsa\/wp-json\/wp\/v2\/pages\/851\/revisions\/1941"}],"up":[{"embeddable":true,"href":"https:\/\/wp.ufpel.edu.br\/dcsa\/wp-json\/wp\/v2\/pages\/802"}],"wp:featuredmedia":[{"embeddable":true,"href":"https:\/\/wp.ufpel.edu.br\/dcsa\/wp-json\/wp\/v2\/media\/667"}],"wp:attachment":[{"href":"https:\/\/wp.ufpel.edu.br\/dcsa\/wp-json\/wp\/v2\/media?parent=851"}],"curies":[{"name":"wp","href":"https:\/\/api.w.org\/{rel}","templated":true}]}}