{"id":846,"date":"2018-07-25T13:53:57","date_gmt":"2018-07-25T16:53:57","guid":{"rendered":"https:\/\/wp.ufpel.edu.br\/dcsa\/?page_id=846"},"modified":"2020-05-23T20:51:32","modified_gmt":"2020-05-23T23:51:32","slug":"saco-dos-anjos-flavio","status":"publish","type":"page","link":"https:\/\/wp.ufpel.edu.br\/dcsa\/departamento\/professores\/saco-dos-anjos-flavio\/","title":{"rendered":"Sacco dos Anjos, Fl\u00e1vio"},"content":{"rendered":"<p><strong>Fl\u00e1vio Sacco dos Anjos<\/strong>\u00a0 \u00a0 \u00a0 \u00a0 \u00a0 \u00a0 \u00a0 \u00a0 \u00a0 \u00a0 \u00a0 \u00a0 \u00a0 \u00a0 \u00a0 \u00a0 \u00a0 \u00a0 \u00a0 \u00a0 \u00a0 \u00a0 \u00a0 \u00a0 \u00a0 \u00a0 \u00a0 \u00a0 \u00a0 \u00a0 \u00a0 \u00a0 \u00a0 \u00a0 \u00a0 \u00a0 \u00a0 <a href=\"https:\/\/wp.ufpel.edu.br\/dcsa\/pessoas\/professores\/saco-dos-anjos-flavio\/ensino\/\">Atividades<\/a><a href=\"https:\/\/wp.ufpel.edu.br\/dcsa\/files\/2018\/10\/Flavio.jpg\"><img loading=\"lazy\" decoding=\"async\" class=\"alignright size-medium wp-image-1559\" src=\"https:\/\/wp.ufpel.edu.br\/dcsa\/files\/2018\/10\/Flavio-267x400.jpg\" alt=\"\" width=\"400\" height=\"320\" \/><\/a><strong><br \/>\n<\/strong>Professor Titular<br \/>\n<a href=\"mailto:saccodosanjos@gmail.com\">saccodosanjos@gmail.com<\/a><\/p>\n<p><strong>Escrit\u00f3rio:<\/strong><br \/>\nFaculdade de Agronomia Eliseu Maciel<br \/>\nDepartamento de Ci\u00eancias Sociais Agr\u00e1rias &#8211; Sala 724<br \/>\nTelefone:\u00a053 3275 7256 Ramal 2x<br \/>\nCampus do Cap\u00e3o do Le\u00e3o<\/p>\n<p><strong>Forma\u00e7\u00e3o, Qualifica\u00e7\u00e3o, e Experi\u00eancia Profissional:<\/strong><br \/>\nP\u00f3s-Doutorado \u2013 Universit\u00e0 della Calabria, UNICAL, It\u00e1lia (2016)<br \/>\nP\u00f3s-Doutorado \u2013 Universidade de Sevilha, US, Espanha (2010)<br \/>\nDoutor em Agroecolog\u00eda, Sociolog\u00eda y Estudios Campesinos \u2013 ISEC\/Universidad de C\u00f3rdoba (2000)<br \/>\nMestre em em Sociologia\u00a0 \u2013 PPGS\/UFRGS (1994)<br \/>\nEngenheiro Agr\u00f4nomo \u2013 FAEM\/UFPel (1983)<\/p>\n<p><strong>\u00c1reas de Interesse e Compet\u00eancias:<\/strong><br \/>\nAgricultura Familiar e Pluriatividade<br \/>\nDesenvolvimento Rural e Pol\u00edticas P\u00fablicas<br \/>\nConstru\u00e7\u00e3o da qualidade na produ\u00e7\u00e3o Agroalimentar<\/p>\n<p><strong>Biografia:<\/strong><br \/>\nPossui gradua\u00e7\u00e3o em Agronomia pela Universidade Federal de Pelotas (1983), mestrado em Sociologia pela Universidade Federal do Rio Grande do Sul (1994), doutorado em Agroecolog\u00eda, Sociolog\u00eda y Estudios Campesinos &#8211; Universidad de C\u00f3rdoba &#8211; Espanha (2000), p\u00f3s-Doutorado junto ao Departamento de Antropologia Social da Universidade de Sevilha, Espanha (2010), p\u00f3s-doutorado junto ao Departamento de Ci\u00eancia Pol\u00edtica e Social da Universit\u00e0 della Calabria (2016). Desde 2005 atua como Pesquisador do Conselho Nacional de Desenvolvimento Cient\u00edfico e Tecnol\u00f3gico (CNPq) e Consultor da Coordena\u00e7\u00e3o de Aperfei\u00e7oamento de Pessoal de N\u00edvel Superior (CAPES). Durante o ano de 2015 atuou como pesquisador junto ao Centro de Desenvolvimento Rural da Universidade da Cal\u00e1bria e como Visiting Professor da Universit\u00e0 degli Studi di Cagliari, It\u00e1lia. Professor Titular da Universidade Federal de Pelotas, Docente Permanente junto ao PPG em Sistemas de Produ\u00e7\u00e3o Agr\u00edcola Familiar e do Programa de P\u00f3s-Gradua\u00e7\u00e3o em Sociologia da UFPel. J\u00e1 supervisionou dois Bolsistas P\u00f3s-Doc, orientou 14 teses de doutoramento, 14 disserta\u00e7\u00f5es de mestrado e 32 alunos de Inicia\u00e7\u00e3o Cient\u00edfica. Publicou 115 artigos em revistas indexadas, havendo organizado 4 livros e elaborado 45 cap\u00edtulos de livros, al\u00e9m de mais de 180 trabalhos em congressos. Integra o comit\u00ea cient\u00edfico de v\u00e1rias revistas nacionais e estrangeiras. Coordenou o Programa de Interc\u00e2mbio (2009-2013) Acordo Brasil-Espanha, integrado pela UFPel, UFSM e Universidade de Sevilha. Tem experi\u00eancia na \u00e1rea de Sociologia, com \u00eanfase em Sociologia Rural e Sociologia do Desenvolvimento, atuando principalmente nos seguintes temas: agricultura familiar, pol\u00edticas p\u00fablicas, pluriatividade, agricultura familiar, seguran\u00e7a alimentar e constru\u00e7\u00e3o da qualidade na produ\u00e7\u00e3o agroalimentar. Atuou como Visiting Professor da Universidade da Cal\u00e1bria e junto ao Centro de Desenvolvimento Rural desta universidade italiana durante fevereiro de 2015 e janeiro de 2016.<\/p>\n<p><strong>Documentos e Links Relacionados:<\/strong><br \/>\n<a href=\"http:\/\/buscatextual.cnpq.br\/buscatextual\/visualizacv.do?id=K4723085P0\" target=\"_blank\" rel=\"noopener noreferrer\">Curriculo Plataforma Lattes<\/a><\/p>\n","protected":false},"excerpt":{"rendered":"<p>Fl\u00e1vio Sacco dos Anjos\u00a0 \u00a0 \u00a0 \u00a0 \u00a0 \u00a0 \u00a0 \u00a0 \u00a0 \u00a0 \u00a0 \u00a0 \u00a0 \u00a0 \u00a0 \u00a0 \u00a0 \u00a0 \u00a0 \u00a0 \u00a0 \u00a0 \u00a0 \u00a0 \u00a0 \u00a0 \u00a0 \u00a0 \u00a0 \u00a0 \u00a0 \u00a0 \u00a0 \u00a0 \u00a0 \u00a0 \u00a0 Atividades Professor Titular saccodosanjos@gmail.com Escrit\u00f3rio: Faculdade de Agronomia Eliseu Maciel Departamento de Ci\u00eancias Sociais Agr\u00e1rias &hellip; <\/p>\n<p><a class=\"more-link btn\" href=\"https:\/\/wp.ufpel.edu.br\/dcsa\/departamento\/professores\/saco-dos-anjos-flavio\/\">Continue lendo<\/a><\/p>\n","protected":false},"author":141,"featured_media":665,"parent":802,"menu_order":0,"comment_status":"closed","ping_status":"closed","template":"template-twocolumnsleft.php","meta":{"footnotes":""},"class_list":["post-846","page","type-page","status-publish","has-post-thumbnail","hentry","nodate","item-wrap"],"jetpack_sharing_enabled":true,"jetpack_likes_enabled":false,"_links":{"self":[{"href":"https:\/\/wp.ufpel.edu.br\/dcsa\/wp-json\/wp\/v2\/pages\/846","targetHints":{"allow":["GET"]}}],"collection":[{"href":"https:\/\/wp.ufpel.edu.br\/dcsa\/wp-json\/wp\/v2\/pages"}],"about":[{"href":"https:\/\/wp.ufpel.edu.br\/dcsa\/wp-json\/wp\/v2\/types\/page"}],"author":[{"embeddable":true,"href":"https:\/\/wp.ufpel.edu.br\/dcsa\/wp-json\/wp\/v2\/users\/141"}],"replies":[{"embeddable":true,"href":"https:\/\/wp.ufpel.edu.br\/dcsa\/wp-json\/wp\/v2\/comments?post=846"}],"version-history":[{"count":13,"href":"https:\/\/wp.ufpel.edu.br\/dcsa\/wp-json\/wp\/v2\/pages\/846\/revisions"}],"predecessor-version":[{"id":2003,"href":"https:\/\/wp.ufpel.edu.br\/dcsa\/wp-json\/wp\/v2\/pages\/846\/revisions\/2003"}],"up":[{"embeddable":true,"href":"https:\/\/wp.ufpel.edu.br\/dcsa\/wp-json\/wp\/v2\/pages\/802"}],"wp:featuredmedia":[{"embeddable":true,"href":"https:\/\/wp.ufpel.edu.br\/dcsa\/wp-json\/wp\/v2\/media\/665"}],"wp:attachment":[{"href":"https:\/\/wp.ufpel.edu.br\/dcsa\/wp-json\/wp\/v2\/media?parent=846"}],"curies":[{"name":"wp","href":"https:\/\/api.w.org\/{rel}","templated":true}]}}