{"id":843,"date":"2018-07-25T13:49:45","date_gmt":"2018-07-25T16:49:45","guid":{"rendered":"https:\/\/wp.ufpel.edu.br\/dcsa\/?page_id=843"},"modified":"2020-05-21T10:50:06","modified_gmt":"2020-05-21T13:50:06","slug":"caldas-nadia-vellada","status":"publish","type":"page","link":"https:\/\/wp.ufpel.edu.br\/dcsa\/departamento\/professores\/caldas-nadia-vellada\/","title":{"rendered":"Caldas, N\u00e1dia"},"content":{"rendered":"<p><strong><a href=\"https:\/\/wp.ufpel.edu.br\/dcsa\/files\/2016\/11\/Nadia.jpg\"><img loading=\"lazy\" decoding=\"async\" class=\"alignright size-full wp-image-661\" src=\"https:\/\/wp.ufpel.edu.br\/dcsa\/files\/2016\/11\/Nadia.jpg\" alt=\"\" width=\"215\" height=\"309\" \/><\/a>N\u00e1dia Velleda Caldas<\/strong>\u00a0 \u00a0 \u00a0 \u00a0 \u00a0 \u00a0 \u00a0 \u00a0 \u00a0 \u00a0 \u00a0 \u00a0 \u00a0 \u00a0 \u00a0 \u00a0 \u00a0 \u00a0 \u00a0 \u00a0 \u00a0 \u00a0 \u00a0 \u00a0 \u00a0 \u00a0 \u00a0 \u00a0 \u00a0 \u00a0 \u00a0 \u00a0 \u00a0 \u00a0 \u00a0 \u00a0 \u00a0 \u00a0 \u00a0 \u00a0 \u00a0 \u00a0 \u00a0 <a href=\"https:\/\/wp.ufpel.edu.br\/dcsa\/colaboradores\/professores\/caldas-nadia-vellada\/ensino\/\" target=\"_blank\" rel=\"noopener noreferrer\">Atividades<\/a><br \/>\nProfessora Adjunta IV<br \/>\n<a href=\"mailto:velleda.nadia@gmail.com\">velleda.nadia@gmail.com<\/a><\/p>\n<p><strong>Escrit\u00f3rio:<\/strong><br \/>\nFaculdade de Agronomia Eliseu Maciel<br \/>\nDepartamento de Ci\u00eancias Sociais Agr\u00e1rias &#8211; Sala 724<br \/>\nTelefone:\u00a053 3275 7256 Ramal 2x<br \/>\nCampus do Cap\u00e3o do Le\u00e3o<\/p>\n<p><strong>Forma\u00e7\u00e3o e Titula\u00e7\u00e3o:<\/strong><br \/>\nP\u00f3s-Doutorado \u2013 Universit\u00e0 della Calabria, UNICAL, It\u00e1lia (2016)<br \/>\nDoutora em Sistemas de\u00a0 Produ\u00e7\u00e3o da Agricultura Familiar \u2013 FAEM \/ UFPel (2011)<br \/>\nMestre em Sistemas de Produ\u00e7\u00e3o da Agricultura Familiar \u2013 FAEM \/ UFPel (2008)<br \/>\nBacharel em Ci\u00eancias Sociais \u2013 UFPel (2003)<\/p>\n<p><strong>\u00c1reas de Interesse e Compet\u00eancias:<\/strong><br \/>\nPol\u00edticas P\u00fablicas<br \/>\nSistemas de Certifica\u00e7\u00e3o<br \/>\nDesenvolvimento Rural<br \/>\nAgricultura Fam\u00edliar<\/p>\n<p><strong>Biografia:<\/strong><br \/>\nProfessora Adjunta do Departamento de Ci\u00eancias Sociais Agr\u00e1rias, Docente Permanente do Programa de P\u00f3s-Gradua\u00e7\u00e3o em Sistemas de Produ\u00e7\u00e3o Agr\u00edcola Familiar e do Programa de P\u00f3s-Gradua\u00e7\u00e3o em Desenvolvimento Territorial e Sistemas Agroindustriais, ambos da Faculdade de Agronomia Eliseu Maciel (UFPel). Graduada em Ci\u00eancias Sociais pela Universidade Federal de Pelotas (2003), Mestrado (2008) e Doutorado (2011) pelo Programa de P\u00f3s-Gradua\u00e7\u00e3o em Sistemas de Produ\u00e7\u00e3o Agr\u00edcola Familiar pela Universidade Federal de Pelotas com per\u00edodo sandu\u00edche no Departamento de Antropologia da Universidad de Sevilla. Atuou como visiting professor na Universit\u00e0 della Calabria onde realizou est\u00e1gio p\u00f3s-doutoral junto ao Departamento de Ci\u00eancia Pol\u00edtica e Social. Experi\u00eancia na \u00e1rea de Sociologia Rural, com \u00eanfase em Agricultura Familiar, atuando especialmente nos seguintes temas: pol\u00edticas p\u00fablicas, sistemas de certifica\u00e7\u00e3o, desenvolvimento rural, agricultura familiar, extens\u00e3o rural e seguran\u00e7a alimentar.<\/p>\n<p><strong>Documentos e Links Relacionados:<\/strong><br \/>\n<a href=\"http:\/\/buscatextual.cnpq.br\/buscatextual\/visualizacv.do?id=K4794177Z3\" target=\"_blank\" rel=\"noopener noreferrer\">Curriculo Plataforma Lattes<\/a><\/p>\n","protected":false},"excerpt":{"rendered":"<p>N\u00e1dia Velleda Caldas\u00a0 \u00a0 \u00a0 \u00a0 \u00a0 \u00a0 \u00a0 \u00a0 \u00a0 \u00a0 \u00a0 \u00a0 \u00a0 \u00a0 \u00a0 \u00a0 \u00a0 \u00a0 \u00a0 \u00a0 \u00a0 \u00a0 \u00a0 \u00a0 \u00a0 \u00a0 \u00a0 \u00a0 \u00a0 \u00a0 \u00a0 \u00a0 \u00a0 \u00a0 \u00a0 \u00a0 \u00a0 \u00a0 \u00a0 \u00a0 \u00a0 \u00a0 \u00a0 Atividades Professora Adjunta IV velleda.nadia@gmail.com Escrit\u00f3rio: Faculdade de Agronomia Eliseu &hellip; <\/p>\n<p><a class=\"more-link btn\" href=\"https:\/\/wp.ufpel.edu.br\/dcsa\/departamento\/professores\/caldas-nadia-vellada\/\">Continue lendo<\/a><\/p>\n","protected":false},"author":141,"featured_media":661,"parent":802,"menu_order":0,"comment_status":"closed","ping_status":"closed","template":"template-twocolumnsleft.php","meta":{"footnotes":""},"class_list":["post-843","page","type-page","status-publish","has-post-thumbnail","hentry","nodate","item-wrap"],"jetpack_sharing_enabled":true,"jetpack_likes_enabled":false,"_links":{"self":[{"href":"https:\/\/wp.ufpel.edu.br\/dcsa\/wp-json\/wp\/v2\/pages\/843","targetHints":{"allow":["GET"]}}],"collection":[{"href":"https:\/\/wp.ufpel.edu.br\/dcsa\/wp-json\/wp\/v2\/pages"}],"about":[{"href":"https:\/\/wp.ufpel.edu.br\/dcsa\/wp-json\/wp\/v2\/types\/page"}],"author":[{"embeddable":true,"href":"https:\/\/wp.ufpel.edu.br\/dcsa\/wp-json\/wp\/v2\/users\/141"}],"replies":[{"embeddable":true,"href":"https:\/\/wp.ufpel.edu.br\/dcsa\/wp-json\/wp\/v2\/comments?post=843"}],"version-history":[{"count":10,"href":"https:\/\/wp.ufpel.edu.br\/dcsa\/wp-json\/wp\/v2\/pages\/843\/revisions"}],"predecessor-version":[{"id":1895,"href":"https:\/\/wp.ufpel.edu.br\/dcsa\/wp-json\/wp\/v2\/pages\/843\/revisions\/1895"}],"up":[{"embeddable":true,"href":"https:\/\/wp.ufpel.edu.br\/dcsa\/wp-json\/wp\/v2\/pages\/802"}],"wp:featuredmedia":[{"embeddable":true,"href":"https:\/\/wp.ufpel.edu.br\/dcsa\/wp-json\/wp\/v2\/media\/661"}],"wp:attachment":[{"href":"https:\/\/wp.ufpel.edu.br\/dcsa\/wp-json\/wp\/v2\/media?parent=843"}],"curies":[{"name":"wp","href":"https:\/\/api.w.org\/{rel}","templated":true}]}}