{"id":839,"date":"2018-07-25T13:47:49","date_gmt":"2018-07-25T16:47:49","guid":{"rendered":"https:\/\/wp.ufpel.edu.br\/dcsa\/?page_id=839"},"modified":"2018-11-05T12:59:15","modified_gmt":"2018-11-05T14:59:15","slug":"menezes-gabrielito-rauter","status":"publish","type":"page","link":"https:\/\/wp.ufpel.edu.br\/dcsa\/departamento\/professores\/menezes-gabrielito-rauter\/","title":{"rendered":"Menezes, Gabrielito"},"content":{"rendered":"<p><strong>Gabrielito Rauter Menezes\u00a0 \u00a0 \u00a0 \u00a0 \u00a0 \u00a0 \u00a0 \u00a0 \u00a0 \u00a0 \u00a0 \u00a0 \u00a0 \u00a0 \u00a0 \u00a0 \u00a0 \u00a0 \u00a0 \u00a0 \u00a0 \u00a0 \u00a0 \u00a0 \u00a0 \u00a0 \u00a0 \u00a0 \u00a0 \u00a0 \u00a0 \u00a0 \u00a0 \u00a0 \u00a0 \u00a0\u00a0<\/strong><a href=\"https:\/\/wp.ufpel.edu.br\/dcsa\/pessoas\/professores\/menezes-gabrielito-rauter\/ensino\/\">Atividades<\/a><a href=\"https:\/\/wp.ufpel.edu.br\/dcsa\/files\/2016\/11\/Gabrielito.jpg\"><img loading=\"lazy\" decoding=\"async\" class=\"alignright size-medium wp-image-666\" src=\"https:\/\/wp.ufpel.edu.br\/dcsa\/files\/2016\/11\/Gabrielito-263x400.jpg\" alt=\"\" width=\"263\" height=\"400\" \/><\/a><br \/>\nProfessor Adjunto<br \/>\n<a href=\"mailto:gabrielitorm@gmail.com\">gabrielitorm@gmail.com<\/a><\/p>\n<p><strong>Escrit\u00f3rio:<\/strong><br \/>\nFaculdade de Agronomia Eliseu Maciel<br \/>\nDepartamento de Ci\u00eancias Sociais Agr\u00e1rias &#8211; Sala 720<br \/>\nTelefone:\u00a053 3275 7256 Ramal 20<br \/>\nCampus do Cap\u00e3o do Le\u00e3o<\/p>\n<p><strong>Forma\u00e7\u00e3o e Titula\u00e7\u00e3o:<\/strong><br \/>\nDoutor em em Economia Aplicada \u2013 FCE \/ UFRGS (2015)<br \/>\nMestre Mestre Organiza\u00e7\u00f5es e Mercados\u00a0 \u2013 FCE \/ UFPel (2011)<br \/>\nBacharel em Economa \u2013 FURG (2006)<\/p>\n<p><strong>\u00c1reas de Interesse e Compet\u00eancias:<\/strong><br \/>\nDesenvolvimento Territorial e Ruralidade<br \/>\nEmpreendedorismo<br \/>\nM\u00e9todos Quantitativos<\/p>\n<p><strong>Biografia:<\/strong><br \/>\nDoutor em Economia Aplicada pelo Programa de P\u00f3s-Gradua\u00e7\u00e3o em Economia da Universidade Federal do Rio Grande do Sul &#8211; PPGE\/UFRGS (2015). Atualmente \u00e9 Professor Adjunto da Universidade Federal de Pelotas &#8211; UFPel. Tem experi\u00eancia na \u00e1rea de Economia, com \u00eanfase em Economia Regional, Empreendedorismo e M\u00e9todos Quantitativos.<\/p>\n<p><strong>Documentos:<\/strong><br \/>\n<a href=\"http:\/\/buscatextual.cnpq.br\/buscatextual\/visualizacv.do?id=K4247869D3\" target=\"_blank\" rel=\"noopener\">Curriculo Plataforma Lattes<\/a><br \/>\n<a href=\"https:\/\/www.linkedin.com\/in\/gabrielito-menezes-3aa9a990\/\">Linkedin<\/a><br \/>\n<a href=\"https:\/\/sites.google.com\/site\/gabrielitorm\/\">Site Pessoal<\/a><\/p>\n","protected":false},"excerpt":{"rendered":"<p>Gabrielito Rauter Menezes\u00a0 \u00a0 \u00a0 \u00a0 \u00a0 \u00a0 \u00a0 \u00a0 \u00a0 \u00a0 \u00a0 \u00a0 \u00a0 \u00a0 \u00a0 \u00a0 \u00a0 \u00a0 \u00a0 \u00a0 \u00a0 \u00a0 \u00a0 \u00a0 \u00a0 \u00a0 \u00a0 \u00a0 \u00a0 \u00a0 \u00a0 \u00a0 \u00a0 \u00a0 \u00a0 \u00a0\u00a0Atividades Professor Adjunto gabrielitorm@gmail.com Escrit\u00f3rio: Faculdade de Agronomia Eliseu Maciel Departamento de Ci\u00eancias Sociais Agr\u00e1rias &#8211; Sala 720 &hellip; <\/p>\n<p><a class=\"more-link btn\" href=\"https:\/\/wp.ufpel.edu.br\/dcsa\/departamento\/professores\/menezes-gabrielito-rauter\/\">Continue lendo<\/a><\/p>\n","protected":false},"author":141,"featured_media":666,"parent":802,"menu_order":0,"comment_status":"closed","ping_status":"closed","template":"template-twocolumnsleft.php","meta":{"footnotes":""},"class_list":["post-839","page","type-page","status-publish","has-post-thumbnail","hentry","nodate","item-wrap"],"jetpack_sharing_enabled":true,"jetpack_likes_enabled":false,"_links":{"self":[{"href":"https:\/\/wp.ufpel.edu.br\/dcsa\/wp-json\/wp\/v2\/pages\/839","targetHints":{"allow":["GET"]}}],"collection":[{"href":"https:\/\/wp.ufpel.edu.br\/dcsa\/wp-json\/wp\/v2\/pages"}],"about":[{"href":"https:\/\/wp.ufpel.edu.br\/dcsa\/wp-json\/wp\/v2\/types\/page"}],"author":[{"embeddable":true,"href":"https:\/\/wp.ufpel.edu.br\/dcsa\/wp-json\/wp\/v2\/users\/141"}],"replies":[{"embeddable":true,"href":"https:\/\/wp.ufpel.edu.br\/dcsa\/wp-json\/wp\/v2\/comments?post=839"}],"version-history":[{"count":16,"href":"https:\/\/wp.ufpel.edu.br\/dcsa\/wp-json\/wp\/v2\/pages\/839\/revisions"}],"predecessor-version":[{"id":1605,"href":"https:\/\/wp.ufpel.edu.br\/dcsa\/wp-json\/wp\/v2\/pages\/839\/revisions\/1605"}],"up":[{"embeddable":true,"href":"https:\/\/wp.ufpel.edu.br\/dcsa\/wp-json\/wp\/v2\/pages\/802"}],"wp:featuredmedia":[{"embeddable":true,"href":"https:\/\/wp.ufpel.edu.br\/dcsa\/wp-json\/wp\/v2\/media\/666"}],"wp:attachment":[{"href":"https:\/\/wp.ufpel.edu.br\/dcsa\/wp-json\/wp\/v2\/media?parent=839"}],"curies":[{"name":"wp","href":"https:\/\/api.w.org\/{rel}","templated":true}]}}