{"id":799,"date":"2018-07-24T14:32:50","date_gmt":"2018-07-24T17:32:50","guid":{"rendered":"https:\/\/wp.ufpel.edu.br\/dcsa\/?page_id=799"},"modified":"2018-11-06T13:54:55","modified_gmt":"2018-11-06T15:54:55","slug":"vellar-retiele","status":"publish","type":"page","link":"https:\/\/wp.ufpel.edu.br\/dcsa\/colaboradores\/estudantes\/vellar-retiele\/","title":{"rendered":"Vellar, Retiele"},"content":{"rendered":"<p><strong>Retiele Vellar<a href=\"https:\/\/wp.ufpel.edu.br\/dcsa\/files\/2018\/08\/Retiele.jpg\"><img loading=\"lazy\" decoding=\"async\" class=\"alignright size-medium wp-image-1268\" src=\"https:\/\/wp.ufpel.edu.br\/dcsa\/files\/2018\/08\/Retiele-297x400.jpg\" alt=\"\" width=\"297\" height=\"400\" srcset=\"https:\/\/wp.ufpel.edu.br\/dcsa\/files\/2018\/08\/Retiele-297x400.jpg 297w, https:\/\/wp.ufpel.edu.br\/dcsa\/files\/2018\/08\/Retiele.jpg 354w\" sizes=\"auto, (max-width: 297px) 100vw, 297px\" \/><\/a><br \/>\n<\/strong>Mestranda DTSA<br \/>\n<a href=\"mailto:retielevellar@hotmail.com\">retielevellar@hotmail.com<\/a><\/p>\n<p><strong>Curso:<\/strong> Mestrado em Desenvolvimento Territorial e Sistemas Agroindustriais<br \/>\n<strong>Ingresso:<\/strong> 2017\/1<\/p>\n<p><strong>\u00c1rea de Pesquisa:<\/strong> Desenvolvimento Territorial e Capital Social<\/p>\n<p><strong>Projeto:\u00a0<\/strong>A contribui\u00e7\u00e3o do Capital Social para o Desenvolvimento de Comunidade de Pescadores Artesanais na Col\u00f4nia Z-3\/Pelotas-RS<\/p>\n<p><strong>Orientador(es):<\/strong><br \/>\nProf. D\u00e9cio Cotrim<\/p>\n<p><strong>Escrit\u00f3rio:<\/strong><br \/>\nFaculdade de Agronomia Eliseu Maciel<br \/>\nDepartamento de Ci\u00eancias Sociais Agr\u00e1rias &#8211; Sala 730<br \/>\nTelefone: 53 3275 7256<br \/>\nCampus do Cap\u00e3o do Le\u00e3o<\/p>\n<p><strong>Informa\u00e7\u00e3o Profissional<\/strong><br \/>\n<strong>Forma\u00e7\u00e3o, Qualifica\u00e7\u00e3o, e Experi\u00eancia:<\/strong><br \/>\nEngenheira Agr\u00edcola \u2013 CENG\/UFPel (2015-1)<br \/>\nEspecializa\u00e7\u00e3o em Engenharia de Biossistemas (2016-1)<\/p>\n<p><strong>Biografia:<\/strong><br \/>\nAtua profissionalmente com consultoria e representa\u00e7\u00e3o na \u00e1rea de agricultura de precis\u00e3o e softwares de gest\u00e3o em propriedades rurais. Tem experi\u00eancia em Sistemas Integrados de Avicultura de Corte, extens\u00e3o rural junto a cooperativas, gest\u00e3o agr\u00edcola e constru\u00e7\u00f5es rurais.<br \/>\nTrabalhos acad\u00eamicos passados giram entorno da viabilidade econ\u00f4mica de agroind\u00fastrias e agricultura de precis\u00e3o.<\/p>\n<p><strong>Links Relacionados:<\/strong><br \/>\n<a href=\"http:\/\/lattes.cnpq.br\/9092565530614652\" target=\"_blank\" rel=\"noopener\">Curriculo Lattes<\/a><br \/>\n<a href=\"http:\/\/www.linkedin.com\/in\/retiele-vellar-09280838\/\">Linkedin<\/a><\/p>\n","protected":false},"excerpt":{"rendered":"<p>Retiele Vellar Mestranda DTSA retielevellar@hotmail.com Curso: Mestrado em Desenvolvimento Territorial e Sistemas Agroindustriais Ingresso: 2017\/1 \u00c1rea de Pesquisa: Desenvolvimento Territorial e Capital Social Projeto:\u00a0A contribui\u00e7\u00e3o do Capital Social para o Desenvolvimento de Comunidade de Pescadores Artesanais na Col\u00f4nia Z-3\/Pelotas-RS Orientador(es): Prof. D\u00e9cio Cotrim Escrit\u00f3rio: Faculdade de Agronomia Eliseu Maciel Departamento de Ci\u00eancias Sociais Agr\u00e1rias &#8211; &hellip; <\/p>\n<p><a class=\"more-link btn\" href=\"https:\/\/wp.ufpel.edu.br\/dcsa\/colaboradores\/estudantes\/vellar-retiele\/\">Continue lendo<\/a><\/p>\n","protected":false},"author":141,"featured_media":0,"parent":625,"menu_order":0,"comment_status":"closed","ping_status":"closed","template":"template-twocolumnsleft.php","meta":{"footnotes":""},"class_list":["post-799","page","type-page","status-publish","hentry","nodate","item-wrap"],"jetpack_sharing_enabled":true,"jetpack_likes_enabled":false,"_links":{"self":[{"href":"https:\/\/wp.ufpel.edu.br\/dcsa\/wp-json\/wp\/v2\/pages\/799","targetHints":{"allow":["GET"]}}],"collection":[{"href":"https:\/\/wp.ufpel.edu.br\/dcsa\/wp-json\/wp\/v2\/pages"}],"about":[{"href":"https:\/\/wp.ufpel.edu.br\/dcsa\/wp-json\/wp\/v2\/types\/page"}],"author":[{"embeddable":true,"href":"https:\/\/wp.ufpel.edu.br\/dcsa\/wp-json\/wp\/v2\/users\/141"}],"replies":[{"embeddable":true,"href":"https:\/\/wp.ufpel.edu.br\/dcsa\/wp-json\/wp\/v2\/comments?post=799"}],"version-history":[{"count":9,"href":"https:\/\/wp.ufpel.edu.br\/dcsa\/wp-json\/wp\/v2\/pages\/799\/revisions"}],"predecessor-version":[{"id":1634,"href":"https:\/\/wp.ufpel.edu.br\/dcsa\/wp-json\/wp\/v2\/pages\/799\/revisions\/1634"}],"up":[{"embeddable":true,"href":"https:\/\/wp.ufpel.edu.br\/dcsa\/wp-json\/wp\/v2\/pages\/625"}],"wp:attachment":[{"href":"https:\/\/wp.ufpel.edu.br\/dcsa\/wp-json\/wp\/v2\/media?parent=799"}],"curies":[{"name":"wp","href":"https:\/\/api.w.org\/{rel}","templated":true}]}}