{"id":635,"date":"2018-07-13T16:48:19","date_gmt":"2018-07-13T19:48:19","guid":{"rendered":"https:\/\/wp.ufpel.edu.br\/dcsa\/?page_id=635"},"modified":"2020-05-29T15:56:57","modified_gmt":"2020-05-29T18:56:57","slug":"graduacao","status":"publish","type":"page","link":"https:\/\/wp.ufpel.edu.br\/dcsa\/ensino\/graduacao\/","title":{"rendered":"Gradua\u00e7\u00e3o"},"content":{"rendered":"<p><span style=\"font-size: 14pt\">Os Professores do Departamento de Ci\u00eancias Sociais Agr\u00e1rias atuam nos seguintes Cursos de Gradua\u00e7\u00e3o: Agronomia, Zootecnia, Medicina Veterin\u00e1ria, Engenharia Agr\u00edcola, Engenharia Ambiental e Sanit\u00e1ria e Economia.<\/span><\/p>\n<p><span style=\"font-size: 14pt\">Veja a lista de disciplinas ofertadas. Clique nos c\u00f3digos ou nos nomes para detalhes sobre o professor respons\u00e1vel, curso, cr\u00e9ditos, ementas e outras informa\u00e7\u00f5es (apenas em Portugu\u00eas).<\/span><\/p>\n<table style=\"height: 1821px\" width=\"543\">\n<tbody>\n<tr style=\"height: 39px\">\n<td style=\"width: 140px;height: 39px\"><strong>C\u00d3DIGO<\/strong><\/td>\n<td style=\"width: 410px;height: 39px\"><strong>NOME<\/strong><\/td>\n<\/tr>\n<tr style=\"height: 10px\">\n<td style=\"height: 30px;width: 140px\"><a href=\"https:\/\/institucional.ufpel.edu.br\/disciplinas\/id\/29097\">01180002<\/a><\/td>\n<td style=\"height: 30px;width: 410px\"><a href=\"https:\/\/institucional.ufpel.edu.br\/disciplinas\/id\/29097\">SOCIOLOGIA RURAL<\/a><\/td>\n<\/tr>\n<tr style=\"height: 10px\">\n<td style=\"height: 35px;width: 140px\"><a href=\"https:\/\/institucional.ufpel.edu.br\/disciplinas\/id\/29099\">01180004<\/a><\/td>\n<td style=\"height: 35px;width: 410px\"><a href=\"https:\/\/institucional.ufpel.edu.br\/disciplinas\/id\/29099\">ECONOMIA AGR\u00cdCOLA<\/a><\/td>\n<\/tr>\n<tr style=\"height: 10px\">\n<td style=\"height: 43px;width: 140px\"><a href=\"https:\/\/institucional.ufpel.edu.br\/disciplinas\/id\/29100\">01180005<\/a><\/td>\n<td style=\"height: 43px;width: 410px\"><a href=\"https:\/\/institucional.ufpel.edu.br\/disciplinas\/id\/29100\">AN\u00c1LISE ECON\u00d4MICA DE PROJETOS AGR\u00cdCOLAS<\/a><\/td>\n<\/tr>\n<tr style=\"height: 10px\">\n<td style=\"height: 34px;width: 140px\"><a href=\"https:\/\/institucional.ufpel.edu.br\/disciplinas\/id\/29104\">01180009<\/a><\/td>\n<td style=\"height: 34px;width: 410px\"><a href=\"https:\/\/institucional.ufpel.edu.br\/disciplinas\/id\/29104\">SOCIOLOGIA RURAL<\/a><\/td>\n<\/tr>\n<tr style=\"height: 10px\">\n<td style=\"height: 34px;width: 140px\"><a href=\"https:\/\/institucional.ufpel.edu.br\/disciplinas\/id\/29105\">01180010<\/a><\/td>\n<td style=\"height: 34px;width: 410px\"><a href=\"https:\/\/institucional.ufpel.edu.br\/disciplinas\/id\/29105\">ECONOMIA RURAL<\/a><\/td>\n<\/tr>\n<tr style=\"height: 10px\">\n<td style=\"height: 23px;width: 140px\"><a href=\"https:\/\/institucional.ufpel.edu.br\/disciplinas\/id\/29106\">01180011<\/a><\/td>\n<td style=\"height: 23px;width: 410px\"><a href=\"https:\/\/institucional.ufpel.edu.br\/disciplinas\/id\/29106\">ADM.PLANEJAMENTO EMPRESA AGROPECU\u00c1RIA<\/a><\/td>\n<\/tr>\n<tr style=\"height: 10px\">\n<td style=\"height: 30px;width: 140px\"><a href=\"https:\/\/institucional.ufpel.edu.br\/disciplinas\/id\/29107\">01180012<\/a><\/td>\n<td style=\"height: 30px;width: 410px\"><a href=\"https:\/\/institucional.ufpel.edu.br\/disciplinas\/id\/29107\">EXTENS\u00c3O RURAL<\/a><\/td>\n<\/tr>\n<tr style=\"height: 10px\">\n<td style=\"height: 33px;width: 140px\"><a href=\"https:\/\/institucional.ufpel.edu.br\/disciplinas\/id\/29108\">01180013<\/a><\/td>\n<td style=\"height: 33px;width: 410px\"><a href=\"https:\/\/institucional.ufpel.edu.br\/disciplinas\/id\/29108\">SEMIN\u00c1RIOS DE ECONOMIA AGR\u00cdCOLA<\/a><\/td>\n<\/tr>\n<tr style=\"height: 10px\">\n<td style=\"height: 26px;width: 140px\"><a href=\"https:\/\/institucional.ufpel.edu.br\/disciplinas\/id\/29110\">01180015<\/a><\/td>\n<td style=\"height: 26px;width: 410px\"><a href=\"https:\/\/institucional.ufpel.edu.br\/disciplinas\/id\/29110\">CI\u00caNCIAS SOCIAIS<\/a><\/td>\n<\/tr>\n<tr style=\"height: 10px\">\n<td style=\"height: 29px;width: 140px\"><a href=\"https:\/\/institucional.ufpel.edu.br\/disciplinas\/id\/29111\">01180016<\/a><\/td>\n<td style=\"height: 29px;width: 410px\"><a href=\"https:\/\/institucional.ufpel.edu.br\/disciplinas\/id\/29111\">ECONOMIA E POL\u00cdTICA AGR\u00cdCOLA<\/a><\/td>\n<\/tr>\n<tr style=\"height: 10px\">\n<td style=\"height: 33px;width: 140px\"><a href=\"https:\/\/institucional.ufpel.edu.br\/disciplinas\/id\/29112\">01180017<\/a><\/td>\n<td style=\"height: 33px;width: 410px\"><a href=\"https:\/\/institucional.ufpel.edu.br\/disciplinas\/id\/29112\">FUNDAMENTOS ADMINISTRA\u00c7\u00c3O AGRONEG\u00d3CIOS<\/a><\/td>\n<\/tr>\n<tr style=\"height: 10px\">\n<td style=\"height: 36px;width: 140px\"><a href=\"https:\/\/institucional.ufpel.edu.br\/disciplinas\/id\/29113\">01180018<\/a><\/td>\n<td style=\"height: 36px;width: 410px\"><a href=\"https:\/\/institucional.ufpel.edu.br\/disciplinas\/id\/29113\">EXTENS\u00c3O E COMUNICA\u00c7\u00c3O RURAL<\/a><\/td>\n<\/tr>\n<tr style=\"height: 10px\">\n<td style=\"height: 20px;width: 140px\"><a href=\"https:\/\/institucional.ufpel.edu.br\/disciplinas\/id\/29114\">01180019<\/a><\/td>\n<td style=\"height: 20px;width: 410px\"><a href=\"https:\/\/institucional.ufpel.edu.br\/disciplinas\/id\/29114\">ADMINISTRA\u00c7\u00c3O DO AGRONEG\u00d3CIO II<\/a><\/td>\n<\/tr>\n<tr style=\"height: 10px\">\n<td style=\"height: 21px;width: 140px\"><a href=\"https:\/\/institucional.ufpel.edu.br\/disciplinas\/id\/29118\">01180023<\/a><\/td>\n<td style=\"height: 21px;width: 410px\"><a href=\"https:\/\/institucional.ufpel.edu.br\/disciplinas\/id\/29118\">ECONOMIA AMBIENTAL<\/a><\/td>\n<\/tr>\n<tr style=\"height: 10px\">\n<td style=\"height: 26px;width: 140px\"><a href=\"https:\/\/institucional.ufpel.edu.br\/disciplinas\/id\/29119\">01180024<\/a><\/td>\n<td style=\"height: 26px;width: 410px\"><a href=\"https:\/\/institucional.ufpel.edu.br\/disciplinas\/id\/29119\">EMPREENDEDORISMO NO AGRONEG\u00d3CIO<\/a><\/td>\n<\/tr>\n<tr style=\"height: 10px\">\n<td style=\"height: 22px;width: 140px\"><a href=\"https:\/\/institucional.ufpel.edu.br\/disciplinas\/id\/29120\">01180025<\/a><\/td>\n<td style=\"height: 22px;width: 410px\"><a href=\"https:\/\/institucional.ufpel.edu.br\/disciplinas\/id\/29120\">ADMINISTRA\u00c7\u00c3O RURAL E EMPREENDEDORISMO<\/a><\/td>\n<\/tr>\n<tr style=\"height: 10px\">\n<td style=\"height: 29px;width: 140px\"><a href=\"https:\/\/institucional.ufpel.edu.br\/disciplinas\/id\/29121\">01180026<\/a><\/td>\n<td style=\"height: 29px;width: 410px\"><a href=\"https:\/\/institucional.ufpel.edu.br\/disciplinas\/id\/29121\">SOCIOLOGIA RURAL<\/a><\/td>\n<\/tr>\n<tr style=\"height: 10px\">\n<td style=\"height: 24px;width: 140px\"><a href=\"https:\/\/institucional.ufpel.edu.br\/disciplinas\/id\/29122\">01180027<\/a><\/td>\n<td style=\"height: 24px;width: 410px\"><a href=\"https:\/\/institucional.ufpel.edu.br\/disciplinas\/id\/29122\">ECONOMIA RURAL<\/a><\/td>\n<\/tr>\n<tr style=\"height: 10px\">\n<td style=\"height: 38px;width: 140px\"><a href=\"https:\/\/institucional.ufpel.edu.br\/disciplinas\/id\/29123\">01180028<\/a><\/td>\n<td style=\"height: 38px;width: 410px\"><a href=\"https:\/\/institucional.ufpel.edu.br\/disciplinas\/id\/29123\">ADMINISTRA\u00c7\u00c3O RURAL I<\/a><\/td>\n<\/tr>\n<tr style=\"height: 10px\">\n<td style=\"height: 25px;width: 140px\"><a href=\"https:\/\/institucional.ufpel.edu.br\/disciplinas\/id\/29124\">01180029<\/a><\/td>\n<td style=\"height: 25px;width: 410px\"><a href=\"https:\/\/institucional.ufpel.edu.br\/disciplinas\/id\/29124\">EXTENS\u00c3O E DESENVOLVIMENTO RURAL<\/a><\/td>\n<\/tr>\n<tr style=\"height: 10px\">\n<td style=\"height: 22px;width: 140px\"><a href=\"https:\/\/institucional.ufpel.edu.br\/disciplinas\/id\/29125\">01180030<\/a><\/td>\n<td style=\"height: 22px;width: 410px\"><a href=\"https:\/\/institucional.ufpel.edu.br\/disciplinas\/id\/29125\">ADMINISTRA\u00c7\u00c3O RURAL II<\/a><\/td>\n<\/tr>\n<tr style=\"height: 10px\">\n<td style=\"height: 18px;width: 140px\"><a href=\"https:\/\/institucional.ufpel.edu.br\/disciplinas\/id\/29128\">01180033<\/a><\/td>\n<td style=\"height: 18px;width: 410px\"><a href=\"https:\/\/institucional.ufpel.edu.br\/disciplinas\/id\/29128\">CADEIAS AGROINDUSTRIAIS<\/a><\/td>\n<\/tr>\n<tr style=\"height: 10px\">\n<td style=\"height: 10px;width: 140px\"><a href=\"https:\/\/institucional.ufpel.edu.br\/disciplinas\/id\/29129\">01180034<\/a><\/td>\n<td style=\"height: 10px;width: 410px\"><a href=\"https:\/\/institucional.ufpel.edu.br\/disciplinas\/id\/29129\">PRINC\u00cdPIOS DE AGROECOLOGIA<\/a><\/td>\n<\/tr>\n<tr style=\"height: 10px\">\n<td style=\"height: 26px;width: 140px\"><a href=\"https:\/\/institucional.ufpel.edu.br\/disciplinas\/id\/29130\">01180035<\/a><\/td>\n<td style=\"height: 26px;width: 410px\"><a href=\"https:\/\/institucional.ufpel.edu.br\/disciplinas\/id\/29130\">EXTENS\u00c3O RURAL<\/a><\/td>\n<\/tr>\n<tr style=\"height: 10px\">\n<td style=\"height: 26px;width: 140px\"><a href=\"https:\/\/institucional.ufpel.edu.br\/disciplinas\/id\/31903\">01180036<\/a><\/td>\n<td style=\"height: 26px;width: 410px\"><a href=\"https:\/\/institucional.ufpel.edu.br\/disciplinas\/id\/31903\">TRABALHO DE CONCLUS\u00c3O DE CURSO I<\/a><\/td>\n<\/tr>\n<tr style=\"height: 10px\">\n<td style=\"height: 11px;width: 140px\"><a href=\"https:\/\/institucional.ufpel.edu.br\/disciplinas\/id\/31904\">01180037<\/a><\/td>\n<td style=\"height: 11px;width: 410px\"><a href=\"https:\/\/institucional.ufpel.edu.br\/disciplinas\/id\/31904\">TRABALHO DE CONCLUS\u00c3O DE CURSO II<\/a><\/td>\n<\/tr>\n<tr style=\"height: 10px\">\n<td style=\"height: 10px;width: 140px\"><a href=\"https:\/\/institucional.ufpel.edu.br\/disciplinas\/id\/32874\">01180038<\/a><\/td>\n<td style=\"height: 10px;width: 410px\"><a href=\"https:\/\/institucional.ufpel.edu.br\/disciplinas\/id\/32874\">Inova\u00e7\u00e3o, Transi\u00e7\u00e3o e Sustentabilidade<\/a><\/td>\n<\/tr>\n<tr style=\"height: 10px\">\n<td style=\"height: 10px;width: 140px\"><a href=\"https:\/\/institucional.ufpel.edu.br\/disciplinas\/id\/33590\">01180039<\/a><\/td>\n<td style=\"height: 10px;width: 410px\"><a href=\"https:\/\/institucional.ufpel.edu.br\/disciplinas\/id\/33590\">GEST\u00c3O AMBIENTAL<\/a><\/td>\n<\/tr>\n<tr style=\"height: 10px\">\n<td style=\"height: 10px;width: 140px\"><a href=\"https:\/\/institucional.ufpel.edu.br\/disciplinas\/id\/34011\">01180040<\/a><\/td>\n<td style=\"height: 10px;width: 410px\"><a href=\"https:\/\/institucional.ufpel.edu.br\/disciplinas\/id\/34011\">Gest\u00e3o de Custos no Agroneg\u00f3cio<\/a><\/td>\n<\/tr>\n<\/tbody>\n<\/table>\n<p>&nbsp;<\/p>\n","protected":false},"excerpt":{"rendered":"<p>Os Professores do Departamento de Ci\u00eancias Sociais Agr\u00e1rias atuam nos seguintes Cursos de Gradua\u00e7\u00e3o: Agronomia, Zootecnia, Medicina Veterin\u00e1ria, Engenharia Agr\u00edcola, Engenharia Ambiental e Sanit\u00e1ria e Economia. Veja a lista de disciplinas ofertadas. Clique nos c\u00f3digos ou nos nomes para detalhes sobre o professor respons\u00e1vel, curso, cr\u00e9ditos, ementas e outras informa\u00e7\u00f5es (apenas em Portugu\u00eas). C\u00d3DIGO NOME &hellip; <\/p>\n<p><a class=\"more-link btn\" href=\"https:\/\/wp.ufpel.edu.br\/dcsa\/ensino\/graduacao\/\">Continue lendo<\/a><\/p>\n","protected":false},"author":141,"featured_media":457,"parent":1084,"menu_order":1,"comment_status":"closed","ping_status":"closed","template":"template-twocolumnsleft.php","meta":{"footnotes":""},"class_list":["post-635","page","type-page","status-publish","has-post-thumbnail","hentry","nodate","item-wrap"],"jetpack_sharing_enabled":true,"jetpack_likes_enabled":false,"_links":{"self":[{"href":"https:\/\/wp.ufpel.edu.br\/dcsa\/wp-json\/wp\/v2\/pages\/635","targetHints":{"allow":["GET"]}}],"collection":[{"href":"https:\/\/wp.ufpel.edu.br\/dcsa\/wp-json\/wp\/v2\/pages"}],"about":[{"href":"https:\/\/wp.ufpel.edu.br\/dcsa\/wp-json\/wp\/v2\/types\/page"}],"author":[{"embeddable":true,"href":"https:\/\/wp.ufpel.edu.br\/dcsa\/wp-json\/wp\/v2\/users\/141"}],"replies":[{"embeddable":true,"href":"https:\/\/wp.ufpel.edu.br\/dcsa\/wp-json\/wp\/v2\/comments?post=635"}],"version-history":[{"count":15,"href":"https:\/\/wp.ufpel.edu.br\/dcsa\/wp-json\/wp\/v2\/pages\/635\/revisions"}],"predecessor-version":[{"id":2071,"href":"https:\/\/wp.ufpel.edu.br\/dcsa\/wp-json\/wp\/v2\/pages\/635\/revisions\/2071"}],"up":[{"embeddable":true,"href":"https:\/\/wp.ufpel.edu.br\/dcsa\/wp-json\/wp\/v2\/pages\/1084"}],"wp:featuredmedia":[{"embeddable":true,"href":"https:\/\/wp.ufpel.edu.br\/dcsa\/wp-json\/wp\/v2\/media\/457"}],"wp:attachment":[{"href":"https:\/\/wp.ufpel.edu.br\/dcsa\/wp-json\/wp\/v2\/media?parent=635"}],"curies":[{"name":"wp","href":"https:\/\/api.w.org\/{rel}","templated":true}]}}