{"id":2702,"date":"2020-09-09T09:33:49","date_gmt":"2020-09-09T12:33:49","guid":{"rendered":"https:\/\/wp.ufpel.edu.br\/dcsa\/?page_id=2702"},"modified":"2021-04-11T20:52:05","modified_gmt":"2021-04-11T23:52:05","slug":"labreg-laboratorio-de-economia-regional","status":"publish","type":"page","link":"https:\/\/wp.ufpel.edu.br\/dcsa\/nucleos\/labreg-laboratorio-de-economia-regional\/","title":{"rendered":"LabReg &#8211; Laborat\u00f3rio de Economia Regional"},"content":{"rendered":"<div id=\"attachment_2704\" style=\"width: 184px\" class=\"wp-caption alignleft\"><a href=\"https:\/\/www.labreg.com.br\/p%C3%A1gina-inicial\"><img loading=\"lazy\" decoding=\"async\" aria-describedby=\"caption-attachment-2704\" class=\"wp-image-2704\" src=\"https:\/\/wp.ufpel.edu.br\/dcsa\/files\/2020\/09\/labReg-logo-400x168.jpg\" alt=\"\" width=\"184\" height=\"77\" srcset=\"https:\/\/wp.ufpel.edu.br\/dcsa\/files\/2020\/09\/labReg-logo-400x168.jpg 400w, https:\/\/wp.ufpel.edu.br\/dcsa\/files\/2020\/09\/labReg-logo-1024x430.jpg 1024w, https:\/\/wp.ufpel.edu.br\/dcsa\/files\/2020\/09\/labReg-logo-768x323.jpg 768w, https:\/\/wp.ufpel.edu.br\/dcsa\/files\/2020\/09\/labReg-logo-870x366.jpg 870w, https:\/\/wp.ufpel.edu.br\/dcsa\/files\/2020\/09\/labReg-logo.jpg 1380w\" sizes=\"auto, (max-width: 184px) 100vw, 184px\" \/><\/a><p id=\"caption-attachment-2704\" class=\"wp-caption-text\">Clique na Figura para acessar a p\u00e1gina do LabReg<\/p><\/div>\n<p>O objetivo do LabReg \u00e9 desenvolver estudos que possam servir em duas frentes. A primeira \u00e9 garantir contribui\u00e7\u00f5es para a literatura de Economia Regional, e nesse sentido fomentar essa \u00e1rea da ci\u00eancia no Brasil. A segunda \u00e9 contribuir para o desenvolvimento econ\u00f4mico brasileiro, sendo que o pa\u00eds possui uma grande diversidade socioecon\u00f4mica e regional, fatores que justificam as an\u00e1lises em economia regional como subs\u00eddio ao desenvolvimento do pa\u00eds como um todo.<\/p>\n<p>Coordenador: Prof. Gabrielito Menezes<\/p>\n<p>Veja mais:<\/p>\n<p><a href=\"https:\/\/www.labreg.com.br\/pesquisadores\">Equipe<\/a>\u00a0 ||\u00a0 <a href=\"https:\/\/www.labreg.com.br\/projetos\">Projetos\u00a0<\/a> ||\u00a0 <a href=\"https:\/\/www.labreg.com.br\/publica%C3%A7%C3%B5es\">Publica\u00e7\u00f5es\u00a0<\/a><\/p>\n<p>&nbsp;<\/p>\n","protected":false},"excerpt":{"rendered":"<p>O objetivo do LabReg \u00e9 desenvolver estudos que possam servir em duas frentes. A primeira \u00e9 garantir contribui\u00e7\u00f5es para a literatura de Economia Regional, e nesse sentido fomentar essa \u00e1rea da ci\u00eancia no Brasil. A segunda \u00e9 contribuir para o desenvolvimento econ\u00f4mico brasileiro, sendo que o pa\u00eds possui uma grande diversidade socioecon\u00f4mica e regional, fatores &hellip; <\/p>\n<p><a class=\"more-link btn\" href=\"https:\/\/wp.ufpel.edu.br\/dcsa\/nucleos\/labreg-laboratorio-de-economia-regional\/\">Continue lendo<\/a><\/p>\n","protected":false},"author":367,"featured_media":2822,"parent":2520,"menu_order":0,"comment_status":"closed","ping_status":"closed","template":"template-twocolumnsleft.php","meta":{"footnotes":""},"class_list":["post-2702","page","type-page","status-publish","has-post-thumbnail","hentry","nodate","item-wrap"],"jetpack_sharing_enabled":true,"jetpack_likes_enabled":false,"_links":{"self":[{"href":"https:\/\/wp.ufpel.edu.br\/dcsa\/wp-json\/wp\/v2\/pages\/2702","targetHints":{"allow":["GET"]}}],"collection":[{"href":"https:\/\/wp.ufpel.edu.br\/dcsa\/wp-json\/wp\/v2\/pages"}],"about":[{"href":"https:\/\/wp.ufpel.edu.br\/dcsa\/wp-json\/wp\/v2\/types\/page"}],"author":[{"embeddable":true,"href":"https:\/\/wp.ufpel.edu.br\/dcsa\/wp-json\/wp\/v2\/users\/367"}],"replies":[{"embeddable":true,"href":"https:\/\/wp.ufpel.edu.br\/dcsa\/wp-json\/wp\/v2\/comments?post=2702"}],"version-history":[{"count":3,"href":"https:\/\/wp.ufpel.edu.br\/dcsa\/wp-json\/wp\/v2\/pages\/2702\/revisions"}],"predecessor-version":[{"id":2707,"href":"https:\/\/wp.ufpel.edu.br\/dcsa\/wp-json\/wp\/v2\/pages\/2702\/revisions\/2707"}],"up":[{"embeddable":true,"href":"https:\/\/wp.ufpel.edu.br\/dcsa\/wp-json\/wp\/v2\/pages\/2520"}],"wp:featuredmedia":[{"embeddable":true,"href":"https:\/\/wp.ufpel.edu.br\/dcsa\/wp-json\/wp\/v2\/media\/2822"}],"wp:attachment":[{"href":"https:\/\/wp.ufpel.edu.br\/dcsa\/wp-json\/wp\/v2\/media?parent=2702"}],"curies":[{"name":"wp","href":"https:\/\/api.w.org\/{rel}","templated":true}]}}