{"id":2639,"date":"2020-08-17T12:16:17","date_gmt":"2020-08-17T15:16:17","guid":{"rendered":"https:\/\/wp.ufpel.edu.br\/dcsa\/?page_id=2639"},"modified":"2020-08-18T16:17:33","modified_gmt":"2020-08-18T19:17:33","slug":"informe-no-08","status":"publish","type":"page","link":"https:\/\/wp.ufpel.edu.br\/dcsa\/observatorio-do-dcsa\/informes\/informe-no-08\/","title":{"rendered":"Informe N\u00ba 08"},"content":{"rendered":"<p>O oitavo informe pretende apresentar o debate realizado em um dos eventos do Ciclo de palestras organizado pelo Observat\u00f3rio. Realiza-se uma breve an\u00e1lise das discuss\u00f5es que ocorreram no decorrer das palestras relacionadas \u00e0 Soberania e Seguran\u00e7a Alimentar e Nutricional em tempos de pandemia, realizada no dia 05\/08\/20.<\/p>\n<h5 class=\"collapseomatic \" id=\"id69da067a7d7c7\"  tabindex=\"0\" title=\"Palestrantes e tema do evento\"    >Palestrantes e tema do evento<\/h5><div id=\"target-id69da067a7d7c7\" class=\"collapseomatic_content \">A ideia central foi tratar do acesso, da oferta e da disponibilidade de alimentos com qualidade para a popula\u00e7\u00e3o frente aos problemas que estamos enfrentando. Para isso, foram convidadas as seguintes palestrantes: <strong>Cristine Jaques Ribeiro<\/strong> (Docente no P\u00f3s-gradua\u00e7\u00e3o em Pol\u00edtica Social e Direitos Humanos e no Curso de Gradua\u00e7\u00e3o de Servi\u00e7o Social UCPel e integrante do F\u00f3rum em Defesa da Soberania e Seguran\u00e7a Alimentar e Nutricional de Pelotas e do Conselho Municipal de Seguran\u00e7a Alimentar e Nutricional Sustent\u00e1vel (COMSEA), <strong>Eliana Gomes Bender<\/strong> (Nutricionista. Professora de sa\u00fade p\u00fablica da UFPel e tamb\u00e9m integrante do COMSEA-Pelotas) e <strong>Rosi\u00e9li Cristiane Ludtke<\/strong> (camponesa, militante do Movimento dos Pequenos Agricultores (MPA) e mestre em Agroecologia e Desenvolvimento Rural Sustent\u00e1vel pela UFFS).<\/div>\n<h5 class=\"collapseomatic \" id=\"id69da067a7d858\"  tabindex=\"0\" title=\"Cristine Ribeiro\"    >Cristine Ribeiro<\/h5><div id=\"target-id69da067a7d858\" class=\"collapseomatic_content \">\n<h5 class=\"collapseomatic \" id=\"id69da067a7d8c1\"  tabindex=\"0\" title=\"F\u00f3rum em Defesa da Soberania e Seguran\u00e7a Alimentar e Nutricional de Pelotas\"    >F\u00f3rum em Defesa da Soberania e Seguran\u00e7a Alimentar e Nutricional de Pelotas<\/h5><div id=\"target-id69da067a7d8c1\" class=\"collapseomatic_content \">A primeira fala foi realizada pela Professora Cristine Ribeiro, que iniciou reiterando a import\u00e2ncia do F\u00f3rum em Defesa da Soberania e Seguran\u00e7a Alimentar e Nutricional da regi\u00e3o, que, especialmente nesse momento de dificuldades por conta da pandemia da Covid-19, tem atuado diretamente na garantia do acesso alimentar das fam\u00edlias em situa\u00e7\u00e3o de vulnerabilidade social por meio da distribui\u00e7\u00e3o de produtos da agricultura familiar.<\/div>\n<h5 class=\"collapseomatic \" id=\"id69da067a7d8fa\"  tabindex=\"0\" title=\"Efeitos da Revolu\u00e7\u00e3o Verde\"    >Efeitos da Revolu\u00e7\u00e3o Verde<\/h5><div id=\"target-id69da067a7d8fa\" class=\"collapseomatic_content \">A palestrante fez uma abordagem a respeito da import\u00e2ncia da constru\u00e7\u00e3o do conceito de soberania e seguran\u00e7a alimentar sob o ponto de vista da defesa do planeta. A partir da problem\u00e1tica advinda da Revolu\u00e7\u00e3o verde e das tecnologias utilizadas no campo, o saber cient\u00edfico foi utilizado como mecanismo para destrui\u00e7\u00e3o da vida, fortalecendo a constru\u00e7\u00e3o da luta em defesa da soberania alimentar. Os pacotes tecnol\u00f3gicos intensificaram a perda da biodiversidade, dilacerando os conhecimentos da floresta e desconsiderando os saberes locais.<\/div>\n<h5 class=\"collapseomatic \" id=\"id69da067a7d925\"  tabindex=\"0\" title=\"Seguran\u00e7a Alimentar, Agroecologia e Popula\u00e7\u00f5es Tradicionais\"    >Seguran\u00e7a Alimentar, Agroecologia e Popula\u00e7\u00f5es Tradicionais<\/h5><div id=\"target-id69da067a7d925\" class=\"collapseomatic_content \">Contrariamente, a professora destacou que as popula\u00e7\u00f5es tradicionais (ind\u00edgenas, quilombolas, camponeses, pescadores artesanais e outros), com seus diferentes modos de exist\u00eancia continuam trabalhando com a pr\u00e1tica do cuidado com a vida e com a natureza. Esses diferentes modos articulam-se em torno da Agroecologia, que produz outras rela\u00e7\u00f5es entre os seres e representa o principal v\u00ednculo dos agricultores com a soberania alimentar. A palestrante reiterou que \u00e9 poss\u00edvel ter uma soberania criada a partir da luta desses povos.<br \/>\nCom rela\u00e7\u00e3o ao conceito de soberania alimentar, ela destacou seu surgimento a partir do conceito de seguran\u00e7a alimentar, elaborado pela Organiza\u00e7\u00e3o das Na\u00e7\u00f5es Unidas (ONU) na d\u00e9cada de 1970. No ano de 1996, a Via Campesina, na segunda Confer\u00eancia Mundial de seguran\u00e7a alimentar sugere pautar o conceito de soberania alimentar vinculado ao de soberania popular, atrav\u00e9s do controle da distribui\u00e7\u00e3o dos alimentos. A ideia central foi defender os saberes locais da produ\u00e7\u00e3o de alimentos, sem agrot\u00f3xicos, sem transgenia.<br \/>\nAlguns dos princ\u00edpios da soberania alimentar difundidos pela Via Campesina foram destacados: diversifica\u00e7\u00e3o produtiva, defesa dos saberes tradicionais, utiliza\u00e7\u00e3o do sistema de produ\u00e7\u00e3o agroecol\u00f3gico, defesa das pequenas unidades de produ\u00e7\u00e3o, incentivo \u00e0 agroind\u00fastria, acesso \u00e0 educa\u00e7\u00e3o para todos, novas rela\u00e7\u00f5es de trabalho, controle das sementes e den\u00fancia da desigualdade.<\/div>\n<h5 class=\"collapseomatic \" id=\"id69da067a7d95a\"  tabindex=\"0\" title=\"Alimentos de qualidade: um direito de todos\"    >Alimentos de qualidade: um direito de todos<\/h5><div id=\"target-id69da067a7d95a\" class=\"collapseomatic_content \">Por fim, a Professora Cristine Ribeiro observou que a periferia tem direito a alimentos saud\u00e1veis, mas que isso s\u00f3 \u00e9 poss\u00edvel com soberania alimentar. Para isso, s\u00e3o necess\u00e1rias pol\u00edticas p\u00fablicas locais e melhores condi\u00e7\u00f5es de trabalho para que a agricultura familiar distribua seus alimentos. Por fim, ela destacou que o combate \u00e0 pandemia s\u00f3 \u00e9 poss\u00edvel com uma imunidade adequada, e isso \u00e9 vi\u00e1vel apenas com produ\u00e7\u00e3o agroecol\u00f3gica.<\/div>\n<\/div>\n<h5 class=\"collapseomatic \" id=\"id69da067a7d9a0\"  tabindex=\"0\" title=\"Eliana Bender\"    >Eliana Bender<\/h5><div id=\"target-id69da067a7d9a0\" class=\"collapseomatic_content \">\n<h5 class=\"collapseomatic \" id=\"id69da067a7d9c2\"  tabindex=\"0\" title=\"O Modelo produtivo brasileiro\"    >O Modelo produtivo brasileiro<\/h5><div id=\"target-id69da067a7d9c2\" class=\"collapseomatic_content \">J\u00e1 a Professora Eliana Bender tamb\u00e9m observou os problemas do modelo de produ\u00e7\u00e3o utilizado no Brasil. O desenvolvimento rural, segundo ela, \u00e9 marcado basicamente por duas formas de produ\u00e7\u00e3o agr\u00edcola, que evocam diferentes modelos de desenvolvimento: um agroexportador assentado em grandes estabelecimentos produtores de commodities; e outro baseado na agricultura familiar, estruturado em pequenas propriedades, diversificada e voltada ao mercado interno.<\/div>\n<h5 class=\"collapseomatic \" id=\"id69da067a7d9e7\"  tabindex=\"0\" title=\"Soberania e Seguran\u00e7a Alimentar: avan\u00e7os e desafios\"    >Soberania e Seguran\u00e7a Alimentar: avan\u00e7os e desafios<\/h5><div id=\"target-id69da067a7d9e7\" class=\"collapseomatic_content \">No Brasil, com rela\u00e7\u00e3o \u00e0 soberania e seguran\u00e7a alimentar, ela reiterou as conquistas alcan\u00e7adas, especialmente que o debate ocorreu a partir da iniciativa de organiza\u00e7\u00f5es sociais, da academia e de outros atores vinculados ao meio rural. Por isso, foram inclu\u00eddos objetivos estrat\u00e9gicos e permanentes, nas a\u00e7\u00f5es e pol\u00edticas p\u00fablicas para esse setor. Nos outros pa\u00edses n\u00e3o h\u00e1 este enfoque de uma maneira t\u00e3o clara, j\u00e1 que a abordagem \u00e9 mais do ponto de vista da inocuidade dos alimentos. Al\u00e9m disso, o termo nutricional foi acrescentado na formula\u00e7\u00e3o do conceito brasileiro para interligar dois enfoques: socioecon\u00f4mico e de sa\u00fade e nutri\u00e7\u00e3o.<br \/>\nAl\u00e9m disso, ela destacou duas dimens\u00f5es relevantes relacionados ao tema: uma referente ao modelo de produ\u00e7\u00e3o, e outra \u00e0s quest\u00f5es de qualidade alimentar predominantes, destacando que o direito humano \u00e0 alimenta\u00e7\u00e3o adequada e saud\u00e1vel necessita combater a fome, a desnutri\u00e7\u00e3o e garantir o acesso a alimentos saud\u00e1veis.<\/div>\n<h5 class=\"collapseomatic \" id=\"id69da067a7da0b\"  tabindex=\"0\" title=\"As incertezas e o futuro\"    >As incertezas e o futuro<\/h5><div id=\"target-id69da067a7da0b\" class=\"collapseomatic_content \">A professora destacou a volta do Brasil ao mapa da fome, apesar das pol\u00edticas e programas voltados \u00e0 soberania e seguran\u00e7a alimentar vigentes at\u00e9 recentemente. Um exemplo \u00e9 o Programa Nacional de Alimenta\u00e7\u00e3o Escolar (PNAE), que atua na perspectiva de produ\u00e7\u00e3o e distribui\u00e7\u00e3o de alimentos.<br \/>\nCom rela\u00e7\u00e3o \u00e0 pandemia da Covid-19, a partir da paralisa\u00e7\u00e3o das atividades escolares, a distribui\u00e7\u00e3o da merenda escolar foi afetada em diversas regi\u00f5es do pa\u00eds, interrompendo circuitos de comercializa\u00e7\u00e3o e prejudicando o acesso a Seguran\u00e7a Alimentar e Nutricional (SAN) dos escolares. Por isso, no atual momento, n\u00e3o h\u00e1 como pensar SAN sem pensar em estrat\u00e9gias de produ\u00e7\u00e3o e consumo. Por isso, a professora destacou que um dos desafios do COMSEA\/Pelotas \u00e9 garantir esse direito, tanto do ponto de vista das fam\u00edlias das crian\u00e7as, quanto dos pequenos produtores. Uma alternativa vi\u00e1vel seria a parceria entre governo e sociedade civil.<\/div>\n<\/div>\n<h5 class=\"collapseomatic \" id=\"id69da067a7da4d\"  tabindex=\"0\" title=\"Rosi\u00e9li Ludtke\"    >Rosi\u00e9li Ludtke<\/h5><div id=\"target-id69da067a7da4d\" class=\"collapseomatic_content \">Por \u00faltimo, a fala da representante do Movimento dos Pequenos Agricultores (MPA), Rosi\u00e9li Ludtke, foi centrada na descri\u00e7\u00e3o do movimento, que organiza os pequenos agricultores em dezenove estados do Brasil, e no Rio Grande do Sul, est\u00e1 presente em mais de duzentos munic\u00edpios. A fala abordou a produ\u00e7\u00e3o de alimentos saud\u00e1veis e as formas de produ\u00e7\u00e3o no campo.<br \/>\n<h5 class=\"collapseomatic \" id=\"id69da067a7da6e\"  tabindex=\"0\" title=\"Sa\u00fade e a alimenta\u00e7\u00e3o\"    >Sa\u00fade e a alimenta\u00e7\u00e3o<\/h5><div id=\"target-id69da067a7da6e\" class=\"collapseomatic_content \">Ela destacou que a pandemia da Covid-19 apenas aumentou a desregula\u00e7\u00e3o do modelo de produ\u00e7\u00e3o vigente, altamente dependente de insumos qu\u00edmicos, exacerbando problemas de sa\u00fade coletiva, como o aumento de casos de c\u00e2ncer, suic\u00eddio e depress\u00e3o no campo.<br \/>\nDiferentemente, Rosi\u00e9le destacou que o movimento tem como preocupa\u00e7\u00e3o a produ\u00e7\u00e3o de alimentos saud\u00e1veis, que tenha como destino a mesa dos brasileiros, especialmente as classes populares. Al\u00e9m disso, ela destacou a import\u00e2ncia de produzir de acordo com as necessidades alimentares das fam\u00edlias, mantendo os modos de vida e as tradi\u00e7\u00f5es culturais das comunidades rurais. Ao salientar a import\u00e2ncia fundamental dos camponeses, que produzem mais de 70% dos alimentos consumidos no pa\u00eds, Rosi\u00e9le fez quest\u00e3o de reafirmar a import\u00e2ncia de manter o corpo sadio, com alimentos de qualidade, especialmente nesse per\u00edodo de pandemia.<\/div>\n<h5 class=\"collapseomatic \" id=\"id69da067a7da91\"  tabindex=\"0\" title=\"O Plano Campon\u00eas\"    >O Plano Campon\u00eas<\/h5><div id=\"target-id69da067a7da91\" class=\"collapseomatic_content \">Nesse sentido, a camponesa apresentou O Plano Campon\u00eas, documento elaborado pela MPA para embasar sua pauta de reivindica\u00e7\u00f5es. Esse Plano \u00e9 centrado em cinco pontos principais: 1) Produ\u00e7\u00e3o: sistemas camponeses de produ\u00e7\u00e3o (antag\u00f4nico \u00e0s cadeias produtivas), agroind\u00fastrias (beneficiamento da produ\u00e7\u00e3o) e desenhos organizativos (cooperativas, associa\u00e7\u00f5es, grupos); 2) Educa\u00e7\u00e3o\/forma\u00e7\u00e3o: escolas e universidades (contextualizadas com a realidade do campo) e educa\u00e7\u00e3o informal; 3) Vida de qualidade: moradia, esporte, cultura, lazer e sa\u00fade popular; 4) Comunidade camponesa: elos unificadores, fator de resist\u00eancia; e 5) Soberania: alimentar, energ\u00e9tica, gen\u00e9tica, h\u00eddrica e territorial.<br \/>\nAssim, ela destacou a capacidade do Plano em produzir e ofertar alimentos saud\u00e1veis e nutrac\u00eauticos, que curam e nutrem, gerando benef\u00edcios para a sa\u00fade e bem-estar dos indiv\u00edduos, al\u00e9m de alto valor biol\u00f3gico e sem produtos qu\u00edmicos.<\/div>\n<h5 class=\"collapseomatic \" id=\"id69da067a7dab2\"  tabindex=\"0\" title=\"Comercializa\u00e7\u00e3o e Pol\u00edticas P\u00fablicas\"    >Comercializa\u00e7\u00e3o e Pol\u00edticas P\u00fablicas<\/h5><div id=\"target-id69da067a7dab2\" class=\"collapseomatic_content \">Por fim, Rosi\u00e9le destacou a necessidade de organiza\u00e7\u00e3o dos processos de comercializa\u00e7\u00e3o, que podem ajudar a enfrentar os problemas gerados pela pandemia. Conforme ela, muitos agricultores do movimento que dependiam da produ\u00e7\u00e3o de fumo, n\u00e3o possu\u00edam capacidade de atuar nos mercados. Por\u00e9m, a partir do trabalho do movimento e de processos coletivos de aprendizagem das fam\u00edlias, foram organizados grupos e feiras em v\u00e1rias regi\u00f5es, suprindo a demanda por alimentos saud\u00e1veis. Essa demanda, segundo ela, tem aumentado com a pandemia, colocando como desafio garantir o acesso dos agricultores aos mercados e o funcionamento seguro dos mesmos.<br \/>\nFinalmente, a representante relatou as perdas decorrentes da suspens\u00e3o das compras do PNAE e a falta de aux\u00edlio dado pelo Estado, algo extremamente necess\u00e1rio para que os camponeses se mantenham no campo ap\u00f3s a pandemia. Por \u00faltimo, ela destacou que o movimento tem como prioridade uma rela\u00e7\u00e3o positiva entre sociedade e natureza.<\/div>\n<\/div>\n<h5 class=\"collapseomatic \" id=\"id69da067a7dafa\"  tabindex=\"0\" title=\"Coment\u00e1rios finais\"    >Coment\u00e1rios finais<\/h5><div id=\"target-id69da067a7dafa\" class=\"collapseomatic_content \">O que se percebe em comum na fala das palestrantes, \u00e9 a necessidade de uma alimenta\u00e7\u00e3o saud\u00e1vel para manter a imunidade dos indiv\u00edduos, especialmente em tempos de pandemia. Ao mesmo tempo, nota-se a necessidade da continuidade das pol\u00edticas p\u00fablicas e a formula\u00e7\u00e3o de novas proposi\u00e7\u00f5es, com o objetivo de incentivar a produ\u00e7\u00e3o de alimentos saud\u00e1veis no campo, e ressaltar a import\u00e2ncia da comercializa\u00e7\u00e3o dos referidos produtos ao p\u00fablico urbano.<br \/>\nEm s\u00edntese, as apresenta\u00e7\u00f5es e debates possibilitados por essa edi\u00e7\u00e3o do ciclo de palestras evidenciaram, a partir de diferentes perspectivas, as interfaces e evolu\u00e7\u00f5es na trajet\u00f3ria hist\u00f3rica e social da constru\u00e7\u00e3o dos conceitos de seguran\u00e7a alimentar e soberania alimentar, o que ficou expresso, como exemplo, a partir da apresenta\u00e7\u00e3o do plano campon\u00eas \u2013 um exerc\u00edcio instrumental de proposi\u00e7\u00e3o da defesa do direito dos povos na defini\u00e7\u00e3o dos seus modos de produ\u00e7\u00e3o e reprodu\u00e7\u00e3o da vida. A n\u00f3s, como observat\u00f3rio, cabe al\u00e9m do di\u00e1logo e pluralidade de express\u00e3o, o acolhimento a estas e outras reflex\u00f5es, t\u00e3o necess\u00e1rias e potencialmente transformadoras da realidade que estamos vivenciando.<\/p>\n<p>At\u00e9 o pr\u00f3ximo ciclo.<\/p>\n<\/div>\n<p>Voc\u00ea pode acessar e baixar o\u00a0<strong>Informe N\u00ba 8 <\/strong>em PDF .<a href=\"https:\/\/wp.ufpel.edu.br\/dcsa\/files\/2020\/08\/Observatorio-do-DCSA-Situacao-Rural-Informe-08.pdf\"><img loading=\"lazy\" decoding=\"async\" class=\"alignnone wp-image-2343\" src=\"https:\/\/wp.ufpel.edu.br\/dcsa\/files\/2020\/06\/pdf-icon-322x400.png\" alt=\"\" width=\"22\" height=\"28\" srcset=\"https:\/\/wp.ufpel.edu.br\/dcsa\/files\/2020\/06\/pdf-icon-322x400.png 322w, https:\/\/wp.ufpel.edu.br\/dcsa\/files\/2020\/06\/pdf-icon-825x1024.png 825w, https:\/\/wp.ufpel.edu.br\/dcsa\/files\/2020\/06\/pdf-icon-768x953.png 768w, https:\/\/wp.ufpel.edu.br\/dcsa\/files\/2020\/06\/pdf-icon-1238x1536.png 1238w, https:\/\/wp.ufpel.edu.br\/dcsa\/files\/2020\/06\/pdf-icon.png 1280w\" sizes=\"auto, (max-width: 22px) 100vw, 22px\" \/><\/a><\/p>\n<p>Acesse tamb\u00e9m em\u00a0 podcast\u00a0 no Anchor\u00a0 ou no Spotify<\/p>\n<p><a href=\"https:\/\/anchor.fm\/observatorio\/episodes\/Informe-n8-eiarrg\"><img loading=\"lazy\" decoding=\"async\" class=\"alignnone\" src=\"https:\/\/www.maistecnologia.com\/wp-content\/uploads\/2020\/03\/anchor-facilita-nos-podcasts-www.maistecnologia.com.png\" alt=\"\" width=\"138\" height=\"77\" \/><\/a><\/p>\n<p>Pelotas, 17 de agosto de 2020<\/p>\n<p>Observat\u00f3rio da Problem\u00e1tica da Seca e da Covid-19 na Agricultura Familiar da Regi\u00e3o Sul do Rio Grande do Sul &#8211; Grupo de Professores do Departamento de Ci\u00eancias Sociais Agr\u00e1rias (DCSA) da Faculdade de Agronomia Eliseu Maciel (FAEM) da Universidade Federal de Pelotas (UFPel), estudantes e convidados externos.<\/p>\n<p>Abel Cassol (UFPel); Alberi Noronha (Embrapa Clima Temperado); Alessandra Bandeira da Rosa (UFPel); Alice Pereira Lourenson (UFPel); Fernanda Dias de Avila (UFPel); Fernando Luiz Horn (Emater\/RS-Ascar\/Pelotas); Gabrielito Rauter Menezes (UFPel); Henrique Andrade Furtado de Mendon\u00e7a (UFPel); Juliana Cristina Franz (UFPel); Let\u00edcia Paludo Vargas (UFPel); L\u00facio Andr\u00e9 de Oliveira Fernandes (UFPel); Marcelo Dias (UFPel); Maria Laura Vict\u00f3ria Marques (UFPel); M\u00e1rio Conill Gomes (UFPel); M\u00e1rio Duarte Canever (UFPel); Patr\u00edcia Martins da Silva \u2013 Universidade Federal de Pelotas (UFPel); Raul Celso Grehs (Embrapa Clima Temperado); Tatiana Porto de Souza (UFPel).<\/p>\n","protected":false},"excerpt":{"rendered":"<p>O oitavo informe pretende apresentar o debate realizado em um dos eventos do Ciclo de palestras organizado pelo Observat\u00f3rio. Realiza-se uma breve an\u00e1lise das discuss\u00f5es que ocorreram no decorrer das palestras relacionadas \u00e0 Soberania e Seguran\u00e7a Alimentar e Nutricional em tempos de pandemia, realizada no dia 05\/08\/20. Voc\u00ea pode acessar e baixar o\u00a0Informe N\u00ba 8 &hellip; <\/p>\n<p><a class=\"more-link btn\" href=\"https:\/\/wp.ufpel.edu.br\/dcsa\/observatorio-do-dcsa\/informes\/informe-no-08\/\">Continue lendo<\/a><\/p>\n","protected":false},"author":367,"featured_media":0,"parent":1786,"menu_order":0,"comment_status":"closed","ping_status":"closed","template":"template-twocolumnsleft.php","meta":{"footnotes":""},"class_list":["post-2639","page","type-page","status-publish","hentry","nodate","item-wrap"],"jetpack_sharing_enabled":true,"jetpack_likes_enabled":false,"_links":{"self":[{"href":"https:\/\/wp.ufpel.edu.br\/dcsa\/wp-json\/wp\/v2\/pages\/2639","targetHints":{"allow":["GET"]}}],"collection":[{"href":"https:\/\/wp.ufpel.edu.br\/dcsa\/wp-json\/wp\/v2\/pages"}],"about":[{"href":"https:\/\/wp.ufpel.edu.br\/dcsa\/wp-json\/wp\/v2\/types\/page"}],"author":[{"embeddable":true,"href":"https:\/\/wp.ufpel.edu.br\/dcsa\/wp-json\/wp\/v2\/users\/367"}],"replies":[{"embeddable":true,"href":"https:\/\/wp.ufpel.edu.br\/dcsa\/wp-json\/wp\/v2\/comments?post=2639"}],"version-history":[{"count":21,"href":"https:\/\/wp.ufpel.edu.br\/dcsa\/wp-json\/wp\/v2\/pages\/2639\/revisions"}],"predecessor-version":[{"id":2672,"href":"https:\/\/wp.ufpel.edu.br\/dcsa\/wp-json\/wp\/v2\/pages\/2639\/revisions\/2672"}],"up":[{"embeddable":true,"href":"https:\/\/wp.ufpel.edu.br\/dcsa\/wp-json\/wp\/v2\/pages\/1786"}],"wp:attachment":[{"href":"https:\/\/wp.ufpel.edu.br\/dcsa\/wp-json\/wp\/v2\/media?parent=2639"}],"curies":[{"name":"wp","href":"https:\/\/api.w.org\/{rel}","templated":true}]}}