{"id":2526,"date":"2020-06-27T23:44:05","date_gmt":"2020-06-28T02:44:05","guid":{"rendered":"https:\/\/wp.ufpel.edu.br\/dcsa\/?page_id=2526"},"modified":"2020-07-08T18:23:11","modified_gmt":"2020-07-08T21:23:11","slug":"sistemas-de-gestao","status":"publish","type":"page","link":"https:\/\/wp.ufpel.edu.br\/dcsa\/sistemas-de-gestao\/","title":{"rendered":"SISTEMAS DE GEST\u00c3O"},"content":{"rendered":"<p>Este menu abre diversos sistemas de gest\u00e3o e informa\u00e7\u00e3o acad\u00eamicos que precisamos no dia a dia do trabalho. Caso precise que eu coloque mais alguma plataforma ou link para algum sistema relevante do seu trabalho entre em contato comigo (mconill@gmail.com) que eu providencio.<\/p>\n<p>&nbsp;<\/p>\n","protected":false},"excerpt":{"rendered":"<p>Este menu abre diversos sistemas de gest\u00e3o e informa\u00e7\u00e3o acad\u00eamicos que precisamos no dia a dia do trabalho. Caso precise que eu coloque mais alguma plataforma ou link para algum sistema relevante do seu trabalho entre em contato comigo (mconill@gmail.com) que eu providencio. &nbsp;<\/p>\n","protected":false},"author":367,"featured_media":0,"parent":0,"menu_order":0,"comment_status":"closed","ping_status":"closed","template":"","meta":{"footnotes":""},"class_list":["post-2526","page","type-page","status-publish","hentry","nodate","item-wrap"],"jetpack_sharing_enabled":true,"jetpack_likes_enabled":false,"_links":{"self":[{"href":"https:\/\/wp.ufpel.edu.br\/dcsa\/wp-json\/wp\/v2\/pages\/2526","targetHints":{"allow":["GET"]}}],"collection":[{"href":"https:\/\/wp.ufpel.edu.br\/dcsa\/wp-json\/wp\/v2\/pages"}],"about":[{"href":"https:\/\/wp.ufpel.edu.br\/dcsa\/wp-json\/wp\/v2\/types\/page"}],"author":[{"embeddable":true,"href":"https:\/\/wp.ufpel.edu.br\/dcsa\/wp-json\/wp\/v2\/users\/367"}],"replies":[{"embeddable":true,"href":"https:\/\/wp.ufpel.edu.br\/dcsa\/wp-json\/wp\/v2\/comments?post=2526"}],"version-history":[{"count":3,"href":"https:\/\/wp.ufpel.edu.br\/dcsa\/wp-json\/wp\/v2\/pages\/2526\/revisions"}],"predecessor-version":[{"id":2561,"href":"https:\/\/wp.ufpel.edu.br\/dcsa\/wp-json\/wp\/v2\/pages\/2526\/revisions\/2561"}],"wp:attachment":[{"href":"https:\/\/wp.ufpel.edu.br\/dcsa\/wp-json\/wp\/v2\/media?parent=2526"}],"curies":[{"name":"wp","href":"https:\/\/api.w.org\/{rel}","templated":true}]}}