{"id":244,"date":"2016-11-24T13:58:47","date_gmt":"2016-11-24T15:58:47","guid":{"rendered":"https:\/\/wp.ufpel.edu.br\/dcsa\/?page_id=244"},"modified":"2018-08-02T20:33:00","modified_gmt":"2018-08-02T23:33:00","slug":"projetos-em-andamento","status":"publish","type":"page","link":"https:\/\/wp.ufpel.edu.br\/dcsa\/projetos-em-andamento\/","title":{"rendered":"Projetos em Andamento"},"content":{"rendered":"<p><strong>PROJETOS DE PESQUISA<\/strong><\/p>\n<p>Estudo da economicidade dos sistemas de explora\u00e7\u00e3o agrosilvopastoril da Zona Sul do Estado do Rio Grande do Sul<br \/>\n<a href=\"https:\/\/wp.ufpel.edu.br\/dcsa\/professores\/rigatto\/\">Rigatto, Paulo<\/a> (Coordenador)<\/p>\n<p>Estudo de s\u00e9ries temporais de pre\u00e7os agr\u00edcolas<br \/>\n<a href=\"https:\/\/wp.ufpel.edu.br\/dcsa\/professores\/rigatto\/\">Rigatto, Paulo<\/a> (Coordenador)<\/p>\n<p>Atitude Empreendedora em diferentes ambientes universit\u00e1rios<br \/>\n<a href=\"https:\/\/wp.ufpel.edu.br\/dcsa\/professores\/canever-mario-duarte\/\">Canever, Mario<\/a> (Coordenador)<\/p>\n<p>Banco de dados agropecu\u00e1rio no Brasil: cria\u00e7\u00e3o, manuten\u00e7\u00e3o e atualiza\u00e7\u00e3o<br \/>\n<a style=\"background-color: #ffffff\" href=\"https:\/\/wp.ufpel.edu.br\/dcsa\/professores\/canever-mario-duarte\/\">Canever, Mario<\/a> (Colaborador)<\/p>\n<p>Impactos da Incerteza do pre\u00e7o do Petr\u00f3leo sobre commodities agr\u00edcolas<br \/>\n<a href=\"https:\/\/wp.ufpel.edu.br\/dcsa\/professores\/canever-mario-duarte\/\">Canever, Mario<\/a> (Coordenador)<\/p>\n<p>O empreendedorismo na agricultura familiar compreendendo a natureza e a relev\u00e2ncia das habilidades empreendedoras para o sucesso dos neg\u00f3cios<br \/>\n<a href=\"https:\/\/wp.ufpel.edu.br\/dcsa\/professores\/canever-mario-duarte\/\">Canever, Mario<\/a> (Coordenador); <a href=\"https:\/\/wp.ufpel.edu.br\/dcsa\/professores\/cotrim-souza-decio\/\">Cotrim, D\u00e9cio<\/a> (Colaborador)<\/p>\n<p>Transmiss\u00e3o de votalidade entre commodities no curto, m\u00e9dio e longo prazo<br \/>\n<a href=\"https:\/\/wp.ufpel.edu.br\/dcsa\/professores\/canever-mario-duarte\/\">Canever, Mario<\/a> (Coordenador)<\/p>\n<p>Valora\u00e7\u00e3o Econ\u00f4mica dos Servi\u00e7os Ecossist\u00eamicos na Constru\u00e7\u00e3o participativa de sistemas agroflorestais sucessionais no Territ\u00f3rio da Serra dos Tapes, RS II<br \/>\n<a href=\"https:\/\/wp.ufpel.edu.br\/dcsa\/professores\/mendonca-henrique-furtado-de\/\">Mendon\u00e7a, Henrique de<\/a> (Colaborador)<\/p>\n<p>A comida que alimenta o corpo e promove a inclus\u00e3o social: A experi\u00eancia das compras institucionais no restaurante escola da UFPel<br \/>\n<a href=\"https:\/\/wp.ufpel.edu.br\/dcsa\/professores\/saco-dos-anjos-flavio\/\">Saco dos Anjos, Fl\u00e1vio <\/a>\u00a0(Coordenador); <a href=\"https:\/\/wp.ufpel.edu.br\/dcsa\/professores\/caldas-nadia-vellada\/\">Caldas, N\u00e1dia<\/a> (Colaborador);\u00a0<a href=\"https:\/\/wp.ufpel.edu.br\/dcsa\/professores\/bezerra-antonio-jorge-amaral\/\">Bezerra, Antonio<\/a> (Colaborador)<\/p>\n<p>Por uma sociologia da seguran\u00e7a alimentar: o mito da fome no sul do Brasil<br \/>\n<a href=\"https:\/\/wp.ufpel.edu.br\/dcsa\/professores\/saco-dos-anjos-flavio\/\">Saco dos Anjos, Fl\u00e1vio <\/a>\u00a0(Coordenador)<\/p>\n<p>Qual o sabor dos territ\u00f3rios ga\u00fachos? Estudo sobre estrat\u00e9gias de diferencia\u00e7\u00e3o de produto agroalimentares no Estado do Rio Grande do Sul<br \/>\n<a href=\"https:\/\/wp.ufpel.edu.br\/dcsa\/professores\/saco-dos-anjos-flavio\/\">Saco dos Anjos, Fl\u00e1vio <\/a>\u00a0(Coordenador)<\/p>\n<p>Sustentabilidade e multifuncionalidade dos espa\u00e7os rurais<br \/>\n<a href=\"https:\/\/wp.ufpel.edu.br\/dcsa\/professores\/saco-dos-anjos-flavio\/\">Saco dos Anjos, Fl\u00e1vio <\/a>\u00a0(Coordenador)<\/p>\n<p>Avalia\u00e7\u00e3o e Gest\u00e3o dos Recursos H\u00eddricos da Bacia do Rio Guapor\u00e9<br \/>\n<a href=\"https:\/\/wp.ufpel.edu.br\/dcsa\/professores\/conill-mario-gomes\/\">Conill, M\u00e1rio<\/a> (Coordenador)<\/p>\n<p>Possibilidades e limites de uma unidade de compostagem de res\u00edduos de pesca em Pelotas\/RS<br \/>\n<a href=\"https:\/\/wp.ufpel.edu.br\/dcsa\/professores\/conill-mario-gomes\/\">Conill, M\u00e1rio<\/a> (Coordenador)<\/p>\n<p>Produ\u00e7\u00e3o agroecol\u00f3gica e indicadores de sustentabilidade<br \/>\n<a href=\"https:\/\/wp.ufpel.edu.br\/dcsa\/professores\/conill-mario-gomes\/\">Conill, M\u00e1rio<\/a> (Coordenador)<\/p>\n<p>Uso de indicadores de sustentabilidade para avalia\u00e7\u00e3o do processo de transi\u00e7\u00e3o agroecol\u00f3gica em pequenas propriedades leiteiras<br \/>\n<a href=\"https:\/\/wp.ufpel.edu.br\/dcsa\/professores\/conill-mario-gomes\/\">Conill, M\u00e1rio<\/a> (Colaborador)<\/p>\n<p>Influencia das capacidades mobiliz\u00e1veis e adicionais no processo de consolida\u00e7\u00e3o das agroind\u00fastrias\u00a0 familiares rurais<br \/>\n<a href=\"https:\/\/wp.ufpel.edu.br\/dcsa\/professores\/fernandes-lucio-andre-de-oliveira\/\">Fernandes, L\u00facio<\/a> (Colaborador)<\/p>\n<p>Valora\u00e7\u00e3o Econ\u00f4mica dos Servi\u00e7os Ecossist\u00eamicos na Constru\u00e7\u00e3o participativa de sistemas\u00a0 agroflorestais sucessionais no Territ\u00f3rio da Serra dos Tapes, RS II<br \/>\n<a href=\"https:\/\/wp.ufpel.edu.br\/dcsa\/professores\/fernandes-lucio-andre-de-oliveira\/\">Fernandes, L\u00facio<\/a> (Coordenador)<\/p>\n<p>Concep\u00e7\u00f5es de extens\u00e3o e desenvolvimento na Universidade Federal de Pelotas: uma an\u00e1lise a partir dos atores<br \/>\n<a href=\"https:\/\/wp.ufpel.edu.br\/dcsa\/professores\/caldas-nadia-vellada\/\">Caldas, N\u00e1dia<\/a> (Coordenador)<\/p>\n<p>Espa\u00e7os de resist\u00eancia, espa\u00e7os de afirma\u00e7\u00e3o: Agricultura familiar e certifica\u00e7\u00e3o de org\u00e2nicos no sul do Brasil<br \/>\n<a href=\"https:\/\/wp.ufpel.edu.br\/dcsa\/professores\/caldas-nadia-vellada\/\">Caldas, N\u00e1dia<\/a> (Coordenador); <a href=\"https:\/\/wp.ufpel.edu.br\/dcsa\/professores\/saco-dos-anjos-flavio\/\">Saco dos Anjos, Fl\u00e1vio <\/a>\u00a0(Colaborador)<\/p>\n<p>An\u00e1lise dos processos da a\u00e7\u00e3o extensionista junto a agricultores familiares que cultivam tabaco<br \/>\n<a href=\"https:\/\/wp.ufpel.edu.br\/dcsa\/professores\/cotrim-souza-decio\/\">Cotrim, D\u00e9cio<\/a> (Coordenador); <a href=\"https:\/\/wp.ufpel.edu.br\/dcsa\/professores\/canever-mario-duarte\/\">Canever, Mario<\/a> (Colaborador)<\/p>\n<p>Grupo de Agroecologia Sinergia: reconectando produ\u00e7\u00e3o e consumo<br \/>\n<a href=\"https:\/\/wp.ufpel.edu.br\/dcsa\/professores\/cotrim-souza-decio\/\">Cotrim, D\u00e9cio<\/a> (Coordenador); <a href=\"https:\/\/wp.ufpel.edu.br\/dcsa\/professores\/fernandes-lucio-andre-de-oliveira\/\">Fernandes, L\u00facio<\/a> (Colaborador)<\/p>\n<p>Possibilidades e limites de uma unidade de compostagem de res\u00edduos de pesca em Pelotas\/RS<br \/>\n<a href=\"https:\/\/wp.ufpel.edu.br\/dcsa\/professores\/cotrim-souza-decio\/\">Cotrim, D\u00e9cio<\/a> (Colaborador)<\/p>\n<p><strong>PROJETOS DE ENSINO<\/strong><\/p>\n<p>Ensinar aprendendo agroecologia pelo dialogo dos saberes<br \/>\n<a href=\"https:\/\/wp.ufpel.edu.br\/dcsa\/professores\/fernandes-lucio-andre-de-oliveira\/\">Fernandes, L\u00facio<\/a> (Colaborador)<\/p>\n<p>Pr\u00e1ticas em Extens\u00e3o Rural nos assentamentos da Reforma Agr\u00e1ria da Regi\u00e3o Sul<br \/>\n<a href=\"https:\/\/wp.ufpel.edu.br\/dcsa\/professores\/fernandes-lucio-andre-de-oliveira\/\">Fernandes, L\u00facio<\/a> (Colaborador)<\/p>\n<p>Qualifica\u00e7\u00f5es did\u00e1tico-pedag\u00f3gicas nas disciplinas obrigat\u00f3ria oferecidas pelo Departamento de Ci\u00eancias Sociais Agr\u00e1rias<br \/>\n<a href=\"https:\/\/wp.ufpel.edu.br\/dcsa\/professores\/fernandes-lucio-andre-de-oliveira\/\">Fernandes, L\u00facio<\/a> (Participante); <a href=\"https:\/\/wp.ufpel.edu.br\/dcsa\/professores\/conill-mario-gomes\/\">Conill, M\u00e1rio<\/a> (Participante)<\/p>\n<p>Rural em Imagens<br \/>\n<a href=\"https:\/\/wp.ufpel.edu.br\/dcsa\/professores\/caldas-nadia-vellada\/\">Caldas, N\u00e1dia<\/a> (Coordenador); <a href=\"https:\/\/wp.ufpel.edu.br\/dcsa\/professores\/saco-dos-anjos-flavio\/\">Saco dos Anjos, Fl\u00e1vio <\/a>\u00a0(Colaborador); <a href=\"https:\/\/wp.ufpel.edu.br\/dcsa\/professores\/bezerra-antonio-jorge-amaral\/\">Bezerra, Antonio<\/a> (Colaborador)<\/p>\n<p><strong>PROJETOS UNIFICADOS<\/strong><\/p>\n<p>Bem da Terra: redes de redes num circuito local de com\u00e9rcio justo e solid\u00e1rio. &#8211; A\u00e7\u00e3o: Repensando lugares e atores: alimentos desenvolvimento e pr\u00e1ticas<br \/>\n<a href=\"https:\/\/wp.ufpel.edu.br\/dcsa\/professores\/conill-mario-gomes\/\">Conill, M\u00e1rio<\/a> (Colaborador); <a href=\"https:\/\/wp.ufpel.edu.br\/dcsa\/professores\/cotrim-souza-decio\/\">Cotrim, D\u00e9cio<\/a> (Debatedor)<\/p>\n<p>Bem da Terra: redes de redes num circuito local de com\u00e9rcio justo e solid\u00e1rio. &#8211; A\u00e7\u00e3o: Reuni\u00f5es de planejamento, visitas e reuni\u00f5es a empreendimentos, pesquisa e desenvolvimento para atendimento de demandas espec\u00edficas, atividades pedag\u00f3gicas (cursos e oficinas) destinados aos coletivos atendidos<br \/>\n<a href=\"https:\/\/wp.ufpel.edu.br\/dcsa\/professores\/cotrim-souza-decio\/\">Cotrim, D\u00e9cio<\/a> (Colaborador); <a href=\"https:\/\/wp.ufpel.edu.br\/dcsa\/professores\/mendonca-henrique-furtado-de\/\">Mendon\u00e7a, Henrique de<\/a> (Colaborador)<\/p>\n<p>Programa de Desenvolvimento da Bovinocultura de Leite da Metade Sul do Rio Grande do Sul &#8211; Competitividade e Sustentabilidade da Pecu\u00e1ria Leiteira Familiar &#8211; A\u00e7\u00e3o: Discuss\u00e3o do Levantamento dos dados de propriedades rurais produtoras de leite<br \/>\n<a href=\"https:\/\/wp.ufpel.edu.br\/dcsa\/professores\/bezerra-antonio-jorge-amaral\/\">Bezerra, Antonio<\/a> (Colaborador)<\/p>\n<p>Compostagem: transfer\u00eancia de tecnologia para o tratamento de residuos de pescados da col\u00f4nia de Pescadores Z-3 \u2013 A\u00e7\u00e3o: Compostagem: transfer\u00eancia de tecnologia para o tratamento de residuos de pescados da col\u00f4nia de Pescadores Z-3<br \/>\n<a href=\"https:\/\/wp.ufpel.edu.br\/dcsa\/professores\/conill-mario-gomes\/\">Conill, M\u00e1rio<\/a> (Colaborador)<\/p>\n<p>Semear economia solid\u00e1ria: empoderando as artes\u00e3s e construindo a cidadania na Col\u00f4nia Z3<br \/>\n<a href=\"https:\/\/wp.ufpel.edu.br\/dcsa\/professores\/mendonca-henrique-furtado-de\/\">Mendon\u00e7a, Henrique de<\/a> (Coordenador Ajunto)<\/p>\n","protected":false},"excerpt":{"rendered":"<p>PROJETOS DE PESQUISA Estudo da economicidade dos sistemas de explora\u00e7\u00e3o agrosilvopastoril da Zona Sul do Estado do Rio Grande do Sul Rigatto, Paulo (Coordenador) Estudo de s\u00e9ries temporais de pre\u00e7os agr\u00edcolas Rigatto, Paulo (Coordenador) Atitude Empreendedora em diferentes ambientes universit\u00e1rios Canever, Mario (Coordenador) Banco de dados agropecu\u00e1rio no Brasil: cria\u00e7\u00e3o, manuten\u00e7\u00e3o e atualiza\u00e7\u00e3o Canever, Mario &hellip; <\/p>\n<p><a class=\"more-link btn\" href=\"https:\/\/wp.ufpel.edu.br\/dcsa\/projetos-em-andamento\/\">Continue lendo<\/a><\/p>\n","protected":false},"author":141,"featured_media":0,"parent":0,"menu_order":0,"comment_status":"closed","ping_status":"closed","template":"template-twocolumnsleft.php","meta":{"footnotes":""},"class_list":["post-244","page","type-page","status-publish","hentry","nodate","item-wrap"],"jetpack_sharing_enabled":true,"jetpack_likes_enabled":false,"_links":{"self":[{"href":"https:\/\/wp.ufpel.edu.br\/dcsa\/wp-json\/wp\/v2\/pages\/244","targetHints":{"allow":["GET"]}}],"collection":[{"href":"https:\/\/wp.ufpel.edu.br\/dcsa\/wp-json\/wp\/v2\/pages"}],"about":[{"href":"https:\/\/wp.ufpel.edu.br\/dcsa\/wp-json\/wp\/v2\/types\/page"}],"author":[{"embeddable":true,"href":"https:\/\/wp.ufpel.edu.br\/dcsa\/wp-json\/wp\/v2\/users\/141"}],"replies":[{"embeddable":true,"href":"https:\/\/wp.ufpel.edu.br\/dcsa\/wp-json\/wp\/v2\/comments?post=244"}],"version-history":[{"count":7,"href":"https:\/\/wp.ufpel.edu.br\/dcsa\/wp-json\/wp\/v2\/pages\/244\/revisions"}],"predecessor-version":[{"id":1054,"href":"https:\/\/wp.ufpel.edu.br\/dcsa\/wp-json\/wp\/v2\/pages\/244\/revisions\/1054"}],"wp:attachment":[{"href":"https:\/\/wp.ufpel.edu.br\/dcsa\/wp-json\/wp\/v2\/media?parent=244"}],"curies":[{"name":"wp","href":"https:\/\/api.w.org\/{rel}","templated":true}]}}