{"id":2123,"date":"2020-05-29T16:49:50","date_gmt":"2020-05-29T19:49:50","guid":{"rendered":"https:\/\/wp.ufpel.edu.br\/dcsa\/?page_id=2123"},"modified":"2020-06-01T10:14:45","modified_gmt":"2020-06-01T13:14:45","slug":"noticias-2","status":"publish","type":"page","link":"https:\/\/wp.ufpel.edu.br\/dcsa\/noticias-2\/","title":{"rendered":"Not\u00edcias do Observat\u00f3rio"},"content":{"rendered":"<p>Veja aqui somente o conte\u00fado de terceiros que publicamos no nosso site relacionadas \u00e0 COVID-19 e \u00e0 situa\u00e7\u00e3o Agricultura Familiar e temas afins. Se quiser ver todas as not\u00edcias acesse o item <a href=\"https:\/\/wp.ufpel.edu.br\/dcsa\/noticias\/\">Not\u00edcias\u00a0<\/a> no menu principal.<\/p>\r\n<ul class=\"lcp_catlist\" id=\"lcp_instance_0\"><li><a href=\"https:\/\/wp.ufpel.edu.br\/dcsa\/resultados-finais-selecao-de-bolsista-de-extensao-edital-i-2026\/\">Resultados Finais: Sele\u00e7\u00e3o de Bolsista de Extens\u00e3o Universit\u00e1ria &#8211; Edital I\/2026<\/a><\/li><li><a href=\"https:\/\/wp.ufpel.edu.br\/dcsa\/resultados-do-edital-i-2026-selecao-de-bolsistas-para-extensao-universitaria\/\">Resultados do Edital I\/2026 &#8211; Sele\u00e7\u00e3o de Bolsistas para Extens\u00e3o Universit\u00e1ria<\/a><\/li><li><a href=\"https:\/\/wp.ufpel.edu.br\/dcsa\/dcsa-seleciona-bolsistas-para-extensao-universitaria\/\">DCSA seleciona bolsistas para Extens\u00e3o Universit\u00e1ria<\/a><\/li><li><a href=\"https:\/\/wp.ufpel.edu.br\/dcsa\/edital-de-selecao-complementar-para-o-ppgdtsa\/\">Edital de sele\u00e7\u00e3o complementar para o PPGDTSA<\/a><\/li><li><a href=\"https:\/\/wp.ufpel.edu.br\/dcsa\/ciclo-de-palestras-do-observatorio-do-dcsa-4\/\">Ciclo de Palestras do Observat\u00f3rio do DCSA<\/a><\/li><li><a href=\"https:\/\/wp.ufpel.edu.br\/dcsa\/ciclo-de-palestras-do-observatorio-do-dcsa-3\/\">Ciclo de Palestras do Observat\u00f3rio do DCSA<\/a><\/li><li><a href=\"https:\/\/wp.ufpel.edu.br\/dcsa\/informe-no-08-um-debate-sobre-soberania-e-seguranca-alimentar\/\">Informe N\u00ba 08 &#8211; Um debate sobre Soberania e Seguran\u00e7a Alimentar<\/a><\/li><li><a href=\"https:\/\/wp.ufpel.edu.br\/dcsa\/ciclo-de-palestras-do-observatorio-do-dcsa-2\/\">Ciclo de Palestras do Observat\u00f3rio do DCSA<\/a><\/li><li><a href=\"https:\/\/wp.ufpel.edu.br\/dcsa\/ciclo-de-palestras-do-observatorio-do-dcsa\/\">Ciclo de Palestras do Observat\u00f3rio do DCSA<\/a><\/li><li><a href=\"https:\/\/wp.ufpel.edu.br\/dcsa\/un-plan-de-choque-para-los-temporeros-agricolas\/\">Un plan de choque para los temporeros agr\u00edcolas<\/a><\/li><li><a href=\"https:\/\/wp.ufpel.edu.br\/dcsa\/ciclo-de-palestras-observatorio-da-seca-e-da-covid-19-na-agricultura-familiar-da-regiao-sul-do-rs\/\">Ciclo de Palestras: Observat\u00f3rio da Seca e da Covid-19 na Agricultura Familiar da Regi\u00e3o Sul do RS<\/a><\/li><li><a href=\"https:\/\/wp.ufpel.edu.br\/dcsa\/auxilio-para-agricultores-familiares-e-aprovado-na-camara-dos-deputados\/\">Aux\u00edlio para agricultores familiares \u00e9 aprovado na C\u00e2mara dos Deputados<\/a><\/li><li><a href=\"https:\/\/wp.ufpel.edu.br\/dcsa\/informe-no-07-em-podcast\/\">Informe N\u00ba 07 em Podcast<\/a><\/li><li><a href=\"https:\/\/wp.ufpel.edu.br\/dcsa\/publicado-o-informe-no-07-do-observatorio-do-dcsa\/\">Publicado o Informe N\u00ba 07 do Observat\u00f3rio do DCSA<\/a><\/li><li><a href=\"https:\/\/wp.ufpel.edu.br\/dcsa\/fao-preve-retrocesso-historico-no-combate-a-fome-na-america-latina\/\">FAO prev\u00ea retrocesso hist\u00f3rico no combate a fome na Am\u00e9rica Latina<\/a><\/li><li><a href=\"https:\/\/wp.ufpel.edu.br\/dcsa\/economistas-pela-democracia-soltam-nota-sobre-asfixia-da-agricultura-familiar\/\">Economistas pela Democracia soltam nota sobre asfixia da agricultura familiar<\/a><\/li><li><a href=\"https:\/\/wp.ufpel.edu.br\/dcsa\/proposta-preve-compra-de-alimentos-da-agricultura-familiar-e-doacao-a-populacao\/\">Proposta prev\u00ea compra de alimentos da agricultura familiar e doa\u00e7\u00e3o \u00e0 popula\u00e7\u00e3o<\/a><\/li><li><a href=\"https:\/\/wp.ufpel.edu.br\/dcsa\/sete-efeitos-da-pandemia-sobre-a-agricultura-e-o-brasil-rural-e-interiorano\/\">Sete efeitos da pandemia sobre a agricultura e o Brasil rural e interiorano<\/a><\/li><li><a href=\"https:\/\/wp.ufpel.edu.br\/dcsa\/nuvem-de-gafanhotos-se-aproxima-do-brasil\/\">Nuvem de gafanhotos se aproxima do Brasil<\/a><\/li><li><a href=\"https:\/\/wp.ufpel.edu.br\/dcsa\/expressa-extensao-chamada-aberta-para-submissao-de-textos\/\">Expressa Extens\u00e3o &#8211; Chamada aberta para submiss\u00e3o de textos<\/a><\/li><li><a href=\"https:\/\/wp.ufpel.edu.br\/dcsa\/formas-alternativas-de-comercializacao-de-organicos\/\">Formas Alternativas de comercializa\u00e7\u00e3o de org\u00e2nicos<\/a><\/li><li><a href=\"https:\/\/wp.ufpel.edu.br\/dcsa\/observacoes-sobre-os-assalariados-agricolas\/\">Observa\u00e7\u00f5es sobre os assalariados agr\u00edcolas<\/a><\/li><li><a href=\"https:\/\/wp.ufpel.edu.br\/dcsa\/camara-deve-apreciar-projeto-de-apoio-a-agricultura-familiar-nesta-terca-feira-16-06\/\">C\u00e2mara deve apreciar projeto de apoio \u00e0 agricultura familiar nesta ter\u00e7a-feira (16\/06)<\/a><\/li><li><a href=\"https:\/\/wp.ufpel.edu.br\/dcsa\/programa-troca-troca-agricultores-familiares-terao-aumento-no-subsidio-e-a-anistia\/\">Programa Troca-Troca: Agricultores Familiares ter\u00e3o aumento no subs\u00eddio e a anistia<\/a><\/li><li><a href=\"https:\/\/wp.ufpel.edu.br\/dcsa\/publicado-o-informe-no-06-do-observatorio-do-dcsa\/\">Publicado o Informe N\u00ba 06 do Observat\u00f3rio do DCSA<\/a><\/li><li><a href=\"https:\/\/wp.ufpel.edu.br\/dcsa\/informes-do-observatorio\/\">Informes do Observat\u00f3rio<\/a><\/li><li><a href=\"https:\/\/wp.ufpel.edu.br\/dcsa\/adufpel-publica-materia-sobre-o-observatorio-do-dcsa\/\">ADUFPel publica mat\u00e9ria sobre o Observat\u00f3rio do DCSA<\/a><\/li><li><a href=\"https:\/\/wp.ufpel.edu.br\/dcsa\/dcsa-lanca-pagina-do-observatorio-no-facebook\/\">DCSA lan\u00e7a p\u00e1gina do Observat\u00f3rio no Facebook<\/a><\/li><li><a href=\"https:\/\/wp.ufpel.edu.br\/dcsa\/dcsa-lanca-pagina-no-facebook\/\">DCSA lan\u00e7a p\u00e1gina no facebook<\/a><\/li><li><a href=\"https:\/\/wp.ufpel.edu.br\/dcsa\/um-setor-infectado-propostas-para-as-doencas-do-sistema-agroalimentar\/\">Um setor infectado: propostas para as doen\u00e7as do sistema agroalimentar<\/a><\/li><li><a href=\"https:\/\/wp.ufpel.edu.br\/dcsa\/a-agricultura-espanhola-e-europeia-frente-a-pandemia\/\">A agricultura espanhola e europeia frente \u00e0 Pandemia<\/a><\/li><li><a href=\"https:\/\/wp.ufpel.edu.br\/dcsa\/fundo-socioambiental-conexsus-abre-linha-de-credito-emergencial\/\">Fundo Socioambiental Conexsus abre linha de cr\u00e9dito emergencial<\/a><\/li><li><a href=\"https:\/\/wp.ufpel.edu.br\/dcsa\/chamada-publica-aquisicao-de-alimentos\/\">Chamada P\u00fablica &#8211; Aquisi\u00e7\u00e3o de Alimentos<\/a><\/li><li><a href=\"https:\/\/wp.ufpel.edu.br\/dcsa\/1o-forum-on-line-de-sustentabilidade-ambiental-no-pampa\/\">1\u00ba F\u00f3rum on-line de Sustentabilidade Ambiental no Pampa<\/a><\/li><li><a href=\"https:\/\/wp.ufpel.edu.br\/dcsa\/frente-parlamentar-da-agricultura-familiar-pede-auxilio-emergencial\/\">Frente Parlamentar da Agricultura Familiar pede aux\u00edlio emergencial<\/a><\/li><li><a href=\"https:\/\/wp.ufpel.edu.br\/dcsa\/pandemia-sufoca-agricultura-familiar-no-brasil\/\">Pandemia sufoca agricultura familiar no Brasil<\/a><\/li><li><a href=\"https:\/\/wp.ufpel.edu.br\/dcsa\/especial-covid-19-pesquisa-sobre-impactos-da-pandemia-na-agricultura-familiar\/\">Especial Covid 19 &#8211; Pesquisa sobre impactos da pandemia na agricultura familiar<\/a><\/li><li><a href=\"https:\/\/wp.ufpel.edu.br\/dcsa\/efasul-oferece-produtos-coloniais\/\">EFASUL oferece produtos coloniais<\/a><\/li><li><a href=\"https:\/\/wp.ufpel.edu.br\/dcsa\/morro-redondo-investe-r64-mil-na-criacao-do-paa-municipal\/\">Morro Redondo investe R$64 mil na cria\u00e7\u00e3o do PAA Municipal<\/a><\/li><li><a href=\"https:\/\/wp.ufpel.edu.br\/dcsa\/entidades-denunciam-desmonte-na-emater-em-meio-a-estiagem-e-a-pandemia-de-coronavirus\/\">Entidades denunciam desmonte na Emater em meio \u00e0 estiagem e \u00e0 pandemia de coronav\u00edrus<\/a><\/li><li><a href=\"https:\/\/wp.ufpel.edu.br\/dcsa\/live-do-globo-rural-agricultura-familiar-impactos-e-desafios-para-enfrentar-a-pandemia-de-covid-19\/\">Live do Globo Rural: AGRICULTURA FAMILIAR: IMPACTOS E DESAFIOS PARA ENFRENTAR A PANDEMIA DE COVID-19<\/a><\/li><li><a href=\"https:\/\/wp.ufpel.edu.br\/dcsa\/agricultores-falam-sobre-mudancas-nas-feiras-devido-ao-coronavirus\/\">Agricultores falam sobre mudan\u00e7as nas feiras devido ao coronav\u00edrus<\/a><\/li><li><a href=\"https:\/\/wp.ufpel.edu.br\/dcsa\/agricultura-familiar-governo-solicita-criacao-de-credito-emergencial\/\">Agricultura familiar: governo solicita cria\u00e7\u00e3o de cr\u00e9dito emergencial<\/a><\/li><li><a href=\"https:\/\/wp.ufpel.edu.br\/dcsa\/ministra-negocia-inclusao-de-agricultores-familiares-em-auxilio-emergencial\/\">Ministra negocia inclus\u00e3o de agricultores familiares em aux\u00edlio emergencial<\/a><\/li><li><a href=\"https:\/\/wp.ufpel.edu.br\/dcsa\/coronavirus-afeta-funcionamento-de-frigorificos-e-abates-de-emergencia-podem-comecar\/\">Coronav\u00edrus afeta funcionamento de frigor\u00edficos e abates de emerg\u00eancia podem come\u00e7ar<\/a><\/li><li><a href=\"https:\/\/wp.ufpel.edu.br\/dcsa\/agricultores-que-ficaram-sem-auxilio-emergencial-sofrem-com-a-seca-no-rs\/\">Agricultores que ficaram sem aux\u00edlio emergencial sofrem com a seca no RS<\/a><\/li><li><a href=\"https:\/\/wp.ufpel.edu.br\/dcsa\/pandemia-pescadores-artesanais-podem-receber-auxilio-emergencial\/\">Pandemia: Pescadores artesanais podem receber aux\u00edlio emergencial<\/a><\/li><li><a href=\"https:\/\/wp.ufpel.edu.br\/dcsa\/o-sistema-alimentar-mundial-esta-doente-e-a-culpa-nao-e-da-covid-19\/\">O sistema alimentar mundial est\u00e1 doente e a culpa n\u00e3o \u00e9 da Covid-19<\/a><\/li><li><a href=\"https:\/\/wp.ufpel.edu.br\/dcsa\/agricultura-familiar-no-pos-coronavirus\/\">Agricultura familiar no p\u00f3s-coronavirus<\/a><\/li><li><a href=\"https:\/\/wp.ufpel.edu.br\/dcsa\/mapa-contra-o-coronavirus\/\">Minist\u00e9rio da Agricultura contra o coronav\u00edrus<\/a><\/li><li><a href=\"https:\/\/wp.ufpel.edu.br\/dcsa\/covid-19-rs-lanca-feira-virtual-da-agricultura-familiar-para-escoar-producao\/\">Covid-19: RS lan\u00e7a Feira Virtual da Agricultura Familiar para escoar produ\u00e7\u00e3o<\/a><\/li><li><a href=\"https:\/\/wp.ufpel.edu.br\/dcsa\/agricultores-familiares-podem-avisar-pelo-whatsapp-perdas-de-alimentos-devido-a-covid-19\/\">Agricultores familiares podem avisar pelo WhatsApp perdas de alimentos devido \u00e0 Covid-19<\/a><\/li><li><a href=\"https:\/\/wp.ufpel.edu.br\/dcsa\/cna-debate-acoes-para-mitigar-impactos-do-coronavirus-na-agricultura-familiar\/\">CNA debate a\u00e7\u00f5es para mitigar impactos do coronav\u00edrus na agricultura familiar<\/a><\/li><li><a href=\"https:\/\/wp.ufpel.edu.br\/dcsa\/como-a-pandemia-causa-um-estrago-na-agricultura-familiar\/\">Como a pandemia causa um estrago na agricultura familiar<\/a><\/li><li><a href=\"https:\/\/wp.ufpel.edu.br\/dcsa\/governo-federal-confirma-r-500-milhoes-para-apoiar-agricultura-familiar-na-pandemia-do-coronavirus\/\">Governo federal confirma R$ 500 milh\u00f5es para apoiar agricultura familiar na pandemia do coronav\u00edrus<\/a><\/li><li><a href=\"https:\/\/wp.ufpel.edu.br\/dcsa\/cartilha-orientacoes-para-a-execucao-do-pnae\/\">Cartilha &#8211; Orienta\u00e7\u00f5es para a Execu\u00e7\u00e3o do PNAE<\/a><\/li><li><a href=\"https:\/\/wp.ufpel.edu.br\/dcsa\/chamada-publica-licitacoes-e-contratos\/\">Aquisi\u00e7\u00e3o de g\u00eaneros aliment\u00edcios provenientes da agricultura familiar para elabora\u00e7\u00e3o da merenda escolar.<\/a><\/li><\/ul>\r\n\r\n<p>&nbsp;<\/p>\r\n","protected":false},"excerpt":{"rendered":"<p>Veja aqui somente o conte\u00fado de terceiros que publicamos no nosso site relacionadas \u00e0 COVID-19 e \u00e0 situa\u00e7\u00e3o Agricultura Familiar e temas afins. Se quiser ver todas as not\u00edcias acesse o item Not\u00edcias\u00a0 no menu principal. &nbsp;<\/p>\n","protected":false},"author":367,"featured_media":0,"parent":0,"menu_order":0,"comment_status":"closed","ping_status":"closed","template":"","meta":{"footnotes":""},"class_list":["post-2123","page","type-page","status-publish","hentry","nodate","item-wrap"],"jetpack_sharing_enabled":true,"jetpack_likes_enabled":false,"_links":{"self":[{"href":"https:\/\/wp.ufpel.edu.br\/dcsa\/wp-json\/wp\/v2\/pages\/2123","targetHints":{"allow":["GET"]}}],"collection":[{"href":"https:\/\/wp.ufpel.edu.br\/dcsa\/wp-json\/wp\/v2\/pages"}],"about":[{"href":"https:\/\/wp.ufpel.edu.br\/dcsa\/wp-json\/wp\/v2\/types\/page"}],"author":[{"embeddable":true,"href":"https:\/\/wp.ufpel.edu.br\/dcsa\/wp-json\/wp\/v2\/users\/367"}],"replies":[{"embeddable":true,"href":"https:\/\/wp.ufpel.edu.br\/dcsa\/wp-json\/wp\/v2\/comments?post=2123"}],"version-history":[{"count":8,"href":"https:\/\/wp.ufpel.edu.br\/dcsa\/wp-json\/wp\/v2\/pages\/2123\/revisions"}],"predecessor-version":[{"id":2260,"href":"https:\/\/wp.ufpel.edu.br\/dcsa\/wp-json\/wp\/v2\/pages\/2123\/revisions\/2260"}],"wp:attachment":[{"href":"https:\/\/wp.ufpel.edu.br\/dcsa\/wp-json\/wp\/v2\/media?parent=2123"}],"curies":[{"name":"wp","href":"https:\/\/api.w.org\/{rel}","templated":true}]}}