{"id":1862,"date":"2020-05-21T10:29:49","date_gmt":"2020-05-21T13:29:49","guid":{"rendered":"https:\/\/wp.ufpel.edu.br\/dcsa\/?page_id=1862"},"modified":"2020-05-22T00:42:09","modified_gmt":"2020-05-22T03:42:09","slug":"colaboradores","status":"publish","type":"page","link":"https:\/\/wp.ufpel.edu.br\/dcsa\/colaboradores\/","title":{"rendered":"Colaboradores"},"content":{"rendered":"<p>O DCSA conta com um grande grupo de colaboradores(as) composto por:<\/p>\n<p><a href=\"https:\/\/wp.ufpel.edu.br\/dcsa\/grupo\/docente\/\">Professores<\/a><\/p>\n<p><a href=\"https:\/\/wp.ufpel.edu.br\/dcsa\/grupo\/discente\/\">Discentes<\/a><\/p>\n<p><a href=\"https:\/\/wp.ufpel.edu.br\/dcsa\/grupo\/egressos-pos-graduacao\/\">Egressos de P\u00f3s Gradua\u00e7\u00e3o<\/a><\/p>\n<p><a href=\"https:\/\/wp.ufpel.edu.br\/dcsa\/grupo\/estagiarios\/\">Estagi\u00e1rios(as)<\/a><\/p>\n<p><a href=\"https:\/\/wp.ufpel.edu.br\/dcsa\/grupo\/apoiadores\/\">Apoiadores(as)<\/a><\/p>\n<p>&nbsp;<\/p>\n","protected":false},"excerpt":{"rendered":"<p>O DCSA conta com um grande grupo de colaboradores(as) composto por: Professores Discentes Egressos de P\u00f3s Gradua\u00e7\u00e3o Estagi\u00e1rios(as) Apoiadores(as) &nbsp;<\/p>\n","protected":false},"author":141,"featured_media":0,"parent":0,"menu_order":0,"comment_status":"closed","ping_status":"closed","template":"template-twocolumnsleft.php","meta":{"footnotes":""},"class_list":["post-1862","page","type-page","status-publish","hentry","nodate","item-wrap"],"jetpack_sharing_enabled":true,"jetpack_likes_enabled":false,"_links":{"self":[{"href":"https:\/\/wp.ufpel.edu.br\/dcsa\/wp-json\/wp\/v2\/pages\/1862","targetHints":{"allow":["GET"]}}],"collection":[{"href":"https:\/\/wp.ufpel.edu.br\/dcsa\/wp-json\/wp\/v2\/pages"}],"about":[{"href":"https:\/\/wp.ufpel.edu.br\/dcsa\/wp-json\/wp\/v2\/types\/page"}],"author":[{"embeddable":true,"href":"https:\/\/wp.ufpel.edu.br\/dcsa\/wp-json\/wp\/v2\/users\/141"}],"replies":[{"embeddable":true,"href":"https:\/\/wp.ufpel.edu.br\/dcsa\/wp-json\/wp\/v2\/comments?post=1862"}],"version-history":[{"count":11,"href":"https:\/\/wp.ufpel.edu.br\/dcsa\/wp-json\/wp\/v2\/pages\/1862\/revisions"}],"predecessor-version":[{"id":1976,"href":"https:\/\/wp.ufpel.edu.br\/dcsa\/wp-json\/wp\/v2\/pages\/1862\/revisions\/1976"}],"wp:attachment":[{"href":"https:\/\/wp.ufpel.edu.br\/dcsa\/wp-json\/wp\/v2\/media?parent=1862"}],"curies":[{"name":"wp","href":"https:\/\/api.w.org\/{rel}","templated":true}]}}