{"id":186,"date":"2016-11-09T08:47:36","date_gmt":"2016-11-09T10:47:36","guid":{"rendered":"https:\/\/wp.ufpel.edu.br\/dcsa\/?page_id=186"},"modified":"2020-06-10T09:41:38","modified_gmt":"2020-06-10T12:41:38","slug":"pos-graduacao","status":"publish","type":"page","link":"https:\/\/wp.ufpel.edu.br\/dcsa\/ensino\/pos-graduacao\/","title":{"rendered":"P\u00f3s-Gradua\u00e7\u00e3o"},"content":{"rendered":"<p><span style=\"font-size: 14pt\">Os Professores do Departamento de Ci\u00eancias Sociais Agr\u00e1rias atuam nos seguintes Cursos de P\u00f3s-Gradua\u00e7\u00e3o da Universidade Federal de Pelotas:<\/span><\/p>\n<ul>\n<li><span style=\"font-size: 14pt\">Mestrado em Desenvolvimento Territorial e Sistemas Agroindustriais<\/span><\/li>\n<li><span style=\"font-size: 14pt\">Mestrado e Doutorado em Sistemas de Produ\u00e7\u00e3o Agr\u00edcola Familiar<\/span><\/li>\n<li><span style=\"font-size: 14pt\">Mestrado e Doutorado em Sociologia<\/span><\/li>\n<li><span style=\"font-size: 14pt\">Mestrado e Doutorado em Organiza\u00e7\u00f5es e Mercados<\/span><\/li>\n<li><span style=\"font-size: 14pt\">Mestrado em Mem\u00f3ria Social e Patrim\u00f4nio Cultural\u00a0<\/span><\/li>\n<\/ul>\n<p>&nbsp;<\/p>\n<p><span style=\"font-size: 14pt\">Veja a lista de disciplinas ofertadas. Clique nos c\u00f3digos ou nos nomes para detalhes sobre o professor respons\u00e1vel, curso, cr\u00e9ditos, ementas e outras informa\u00e7\u00f5es (apenas em Portugu\u00eas).<\/span><\/p>\n<table style=\"height: 1109px\" width=\"803\">\n<thead>\n<tr style=\"height: 45px\">\n<td style=\"height: 45px;width: 84px\"><strong>C\u00d3DIGO<\/strong><\/td>\n<td style=\"height: 45px;width: 665px\"><strong>NOME<\/strong><\/td>\n<\/tr>\n<\/thead>\n<tbody>\n<tr style=\"height: 27px\">\n<td style=\"height: 27px;width: 84px\"><a href=\"https:\/\/institucional.ufpel.edu.br\/disciplinas\/id\/9910\">0188059<\/a><\/td>\n<td style=\"height: 27px;width: 665px\"><a href=\"https:\/\/institucional.ufpel.edu.br\/disciplinas\/id\/9910\">SEMIN\u00c1RIOS DE PESQUISA<\/a><\/td>\n<\/tr>\n<tr style=\"height: 61px\">\n<td style=\"height: 61px;width: 84px\"><a href=\"https:\/\/institucional.ufpel.edu.br\/disciplinas\/id\/9364\">0188066<\/a><\/td>\n<td style=\"height: 61px;width: 665px\"><a href=\"https:\/\/institucional.ufpel.edu.br\/disciplinas\/id\/9364\">METODOLOGIA MULTICRIT\u00c9RIO PARA APOIO \u00c0 DECIS\u00c3O<\/a><\/td>\n<\/tr>\n<tr style=\"height: 61px\">\n<td style=\"height: 61px;width: 84px\"><a href=\"https:\/\/institucional.ufpel.edu.br\/disciplinas\/id\/10943\">0188068<\/a><\/td>\n<td style=\"height: 61px;width: 665px\"><a href=\"https:\/\/institucional.ufpel.edu.br\/disciplinas\/id\/10943\">SINAIS DISTINTIVOS DE MERCADO NO \u00c2MBITO DA AGRICULTURA FAMILIAR<\/a><\/td>\n<\/tr>\n<tr style=\"height: 61px\">\n<td style=\"height: 61px;width: 84px\"><a href=\"https:\/\/institucional.ufpel.edu.br\/disciplinas\/id\/10958\">0188069<\/a><\/td>\n<td style=\"height: 61px;width: 665px\"><a href=\"https:\/\/institucional.ufpel.edu.br\/disciplinas\/id\/10958\">ECONOMIA ECOL\u00d3GICA E DESENVOLVIMENTO RURAL SUSTENT\u00c1VEL<\/a><\/td>\n<\/tr>\n<tr style=\"height: 61px\">\n<td style=\"height: 61px;width: 84px\"><a href=\"https:\/\/institucional.ufpel.edu.br\/disciplinas\/id\/13838\">0188071<\/a><\/td>\n<td style=\"height: 61px;width: 665px\"><a href=\"https:\/\/institucional.ufpel.edu.br\/disciplinas\/id\/13838\">DESENVOLVIMENTO TERRITORIAL<\/a><\/td>\n<\/tr>\n<tr style=\"height: 61px\">\n<td style=\"height: 61px;width: 84px\"><a href=\"https:\/\/institucional.ufpel.edu.br\/disciplinas\/id\/13849\">0188074<\/a><\/td>\n<td style=\"height: 61px;width: 665px\"><a href=\"https:\/\/institucional.ufpel.edu.br\/disciplinas\/id\/13849\">METODOLOGIA MULTICRIT\u00c9RIO PARA APOIO \u00c0 DECIS\u00c3O<\/a><\/td>\n<\/tr>\n<tr style=\"height: 61px\">\n<td style=\"height: 61px;width: 84px\"><a href=\"https:\/\/institucional.ufpel.edu.br\/disciplinas\/id\/13852\">0188077<\/a><\/td>\n<td style=\"height: 61px;width: 665px\"><a href=\"https:\/\/institucional.ufpel.edu.br\/disciplinas\/id\/13852\">DOC\u00caNCIA ORIENTADA I<\/a><\/td>\n<\/tr>\n<tr style=\"height: 61px\">\n<td style=\"height: 61px;width: 84px\"><a href=\"https:\/\/institucional.ufpel.edu.br\/disciplinas\/id\/13853\">0188078<\/a><\/td>\n<td style=\"height: 61px;width: 665px\"><a href=\"https:\/\/institucional.ufpel.edu.br\/disciplinas\/id\/13853\">DOC\u00caNCIA<\/a><a href=\"https:\/\/institucional.ufpel.edu.br\/disciplinas\/id\/13853\"> ORIENT<\/a><a href=\"https:\/\/institucional.ufpel.edu.br\/disciplinas\/id\/13853\">ADA<\/a><a href=\"https:\/\/institucional.ufpel.edu.br\/disciplinas\/id\/13853\"> II<\/a><\/td>\n<\/tr>\n<tr style=\"height: 61px\">\n<td style=\"height: 61px;width: 84px\"><a href=\"https:\/\/institucional.ufpel.edu.br\/disciplinas\/id\/9643\">0188108<\/a><\/td>\n<td style=\"height: 61px;width: 665px\"><a href=\"https:\/\/institucional.ufpel.edu.br\/disciplinas\/id\/9643\">ORGANIZA\u00c7\u00c3O, GERENCIAMENTO E ADMINISTRA\u00c7\u00c3O DA AGRICULTURA FAMILIAR<\/a><\/td>\n<\/tr>\n<tr style=\"height: 61px\">\n<td style=\"height: 61px;width: 84px\"><a href=\"https:\/\/institucional.ufpel.edu.br\/disciplinas\/id\/22963\">0070012<\/a><\/td>\n<td style=\"height: 61px;width: 665px\"><a href=\"https:\/\/institucional.ufpel.edu.br\/disciplinas\/id\/22963\">METODOLOGIA CIENT\u00cdFICA<\/a><\/td>\n<\/tr>\n<tr style=\"height: 61px\">\n<td style=\"height: 61px;width: 84px\"><a href=\"https:\/\/institucional.ufpel.edu.br\/disciplinas\/id\/13840\">1708115<\/a><\/td>\n<td style=\"height: 61px;width: 665px\"><a href=\"https:\/\/institucional.ufpel.edu.br\/disciplinas\/id\/13840\">SISTEMAS AGROINDUSTRIAIS<\/a><\/td>\n<\/tr>\n<tr style=\"height: 61px\">\n<td><a href=\"https:\/\/institucional.ufpel.edu.br\/disciplinas\/id\/9498\">0768017<\/a><\/td>\n<td><a href=\"https:\/\/institucional.ufpel.edu.br\/disciplinas\/id\/9498\">T\u00d3PICOS ESPECIAIS EM ECONOMIA I<\/a><\/td>\n<\/tr>\n<tr style=\"height: 61px\">\n<td><a href=\"https:\/\/institucional.ufpel.edu.br\/disciplinas\/id\/9711\">0218116<\/a><\/td>\n<td><a href=\"https:\/\/institucional.ufpel.edu.br\/disciplinas\/id\/9711\">DESENVOLVIMENTO RURAL SUSTENT\u00c1VEL<\/a><\/td>\n<\/tr>\n<tr style=\"height: 61px\">\n<td><a href=\"https:\/\/institucional.ufpel.edu.br\/disciplinas\/id\/25242\">01<\/a><a href=\"https:\/\/institucional.ufpel.edu.br\/disciplinas\/id\/25242\">80072<\/a><\/td>\n<td><a href=\"https:\/\/institucional.ufpel.edu.br\/disciplinas\/id\/25242\">FUNDAMENTOS DE METODOLOGIA CIENT\u00cdFICA<\/a><\/td>\n<\/tr>\n<tr style=\"height: 61px\">\n<td style=\"height: 61px;width: 84px\"><a href=\"https:\/\/institucional.ufpel.edu.br\/disciplinas\/id\/17535\">0060327<\/a><\/td>\n<td style=\"height: 61px;width: 665px\"><a href=\"https:\/\/institucional.ufpel.edu.br\/disciplinas\/id\/17535\">SEMIN\u00c1RIO DE ORIENTA\u00c7\u00c3O I<\/a><\/td>\n<\/tr>\n<tr style=\"height: 61px\">\n<td style=\"height: 61px;width: 84px\"><a href=\"https:\/\/institucional.ufpel.edu.br\/disciplinas\/id\/17540\">0060354<\/a><\/td>\n<td style=\"height: 61px;width: 665px\"><a href=\"https:\/\/institucional.ufpel.edu.br\/disciplinas\/id\/17540\">SEMIN\u00c1RIO DE ORIENTA\u00c7\u00c3O IV<\/a><\/td>\n<\/tr>\n<\/tbody>\n<\/table>\n<p>&nbsp;<\/p>\n","protected":false},"excerpt":{"rendered":"<p>Os Professores do Departamento de Ci\u00eancias Sociais Agr\u00e1rias atuam nos seguintes Cursos de P\u00f3s-Gradua\u00e7\u00e3o da Universidade Federal de Pelotas: Mestrado em Desenvolvimento Territorial e Sistemas Agroindustriais Mestrado e Doutorado em Sistemas de Produ\u00e7\u00e3o Agr\u00edcola Familiar Mestrado e Doutorado em Sociologia Mestrado e Doutorado em Organiza\u00e7\u00f5es e Mercados Mestrado em Mem\u00f3ria Social e Patrim\u00f4nio Cultural\u00a0 &nbsp; &hellip; <\/p>\n<p><a class=\"more-link btn\" href=\"https:\/\/wp.ufpel.edu.br\/dcsa\/ensino\/pos-graduacao\/\">Continue lendo<\/a><\/p>\n","protected":false},"author":141,"featured_media":0,"parent":1084,"menu_order":2,"comment_status":"closed","ping_status":"closed","template":"template-twocolumnsleft.php","meta":{"footnotes":""},"class_list":["post-186","page","type-page","status-publish","hentry","nodate","item-wrap"],"jetpack_sharing_enabled":true,"jetpack_likes_enabled":false,"_links":{"self":[{"href":"https:\/\/wp.ufpel.edu.br\/dcsa\/wp-json\/wp\/v2\/pages\/186","targetHints":{"allow":["GET"]}}],"collection":[{"href":"https:\/\/wp.ufpel.edu.br\/dcsa\/wp-json\/wp\/v2\/pages"}],"about":[{"href":"https:\/\/wp.ufpel.edu.br\/dcsa\/wp-json\/wp\/v2\/types\/page"}],"author":[{"embeddable":true,"href":"https:\/\/wp.ufpel.edu.br\/dcsa\/wp-json\/wp\/v2\/users\/141"}],"replies":[{"embeddable":true,"href":"https:\/\/wp.ufpel.edu.br\/dcsa\/wp-json\/wp\/v2\/comments?post=186"}],"version-history":[{"count":12,"href":"https:\/\/wp.ufpel.edu.br\/dcsa\/wp-json\/wp\/v2\/pages\/186\/revisions"}],"predecessor-version":[{"id":2400,"href":"https:\/\/wp.ufpel.edu.br\/dcsa\/wp-json\/wp\/v2\/pages\/186\/revisions\/2400"}],"up":[{"embeddable":true,"href":"https:\/\/wp.ufpel.edu.br\/dcsa\/wp-json\/wp\/v2\/pages\/1084"}],"wp:attachment":[{"href":"https:\/\/wp.ufpel.edu.br\/dcsa\/wp-json\/wp\/v2\/media?parent=186"}],"curies":[{"name":"wp","href":"https:\/\/api.w.org\/{rel}","templated":true}]}}