{"id":1801,"date":"2020-04-20T23:06:45","date_gmt":"2020-04-21T02:06:45","guid":{"rendered":"https:\/\/wp.ufpel.edu.br\/dcsa\/?page_id=1801"},"modified":"2020-06-04T01:53:25","modified_gmt":"2020-06-04T04:53:25","slug":"informe-no-02","status":"publish","type":"page","link":"https:\/\/wp.ufpel.edu.br\/dcsa\/observatorio-do-dcsa\/informes\/informe-no-02\/","title":{"rendered":"Informe N\u00ba 02"},"content":{"rendered":"<p>Neste segundo Informe, contatamos diversos representantes de organiza\u00e7\u00f5es de agricultores familiares. Eis os resultados das conversas que tivemos com eles.<\/p>\n<h5 class=\"collapseomatic \" id=\"id69e019a76d3c3\"  tabindex=\"0\" title=\"Introdu\u00e7\u00e3o\"    >Introdu\u00e7\u00e3o<\/h5><div id=\"target-id69e019a76d3c3\" class=\"collapseomatic_content \">\n<p>O segundo informe pretende apresentar alguns resultados obtidos a partir de entrevistas realizadas com representantes das seguintes entidades: Empresa de Assist\u00eancia T\u00e9cnica e Extens\u00e3o Rural (Emater-RS), Universidade Federal de Pelotas (UFPel), Cooperativa dos Apicultores e Fruticultores da Zona Sul (Cafsul), Cooperativa Uni\u00e3o de Cangu\u00e7u, Centro de Apoio e Promo\u00e7\u00e3o da Agroecologia (Capa), F\u00f3rum da Agricultura Familiar da Regi\u00e3o Sul do RS, Associa\u00e7\u00e3o Regional dos Produtores Agroecologistas da Regi\u00e3o Sul (ArpaSul), Cooperativa de Agricultores Familiares Sul Ecol\u00f3gica, Movimento dos Pequenos Agricultores (MPA), a Aura Verde Alimentos e a Associa\u00e7\u00e3o Bem da Terra.<\/div>\n<h5 class=\"collapseomatic \" id=\"id69e019a76d45f\"  tabindex=\"0\" title=\"Aten\u00e7\u00e3o \u00e0 sa\u00fade\"    >Aten\u00e7\u00e3o \u00e0 sa\u00fade<\/h5><div id=\"target-id69e019a76d45f\" class=\"collapseomatic_content \">\n<p>De acordo com as informa\u00e7\u00f5es levantadas, a quest\u00e3o da aten\u00e7\u00e3o \u00e0 sa\u00fade, relacionada ao coronav\u00edrus, permanece, ainda, pouco evidenciada como uma preocupa\u00e7\u00e3o dentre as organiza\u00e7\u00f5es e atores consultados, o que pode estar associado a falta de informa\u00e7\u00f5es recebidas dos \u00f3rg\u00e3os p\u00fablicos ou pela baixa percep\u00e7\u00e3o da gravidade do contexto imposto pela dissemina\u00e7\u00e3o crescente do coronav\u00edrus, o qual tem se manifestado em maior gravidade nos centros urbanos. O fato \u00e9 que os atores pesquisados n\u00e3o t\u00eam apontado a crise sanit\u00e1ria atual como um empecilho para a reprodu\u00e7\u00e3o de suas atividades produtivas. <\/div>\n<h5 class=\"collapseomatic \" id=\"id69e019a76d48f\"  tabindex=\"0\" title=\"A quest\u00e3o da produ\u00e7\u00e3o\"    >A quest\u00e3o da produ\u00e7\u00e3o<\/h5><div id=\"target-id69e019a76d48f\" class=\"collapseomatic_content \">\n<p>A dimens\u00e3o da produ\u00e7\u00e3o, nesse contexto, tem sido afetada, de modo imediato, pela situa\u00e7\u00e3o de seca enfrentada por muitos dos agricultores da regi\u00e3o sul. H\u00e1 relatos de dificuldades para compra de sementes e perdas significativas do volume produzido em algumas culturas, notadamente em rela\u00e7\u00e3o \u00e0 safra de milho. Em que pese as dificuldades e o baixo volume de pol\u00edticas p\u00fablicas e recursos direcionados frente esse problema, algumas iniciativas de distribui\u00e7\u00e3o e acesso \u00e0 \u00e1gua para produ\u00e7\u00e3o e consumo animal e humano \u2013 assim como constru\u00e7\u00e3o de reservat\u00f3rios para armazenagem \u2013 seguem em andamento, estimuladas por parte da Emater\/RS. Todavia, refor\u00e7a-se a necessidade de atua\u00e7\u00e3o concreta do governo Estadual no que diz respeito \u00e0s consequ\u00eancias da estiagem, algo que tem sido negligenciado e pode ser um agravante frente ao contexto de r\u00e1pida dissemina\u00e7\u00e3o do Covid-19.<\/div>\n<h5 class=\"collapseomatic \" id=\"id69e019a76d4c4\"  tabindex=\"0\" title=\"A comercializa\u00e7\u00e3o\"    >A comercializa\u00e7\u00e3o<\/h5><div id=\"target-id69e019a76d4c4\" class=\"collapseomatic_content \">\n<p>Com rela\u00e7\u00e3o \u00e0 comercializa\u00e7\u00e3o, verifica-se um conjunto de a\u00e7\u00f5es para o enfrentamento das crises (sanit\u00e1ria e estiagem) que est\u00e3o sendo desenvolvidas pelos atores e associa\u00e7\u00f5es consultadas. Abaixo, elencamos algumas dessas iniciativas:<\/p>\n<h5 class=\"collapseomatic \" id=\"id69e019a76d53e\"  tabindex=\"0\" title=\"Feira Virtual da Agricultura Familiar\"    >Feira Virtual da Agricultura Familiar<\/h5><div id=\"target-id69e019a76d53e\" class=\"collapseomatic_content \">A Emater disponibilizou um canal para conectar os produtores aos consumidores, a Feira Virtual da Agricultura Familiar [https:\/\/bit.ly\/2XtLndL]. O objetivo n\u00e3o \u00e9 a comercializa\u00e7\u00e3o de produtos, mas sim, permitir aos consumidores consultar produtores que se encontram em \u00e1reas pr\u00f3ximas de suas resid\u00eancias e quais os produtos dispon\u00edveis para a venda; <\/div>\n<h5 class=\"collapseomatic \" id=\"id69e019a76d57c\"  tabindex=\"0\" title=\"Cooperativa Sul Ecol\u00f3gica\"    >Cooperativa Sul Ecol\u00f3gica<\/h5><div id=\"target-id69e019a76d57c\" class=\"collapseomatic_content \">A Cooperativa Sul Ecol\u00f3gica est\u00e1 com pedidos via telefone ou WhatsApp e fechou uma parceria com a 220 Bike Entregas para a entrega dos produtos da Agricultura Familiar na casa dos clientes, priorizando uma log\u00edstica sustent\u00e1vel; <\/div>\n<h5 class=\"collapseomatic \" id=\"id69e019a76d5a4\"  tabindex=\"0\" title=\"Aura Verde Alimentos\"    >Aura Verde Alimentos<\/h5><div id=\"target-id69e019a76d5a4\" class=\"collapseomatic_content \">A Aura Verde Alimentos, juntamente com a Cooperativa dos Produtores Agr\u00edcolas do Monte Bonito (Coopamb) e a Cooperativa Sul Ecol\u00f3gica, com apoio da Emater\/RS criaram a Feira em Casa [www.minhafeiraemcasa.com], que corresponde a uma caixa de assinatura para que durante o isolamento social, o consumidor continue recebendo sua feira semanal, com produtos da agricultura familiar, de maneira segura; <\/div>\n<h5 class=\"collapseomatic \" id=\"id69e019a76d5d4\"  tabindex=\"0\" title=\"Arpa-Sul\"    >Arpa-Sul<\/h5><div id=\"target-id69e019a76d5d4\" class=\"collapseomatic_content \">A Arpa-Sul permaneceu garantindo o funcionamento regular das feiras ecol\u00f3gicas, emitindo uma cartilha com dicas para uma feira segura e tamb\u00e9m disponibilizou os contatos dos produtores que est\u00e3o com entregas \u00e0 domic\u00edlio; <\/div>\n<h5 class=\"collapseomatic \" id=\"id69e019a76d5f8\"  tabindex=\"0\" title=\"Vida a Granel \/ Cafsul \"    >Vida a Granel \/ Cafsul <\/h5><div id=\"target-id69e019a76d5f8\" class=\"collapseomatic_content \">A Vida a Granel produtos coloniais juntamente com a Cafsul est\u00e1 disponibilizando, via WhatsApp, a entrega de duas modalidades de cestas agroecol\u00f3gicas (pequena e grande), conforme necessidades do consumidor; <\/div>\n<h5 class=\"collapseomatic \" id=\"id69e019a76d61a\"  tabindex=\"0\" title=\"Movimento dos Pequenos Agricultores\"    >Movimento dos Pequenos Agricultores<\/h5><div id=\"target-id69e019a76d61a\" class=\"collapseomatic_content \">O Movimento dos Pequenos Agricultores (MPA), dentre outras iniciativas, tem atuado no desenvolvimento e na proposi\u00e7\u00e3o da cria\u00e7\u00e3o do Programa Estadual de Compra de Alimentos da Agricultura Familiar: um plano de emerg\u00eancia para a pandemia de Covid19, o qual vem sendo gestado e constru\u00eddo coletivamente no escopo das discuss\u00f5es do Conselho de Seguran\u00e7a Alimentar e Nutricional do estado (CONSEA\/RS). <\/div>\n<h5 class=\"collapseomatic \" id=\"id69e019a76d63c\"  tabindex=\"0\" title=\"PRAE\/UFPel\"    >PRAE\/UFPel<\/h5><div id=\"target-id69e019a76d63c\" class=\"collapseomatic_content \">A UFPel est\u00e1 organizando cestas de hortifruti, juntamente com a Emater, para distribui\u00e7\u00e3o aos estudantes bolsistas integrais. A ideia \u00e9 adquirir e distribuir 500 cestas por semana para esses alunos, a partir da entrega de produtos pelas Cooperativas que foram homologadas no edital da Pr\u00f3-Reitoria de Assuntos Estudantis (PRAE\/UFPel), credenciadas a venderem para a empresa do Restaurante Universit\u00e1rio (RU). <\/div>\n<h5 class=\"collapseomatic \" id=\"id69e019a76d668\"  tabindex=\"0\" title=\"F\u00f3rum de Soberania e Seguran\u00e7a Alimentar e Nutricional\"    >F\u00f3rum de Soberania e Seguran\u00e7a Alimentar e Nutricional<\/h5><div id=\"target-id69e019a76d668\" class=\"collapseomatic_content \">O F\u00f3rum de Soberania e Seguran\u00e7a Alimentar e Nutricional organizou uma Campanha de arrecada\u00e7\u00e3o para o combate \u00e0 fome e em defesa da soberania alimentar, para garantir alimenta\u00e7\u00e3o \u00e0s fam\u00edlias em situa\u00e7\u00e3o de vulnerabilidade social. Na primeira entrega foram doados 400 quilos de arroz ecol\u00f3gico org\u00e2nico e cem quilos de leite integral em p\u00f3 pelo Movimento dos Trabalhadores Rurais sem Terra (MST). Quem tiver interesse de doar qualquer valor em dinheiro, os dados s\u00e3o os seguintes: Banco Banrisul, Ag\u00eancia: 0320, Conta: 06.113347.0-6, Associa\u00e7\u00e3o dos Docentes da UCPel, CNPJ: 03447696\/0001-97. O comprovante pode ser enviado pelo WhatsApp para: (53) 99904-6530. <\/div>\n<h5 class=\"collapseomatic \" id=\"id69e019a76d69d\"  tabindex=\"0\" title=\"Feiras da Agricultura Familiar\"    >Feiras da Agricultura Familiar<\/h5><div id=\"target-id69e019a76d69d\" class=\"collapseomatic_content \"><span style=\"font-size: 12pt\">Com rela\u00e7\u00e3o \u00e0s feiras da agricultura familiar, h\u00e1 especificidades em cada munic\u00edpio da regi\u00e3o:<\/span><\/p>\n<h5 class=\"collapseomatic \" id=\"id69e019a76d704\"  tabindex=\"0\" title=\"Pelotas\"    >Pelotas<\/h5><div id=\"target-id69e019a76d704\" class=\"collapseomatic_content \">Em Pelotas, o decreto municipal n\u00e3o afetou o funcionamento das feiras, por\u00e9m, houve uma pequena queda no movimento e nas vendas, e aumento do servi\u00e7o de entregas \u00e0 domic\u00edlio. Nas feiras, as recomenda\u00e7\u00f5es da Organiza\u00e7\u00e3o Mundial da Sa\u00fade (OMS), preconizam, por exemplo: distanciamento entre as bancas, o uso de \u00e1lcool gel, m\u00e1scara e higieniza\u00e7\u00e3o e embalagem dos produtos. Estas pr\u00e1ticas est\u00e3o sendo seguidas. Alguns produtores n\u00e3o est\u00e3o participando da feira por fazerem parte do grupo de risco ou estarem com a sa\u00fade debilitada, por\u00e9m, seus produtos est\u00e3o sendo vendidos pelos demais produtores. <\/div>\n<h5 class=\"collapseomatic \" id=\"id69e019a76d731\"  tabindex=\"0\" title=\"Cangu\u00e7u\"    >Cangu\u00e7u<\/h5><div id=\"target-id69e019a76d731\" class=\"collapseomatic_content \">J\u00e1 no munic\u00edpio de Cangu\u00e7u, devido a um decreto emitido em 18 de mar\u00e7o, as feiras estavam suspensas, com previs\u00e3o de retorno para o dia 15 de abril, a partir de um novo decreto, com algumas especificidades, seguindo normas da OMS. No munic\u00edpio, os produtores seguiram com entregas \u00e0 domic\u00edlio para os clientes durante esse per\u00edodo de suspens\u00e3o das feiras.<\/div>\n<h5 class=\"collapseomatic \" id=\"id69e019a76d754\"  tabindex=\"0\" title=\"S\u00e3o Louren\u00e7o do Sul\"    >S\u00e3o Louren\u00e7o do Sul<\/h5><div id=\"target-id69e019a76d754\" class=\"collapseomatic_content \">Em S\u00e3o Louren\u00e7o do Sul, as feiras ficaram suspensas de 18 a 31 de mar\u00e7o. Durante esse per\u00edodo foram organizadas a entrega de cestas de alimentos articuladas pelo CAPA junto a grupos de consumidores. A partir do dia 31 de mar\u00e7o as feiras foram liberadas, com uma leve queda no fluxo de consumidores, seguindo as recomenda\u00e7\u00f5es da OMS, e as entregas a domic\u00edlio tamb\u00e9m seguem sendo realizadas.<\/div>\n<h5 class=\"collapseomatic \" id=\"id69e019a76d778\"  tabindex=\"0\" title=\"Cerro Grande do Sul\"    >Cerro Grande do Sul<\/h5><div id=\"target-id69e019a76d778\" class=\"collapseomatic_content \">Em Cerro Grande do Sul a feira n\u00e3o estava sendo realizada. As vendas est\u00e3o sendo feitas nas propriedades, e entregas semanais na cidade.<\/div>\n<\/div>\n<\/div>\n<h5 class=\"collapseomatic \" id=\"id69e019a76d7dc\"  tabindex=\"0\" title=\"Concluindo\"    >Concluindo<\/h5><div id=\"target-id69e019a76d7dc\" class=\"collapseomatic_content \">\n<p>Esse conjunto de iniciativas de enfrentamento das crises de sa\u00fade e de falta de chuvas que os agricultores familiares v\u00eam enfrentando, demonstram a capacidade organizativa e associativa do tecido social rural da regi\u00e3o sul. Apesar dos limites impostos a a\u00e7\u00e3o social pela baixa presen\u00e7a do Estado \u2013 que tem atuado de maneira insuficiente para a mitiga\u00e7\u00e3o dos efeitos principalmente da estiagem \u2013 verifica-se um esfor\u00e7o coletivo na manuten\u00e7\u00e3o da produ\u00e7\u00e3o e comercializa\u00e7\u00e3o dos produtos da agricultura familiar, seja na proposi\u00e7\u00e3o de pol\u00edticas p\u00fablicas de abastecimento, na forma de entregas a domic\u00edlio, seja na manuten\u00e7\u00e3o das feiras, levando-se em conta os devidos cuidados sanit\u00e1rios que j\u00e1 vem sendo tomados, conforme relato dos envolvidos.<\/p>\n<p>Nesse sentido, reiteramos a necessidade de uma maior articula\u00e7\u00e3o das entidades e organiza\u00e7\u00f5es da agricultura familiar, a exemplo do que j\u00e1 ocorria anteriormente com o F\u00f3rum da Agricultura Familiar. De um lado, faz-se necess\u00e1ria maior conex\u00e3o entre as iniciativas apresentadas para que se criem e se fortale\u00e7am redes de apoio aos agricultores familiares. Por outro, reivindica-se presen\u00e7a mais expressiva do Estado, at\u00e9 ent\u00e3o inerte, no desenvolvimento de pol\u00edticas p\u00fablicas relativas \u00e0 problem\u00e1tica da seca e \u00e0 pandemia do Covid-19 para a regi\u00e3o sul e rural ga\u00facha.<\/div>\n<p>Voc\u00ea pode acessar e baixar o <strong>Informe N\u00ba 2 <\/strong>em PDF .<a href=\"https:\/\/wp.ufpel.edu.br\/dcsa\/files\/2020\/06\/Observatorio-do-DCSA-Situacao-Rural-Informe-02a.pdf\"><img loading=\"lazy\" decoding=\"async\" class=\"alignnone wp-image-2343\" src=\"https:\/\/wp.ufpel.edu.br\/dcsa\/files\/2020\/06\/pdf-icon-322x400.png\" alt=\"\" width=\"22\" height=\"28\" srcset=\"https:\/\/wp.ufpel.edu.br\/dcsa\/files\/2020\/06\/pdf-icon-322x400.png 322w, https:\/\/wp.ufpel.edu.br\/dcsa\/files\/2020\/06\/pdf-icon-825x1024.png 825w, https:\/\/wp.ufpel.edu.br\/dcsa\/files\/2020\/06\/pdf-icon-768x953.png 768w, https:\/\/wp.ufpel.edu.br\/dcsa\/files\/2020\/06\/pdf-icon-1238x1536.png 1238w, https:\/\/wp.ufpel.edu.br\/dcsa\/files\/2020\/06\/pdf-icon.png 1280w\" sizes=\"auto, (max-width: 22px) 100vw, 22px\" \/><\/a><\/p>\n<p>Pelotas, 20 de abril de 2020.<\/p>\n<p>Observat\u00f3rio da Problem\u00e1tica da Seca e do Covid-19 na Agricultura Familiar da Regi\u00e3o Sul do Rio Grande do Sul &#8211; Grupo de Professores do Departamento de Ci\u00eancias Sociais Agr\u00e1rias (DCSA) da Faculdade de Agronomia Eliseu Maciel (FAEM) da Universidade Federal de Pelotas (UFPel) e convidados Abel Cassol (UFPel); Gabrielito Rauter Menezes (UFPel); Henrique Andrade Furtado de Mendon\u00e7a (UFPel); Let\u00edcia Paludo Vargas (UFPel); L\u00facio Andr\u00e9 de Oliveira Fernandes (UFPel); Marcelo Dias (UFPel); M\u00e1rio Conill Gomes (UFPel); M\u00e1rio Duarte Canever (UFPel) e Patr\u00edcia Martins da Silva \u2013 Universidade Federal Fluminense (UFF).<\/p>\n","protected":false},"excerpt":{"rendered":"<p>Neste segundo Informe, contatamos diversos representantes de organiza\u00e7\u00f5es de agricultores familiares. Eis os resultados das conversas que tivemos com eles. Voc\u00ea pode acessar e baixar o Informe N\u00ba 2 em PDF . Pelotas, 20 de abril de 2020. Observat\u00f3rio da Problem\u00e1tica da Seca e do Covid-19 na Agricultura Familiar da Regi\u00e3o Sul do Rio Grande &hellip; <\/p>\n<p><a class=\"more-link btn\" href=\"https:\/\/wp.ufpel.edu.br\/dcsa\/observatorio-do-dcsa\/informes\/informe-no-02\/\">Continue lendo<\/a><\/p>\n","protected":false},"author":141,"featured_media":0,"parent":1786,"menu_order":0,"comment_status":"closed","ping_status":"closed","template":"template-twocolumnsleft.php","meta":{"footnotes":""},"class_list":["post-1801","page","type-page","status-publish","hentry","nodate","item-wrap"],"jetpack_sharing_enabled":true,"jetpack_likes_enabled":false,"_links":{"self":[{"href":"https:\/\/wp.ufpel.edu.br\/dcsa\/wp-json\/wp\/v2\/pages\/1801","targetHints":{"allow":["GET"]}}],"collection":[{"href":"https:\/\/wp.ufpel.edu.br\/dcsa\/wp-json\/wp\/v2\/pages"}],"about":[{"href":"https:\/\/wp.ufpel.edu.br\/dcsa\/wp-json\/wp\/v2\/types\/page"}],"author":[{"embeddable":true,"href":"https:\/\/wp.ufpel.edu.br\/dcsa\/wp-json\/wp\/v2\/users\/141"}],"replies":[{"embeddable":true,"href":"https:\/\/wp.ufpel.edu.br\/dcsa\/wp-json\/wp\/v2\/comments?post=1801"}],"version-history":[{"count":12,"href":"https:\/\/wp.ufpel.edu.br\/dcsa\/wp-json\/wp\/v2\/pages\/1801\/revisions"}],"predecessor-version":[{"id":2349,"href":"https:\/\/wp.ufpel.edu.br\/dcsa\/wp-json\/wp\/v2\/pages\/1801\/revisions\/2349"}],"up":[{"embeddable":true,"href":"https:\/\/wp.ufpel.edu.br\/dcsa\/wp-json\/wp\/v2\/pages\/1786"}],"wp:attachment":[{"href":"https:\/\/wp.ufpel.edu.br\/dcsa\/wp-json\/wp\/v2\/media?parent=1801"}],"curies":[{"name":"wp","href":"https:\/\/api.w.org\/{rel}","templated":true}]}}