{"id":1720,"date":"2020-04-17T19:30:46","date_gmt":"2020-04-17T22:30:46","guid":{"rendered":"https:\/\/wp.ufpel.edu.br\/dcsa\/?page_id=1720"},"modified":"2021-04-11T10:58:10","modified_gmt":"2021-04-11T13:58:10","slug":"observatorio-do-dcsa","status":"publish","type":"page","link":"https:\/\/wp.ufpel.edu.br\/dcsa\/observatorio-do-dcsa\/","title":{"rendered":"Observat\u00f3rio do DCSA"},"content":{"rendered":"<p><a href=\"https:\/\/wp.ufpel.edu.br\/dcsa\/files\/2020\/06\/banner-observatorio-2.png\"><img loading=\"lazy\" decoding=\"async\" class=\"wp-image-2282 alignleft\" src=\"https:\/\/wp.ufpel.edu.br\/dcsa\/files\/2020\/06\/banner-observatorio-2-400x225.png\" alt=\"\" width=\"401\" height=\"225\" srcset=\"https:\/\/wp.ufpel.edu.br\/dcsa\/files\/2020\/06\/banner-observatorio-2-400x225.png 400w, https:\/\/wp.ufpel.edu.br\/dcsa\/files\/2020\/06\/banner-observatorio-2-768x431.png 768w, https:\/\/wp.ufpel.edu.br\/dcsa\/files\/2020\/06\/banner-observatorio-2.png 890w\" sizes=\"auto, (max-width: 401px) 100vw, 401px\" \/><\/a><\/p>\n<p>P\u00e1gina destinada ao acompanhamento das dificuldades e das a\u00e7\u00f5es para mitigar os problemas do Setor Rural da Regi\u00e3o Sul frente \u00e0 Pandemia da COVID-19.<\/p>\n<p>&nbsp;<\/p>\n<p>Clique <a href=\"https:\/\/wp.ufpel.edu.br\/dcsa\/noticias-2\/\">aqui<\/a> e para ir diretamente para as Not\u00edcias do Observat\u00f3rio. Se quiser ver todas as postagens pode acessar a se\u00e7\u00e3o <a href=\"https:\/\/wp.ufpel.edu.br\/dcsa\/noticias\/\">Not\u00edcias <\/a>no menu principal.<\/p>\n<p>Acesse tamb\u00e9m as atualiza\u00e7\u00f5es na p\u00e1gina do facebook do <a href=\"https:\/\/www.facebook.com\/Observat%C3%B3rio-DCSAUFPel-100118505076347\/\">observat\u00f3rio<\/a>.<\/p>\n<p><a href=\"https:\/\/wp.ufpel.edu.br\/dcsa\/files\/2020\/06\/102411495_100147165073481_8992556938134814720_n.png\"><img loading=\"lazy\" decoding=\"async\" class=\"size-medium wp-image-2394 alignleft\" src=\"https:\/\/wp.ufpel.edu.br\/dcsa\/files\/2020\/06\/102411495_100147165073481_8992556938134814720_n-400x152.png\" alt=\"\" width=\"400\" height=\"152\" srcset=\"https:\/\/wp.ufpel.edu.br\/dcsa\/files\/2020\/06\/102411495_100147165073481_8992556938134814720_n-400x152.png 400w, https:\/\/wp.ufpel.edu.br\/dcsa\/files\/2020\/06\/102411495_100147165073481_8992556938134814720_n-768x292.png 768w, https:\/\/wp.ufpel.edu.br\/dcsa\/files\/2020\/06\/102411495_100147165073481_8992556938134814720_n.png 820w\" sizes=\"auto, (max-width: 400px) 100vw, 400px\" \/><\/a><\/p>\n<p>O grupo de trabalho do DCSA tamb\u00e9m se dedica a investigar a situa\u00e7\u00e3o dos agricultores frente a pandemia. Para isso estamos produzindo relat\u00f3rios das informa\u00e7\u00f5es que coletamos junto a diferentes atores. Esta p\u00e1gina est\u00e1 em constru\u00e7\u00e3o, mas disponibilizaremos os informes a medida que forem sendo produzidos pela equipe de professores(as) do DCSA. Clique nos links abaixo para acessar os informes diretamente em sua vers\u00e3o completa.<\/p>\n<p><a href=\"https:\/\/wp.ufpel.edu.br\/dcsa\/observatorio-do-dcsa\/informes\/informe-no-10\/\">Informe N\u00ba 10 &#8211; Observat\u00f3rio do DCSA &#8211; Situa\u00e7\u00e3o Rural<\/a><\/p>\n<p><a href=\"https:\/\/wp.ufpel.edu.br\/dcsa\/observatorio-do-dcsa\/informes\/informe-no-09\/\">Informe N\u00ba 09 &#8211; Observat\u00f3rio do DCSA &#8211; Situa\u00e7\u00e3o Rural<\/a><\/p>\n<p><a href=\"https:\/\/wp.ufpel.edu.br\/dcsa\/observatorio-do-dcsa\/informes\/informe-no-08\/\">Informe N\u00ba 08 &#8211; Observat\u00f3rio do DCSA &#8211; Situa\u00e7\u00e3o Rural<\/a><\/p>\n<p><a href=\"https:\/\/wp.ufpel.edu.br\/dcsa\/observatorio-do-dcsa\/informes\/informe-no-07\/\">Informe N\u00ba 07 &#8211; Observat\u00f3rio do DCSA &#8211; Situa\u00e7\u00e3o Rural<\/a><\/p>\n<p><a href=\"https:\/\/wp.ufpel.edu.br\/dcsa\/observatorio-do-dcsa\/informes\/informe-no-06\/\">Informe N\u00ba 06 &#8211; Observat\u00f3rio do DCSA &#8211; Situa\u00e7\u00e3o Rural<\/a><\/p>\n<p><a href=\"https:\/\/wp.ufpel.edu.br\/dcsa\/informe-no-05\/\">Informe N\u00ba 05 &#8211; Observat\u00f3rio do DCSA &#8211; Situa\u00e7\u00e3o Rural<\/a><\/p>\n<p><a href=\"https:\/\/wp.ufpel.edu.br\/dcsa\/observatorio-do-dcsa\/informes\/informe-no-04\/\">Informe N\u00ba 04 &#8211; Observat\u00f3rio do DCSA &#8211; Situa\u00e7\u00e3o Rural<\/a><\/p>\n<p><a href=\"https:\/\/wp.ufpel.edu.br\/dcsa\/observatorio-do-dcsa\/informes\/informe-no-03\/\">Informe N\u00ba 03 &#8211; Observat\u00f3rio do DCSA &#8211; Situa\u00e7\u00e3o Rural<\/a><\/p>\n<p><a href=\"https:\/\/wp.ufpel.edu.br\/dcsa\/observatorio-do-dcsa\/informes\/informe-no-02\/\">Informe N\u00ba 02 &#8211; Observat\u00f3rio do DCSA &#8211; Situa\u00e7\u00e3o Rural<\/a><\/p>\n<p><a href=\"https:\/\/wp.ufpel.edu.br\/dcsa\/observatorio-do-dcsa\/informes\/informe-no-01\/\">Informe N\u00ba 01 &#8211; Observat\u00f3rio do DCSA &#8211; Situa\u00e7\u00e3o Rural<\/a><\/p>\n","protected":false},"excerpt":{"rendered":"<p>P\u00e1gina destinada ao acompanhamento das dificuldades e das a\u00e7\u00f5es para mitigar os problemas do Setor Rural da Regi\u00e3o Sul frente \u00e0 Pandemia da COVID-19. &nbsp; Clique aqui e para ir diretamente para as Not\u00edcias do Observat\u00f3rio. Se quiser ver todas as postagens pode acessar a se\u00e7\u00e3o Not\u00edcias no menu principal. Acesse tamb\u00e9m as atualiza\u00e7\u00f5es na &hellip; <\/p>\n<p><a class=\"more-link btn\" href=\"https:\/\/wp.ufpel.edu.br\/dcsa\/observatorio-do-dcsa\/\">Continue lendo<\/a><\/p>\n","protected":false},"author":141,"featured_media":2282,"parent":0,"menu_order":0,"comment_status":"closed","ping_status":"closed","template":"template-twocolumnsleft.php","meta":{"footnotes":""},"class_list":["post-1720","page","type-page","status-publish","has-post-thumbnail","hentry","nodate","item-wrap"],"jetpack_sharing_enabled":true,"jetpack_likes_enabled":false,"_links":{"self":[{"href":"https:\/\/wp.ufpel.edu.br\/dcsa\/wp-json\/wp\/v2\/pages\/1720","targetHints":{"allow":["GET"]}}],"collection":[{"href":"https:\/\/wp.ufpel.edu.br\/dcsa\/wp-json\/wp\/v2\/pages"}],"about":[{"href":"https:\/\/wp.ufpel.edu.br\/dcsa\/wp-json\/wp\/v2\/types\/page"}],"author":[{"embeddable":true,"href":"https:\/\/wp.ufpel.edu.br\/dcsa\/wp-json\/wp\/v2\/users\/141"}],"replies":[{"embeddable":true,"href":"https:\/\/wp.ufpel.edu.br\/dcsa\/wp-json\/wp\/v2\/comments?post=1720"}],"version-history":[{"count":46,"href":"https:\/\/wp.ufpel.edu.br\/dcsa\/wp-json\/wp\/v2\/pages\/1720\/revisions"}],"predecessor-version":[{"id":2740,"href":"https:\/\/wp.ufpel.edu.br\/dcsa\/wp-json\/wp\/v2\/pages\/1720\/revisions\/2740"}],"wp:featuredmedia":[{"embeddable":true,"href":"https:\/\/wp.ufpel.edu.br\/dcsa\/wp-json\/wp\/v2\/media\/2282"}],"wp:attachment":[{"href":"https:\/\/wp.ufpel.edu.br\/dcsa\/wp-json\/wp\/v2\/media?parent=1720"}],"curies":[{"name":"wp","href":"https:\/\/api.w.org\/{rel}","templated":true}]}}