{"id":140,"date":"2016-09-15T14:48:30","date_gmt":"2016-09-15T17:48:30","guid":{"rendered":"https:\/\/wp.ufpel.edu.br\/dcsa\/?page_id=140"},"modified":"2023-12-18T10:20:58","modified_gmt":"2023-12-18T13:20:58","slug":"home","status":"publish","type":"page","link":"https:\/\/wp.ufpel.edu.br\/dcsa\/home\/","title":{"rendered":"Bem-Vindo!"},"content":{"rendered":"<p><a href=\"https:\/\/wp.ufpel.edu.br\/dcsa\/files\/2020\/05\/Logo-DCSA-3-e1590122743301b.jpg\"><img loading=\"lazy\" decoding=\"async\" class=\"wp-image-2021 size-medium aligncenter\" src=\"https:\/\/wp.ufpel.edu.br\/dcsa\/files\/2020\/05\/Logo-DCSA-3-e1590122743301b-400x326.jpg\" alt=\"\" width=\"400\" height=\"326\" srcset=\"https:\/\/wp.ufpel.edu.br\/dcsa\/files\/2020\/05\/Logo-DCSA-3-e1590122743301b-400x326.jpg 400w, https:\/\/wp.ufpel.edu.br\/dcsa\/files\/2020\/05\/Logo-DCSA-3-e1590122743301b-768x625.jpg 768w, https:\/\/wp.ufpel.edu.br\/dcsa\/files\/2020\/05\/Logo-DCSA-3-e1590122743301b.jpg 945w\" sizes=\"auto, (max-width: 400px) 100vw, 400px\" \/><\/a><\/p>\n<p style=\"text-align: center;\"><span style=\"font-size: 18pt; font-family: 'arial black', sans-serif; color: #993300;\"><span style=\"color: #008000;\"><span style=\"font-family: tahoma, arial, helvetica, sans-serif;\">Departamento de Ci\u00eancias Sociais Agr\u00e1rias<\/span><strong><span style=\"font-family: tahoma, arial, helvetica, sans-serif;\"><br \/>\n<\/span><\/strong><\/span><\/span><span style=\"font-size: 12pt; font-family: tahoma, arial, helvetica, sans-serif; color: #000000;\">Faculdade de Agronomia Eliseu Maciel<\/span><br \/>\n<span style=\"font-size: 12pt; font-family: tahoma, arial, helvetica, sans-serif; color: #000000;\">Universidade Federal de Pelotas<\/span><\/p>\n<p style=\"text-align: center;\"><span style=\"font-size: 18pt; font-family: 'arial black', sans-serif; color: #008000;\">1971 &#8211; 2023<\/span><\/p>\n<p style=\"text-align: center;\"><span style=\"font-family: tahoma, arial, helvetica, sans-serif; color: #000000; font-size: 14pt;\">52 Anos dedicados ao Ensino, Pesquisa, Extens\u00e3o, e Forma\u00e7\u00e3o de Profissionais comprometidos com \u00e9tica, justi\u00e7a social, efici\u00eancia produtiva, preserva\u00e7\u00e3o ambiental e sustentabilidade.<\/span><\/p>\n<h1 style=\"text-align: center;\"><\/h1>\n<p>&nbsp;<\/p>\n<p>&nbsp;<\/p>\n<p>&nbsp;<\/p>\n<p>&nbsp;<\/p>\n","protected":false},"excerpt":{"rendered":"<p>Departamento de Ci\u00eancias Sociais Agr\u00e1rias Faculdade de Agronomia Eliseu Maciel Universidade Federal de Pelotas 1971 &#8211; 2023 52 Anos dedicados ao Ensino, Pesquisa, Extens\u00e3o, e Forma\u00e7\u00e3o de Profissionais comprometidos com \u00e9tica, justi\u00e7a social, efici\u00eancia produtiva, preserva\u00e7\u00e3o ambiental e sustentabilidade. &nbsp; &nbsp; &nbsp; &nbsp;<\/p>\n","protected":false},"author":141,"featured_media":0,"parent":0,"menu_order":0,"comment_status":"closed","ping_status":"closed","template":"","meta":{"footnotes":""},"class_list":["post-140","page","type-page","status-publish","hentry","nodate","item-wrap"],"jetpack_sharing_enabled":true,"jetpack_likes_enabled":false,"_links":{"self":[{"href":"https:\/\/wp.ufpel.edu.br\/dcsa\/wp-json\/wp\/v2\/pages\/140","targetHints":{"allow":["GET"]}}],"collection":[{"href":"https:\/\/wp.ufpel.edu.br\/dcsa\/wp-json\/wp\/v2\/pages"}],"about":[{"href":"https:\/\/wp.ufpel.edu.br\/dcsa\/wp-json\/wp\/v2\/types\/page"}],"author":[{"embeddable":true,"href":"https:\/\/wp.ufpel.edu.br\/dcsa\/wp-json\/wp\/v2\/users\/141"}],"replies":[{"embeddable":true,"href":"https:\/\/wp.ufpel.edu.br\/dcsa\/wp-json\/wp\/v2\/comments?post=140"}],"version-history":[{"count":40,"href":"https:\/\/wp.ufpel.edu.br\/dcsa\/wp-json\/wp\/v2\/pages\/140\/revisions"}],"predecessor-version":[{"id":2955,"href":"https:\/\/wp.ufpel.edu.br\/dcsa\/wp-json\/wp\/v2\/pages\/140\/revisions\/2955"}],"wp:attachment":[{"href":"https:\/\/wp.ufpel.edu.br\/dcsa\/wp-json\/wp\/v2\/media?parent=140"}],"curies":[{"name":"wp","href":"https:\/\/api.w.org\/{rel}","templated":true}]}}