{"id":1255,"date":"2018-08-08T09:53:30","date_gmt":"2018-08-08T12:53:30","guid":{"rendered":"https:\/\/wp.ufpel.edu.br\/dcsa\/?page_id=1255"},"modified":"2018-11-05T15:39:28","modified_gmt":"2018-11-05T17:39:28","slug":"projetos-de-extensao","status":"publish","type":"page","link":"https:\/\/wp.ufpel.edu.br\/dcsa\/projetos-em-andamento\/projetos-de-extensao\/","title":{"rendered":"Projetos de Extens\u00e3o"},"content":{"rendered":"<p>Bem da Terra: redes de redes num circuito local de com\u00e9rcio justo e solid\u00e1rio. \u2013 A\u00e7\u00e3o: Repensando lugares e atores: alimentos desenvolvimento e pr\u00e1ticas<br \/>\n<a href=\"https:\/\/wp.ufpel.edu.br\/dcsa\/professores\/conill-mario-gomes\/\">Conill, M\u00e1rio<\/a>\u00a0(Colaborador);\u00a0<a href=\"https:\/\/wp.ufpel.edu.br\/dcsa\/professores\/cotrim-souza-decio\/\">Cotrim, D\u00e9cio<\/a>\u00a0(Debatedor)<\/p>\n<p>Bem da Terra: redes de redes num circuito local de com\u00e9rcio justo e solid\u00e1rio. \u2013 A\u00e7\u00e3o: Reuni\u00f5es de planejamento, visitas e reuni\u00f5es a empreendimentos, pesquisa e desenvolvimento para atendimento de demandas espec\u00edficas, atividades pedag\u00f3gicas (cursos e oficinas) destinados aos coletivos atendidos<br \/>\n<a href=\"https:\/\/wp.ufpel.edu.br\/dcsa\/professores\/cotrim-souza-decio\/\">Cotrim, D\u00e9cio<\/a>\u00a0(Colaborador);\u00a0<a href=\"https:\/\/wp.ufpel.edu.br\/dcsa\/professores\/mendonca-henrique-furtado-de\/\">Mendon\u00e7a, Henrique de<\/a>\u00a0(Colaborador)<\/p>\n<p>Compostagem: transfer\u00eancia de tecnologia para o tratamento de residuos de pescados da col\u00f4nia de Pescadores Z-3 \u2013 A\u00e7\u00e3o: Compostagem: transfer\u00eancia de tecnologia para o tratamento de residuos de pescados da col\u00f4nia de Pescadores Z-3<br \/>\n<a href=\"https:\/\/wp.ufpel.edu.br\/dcsa\/professores\/conill-mario-gomes\/\">Conill, M\u00e1rio<\/a>\u00a0(Colaborador)<\/p>\n<p>Programa de Desenvolvimento da Bovinocultura de Leite da Metade Sul do Rio Grande do Sul \u2013 Competitividade e Sustentabilidade da Pecu\u00e1ria Leiteira Familiar \u2013 A\u00e7\u00e3o: Discuss\u00e3o do Levantamento dos dados de propriedades rurais produtoras de leite<br \/>\n<a href=\"https:\/\/wp.ufpel.edu.br\/dcsa\/professores\/bezerra-antonio-jorge-amaral\/\">Bezerra, Antonio<\/a>\u00a0(Colaborador)<\/p>\n<p>Semear economia solid\u00e1ria: empoderando as artes\u00e3s e construindo a cidadania na Col\u00f4nia Z3<br \/>\n<a href=\"https:\/\/wp.ufpel.edu.br\/dcsa\/professores\/mendonca-henrique-furtado-de\/\">Mendon\u00e7a, Henrique de<\/a>\u00a0(Coordenador Ajunto)<\/p>\n","protected":false},"excerpt":{"rendered":"<p>Bem da Terra: redes de redes num circuito local de com\u00e9rcio justo e solid\u00e1rio. \u2013 A\u00e7\u00e3o: Repensando lugares e atores: alimentos desenvolvimento e pr\u00e1ticas Conill, M\u00e1rio\u00a0(Colaborador);\u00a0Cotrim, D\u00e9cio\u00a0(Debatedor) Bem da Terra: redes de redes num circuito local de com\u00e9rcio justo e solid\u00e1rio. \u2013 A\u00e7\u00e3o: Reuni\u00f5es de planejamento, visitas e reuni\u00f5es a empreendimentos, pesquisa e desenvolvimento para &hellip; <\/p>\n<p><a class=\"more-link btn\" href=\"https:\/\/wp.ufpel.edu.br\/dcsa\/projetos-em-andamento\/projetos-de-extensao\/\">Continue lendo<\/a><\/p>\n","protected":false},"author":141,"featured_media":0,"parent":244,"menu_order":2,"comment_status":"closed","ping_status":"closed","template":"template-twocolumnsleft.php","meta":{"footnotes":""},"class_list":["post-1255","page","type-page","status-publish","hentry","nodate","item-wrap"],"jetpack_sharing_enabled":true,"jetpack_likes_enabled":false,"_links":{"self":[{"href":"https:\/\/wp.ufpel.edu.br\/dcsa\/wp-json\/wp\/v2\/pages\/1255","targetHints":{"allow":["GET"]}}],"collection":[{"href":"https:\/\/wp.ufpel.edu.br\/dcsa\/wp-json\/wp\/v2\/pages"}],"about":[{"href":"https:\/\/wp.ufpel.edu.br\/dcsa\/wp-json\/wp\/v2\/types\/page"}],"author":[{"embeddable":true,"href":"https:\/\/wp.ufpel.edu.br\/dcsa\/wp-json\/wp\/v2\/users\/141"}],"replies":[{"embeddable":true,"href":"https:\/\/wp.ufpel.edu.br\/dcsa\/wp-json\/wp\/v2\/comments?post=1255"}],"version-history":[{"count":5,"href":"https:\/\/wp.ufpel.edu.br\/dcsa\/wp-json\/wp\/v2\/pages\/1255\/revisions"}],"predecessor-version":[{"id":1527,"href":"https:\/\/wp.ufpel.edu.br\/dcsa\/wp-json\/wp\/v2\/pages\/1255\/revisions\/1527"}],"up":[{"embeddable":true,"href":"https:\/\/wp.ufpel.edu.br\/dcsa\/wp-json\/wp\/v2\/pages\/244"}],"wp:attachment":[{"href":"https:\/\/wp.ufpel.edu.br\/dcsa\/wp-json\/wp\/v2\/media?parent=1255"}],"curies":[{"name":"wp","href":"https:\/\/api.w.org\/{rel}","templated":true}]}}