{"id":1253,"date":"2018-08-08T09:52:23","date_gmt":"2018-08-08T12:52:23","guid":{"rendered":"https:\/\/wp.ufpel.edu.br\/dcsa\/?page_id=1253"},"modified":"2018-10-02T16:33:04","modified_gmt":"2018-10-02T19:33:04","slug":"projetos-de-ensino","status":"publish","type":"page","link":"https:\/\/wp.ufpel.edu.br\/dcsa\/projetos-em-andamento\/projetos-de-ensino\/","title":{"rendered":"Projetos de Ensino"},"content":{"rendered":"<p>Ensinar aprendendo agroecologia pelo dialogo dos saberes<br \/>\n<a href=\"https:\/\/wp.ufpel.edu.br\/dcsa\/professores\/fernandes-lucio-andre-de-oliveira\/\">Fernandes, L\u00facio<\/a>\u00a0(Colaborador)<\/p>\n<p>Pr\u00e1ticas em Extens\u00e3o Rural nos assentamentos da Reforma Agr\u00e1ria da Regi\u00e3o Sul<br \/>\n<a href=\"https:\/\/wp.ufpel.edu.br\/dcsa\/professores\/fernandes-lucio-andre-de-oliveira\/\">Fernandes, L\u00facio<\/a>\u00a0(Colaborador)<\/p>\n<p>Qualifica\u00e7\u00f5es did\u00e1tico-pedag\u00f3gicas nas disciplinas obrigat\u00f3ria oferecidas pelo Departamento de Ci\u00eancias Sociais Agr\u00e1rias<br \/>\n<a href=\"https:\/\/wp.ufpel.edu.br\/dcsa\/professores\/fernandes-lucio-andre-de-oliveira\/\">Fernandes, L\u00facio<\/a>\u00a0(Participante);\u00a0<a href=\"https:\/\/wp.ufpel.edu.br\/dcsa\/professores\/conill-mario-gomes\/\">Conill, M\u00e1rio<\/a>\u00a0(Participante)<\/p>\n<p>Rural em Imagens<br \/>\n<a href=\"https:\/\/wp.ufpel.edu.br\/dcsa\/professores\/caldas-nadia-vellada\/\">Caldas, N\u00e1dia<\/a>\u00a0(Coordenador);\u00a0<a href=\"https:\/\/wp.ufpel.edu.br\/dcsa\/professores\/saco-dos-anjos-flavio\/\">Saco dos Anjos, Fl\u00e1vio\u00a0<\/a>\u00a0(Colaborador);\u00a0<a href=\"https:\/\/wp.ufpel.edu.br\/dcsa\/professores\/bezerra-antonio-jorge-amaral\/\">Bezerra, Antonio<\/a>\u00a0(Colaborador)<\/p>\n","protected":false},"excerpt":{"rendered":"<p>Ensinar aprendendo agroecologia pelo dialogo dos saberes Fernandes, L\u00facio\u00a0(Colaborador) Pr\u00e1ticas em Extens\u00e3o Rural nos assentamentos da Reforma Agr\u00e1ria da Regi\u00e3o Sul Fernandes, L\u00facio\u00a0(Colaborador) Qualifica\u00e7\u00f5es did\u00e1tico-pedag\u00f3gicas nas disciplinas obrigat\u00f3ria oferecidas pelo Departamento de Ci\u00eancias Sociais Agr\u00e1rias Fernandes, L\u00facio\u00a0(Participante);\u00a0Conill, M\u00e1rio\u00a0(Participante) Rural em Imagens Caldas, N\u00e1dia\u00a0(Coordenador);\u00a0Saco dos Anjos, Fl\u00e1vio\u00a0\u00a0(Colaborador);\u00a0Bezerra, Antonio\u00a0(Colaborador)<\/p>\n","protected":false},"author":141,"featured_media":0,"parent":244,"menu_order":1,"comment_status":"closed","ping_status":"closed","template":"template-twocolumnsleft.php","meta":{"footnotes":""},"class_list":["post-1253","page","type-page","status-publish","hentry","nodate","item-wrap"],"jetpack_sharing_enabled":true,"jetpack_likes_enabled":false,"_links":{"self":[{"href":"https:\/\/wp.ufpel.edu.br\/dcsa\/wp-json\/wp\/v2\/pages\/1253","targetHints":{"allow":["GET"]}}],"collection":[{"href":"https:\/\/wp.ufpel.edu.br\/dcsa\/wp-json\/wp\/v2\/pages"}],"about":[{"href":"https:\/\/wp.ufpel.edu.br\/dcsa\/wp-json\/wp\/v2\/types\/page"}],"author":[{"embeddable":true,"href":"https:\/\/wp.ufpel.edu.br\/dcsa\/wp-json\/wp\/v2\/users\/141"}],"replies":[{"embeddable":true,"href":"https:\/\/wp.ufpel.edu.br\/dcsa\/wp-json\/wp\/v2\/comments?post=1253"}],"version-history":[{"count":4,"href":"https:\/\/wp.ufpel.edu.br\/dcsa\/wp-json\/wp\/v2\/pages\/1253\/revisions"}],"predecessor-version":[{"id":1525,"href":"https:\/\/wp.ufpel.edu.br\/dcsa\/wp-json\/wp\/v2\/pages\/1253\/revisions\/1525"}],"up":[{"embeddable":true,"href":"https:\/\/wp.ufpel.edu.br\/dcsa\/wp-json\/wp\/v2\/pages\/244"}],"wp:attachment":[{"href":"https:\/\/wp.ufpel.edu.br\/dcsa\/wp-json\/wp\/v2\/media?parent=1253"}],"curies":[{"name":"wp","href":"https:\/\/api.w.org\/{rel}","templated":true}]}}