{"id":1251,"date":"2018-08-08T09:51:26","date_gmt":"2018-08-08T12:51:26","guid":{"rendered":"https:\/\/wp.ufpel.edu.br\/dcsa\/?page_id=1251"},"modified":"2018-11-07T15:56:18","modified_gmt":"2018-11-07T17:56:18","slug":"projetos-de-pesquisa","status":"publish","type":"page","link":"https:\/\/wp.ufpel.edu.br\/dcsa\/projetos-em-andamento\/projetos-de-pesquisa\/","title":{"rendered":"Projetos de Pesquisa"},"content":{"rendered":"<p>A comida que alimenta o corpo e promove a inclus\u00e3o social: A experi\u00eancia das compras institucionais no restaurante escola da UFPel<br \/>\n<a href=\"https:\/\/wp.ufpel.edu.br\/dcsa\/professores\/saco-dos-anjos-flavio\/\">Saco dos Anjos, Fl\u00e1vio\u00a0<\/a>\u00a0(Coordenador);\u00a0<a href=\"https:\/\/wp.ufpel.edu.br\/dcsa\/professores\/caldas-nadia-vellada\/\">Caldas, N\u00e1dia<\/a>\u00a0(Colaborador);\u00a0<a href=\"https:\/\/wp.ufpel.edu.br\/dcsa\/professores\/bezerra-antonio-jorge-amaral\/\">Bezerra, Antonio<\/a>\u00a0(Colaborador)<\/p>\n<p>An\u00e1lise dos processos da a\u00e7\u00e3o extensionista junto a agricultores familiares que cultivam tabaco<br \/>\n<a href=\"https:\/\/wp.ufpel.edu.br\/dcsa\/professores\/cotrim-souza-decio\/\">Cotrim, D\u00e9cio<\/a>\u00a0(Coordenador);\u00a0<a href=\"https:\/\/wp.ufpel.edu.br\/dcsa\/professores\/canever-mario-duarte\/\">Canever, Mario<\/a>\u00a0(Colaborador)<\/p>\n<p>Atitude Empreendedora em diferentes ambientes universit\u00e1rios<br \/>\n<a href=\"https:\/\/wp.ufpel.edu.br\/dcsa\/professores\/canever-mario-duarte\/\">Canever, Mario<\/a>\u00a0(Coordenador)<\/p>\n<p>Avalia\u00e7\u00e3o e Gest\u00e3o dos Recursos H\u00eddricos da Bacia do Rio Guapor\u00e9<br \/>\n<a href=\"https:\/\/wp.ufpel.edu.br\/dcsa\/professores\/conill-mario-gomes\/\">Conill, M\u00e1rio<\/a>\u00a0(Coordenador)<\/p>\n<p>Banco de dados agropecu\u00e1rio no Brasil: cria\u00e7\u00e3o, manuten\u00e7\u00e3o e atualiza\u00e7\u00e3o<br \/>\n<a href=\"https:\/\/wp.ufpel.edu.br\/dcsa\/professores\/canever-mario-duarte\/\">Canever, Mario<\/a>\u00a0(Colaborador)<\/p>\n<p>Concep\u00e7\u00f5es de extens\u00e3o e desenvolvimento na Universidade Federal de Pelotas: uma an\u00e1lise a partir dos atores<br \/>\n<a href=\"https:\/\/wp.ufpel.edu.br\/dcsa\/professores\/caldas-nadia-vellada\/\">Caldas, N\u00e1dia<\/a>\u00a0(Coordenador)<\/p>\n<p>Espa\u00e7os de resist\u00eancia, espa\u00e7os de afirma\u00e7\u00e3o: Agricultura familiar e certifica\u00e7\u00e3o de org\u00e2nicos no sul do Brasil<br \/>\n<a href=\"https:\/\/wp.ufpel.edu.br\/dcsa\/professores\/caldas-nadia-vellada\/\">Caldas, N\u00e1dia<\/a>\u00a0(Coordenador);\u00a0<a href=\"https:\/\/wp.ufpel.edu.br\/dcsa\/professores\/saco-dos-anjos-flavio\/\">Saco dos Anjos, Fl\u00e1vio\u00a0<\/a>\u00a0(Colaborador)<\/p>\n<p><a href=\"https:\/\/wp.ufpel.edu.br\/dcsa\/projetos-em-andamento\/projetos-de-pesquisa\/estudo-da-economicidade-dos-sistemas-de-exploracao-agrosilvopastoril-da-zona-sul-do-estado-do-rio-grande-do-sul\/\">Estudo da economicidade dos sistemas de explora\u00e7\u00e3o agrosilvopastoril da Zona Sul do Estado do Rio Grande do Sul<\/a><br \/>\n<a href=\"https:\/\/wp.ufpel.edu.br\/dcsa\/pessoas\/professores\/rigatto\/\">Rigatto, Paulo<\/a>\u00a0(Coordenador)<\/p>\n<p><a href=\"https:\/\/wp.ufpel.edu.br\/dcsa\/projetos-em-andamento\/projetos-de-pesquisa\/estudo-de-series-temporais-de-precos-agricolas\/\">Estudo de s\u00e9ries temporais de pre\u00e7os agr\u00edcolas<\/a><br \/>\n<a href=\"https:\/\/wp.ufpel.edu.br\/dcsa\/pessoas\/professores\/rigatto\/\">Rigatto, Paulo<\/a>\u00a0(Coordenador)<\/p>\n<p>Grupo de Agroecologia Sinergia: reconectando produ\u00e7\u00e3o e consumo<br \/>\n<a href=\"https:\/\/wp.ufpel.edu.br\/dcsa\/professores\/cotrim-souza-decio\/\">Cotrim, D\u00e9cio<\/a>\u00a0(Coordenador);\u00a0<a href=\"https:\/\/wp.ufpel.edu.br\/dcsa\/professores\/fernandes-lucio-andre-de-oliveira\/\">Fernandes, L\u00facio<\/a>\u00a0(Colaborador)<\/p>\n<p>Impactos da Incerteza do pre\u00e7o do Petr\u00f3leo sobre commodities agr\u00edcolas<br \/>\n<a href=\"https:\/\/wp.ufpel.edu.br\/dcsa\/professores\/canever-mario-duarte\/\">Canever, Mario<\/a>\u00a0(Coordenador)<\/p>\n<p>Influencia das capacidades mobiliz\u00e1veis e adicionais no processo de consolida\u00e7\u00e3o das agroind\u00fastrias\u00a0 familiares rurais<br \/>\n<a href=\"https:\/\/wp.ufpel.edu.br\/dcsa\/professores\/fernandes-lucio-andre-de-oliveira\/\">Fernandes, L\u00facio<\/a>\u00a0(Colaborador)<\/p>\n<p>O empreendedorismo na agricultura familiar compreendendo a natureza e a relev\u00e2ncia das habilidades empreendedoras para o sucesso dos neg\u00f3cios<br \/>\n<a href=\"https:\/\/wp.ufpel.edu.br\/dcsa\/professores\/canever-mario-duarte\/\">Canever, Mario<\/a>\u00a0(Coordenador);\u00a0<a href=\"https:\/\/wp.ufpel.edu.br\/dcsa\/professores\/cotrim-souza-decio\/\">Cotrim, D\u00e9cio<\/a>\u00a0(Colaborador)<\/p>\n<p>Por uma sociologia da seguran\u00e7a alimentar: o mito da fome no sul do Brasil<br \/>\n<a href=\"https:\/\/wp.ufpel.edu.br\/dcsa\/professores\/saco-dos-anjos-flavio\/\">Saco dos Anjos, Fl\u00e1vio\u00a0<\/a>\u00a0(Coordenador)<\/p>\n<p>Possibilidades e limites de uma unidade de compostagem de res\u00edduos de pesca em Pelotas\/RS<br \/>\n<a href=\"https:\/\/wp.ufpel.edu.br\/dcsa\/professores\/conill-mario-gomes\/\">Conill, M\u00e1rio<\/a>\u00a0(Coordenador);\u00a0<a href=\"https:\/\/wp.ufpel.edu.br\/dcsa\/professores\/cotrim-souza-decio\/\">Cotrim, D\u00e9cio<\/a>\u00a0(Colaborador)<\/p>\n<p>Produ\u00e7\u00e3o agroecol\u00f3gica e indicadores de sustentabilidade<br \/>\n<a href=\"https:\/\/wp.ufpel.edu.br\/dcsa\/professores\/conill-mario-gomes\/\">Conill, M\u00e1rio<\/a>\u00a0(Coordenador)<\/p>\n<p>Qual o sabor dos territ\u00f3rios ga\u00fachos? Estudo sobre estrat\u00e9gias de diferencia\u00e7\u00e3o de produto agroalimentares no Estado do Rio Grande do Sul<br \/>\n<a href=\"https:\/\/wp.ufpel.edu.br\/dcsa\/professores\/saco-dos-anjos-flavio\/\">Saco dos Anjos, Fl\u00e1vio\u00a0<\/a>\u00a0(Coordenador)<\/p>\n<p>Sustentabilidade e multifuncionalidade dos espa\u00e7os rurais<br \/>\n<a href=\"https:\/\/wp.ufpel.edu.br\/dcsa\/professores\/saco-dos-anjos-flavio\/\">Saco dos Anjos, Fl\u00e1vio\u00a0<\/a>\u00a0(Coordenador)<\/p>\n<p>Transmiss\u00e3o de votalidade entre commodities no curto, m\u00e9dio e longo prazo<br \/>\n<a href=\"https:\/\/wp.ufpel.edu.br\/dcsa\/professores\/canever-mario-duarte\/\">Canever, Mario<\/a>\u00a0(Coordenador)<\/p>\n<p>Uso de indicadores de sustentabilidade para avalia\u00e7\u00e3o do processo de transi\u00e7\u00e3o agroecol\u00f3gica em pequenas propriedades leiteiras<br \/>\n<a href=\"https:\/\/wp.ufpel.edu.br\/dcsa\/professores\/conill-mario-gomes\/\">Conill, M\u00e1rio<\/a>\u00a0(Colaborador)<\/p>\n<p>Valora\u00e7\u00e3o Econ\u00f4mica dos Servi\u00e7os Ecossist\u00eamicos na Constru\u00e7\u00e3o participativa de sistemas\u00a0 agroflorestais sucessionais no Territ\u00f3rio da Serra dos Tapes, RS II<br \/>\n<a href=\"https:\/\/wp.ufpel.edu.br\/dcsa\/professores\/fernandes-lucio-andre-de-oliveira\/\">Fernandes, L\u00facio<\/a>\u00a0(Coordenador);<a href=\"https:\/\/wp.ufpel.edu.br\/dcsa\/professores\/mendonca-henrique-furtado-de\/\">\u00a0Mendon\u00e7a, Henrique de<\/a>\u00a0(Colaborador)<\/p>\n<p>&nbsp;<\/p>\n","protected":false},"excerpt":{"rendered":"<p>A comida que alimenta o corpo e promove a inclus\u00e3o social: A experi\u00eancia das compras institucionais no restaurante escola da UFPel Saco dos Anjos, Fl\u00e1vio\u00a0\u00a0(Coordenador);\u00a0Caldas, N\u00e1dia\u00a0(Colaborador);\u00a0Bezerra, Antonio\u00a0(Colaborador) An\u00e1lise dos processos da a\u00e7\u00e3o extensionista junto a agricultores familiares que cultivam tabaco Cotrim, D\u00e9cio\u00a0(Coordenador);\u00a0Canever, Mario\u00a0(Colaborador) Atitude Empreendedora em diferentes ambientes universit\u00e1rios Canever, Mario\u00a0(Coordenador) Avalia\u00e7\u00e3o e Gest\u00e3o dos &hellip; <\/p>\n<p><a class=\"more-link btn\" href=\"https:\/\/wp.ufpel.edu.br\/dcsa\/projetos-em-andamento\/projetos-de-pesquisa\/\">Continue lendo<\/a><\/p>\n","protected":false},"author":141,"featured_media":0,"parent":244,"menu_order":3,"comment_status":"closed","ping_status":"closed","template":"template-twocolumnsleft.php","meta":{"footnotes":""},"class_list":["post-1251","page","type-page","status-publish","hentry","nodate","item-wrap"],"jetpack_sharing_enabled":true,"jetpack_likes_enabled":false,"_links":{"self":[{"href":"https:\/\/wp.ufpel.edu.br\/dcsa\/wp-json\/wp\/v2\/pages\/1251","targetHints":{"allow":["GET"]}}],"collection":[{"href":"https:\/\/wp.ufpel.edu.br\/dcsa\/wp-json\/wp\/v2\/pages"}],"about":[{"href":"https:\/\/wp.ufpel.edu.br\/dcsa\/wp-json\/wp\/v2\/types\/page"}],"author":[{"embeddable":true,"href":"https:\/\/wp.ufpel.edu.br\/dcsa\/wp-json\/wp\/v2\/users\/141"}],"replies":[{"embeddable":true,"href":"https:\/\/wp.ufpel.edu.br\/dcsa\/wp-json\/wp\/v2\/comments?post=1251"}],"version-history":[{"count":7,"href":"https:\/\/wp.ufpel.edu.br\/dcsa\/wp-json\/wp\/v2\/pages\/1251\/revisions"}],"predecessor-version":[{"id":1654,"href":"https:\/\/wp.ufpel.edu.br\/dcsa\/wp-json\/wp\/v2\/pages\/1251\/revisions\/1654"}],"up":[{"embeddable":true,"href":"https:\/\/wp.ufpel.edu.br\/dcsa\/wp-json\/wp\/v2\/pages\/244"}],"wp:attachment":[{"href":"https:\/\/wp.ufpel.edu.br\/dcsa\/wp-json\/wp\/v2\/media?parent=1251"}],"curies":[{"name":"wp","href":"https:\/\/api.w.org\/{rel}","templated":true}]}}