{"id":124,"date":"2016-09-15T14:07:05","date_gmt":"2016-09-15T17:07:05","guid":{"rendered":"https:\/\/wp.ufpel.edu.br\/dcsa\/?page_id=124"},"modified":"2018-10-02T15:58:25","modified_gmt":"2018-10-02T18:58:25","slug":"pesquisa","status":"publish","type":"page","link":"https:\/\/wp.ufpel.edu.br\/dcsa\/pesquisa\/","title":{"rendered":"\u00c1reas de Pesquisa"},"content":{"rendered":"<table style=\"height: 598px;width: 880px\" width=\"0\">\n<tbody>\n<tr style=\"height: 10px\">\n<td style=\"text-align: left;vertical-align: middle;height: 46px;width: 357px\" width=\"350\"><span style=\"font-size: 14pt\"><strong>Linha de Pesquisa<\/strong><\/span><\/td>\n<td style=\"text-align: left;vertical-align: middle;height: 46px;width: 364px\" width=\"227\"><span style=\"font-size: 14pt\"><strong>Professores Envolvidos<\/strong><\/span><\/td>\n<\/tr>\n<tr style=\"height: 10px\">\n<td style=\"text-align: left;vertical-align: middle;height: 58px;width: 357px\" width=\"350\"><a href=\"https:\/\/wp.ufpel.edu.br\/dcsa\/pesquisa\/sistemas-agroindustriais\/\">Agrega\u00e7\u00e3o de Valor em Sistemas Agroindustriais<\/a><\/td>\n<td style=\"text-align: left;vertical-align: middle;height: 58px;width: 364px\" width=\"227\"><a href=\"https:\/\/wp.ufpel.edu.br\/dcsa\/canever\/\">Canever, Mario<\/a>; <a href=\"https:\/\/wp.ufpel.edu.br\/dcsa\/conill\/\">Conill, M\u00e1rio<\/a>; <a href=\"https:\/\/wp.ufpel.edu.br\/dcsa\/pessoas\/professores\/kohls-krause-volnei\/\">Kohls, Volnei<\/a>; <a href=\"https:\/\/wp.ufpel.edu.br\/dcsa\/pessoas\/professores\/menezes-gabrielito-rauter\/\">Menezes, Gabrielito<\/a>; <a href=\"https:\/\/wp.ufpel.edu.br\/dcsa\/pessoas\/professores\/rigatto\/\">Rigatto, Paulo<\/a><\/td>\n<\/tr>\n<tr style=\"height: 10px\">\n<td style=\"text-align: left;vertical-align: middle;height: 61px;width: 357px\" width=\"350\"><a href=\"https:\/\/wp.ufpel.edu.br\/dcsa\/pesquisa\/agricultura-familiar\/\">Agricultura Familiar<\/a><\/td>\n<td style=\"text-align: left;vertical-align: middle;height: 61px;width: 364px\" width=\"227\"><a href=\"https:\/\/wp.ufpel.edu.br\/dcsa\/bezerra\/\">Bezerra, Antonio<\/a>; <a href=\"https:\/\/wp.ufpel.edu.br\/dcsa\/pessoas\/professores\/caldas-nadia-vellada\/\">Caldas, N\u00e1dia<\/a>;\u00a0<a href=\"https:\/\/wp.ufpel.edu.br\/dcsa\/pessoas\/professores\/cotrim-souza-decio\/\">Cotrim, D\u00e9cio<\/a>;\u00a0<a href=\"https:\/\/wp.ufpel.edu.br\/dcsa\/conill\/\">Conill, M\u00e1rio<\/a>;\u00a0<a href=\"https:\/\/wp.ufpel.edu.br\/dcsa\/pessoas\/professores\/saco-dos-anjos-flavio\/\">Sacco dos Anjos, Fl\u00e1vio<\/a><\/td>\n<\/tr>\n<tr style=\"height: 10px\">\n<td style=\"text-align: left;vertical-align: middle;height: 59px;width: 357px\" width=\"350\"><a href=\"https:\/\/wp.ufpel.edu.br\/dcsa\/pesquisa\/agroecologia-e-economia-ecologica\/\">Agroecologia e Economia Ecol\u00f3gica<\/a><\/td>\n<td style=\"text-align: left;vertical-align: middle;height: 59px;width: 364px\" width=\"227\"><a href=\"https:\/\/wp.ufpel.edu.br\/dcsa\/pessoas\/professores\/cotrim-souza-decio\/\">Cotrim, D\u00e9cio<\/a>; <a href=\"https:\/\/wp.ufpel.edu.br\/dcsa\/pessoas\/professores\/fernandes-lucio-andre-de-oliveira\/\">Fernandes, L\u00facio<\/a>; <a href=\"https:\/\/wp.ufpel.edu.br\/dcsa\/pessoas\/professores\/mendonca-henrique-furtado-de\/\">Mendon\u00e7a, Henrique<\/a> de<\/td>\n<\/tr>\n<tr style=\"height: 10px\">\n<td style=\"text-align: left;vertical-align: middle;height: 83px;width: 357px\" width=\"350\"><a href=\"https:\/\/wp.ufpel.edu.br\/dcsa\/pesquisa\/desenvolvimento-territorial-e-ruralidade\/\">Desenvolvimento Territorial e Ruralidade<\/a><\/td>\n<td style=\"text-align: left;vertical-align: middle;height: 83px;width: 364px\" width=\"227\"><a href=\"https:\/\/wp.ufpel.edu.br\/dcsa\/bezerra\/\">Bezerra, Antonio<\/a>; <a href=\"https:\/\/wp.ufpel.edu.br\/dcsa\/pessoas\/professores\/caldas-nadia-vellada\/\">Caldas, N\u00e1dia<\/a>; <a href=\"https:\/\/wp.ufpel.edu.br\/dcsa\/canever\/\">Canever, Mario<\/a>; <a href=\"https:\/\/wp.ufpel.edu.br\/dcsa\/conill\/\">Conill, M\u00e1rio<\/a>;\u00a0<a href=\"https:\/\/wp.ufpel.edu.br\/dcsa\/pessoas\/professores\/cotrim-souza-decio\/\">Cotrim, D\u00e9cio<\/a>; <a href=\"https:\/\/wp.ufpel.edu.br\/dcsa\/pessoas\/professores\/kohls-krause-volnei\/\">Kohls, Volnei<\/a>; <a href=\"https:\/\/wp.ufpel.edu.br\/dcsa\/pessoas\/professores\/menezes-gabrielito-rauter\/\">Menezes, Gabrielito<\/a><a href=\"https:\/\/wp.ufpel.edu.br\/dcsa\/pessoas\/professores\/saco-dos-anjos-flavio\/\">; Sacco dos Anjos, Fl\u00e1vio<\/a><\/td>\n<\/tr>\n<tr style=\"height: 10px\">\n<td style=\"text-align: left;vertical-align: middle;height: 62px;width: 357px\" width=\"350\"><a href=\"https:\/\/wp.ufpel.edu.br\/dcsa\/pesquisa\/economia-aplicada-ao-agronegocio\/\">Economia Aplicada e Empreendedorismo<\/a><\/td>\n<td style=\"text-align: left;vertical-align: middle;height: 62px;width: 364px\" width=\"227\"><a href=\"https:\/\/wp.ufpel.edu.br\/dcsa\/canever\/\">Canever, Mario<\/a>; <a href=\"https:\/\/wp.ufpel.edu.br\/dcsa\/conill\/\">Conill, M\u00e1rio<\/a>; <a href=\"https:\/\/wp.ufpel.edu.br\/dcsa\/pessoas\/professores\/menezes-gabrielito-rauter\/\">Menezes, Gabrielito<\/a>; <a href=\"https:\/\/wp.ufpel.edu.br\/dcsa\/pessoas\/professores\/rigatto\/\">Rigatto, Paulo<\/a><\/td>\n<\/tr>\n<tr style=\"height: 10px\">\n<td style=\"text-align: left;vertical-align: middle;height: 47px;width: 357px\" width=\"350\"><a href=\"https:\/\/wp.ufpel.edu.br\/dcsa\/pesquisa\/gestao-empresarial-no-agronegocio\/\">Gest\u00e3o Empresarial no Agroneg\u00f3cio<\/a><\/td>\n<td style=\"text-align: left;vertical-align: middle;height: 47px;width: 364px\" width=\"227\"><a href=\"https:\/\/wp.ufpel.edu.br\/dcsa\/canever\/\">Canever, Mario<\/a>; <a href=\"https:\/\/wp.ufpel.edu.br\/dcsa\/conill\/\">Conill, M\u00e1rio<\/a>; <a href=\"https:\/\/wp.ufpel.edu.br\/dcsa\/pessoas\/professores\/kohls-krause-volnei\/\">Kohls, Volnei<\/a>; <a href=\"https:\/\/wp.ufpel.edu.br\/dcsa\/pessoas\/professores\/menezes-gabrielito-rauter\/\">Menezes, Gabrielito<\/a>; <a href=\"https:\/\/wp.ufpel.edu.br\/dcsa\/pessoas\/professores\/rigatto\/\">Rigatto, Paulo<\/a><\/td>\n<\/tr>\n<\/tbody>\n<\/table>\n<p>&nbsp;<\/p>\n","protected":false},"excerpt":{"rendered":"<p>Linha de Pesquisa Professores Envolvidos Agrega\u00e7\u00e3o de Valor em Sistemas Agroindustriais Canever, Mario; Conill, M\u00e1rio; Kohls, Volnei; Menezes, Gabrielito; Rigatto, Paulo Agricultura Familiar Bezerra, Antonio; Caldas, N\u00e1dia;\u00a0Cotrim, D\u00e9cio;\u00a0Conill, M\u00e1rio;\u00a0Sacco dos Anjos, Fl\u00e1vio Agroecologia e Economia Ecol\u00f3gica Cotrim, D\u00e9cio; Fernandes, L\u00facio; Mendon\u00e7a, Henrique de Desenvolvimento Territorial e Ruralidade Bezerra, Antonio; Caldas, N\u00e1dia; Canever, Mario; Conill, M\u00e1rio;\u00a0Cotrim, &hellip; <\/p>\n<p><a class=\"more-link btn\" href=\"https:\/\/wp.ufpel.edu.br\/dcsa\/pesquisa\/\">Continue lendo<\/a><\/p>\n","protected":false},"author":141,"featured_media":917,"parent":0,"menu_order":0,"comment_status":"closed","ping_status":"closed","template":"template-twocolumnsleft.php","meta":{"footnotes":""},"class_list":["post-124","page","type-page","status-publish","has-post-thumbnail","hentry","nodate","item-wrap"],"jetpack_sharing_enabled":true,"jetpack_likes_enabled":false,"_links":{"self":[{"href":"https:\/\/wp.ufpel.edu.br\/dcsa\/wp-json\/wp\/v2\/pages\/124","targetHints":{"allow":["GET"]}}],"collection":[{"href":"https:\/\/wp.ufpel.edu.br\/dcsa\/wp-json\/wp\/v2\/pages"}],"about":[{"href":"https:\/\/wp.ufpel.edu.br\/dcsa\/wp-json\/wp\/v2\/types\/page"}],"author":[{"embeddable":true,"href":"https:\/\/wp.ufpel.edu.br\/dcsa\/wp-json\/wp\/v2\/users\/141"}],"replies":[{"embeddable":true,"href":"https:\/\/wp.ufpel.edu.br\/dcsa\/wp-json\/wp\/v2\/comments?post=124"}],"version-history":[{"count":22,"href":"https:\/\/wp.ufpel.edu.br\/dcsa\/wp-json\/wp\/v2\/pages\/124\/revisions"}],"predecessor-version":[{"id":1515,"href":"https:\/\/wp.ufpel.edu.br\/dcsa\/wp-json\/wp\/v2\/pages\/124\/revisions\/1515"}],"wp:featuredmedia":[{"embeddable":true,"href":"https:\/\/wp.ufpel.edu.br\/dcsa\/wp-json\/wp\/v2\/media\/917"}],"wp:attachment":[{"href":"https:\/\/wp.ufpel.edu.br\/dcsa\/wp-json\/wp\/v2\/media?parent=124"}],"curies":[{"name":"wp","href":"https:\/\/api.w.org\/{rel}","templated":true}]}}