{"id":1233,"date":"2018-08-08T00:16:15","date_gmt":"2018-08-08T03:16:15","guid":{"rendered":"https:\/\/wp.ufpel.edu.br\/dcsa\/?page_id=1233"},"modified":"2018-08-08T09:54:35","modified_gmt":"2018-08-08T12:54:35","slug":"estudo-da-economicidade-dos-sistemas-de-exploracao-agrosilvopastoril-da-zona-sul-do-estado-do-rio-grande-do-sul","status":"publish","type":"page","link":"https:\/\/wp.ufpel.edu.br\/dcsa\/projetos-em-andamento\/projetos-de-pesquisa\/estudo-da-economicidade-dos-sistemas-de-exploracao-agrosilvopastoril-da-zona-sul-do-estado-do-rio-grande-do-sul\/","title":{"rendered":"Estudo da economicidade dos sistemas de explora\u00e7\u00e3o agrosilvopastoril da Zona Sul do Estado do Rio Grande do Sul."},"content":{"rendered":"<p>Coordena\u00e7\u00e3o: <span style=\"font-size: 12pt\"> <a href=\"https:\/\/wp.ufpel.edu.br\/dcsa\/pessoas\/professores\/rigatto\/\">Rigatto, Paulo<\/a><a href=\"https:\/\/wp.ufpel.edu.br\/dcsa\/files\/2018\/07\/cows.jpg\"><img loading=\"lazy\" decoding=\"async\" class=\"alignright size-medium wp-image-985\" src=\"https:\/\/wp.ufpel.edu.br\/dcsa\/files\/2018\/07\/cows-400x145.jpg\" alt=\"\" width=\"400\" height=\"145\" srcset=\"https:\/\/wp.ufpel.edu.br\/dcsa\/files\/2018\/07\/cows-400x145.jpg 400w, https:\/\/wp.ufpel.edu.br\/dcsa\/files\/2018\/07\/cows-768x278.jpg 768w, https:\/\/wp.ufpel.edu.br\/dcsa\/files\/2018\/07\/cows-1024x371.jpg 1024w, https:\/\/wp.ufpel.edu.br\/dcsa\/files\/2018\/07\/cows-1100x400.jpg 1100w, https:\/\/wp.ufpel.edu.br\/dcsa\/files\/2018\/07\/cows.jpg 1146w\" sizes=\"auto, (max-width: 400px) 100vw, 400px\" \/><\/a><\/span><\/p>\n<p>COCEPE 5.02.02.002<br \/>\nPer\u00edodo: 2010-2020<\/p>\n<p>Resumo:<\/p>\n<p>O projeto se prop\u00f5em a avaliar a economicidade dos sistemas de introdu\u00e7\u00e3o de florestas renov\u00e1veis, no sul do estado do Rio Grande do Sul em sistemas integrados de produ\u00e7\u00e3o agrosilvopastoris. Dada a import\u00e2ncia e dimens\u00e3o dos investimentos que est\u00e3o sendo realizados na regi\u00e3o sul do Estado do Rio Grande do Sul, com a implanta\u00e7\u00e3o de florestas renov\u00e1veis, e investimentos em plantas industriais de processamento de parte desta produ\u00e7\u00e3o.O fato \u00e9 que esse avan\u00e7o no plantio vem ocorrendo mais intensamente de forma tradicional, ou seja, em \u00e1reas com florestas contiguas. Principalmente, naquelas de produtores parceiros, pois a principal empresa investidora na regi\u00e3o vem inovando em algumas de suas \u00e1reas com a explora\u00e7\u00e3o consorciada da floresta com outras atividades econ\u00f4micas e tradicionais na regi\u00e3o. Este projeto tem por objetivo central, conhecer, estudar e divulgar o potencial produtivo e econ\u00f4mico da implanta\u00e7\u00e3o destas florestas renov\u00e1veis de forma integrada as atividades j\u00e1 existentes nas propriedades com aptid\u00e3o para o florestamento na regi\u00e3o.<\/p>\n<p>Situa\u00e7\u00e3o: Em andamento<br \/>\nNatureza: Pesquisa<\/p>\n<p>Resultados\/Publica\u00e7\u00f5es:<\/p>\n<p>&nbsp;<\/p>\n","protected":false},"excerpt":{"rendered":"<p>Coordena\u00e7\u00e3o: Rigatto, Paulo COCEPE 5.02.02.002 Per\u00edodo: 2010-2020 Resumo: O projeto se prop\u00f5em a avaliar a economicidade dos sistemas de introdu\u00e7\u00e3o de florestas renov\u00e1veis, no sul do estado do Rio Grande do Sul em sistemas integrados de produ\u00e7\u00e3o agrosilvopastoris. Dada a import\u00e2ncia e dimens\u00e3o dos investimentos que est\u00e3o sendo realizados na regi\u00e3o sul do Estado do &hellip; <\/p>\n<p><a class=\"more-link btn\" href=\"https:\/\/wp.ufpel.edu.br\/dcsa\/projetos-em-andamento\/projetos-de-pesquisa\/estudo-da-economicidade-dos-sistemas-de-exploracao-agrosilvopastoril-da-zona-sul-do-estado-do-rio-grande-do-sul\/\">Continue lendo<\/a><\/p>\n","protected":false},"author":141,"featured_media":0,"parent":1251,"menu_order":0,"comment_status":"closed","ping_status":"closed","template":"template-twocolumnsleft.php","meta":{"footnotes":""},"class_list":["post-1233","page","type-page","status-publish","hentry","nodate","item-wrap"],"jetpack_sharing_enabled":true,"jetpack_likes_enabled":false,"_links":{"self":[{"href":"https:\/\/wp.ufpel.edu.br\/dcsa\/wp-json\/wp\/v2\/pages\/1233","targetHints":{"allow":["GET"]}}],"collection":[{"href":"https:\/\/wp.ufpel.edu.br\/dcsa\/wp-json\/wp\/v2\/pages"}],"about":[{"href":"https:\/\/wp.ufpel.edu.br\/dcsa\/wp-json\/wp\/v2\/types\/page"}],"author":[{"embeddable":true,"href":"https:\/\/wp.ufpel.edu.br\/dcsa\/wp-json\/wp\/v2\/users\/141"}],"replies":[{"embeddable":true,"href":"https:\/\/wp.ufpel.edu.br\/dcsa\/wp-json\/wp\/v2\/comments?post=1233"}],"version-history":[{"count":3,"href":"https:\/\/wp.ufpel.edu.br\/dcsa\/wp-json\/wp\/v2\/pages\/1233\/revisions"}],"predecessor-version":[{"id":1236,"href":"https:\/\/wp.ufpel.edu.br\/dcsa\/wp-json\/wp\/v2\/pages\/1233\/revisions\/1236"}],"up":[{"embeddable":true,"href":"https:\/\/wp.ufpel.edu.br\/dcsa\/wp-json\/wp\/v2\/pages\/1251"}],"wp:attachment":[{"href":"https:\/\/wp.ufpel.edu.br\/dcsa\/wp-json\/wp\/v2\/media?parent=1233"}],"curies":[{"name":"wp","href":"https:\/\/api.w.org\/{rel}","templated":true}]}}