{"id":1227,"date":"2018-08-07T23:39:17","date_gmt":"2018-08-08T02:39:17","guid":{"rendered":"https:\/\/wp.ufpel.edu.br\/dcsa\/?page_id=1227"},"modified":"2018-09-28T17:51:06","modified_gmt":"2018-09-28T20:51:06","slug":"estudo-de-series-temporais-de-precos-agricolas","status":"publish","type":"page","link":"https:\/\/wp.ufpel.edu.br\/dcsa\/projetos-em-andamento\/projetos-de-pesquisa\/estudo-de-series-temporais-de-precos-agricolas\/","title":{"rendered":"Estudo de s\u00e9ries temporais de pre\u00e7os agr\u00edcolas"},"content":{"rendered":"<p><span style=\"font-size: 12pt\"><a href=\"https:\/\/wp.ufpel.edu.br\/dcsa\/files\/2018\/07\/Untitled.jpg\"><img loading=\"lazy\" decoding=\"async\" class=\"alignright size-medium wp-image-984\" src=\"https:\/\/wp.ufpel.edu.br\/dcsa\/files\/2018\/07\/Untitled-400x247.jpg\" alt=\"\" width=\"400\" height=\"247\" srcset=\"https:\/\/wp.ufpel.edu.br\/dcsa\/files\/2018\/07\/Untitled-400x247.jpg 400w, https:\/\/wp.ufpel.edu.br\/dcsa\/files\/2018\/07\/Untitled-768x475.jpg 768w, https:\/\/wp.ufpel.edu.br\/dcsa\/files\/2018\/07\/Untitled.jpg 959w\" sizes=\"auto, (max-width: 400px) 100vw, 400px\" \/><\/a>Coordena\u00e7\u00e3o: <a href=\"https:\/\/wp.ufpel.edu.br\/dcsa\/pessoas\/professores\/rigatto\/\">Rigatto, Paulo<\/a><\/span><\/p>\n<p><span style=\"font-size: 12pt\">COCEPE 6.03.10.014<\/span><br \/>\n<span style=\"font-size: 12pt\">Per\u00edodo: 2009-2020<\/span><\/p>\n<p>Resumo:<\/p>\n<p>Dentre os aspectos positivos da presente pol\u00edtica econ\u00f4mica implementada pelo atual governo brasileiro, pode-se ressaltar a estabiliza\u00e7\u00e3o dos pre\u00e7os na economia, facilmente verificado atrav\u00e9s dos principais \u00edndices de medi\u00e7\u00e3o da infla\u00e7\u00e3o. Esta estabiliza\u00e7\u00e3o de pre\u00e7os; no entanto, n\u00e3o \u00e9 verificada em todos os setores. Na necess\u00e1ria acomoda\u00e7\u00e3o dos mesmos cada um procura manter suas margens na medida em que os mercados dos quais fazem parte assim o permitem. A agricultura apenas agora come\u00e7a a equilibrar seus \u00edndices de varia\u00e7\u00e3o de pre\u00e7os com os demais \u00edndices da economia. O referido equil\u00edbrio, no entanto, n\u00e3o prescinde das oscila\u00e7\u00f5es caracter\u00edsticas dos produtos de oferta sazonal, como \u00e9 o caso dos pre\u00e7os relacionados ao agroneg\u00f3cio. Recentemente tem-se verificado um comportamento crescente nos pre\u00e7os de alguns insumos prim\u00e1rios especialmente os pre\u00e7os dos fertilizantes, constata\u00e7\u00e3o esta que motivou o desenvolvimento do presente trabalho, elaborado a partir do questionamento sobre a import\u00e2ncia relativa das atuais cota\u00e7\u00f5es de pre\u00e7os de alguns insumos, em pleno per\u00edodo de safra, frente a cota\u00e7\u00e3o dos produtos a serem gerados por eles, analisados sob um lapso maior de tempo. Mais do que a identifica\u00e7\u00e3o destas oscila\u00e7\u00f5es nas cota\u00e7\u00f5es de insumo e produtos isoladamente, o real efeito destas varia\u00e7\u00f5es nas rela\u00e7\u00f5es de trocas (insumo-produto) nos neg\u00f3cios deste setor, \u00e9 que v\u00e3o determinar os efeitos de ganhos e perdas reais em cada atividade espec\u00edfica. Baseado na premissa de que oscila\u00e7\u00f5es para mais ou para menos, nos pre\u00e7os de insumos e produtos n\u00e3o necessariamente determinam os resultados econ\u00f4micos dos setores relacionados ao agroneg\u00f3cio, \u00e9 que se construiu a problem\u00e1tica do presente projeto de investiga\u00e7\u00e3o cient\u00edfica, sintetizado na quest\u00e3o: Como as oscila\u00e7\u00f5es de pre\u00e7os de insumos e produtos no setor do agroneg\u00f3cio, correlacionam-se as rela\u00e7\u00f5es de trocas (insumo-produto) em cada um destes mercado? E mais, observada a evolu\u00e7\u00e3o da produtividade desta atividade, como se comportam as rela\u00e7\u00f5es de troca insumo-produto da atividade.<\/p>\n<p>Situa\u00e7\u00e3o: Em andamento<br \/>\nNatureza: Pesquisa<\/p>\n<p>Resultados\/Publica\u00e7\u00f5es<br \/>\n<a href=\"https:\/\/www.dropbox.com\/s\/f7kyia6q4xn02pg\/Serie%20Historica%20Arroz%20-%20Safra%202002-2011%2010%20-%20Abril.pdf?dl=0\" target=\"_blank\" rel=\"noopener\">Serie Historica Arroz &#8211; Safra 2002-2011\u00a0 Abril<\/a><\/p>\n","protected":false},"excerpt":{"rendered":"<p>Coordena\u00e7\u00e3o: Rigatto, Paulo COCEPE 6.03.10.014 Per\u00edodo: 2009-2020 Resumo: Dentre os aspectos positivos da presente pol\u00edtica econ\u00f4mica implementada pelo atual governo brasileiro, pode-se ressaltar a estabiliza\u00e7\u00e3o dos pre\u00e7os na economia, facilmente verificado atrav\u00e9s dos principais \u00edndices de medi\u00e7\u00e3o da infla\u00e7\u00e3o. Esta estabiliza\u00e7\u00e3o de pre\u00e7os; no entanto, n\u00e3o \u00e9 verificada em todos os setores. Na necess\u00e1ria acomoda\u00e7\u00e3o &hellip; <\/p>\n<p><a class=\"more-link btn\" href=\"https:\/\/wp.ufpel.edu.br\/dcsa\/projetos-em-andamento\/projetos-de-pesquisa\/estudo-de-series-temporais-de-precos-agricolas\/\">Continue lendo<\/a><\/p>\n","protected":false},"author":141,"featured_media":916,"parent":1251,"menu_order":0,"comment_status":"closed","ping_status":"closed","template":"template-twocolumnsleft.php","meta":{"footnotes":""},"class_list":["post-1227","page","type-page","status-publish","has-post-thumbnail","hentry","nodate","item-wrap"],"jetpack_sharing_enabled":true,"jetpack_likes_enabled":false,"_links":{"self":[{"href":"https:\/\/wp.ufpel.edu.br\/dcsa\/wp-json\/wp\/v2\/pages\/1227","targetHints":{"allow":["GET"]}}],"collection":[{"href":"https:\/\/wp.ufpel.edu.br\/dcsa\/wp-json\/wp\/v2\/pages"}],"about":[{"href":"https:\/\/wp.ufpel.edu.br\/dcsa\/wp-json\/wp\/v2\/types\/page"}],"author":[{"embeddable":true,"href":"https:\/\/wp.ufpel.edu.br\/dcsa\/wp-json\/wp\/v2\/users\/141"}],"replies":[{"embeddable":true,"href":"https:\/\/wp.ufpel.edu.br\/dcsa\/wp-json\/wp\/v2\/comments?post=1227"}],"version-history":[{"count":4,"href":"https:\/\/wp.ufpel.edu.br\/dcsa\/wp-json\/wp\/v2\/pages\/1227\/revisions"}],"predecessor-version":[{"id":1458,"href":"https:\/\/wp.ufpel.edu.br\/dcsa\/wp-json\/wp\/v2\/pages\/1227\/revisions\/1458"}],"up":[{"embeddable":true,"href":"https:\/\/wp.ufpel.edu.br\/dcsa\/wp-json\/wp\/v2\/pages\/1251"}],"wp:featuredmedia":[{"embeddable":true,"href":"https:\/\/wp.ufpel.edu.br\/dcsa\/wp-json\/wp\/v2\/media\/916"}],"wp:attachment":[{"href":"https:\/\/wp.ufpel.edu.br\/dcsa\/wp-json\/wp\/v2\/media?parent=1227"}],"curies":[{"name":"wp","href":"https:\/\/api.w.org\/{rel}","templated":true}]}}