{"id":1182,"date":"2018-08-07T18:17:04","date_gmt":"2018-08-07T21:17:04","guid":{"rendered":"https:\/\/wp.ufpel.edu.br\/dcsa\/?page_id=1182"},"modified":"2018-11-06T17:11:09","modified_gmt":"2018-11-06T19:11:09","slug":"agroecologia-e-economia-ecologica","status":"publish","type":"page","link":"https:\/\/wp.ufpel.edu.br\/dcsa\/pesquisa\/agroecologia-e-economia-ecologica\/","title":{"rendered":"Agroecologia e Economia Ecol\u00f3gica"},"content":{"rendered":"<p>Descri\u00e7\u00e3o:<br \/>\nFoto ilustrativa aqui na Pagina:<br \/>\nFoto ilustrativa p o banner (dinamico) na Home do Site:<\/p>\n<p>&nbsp;<\/p>\n<table style=\"height: 359px\">\n<tbody>\n<tr style=\"height: 39px\">\n<td style=\"width: 179px;text-align: left;vertical-align: middle;height: 39px\" width=\"104\"><strong><span style=\"font-size: 12pt\">Professores<\/span><\/strong><\/td>\n<td style=\"width: 446px;text-align: left;vertical-align: middle;height: 39px\" width=\"274\"><strong><span style=\"font-size: 12pt\">Linhas de Pesquisa em que Atuam<\/span><\/strong><\/td>\n<td style=\"width: 205px;text-align: left;vertical-align: middle;height: 39px\" width=\"170\"><strong><span style=\"font-size: 12pt\">Contato<\/span><\/strong><\/td>\n<\/tr>\n<tr style=\"height: 61px\">\n<td style=\"width: 179px;text-align: left;vertical-align: middle;height: 10px\" width=\"104\"><span style=\"font-size: 12pt\"><a href=\"https:\/\/wp.ufpel.edu.br\/dcsa\/pessoas\/professores\/cotrim-souza-decio\/\">Cotrim, D\u00e9cio<\/a><\/span><\/td>\n<td style=\"width: 446px;text-align: left;vertical-align: middle;height: 10px\" width=\"274\"><span style=\"font-size: 12pt\"><a href=\"https:\/\/wp.ufpel.edu.br\/dcsa\/pesquisa\/agricultura-familiar\/\">Agricultura Familiar<\/a>;\u00a0<a href=\"https:\/\/wp.ufpel.edu.br\/dcsa\/pesquisa\/desenvolvimento-territorial-e-ruralidade\/\">Desenvolvimento Territorial e Ruralidade;\u00a0<\/a><a href=\"https:\/\/wp.ufpel.edu.br\/dcsa\/pesquisa\/agroecologia-e-economia-ecologica\/\">Agroecologia e Economia Ecol\u00f3gica<\/a><\/span><\/td>\n<td style=\"width: 205px;text-align: left;vertical-align: middle;height: 10px\" width=\"170\"><a href=\"mailto:deciocotrim@yahoo.com.br\">deciocotrim@yahoo.com.br<\/a><\/td>\n<\/tr>\n<tr style=\"height: 105px\">\n<td style=\"width: 179px;text-align: left;vertical-align: middle;height: 55px\"><a href=\"https:\/\/wp.ufpel.edu.br\/dcsa\/pessoas\/professores\/fernandes-lucio-andre-de-oliveira\/\">Fernandes, L\u00facio<\/a><\/td>\n<td style=\"width: 446px;text-align: left;vertical-align: middle;height: 55px\"><a href=\"https:\/\/wp.ufpel.edu.br\/dcsa\/pesquisa\/agroecologia-e-economia-ecologica\/\">Agroecologia e Economia Ecol\u00f3gica<\/a><\/td>\n<td style=\"width: 205px;text-align: left;vertical-align: middle;height: 55px\"><a href=\"mailto:laofernandes@yahoo.co.uk\">laofernandes@yahoo.co.uk<\/a><\/td>\n<\/tr>\n<\/tbody>\n<\/table>\n<p><span style=\"font-size: 12pt\"><strong>Projetos em Andamento<\/strong><\/span><\/p>\n<p>&nbsp;<\/p>\n","protected":false},"excerpt":{"rendered":"<p>Descri\u00e7\u00e3o: Foto ilustrativa aqui na Pagina: Foto ilustrativa p o banner (dinamico) na Home do Site: &nbsp; Professores Linhas de Pesquisa em que Atuam Contato Cotrim, D\u00e9cio Agricultura Familiar;\u00a0Desenvolvimento Territorial e Ruralidade;\u00a0Agroecologia e Economia Ecol\u00f3gica deciocotrim@yahoo.com.br Fernandes, L\u00facio Agroecologia e Economia Ecol\u00f3gica laofernandes@yahoo.co.uk Projetos em Andamento &nbsp;<\/p>\n","protected":false},"author":141,"featured_media":0,"parent":124,"menu_order":3,"comment_status":"closed","ping_status":"closed","template":"template-twocolumnsleft.php","meta":{"footnotes":""},"class_list":["post-1182","page","type-page","status-publish","hentry","nodate","item-wrap"],"jetpack_sharing_enabled":true,"jetpack_likes_enabled":false,"_links":{"self":[{"href":"https:\/\/wp.ufpel.edu.br\/dcsa\/wp-json\/wp\/v2\/pages\/1182","targetHints":{"allow":["GET"]}}],"collection":[{"href":"https:\/\/wp.ufpel.edu.br\/dcsa\/wp-json\/wp\/v2\/pages"}],"about":[{"href":"https:\/\/wp.ufpel.edu.br\/dcsa\/wp-json\/wp\/v2\/types\/page"}],"author":[{"embeddable":true,"href":"https:\/\/wp.ufpel.edu.br\/dcsa\/wp-json\/wp\/v2\/users\/141"}],"replies":[{"embeddable":true,"href":"https:\/\/wp.ufpel.edu.br\/dcsa\/wp-json\/wp\/v2\/comments?post=1182"}],"version-history":[{"count":4,"href":"https:\/\/wp.ufpel.edu.br\/dcsa\/wp-json\/wp\/v2\/pages\/1182\/revisions"}],"predecessor-version":[{"id":1647,"href":"https:\/\/wp.ufpel.edu.br\/dcsa\/wp-json\/wp\/v2\/pages\/1182\/revisions\/1647"}],"up":[{"embeddable":true,"href":"https:\/\/wp.ufpel.edu.br\/dcsa\/wp-json\/wp\/v2\/pages\/124"}],"wp:attachment":[{"href":"https:\/\/wp.ufpel.edu.br\/dcsa\/wp-json\/wp\/v2\/media?parent=1182"}],"curies":[{"name":"wp","href":"https:\/\/api.w.org\/{rel}","templated":true}]}}