{"id":1180,"date":"2018-08-07T18:16:16","date_gmt":"2018-08-07T21:16:16","guid":{"rendered":"https:\/\/wp.ufpel.edu.br\/dcsa\/?page_id=1180"},"modified":"2018-11-06T16:58:21","modified_gmt":"2018-11-06T18:58:21","slug":"agricultura-familiar","status":"publish","type":"page","link":"https:\/\/wp.ufpel.edu.br\/dcsa\/pesquisa\/agricultura-familiar\/","title":{"rendered":"Agricultura Familiar"},"content":{"rendered":"<p>Descri\u00e7\u00e3o:<br \/>\nFoto ilustrativa aqui na Pagina:<br \/>\nFoto ilustrativa p o banner (dinamico) na Home do Site:<\/p>\n<p>&nbsp;<\/p>\n<table style=\"height: 359px\">\n<tbody>\n<tr style=\"height: 39px\">\n<td style=\"width: 179px;text-align: left;vertical-align: middle;height: 39px\" width=\"104\"><strong><span style=\"font-size: 12pt\">Professores<\/span><\/strong><\/td>\n<td style=\"width: 446px;text-align: left;vertical-align: middle;height: 39px\" width=\"274\"><strong><span style=\"font-size: 12pt\">Linhas de Pesquisa em que Atuam<\/span><\/strong><\/td>\n<td style=\"width: 205px;text-align: left;vertical-align: middle;height: 39px\" width=\"170\"><strong><span style=\"font-size: 12pt\">Contato<\/span><\/strong><\/td>\n<\/tr>\n<tr style=\"height: 61px\">\n<td style=\"width: 179px;text-align: left;vertical-align: middle;height: 53px\" width=\"104\"><a href=\"https:\/\/wp.ufpel.edu.br\/dcsa\/bezerra\/\">Bezerra, Antonio<\/a><\/td>\n<td style=\"width: 446px;text-align: left;vertical-align: middle;height: 53px\" width=\"274\"><span style=\"font-size: 12pt\"><a href=\"https:\/\/wp.ufpel.edu.br\/dcsa\/pesquisa\/agricultura-familiar\/\">Agricultura Familiar<\/a>;\u00a0<a href=\"https:\/\/wp.ufpel.edu.br\/dcsa\/pesquisa\/desenvolvimento-territorial-e-ruralidade\/\">Desenvolvimento Territorial e Ruralidade<\/a><\/span><\/td>\n<td style=\"width: 205px;text-align: left;vertical-align: middle;height: 53px\" width=\"170\">\u00a0<a href=\"mailto:antoniobezerra68@gmail.com\">antoniobezerra68@gmail.com<\/a><\/td>\n<\/tr>\n<tr style=\"height: 50px\">\n<td style=\"width: 179px;text-align: left;vertical-align: middle;height: 50px\"><span style=\"font-size: 12pt\"><a href=\"https:\/\/wp.ufpel.edu.br\/dcsa\/pessoas\/professores\/caldas-nadia-vellada\/\">Caldas, N\u00e1dia<\/a><\/span><\/td>\n<td style=\"width: 446px;text-align: left;vertical-align: middle;height: 50px\"><span style=\"font-size: 12pt\"><a href=\"https:\/\/wp.ufpel.edu.br\/dcsa\/pesquisa\/agricultura-familiar\/\">Agricultura Familiar<\/a>;\u00a0<a href=\"https:\/\/wp.ufpel.edu.br\/dcsa\/pesquisa\/desenvolvimento-territorial-e-ruralidade\/\">Desenvolvimento Territorial e Ruralidade<\/a><\/span><\/td>\n<td style=\"width: 205px;text-align: left;vertical-align: middle;height: 50px\"><a href=\"mailto:velleda.nadia@gmail.com\">velleda.nadia@gmail.com<\/a><\/td>\n<\/tr>\n<tr style=\"height: 83px\">\n<td style=\"width: 179px;text-align: left;vertical-align: middle;height: 41px\" width=\"104\"><span style=\"font-size: 12pt\"><a href=\"https:\/\/wp.ufpel.edu.br\/dcsa\/conill\/\">Conill, M\u00e1rio<\/a><\/span><\/td>\n<td style=\"width: 446px;text-align: left;vertical-align: middle;height: 41px\" width=\"274\"><span style=\"font-size: 12pt\"><a href=\"https:\/\/wp.ufpel.edu.br\/dcsa\/pesquisa\/sistemas-agroindustriais\/\">Agrega\u00e7\u00e3o de Valor em Sistemas Agroindustriais<\/a>; <a href=\"https:\/\/wp.ufpel.edu.br\/dcsa\/pesquisa\/economia-aplicada-ao-agronegocio\/\">Economia Aplicada e Empreendedorismo<\/a>;\u00a0 <a href=\"https:\/\/wp.ufpel.edu.br\/dcsa\/pesquisa\/gestao-empresarial-no-agronegocio\/\">Gest\u00e3o Empresarial no Agroneg\u00f3cio<\/a>; <a href=\"https:\/\/wp.ufpel.edu.br\/dcsa\/pesquisa\/agricultura-familiar\/\">Agricultura Familiar<\/a><\/span><\/td>\n<td style=\"width: 205px;text-align: left;vertical-align: middle;height: 41px\" width=\"170\"><span style=\"font-size: 12pt\"><a href=\"mailto:mconill@gmail.com\">mconill@gmail.com<\/a><\/span><\/td>\n<\/tr>\n<tr style=\"height: 61px\">\n<td style=\"width: 179px;text-align: left;vertical-align: middle;height: 41px\" width=\"104\"><span style=\"font-size: 12pt\"><a href=\"https:\/\/wp.ufpel.edu.br\/dcsa\/pessoas\/professores\/cotrim-souza-decio\/\">Cotrim, D\u00e9cio<\/a><\/span><\/td>\n<td style=\"width: 446px;text-align: left;vertical-align: middle;height: 41px\" width=\"274\"><span style=\"font-size: 12pt\"><a href=\"https:\/\/wp.ufpel.edu.br\/dcsa\/pesquisa\/agricultura-familiar\/\">Agricultura Familiar<\/a>;\u00a0<a href=\"https:\/\/wp.ufpel.edu.br\/dcsa\/pesquisa\/desenvolvimento-territorial-e-ruralidade\/\">Desenvolvimento Territorial e Ruralidade;\u00a0<\/a><a href=\"https:\/\/wp.ufpel.edu.br\/dcsa\/pesquisa\/agroecologia-e-economia-ecologica\/\">Agroecologia e Economia Ecol\u00f3gica<\/a><\/span><\/td>\n<td style=\"width: 205px;text-align: left;vertical-align: middle;height: 41px\" width=\"170\"><a href=\"mailto:deciocotrim@yahoo.com.br\">deciocotrim@yahoo.com.br<\/a><\/td>\n<\/tr>\n<tr style=\"height: 61px\">\n<td style=\"width: 179px;text-align: left;vertical-align: middle;height: 61px\" width=\"104\"><span style=\"font-size: 12pt\"><a href=\"https:\/\/wp.ufpel.edu.br\/dcsa\/pessoas\/professores\/saco-dos-anjos-flavio\/\">Sacco dos Anjos, Fl\u00e1vio<\/a><\/span><\/td>\n<td style=\"width: 446px;text-align: left;vertical-align: middle;height: 61px\" width=\"274\"><span style=\"font-size: 12pt\"><a href=\"https:\/\/wp.ufpel.edu.br\/dcsa\/pesquisa\/agricultura-familiar\/\">Agricultura Familiar<\/a>;\u00a0<a href=\"https:\/\/wp.ufpel.edu.br\/dcsa\/pesquisa\/desenvolvimento-territorial-e-ruralidade\/\">Desenvolvimento Territorial e Ruralidade<\/a><\/span><\/td>\n<td style=\"width: 205px;text-align: left;vertical-align: middle;height: 61px\" width=\"170\">\u00a0<a href=\"mailto:saccodosanjos@gmail.com\">saccodosanjos@gmail.com<\/a><\/td>\n<\/tr>\n<\/tbody>\n<\/table>\n<p><span style=\"font-size: 12pt\"><strong>Projetos em Andamento<\/strong><\/span><\/p>\n","protected":false},"excerpt":{"rendered":"<p>Descri\u00e7\u00e3o: Foto ilustrativa aqui na Pagina: Foto ilustrativa p o banner (dinamico) na Home do Site: &nbsp; Professores Linhas de Pesquisa em que Atuam Contato Bezerra, Antonio Agricultura Familiar;\u00a0Desenvolvimento Territorial e Ruralidade \u00a0antoniobezerra68@gmail.com Caldas, N\u00e1dia Agricultura Familiar;\u00a0Desenvolvimento Territorial e Ruralidade velleda.nadia@gmail.com Conill, M\u00e1rio Agrega\u00e7\u00e3o de Valor em Sistemas Agroindustriais; Economia Aplicada e Empreendedorismo;\u00a0 Gest\u00e3o Empresarial &hellip; <\/p>\n<p><a class=\"more-link btn\" href=\"https:\/\/wp.ufpel.edu.br\/dcsa\/pesquisa\/agricultura-familiar\/\">Continue lendo<\/a><\/p>\n","protected":false},"author":141,"featured_media":0,"parent":124,"menu_order":2,"comment_status":"closed","ping_status":"closed","template":"template-twocolumnsleft.php","meta":{"footnotes":""},"class_list":["post-1180","page","type-page","status-publish","hentry","nodate","item-wrap"],"jetpack_sharing_enabled":true,"jetpack_likes_enabled":false,"_links":{"self":[{"href":"https:\/\/wp.ufpel.edu.br\/dcsa\/wp-json\/wp\/v2\/pages\/1180","targetHints":{"allow":["GET"]}}],"collection":[{"href":"https:\/\/wp.ufpel.edu.br\/dcsa\/wp-json\/wp\/v2\/pages"}],"about":[{"href":"https:\/\/wp.ufpel.edu.br\/dcsa\/wp-json\/wp\/v2\/types\/page"}],"author":[{"embeddable":true,"href":"https:\/\/wp.ufpel.edu.br\/dcsa\/wp-json\/wp\/v2\/users\/141"}],"replies":[{"embeddable":true,"href":"https:\/\/wp.ufpel.edu.br\/dcsa\/wp-json\/wp\/v2\/comments?post=1180"}],"version-history":[{"count":4,"href":"https:\/\/wp.ufpel.edu.br\/dcsa\/wp-json\/wp\/v2\/pages\/1180\/revisions"}],"predecessor-version":[{"id":1643,"href":"https:\/\/wp.ufpel.edu.br\/dcsa\/wp-json\/wp\/v2\/pages\/1180\/revisions\/1643"}],"up":[{"embeddable":true,"href":"https:\/\/wp.ufpel.edu.br\/dcsa\/wp-json\/wp\/v2\/pages\/124"}],"wp:attachment":[{"href":"https:\/\/wp.ufpel.edu.br\/dcsa\/wp-json\/wp\/v2\/media?parent=1180"}],"curies":[{"name":"wp","href":"https:\/\/api.w.org\/{rel}","templated":true}]}}