{"id":1126,"date":"2018-08-06T16:47:44","date_gmt":"2018-08-06T19:47:44","guid":{"rendered":"https:\/\/wp.ufpel.edu.br\/dcsa\/?page_id=1126"},"modified":"2018-11-06T14:04:52","modified_gmt":"2018-11-06T16:04:52","slug":"sistemas-agroindustriais","status":"publish","type":"page","link":"https:\/\/wp.ufpel.edu.br\/dcsa\/pesquisa\/sistemas-agroindustriais\/","title":{"rendered":"Agrega\u00e7\u00e3o de Valor em Sistemas Agroindustriais"},"content":{"rendered":"<p><a href=\"https:\/\/wp.ufpel.edu.br\/dcsa\/files\/2016\/09\/hortifruti.jpg\"><img loading=\"lazy\" decoding=\"async\" class=\"size-medium wp-image-297 alignleft\" src=\"https:\/\/wp.ufpel.edu.br\/dcsa\/files\/2016\/09\/hortifruti-424x282.jpg\" alt=\"\" width=\"400\" height=\"266\" srcset=\"https:\/\/wp.ufpel.edu.br\/dcsa\/files\/2016\/09\/hortifruti-424x282.jpg 424w, https:\/\/wp.ufpel.edu.br\/dcsa\/files\/2016\/09\/hortifruti-212x141.jpg 212w, https:\/\/wp.ufpel.edu.br\/dcsa\/files\/2016\/09\/hortifruti-768x511.jpg 768w, https:\/\/wp.ufpel.edu.br\/dcsa\/files\/2016\/09\/hortifruti-960x640.jpg 960w, https:\/\/wp.ufpel.edu.br\/dcsa\/files\/2016\/09\/hortifruti-451x300.jpg 451w, https:\/\/wp.ufpel.edu.br\/dcsa\/files\/2016\/09\/hortifruti.jpg 1500w\" sizes=\"auto, (max-width: 400px) 100vw, 400px\" \/><\/a><span style=\"font-size: 12pt\">O DCSA desenvolve atividades de estudo e caracteriza\u00e7\u00e3o de Sistemas Agroindustrias com enfoque na Gest\u00e3o de Cadeias de Fornecedores e Demanda, objetivando a otimiza\u00e7\u00e3o de suas estruturas organizacionais e de governan\u00e7a, com vista a diagnosticar garg\u00e1los e propor estrat\u00e9gias para o melhoria de sua efici\u00eancia.<\/span><\/p>\n<p>&nbsp;<\/p>\n<table style=\"height: 254px\">\n<tbody>\n<tr style=\"height: 39px\">\n<td style=\"width: 179px;text-align: left;vertical-align: middle;height: 39px\" width=\"104\"><strong><span style=\"font-size: 12pt\">Professores<\/span><\/strong><\/td>\n<td style=\"width: 446px;text-align: left;vertical-align: middle;height: 39px\" width=\"274\"><strong><span style=\"font-size: 12pt\">Linhas de Pesquisa em que Atuam<\/span><\/strong><\/td>\n<td style=\"width: 205px;text-align: left;vertical-align: middle;height: 39px\" width=\"170\"><strong><span style=\"font-size: 12pt\">Contato<\/span><\/strong><\/td>\n<\/tr>\n<tr style=\"height: 61px\">\n<td style=\"width: 179px;text-align: left;vertical-align: middle;height: 61px\" width=\"104\"><span style=\"font-size: 12pt\"><a href=\"https:\/\/wp.ufpel.edu.br\/dcsa\/canever\/\">Canever, Mario<\/a><\/span><\/td>\n<td style=\"width: 446px;text-align: left;vertical-align: middle;height: 61px\" width=\"274\"><span style=\"font-size: 12pt\"><a href=\"https:\/\/wp.ufpel.edu.br\/dcsa\/pesquisa\/sistemas-agroindustriais\/\">Agrega\u00e7\u00e3o de Valor em Sistemas Agroindustriais<\/a>; <a href=\"https:\/\/wp.ufpel.edu.br\/dcsa\/pesquisa\/economia-aplicada-ao-agronegocio\/\">Economia Aplicada e Empreendedorismo<\/a>;\u00a0 <a href=\"https:\/\/wp.ufpel.edu.br\/dcsa\/pesquisa\/gestao-empresarial-no-agronegocio\/\">Gest\u00e3o Empresarial no Agroneg\u00f3cio;\u00a0<\/a><a href=\"https:\/\/wp.ufpel.edu.br\/dcsa\/pesquisa\/desenvolvimento-territorial-e-ruralidade\/\">Desenvolvimento Territorial e Ruralidade<\/a><\/span><\/td>\n<td style=\"width: 205px;text-align: left;vertical-align: middle;height: 61px\" width=\"170\"><span style=\"font-size: 12pt\"><a href=\"mailto:caneverm@gmail.com\">caneverm@gmail.com<\/a><\/span><\/td>\n<\/tr>\n<tr style=\"height: 83px\">\n<td style=\"width: 179px;text-align: left;vertical-align: middle;height: 52px\" width=\"104\"><span style=\"font-size: 12pt\"><a href=\"https:\/\/wp.ufpel.edu.br\/dcsa\/conill\/\">Conill, M\u00e1rio<\/a><\/span><\/td>\n<td style=\"width: 446px;text-align: left;vertical-align: middle;height: 52px\" width=\"274\"><span style=\"font-size: 12pt\"><a href=\"https:\/\/wp.ufpel.edu.br\/dcsa\/pesquisa\/sistemas-agroindustriais\/\">Agrega\u00e7\u00e3o de Valor em Sistemas Agroindustriais<\/a>; <a href=\"https:\/\/wp.ufpel.edu.br\/dcsa\/pesquisa\/economia-aplicada-ao-agronegocio\/\">Economia Aplicada e Empreendedorismo<\/a>;\u00a0 <a href=\"https:\/\/wp.ufpel.edu.br\/dcsa\/pesquisa\/gestao-empresarial-no-agronegocio\/\">Gest\u00e3o Empresarial no Agroneg\u00f3cio<\/a>; <a href=\"https:\/\/wp.ufpel.edu.br\/dcsa\/pesquisa\/agricultura-familiar\/\">Agricultura Familiar<\/a><\/span><\/td>\n<td style=\"width: 205px;text-align: left;vertical-align: middle;height: 52px\" width=\"170\"><span style=\"font-size: 12pt\"><a href=\"mailto:mconill@gmail.com\">mconill@gmail.com<\/a><\/span><\/td>\n<\/tr>\n<tr style=\"height: 105px\">\n<td style=\"width: 179px;text-align: left;vertical-align: middle;height: 105px\"><span style=\"font-size: 12pt\"><a href=\"https:\/\/wp.ufpel.edu.br\/dcsa\/pessoas\/professores\/kohls-krause-volnei\/\">Kohls, Volnei<\/a><\/span><\/td>\n<td style=\"width: 446px;text-align: left;vertical-align: middle;height: 105px\"><span style=\"font-size: 12pt\"><a href=\"https:\/\/wp.ufpel.edu.br\/dcsa\/pesquisa\/sistemas-agroindustriais\/\">Agrega\u00e7\u00e3o de Valor em Sistemas Agroindustriais<\/a>; <a href=\"https:\/\/wp.ufpel.edu.br\/dcsa\/pesquisa\/economia-aplicada-ao-agronegocio\/\">Economia Aplicada e Empreendedorismo<\/a>;\u00a0 <a href=\"https:\/\/wp.ufpel.edu.br\/dcsa\/pesquisa\/gestao-empresarial-no-agronegocio\/\">Gest\u00e3o Empresarial no Agroneg\u00f3cio;\u00a0<\/a><a href=\"https:\/\/wp.ufpel.edu.br\/dcsa\/pesquisa\/desenvolvimento-territorial-e-ruralidade\/\">Desenvolvimento Territorial e Ruralidade<\/a><\/span><\/td>\n<td style=\"width: 205px;text-align: left;vertical-align: middle;height: 105px\"><a href=\"mailto:vkkohls@hotmail.com\">vkkohls@hotmail.com<\/a><\/td>\n<\/tr>\n<tr style=\"height: 61px\">\n<td style=\"width: 179px;text-align: left;vertical-align: middle;height: 41px\" width=\"104\"><span style=\"font-size: 12pt\"><a href=\"https:\/\/wp.ufpel.edu.br\/dcsa\/gabrielito\/\">Menezes, Gabrielito<\/a><\/span><\/td>\n<td style=\"width: 446px;text-align: left;vertical-align: middle;height: 41px\" width=\"274\"><span style=\"font-size: 12pt\"><a href=\"https:\/\/wp.ufpel.edu.br\/dcsa\/pesquisa\/sistemas-agroindustriais\/\">Agrega\u00e7\u00e3o de Valor em Sistemas Agroindustriais<\/a>; <a href=\"https:\/\/wp.ufpel.edu.br\/dcsa\/pesquisa\/economia-aplicada-ao-agronegocio\/\">Economia Aplicada e Empreendedorismo<\/a>;\u00a0 <a href=\"https:\/\/wp.ufpel.edu.br\/dcsa\/pesquisa\/gestao-empresarial-no-agronegocio\/\">Gest\u00e3o Empresarial no Agroneg\u00f3cio<\/a>;\u00a0<a href=\"https:\/\/wp.ufpel.edu.br\/dcsa\/pesquisa\/desenvolvimento-territorial-e-ruralidade\/\">Desenvolvimento Territorial e Ruralidade<\/a><\/span><\/td>\n<td style=\"width: 205px;text-align: left;vertical-align: middle;height: 41px\" width=\"170\"><span style=\"font-size: 12pt\"><a href=\"mailto:gabrielitorm@gmail.com\">gabrielitorm@gmail.com<\/a><\/span><\/td>\n<\/tr>\n<tr style=\"height: 61px\">\n<td style=\"width: 179px;text-align: left;vertical-align: middle;height: 61px\" width=\"104\"><span style=\"font-size: 12pt\"><a href=\"https:\/\/wp.ufpel.edu.br\/dcsa\/pessoas\/professores\/rigatto\/\">Rigatto, Paulo<\/a><\/span><\/td>\n<td style=\"width: 446px;text-align: left;vertical-align: middle;height: 61px\" width=\"274\"><span style=\"font-size: 12pt\"><a href=\"https:\/\/wp.ufpel.edu.br\/dcsa\/pesquisa\/sistemas-agroindustriais\/\">Agrega\u00e7\u00e3o de Valor em Sistemas Agroindustriais<\/a>; <a href=\"https:\/\/wp.ufpel.edu.br\/dcsa\/pesquisa\/economia-aplicada-ao-agronegocio\/\">Economia Aplicada e Empreendedorismo<\/a>;\u00a0 <a href=\"https:\/\/wp.ufpel.edu.br\/dcsa\/pesquisa\/gestao-empresarial-no-agronegocio\/\">Gest\u00e3o Empresarial no Agroneg\u00f3cio<\/a><\/span><\/td>\n<td style=\"width: 205px;text-align: left;vertical-align: middle;height: 61px\" width=\"170\"><span style=\"font-size: 12pt\"><a href=\"mailto:prof_rigatto@yahoo.com\">prof_rigatto@yahoo.com<\/a><\/span><\/td>\n<\/tr>\n<\/tbody>\n<\/table>\n<p><span style=\"font-size: 12pt\"><strong><br \/>\nProjetos em Andamento<\/strong><\/span><\/p>\n<ul>\n<li><a href=\"https:\/\/wp.ufpel.edu.br\/dcsa\/projetos-em-andamento\/projetos-de-pesquisa\/estudo-da-economicidade-dos-sistemas-de-exploracao-agrosilvopastoril-da-zona-sul-do-estado-do-rio-grande-do-sul\/\">Estudo da economicidade dos sistemas de explora\u00e7\u00e3o agrosilvopastoril da Zona Sul do Estado do Rio Grande do Sul<\/a><br \/>\n<a href=\"https:\/\/wp.ufpel.edu.br\/dcsa\/pessoas\/professores\/rigatto\/\">Rigatto, Paulo<\/a>\u00a0(Coordenador)<\/li>\n<li><a href=\"https:\/\/wp.ufpel.edu.br\/dcsa\/projetos-em-andamento\/projetos-de-pesquisa\/estudo-de-series-temporais-de-precos-agricolas\/\">Estudo de s\u00e9ries temporais de pre\u00e7os agr\u00edcolas<\/a><br \/>\n<a href=\"https:\/\/wp.ufpel.edu.br\/dcsa\/pessoas\/professores\/rigatto\/\">Rigatto, Paulo<\/a>\u00a0(Coordenador)<\/li>\n<\/ul>\n","protected":false},"excerpt":{"rendered":"<p>O DCSA desenvolve atividades de estudo e caracteriza\u00e7\u00e3o de Sistemas Agroindustrias com enfoque na Gest\u00e3o de Cadeias de Fornecedores e Demanda, objetivando a otimiza\u00e7\u00e3o de suas estruturas organizacionais e de governan\u00e7a, com vista a diagnosticar garg\u00e1los e propor estrat\u00e9gias para o melhoria de sua efici\u00eancia. &nbsp; Professores Linhas de Pesquisa em que Atuam Contato Canever, &hellip; <\/p>\n<p><a class=\"more-link btn\" href=\"https:\/\/wp.ufpel.edu.br\/dcsa\/pesquisa\/sistemas-agroindustriais\/\">Continue lendo<\/a><\/p>\n","protected":false},"author":141,"featured_media":457,"parent":124,"menu_order":1,"comment_status":"closed","ping_status":"closed","template":"template-twocolumnsleft.php","meta":{"footnotes":""},"class_list":["post-1126","page","type-page","status-publish","has-post-thumbnail","hentry","nodate","item-wrap"],"jetpack_sharing_enabled":true,"jetpack_likes_enabled":false,"_links":{"self":[{"href":"https:\/\/wp.ufpel.edu.br\/dcsa\/wp-json\/wp\/v2\/pages\/1126","targetHints":{"allow":["GET"]}}],"collection":[{"href":"https:\/\/wp.ufpel.edu.br\/dcsa\/wp-json\/wp\/v2\/pages"}],"about":[{"href":"https:\/\/wp.ufpel.edu.br\/dcsa\/wp-json\/wp\/v2\/types\/page"}],"author":[{"embeddable":true,"href":"https:\/\/wp.ufpel.edu.br\/dcsa\/wp-json\/wp\/v2\/users\/141"}],"replies":[{"embeddable":true,"href":"https:\/\/wp.ufpel.edu.br\/dcsa\/wp-json\/wp\/v2\/comments?post=1126"}],"version-history":[{"count":25,"href":"https:\/\/wp.ufpel.edu.br\/dcsa\/wp-json\/wp\/v2\/pages\/1126\/revisions"}],"predecessor-version":[{"id":1637,"href":"https:\/\/wp.ufpel.edu.br\/dcsa\/wp-json\/wp\/v2\/pages\/1126\/revisions\/1637"}],"up":[{"embeddable":true,"href":"https:\/\/wp.ufpel.edu.br\/dcsa\/wp-json\/wp\/v2\/pages\/124"}],"wp:featuredmedia":[{"embeddable":true,"href":"https:\/\/wp.ufpel.edu.br\/dcsa\/wp-json\/wp\/v2\/media\/457"}],"wp:attachment":[{"href":"https:\/\/wp.ufpel.edu.br\/dcsa\/wp-json\/wp\/v2\/media?parent=1126"}],"curies":[{"name":"wp","href":"https:\/\/api.w.org\/{rel}","templated":true}]}}