{"id":1119,"date":"2018-08-06T16:42:26","date_gmt":"2018-08-06T19:42:26","guid":{"rendered":"https:\/\/wp.ufpel.edu.br\/dcsa\/?page_id=1119"},"modified":"2018-11-07T15:56:41","modified_gmt":"2018-11-07T17:56:41","slug":"gestao-empresarial-no-agronegocio","status":"publish","type":"page","link":"https:\/\/wp.ufpel.edu.br\/dcsa\/pesquisa\/gestao-empresarial-no-agronegocio\/","title":{"rendered":"Gest\u00e3o Empresarial no Agroneg\u00f3cio"},"content":{"rendered":"<p><a href=\"https:\/\/wp.ufpel.edu.br\/dcsa\/files\/2018\/07\/0912_silo_armazenamento_graos_milho.jpg\"><img loading=\"lazy\" decoding=\"async\" class=\"size-medium wp-image-324 alignleft\" src=\"https:\/\/wp.ufpel.edu.br\/dcsa\/files\/2018\/07\/0912_silo_armazenamento_graos_milho-424x282.jpg\" alt=\"\" width=\"400\" height=\"266\" srcset=\"https:\/\/wp.ufpel.edu.br\/dcsa\/files\/2018\/07\/0912_silo_armazenamento_graos_milho-424x282.jpg 424w, https:\/\/wp.ufpel.edu.br\/dcsa\/files\/2018\/07\/0912_silo_armazenamento_graos_milho-212x141.jpg 212w, https:\/\/wp.ufpel.edu.br\/dcsa\/files\/2018\/07\/0912_silo_armazenamento_graos_milho-452x300.jpg 452w, https:\/\/wp.ufpel.edu.br\/dcsa\/files\/2018\/07\/0912_silo_armazenamento_graos_milho.jpg 610w\" sizes=\"auto, (max-width: 400px) 100vw, 400px\" \/><\/a><span style=\"font-size: 12pt\">O DCSA desenvolve estudos sobre estrat\u00e9gias econ\u00f4micas para o desenvolvimento de ferramentas e aplica\u00e7\u00f5es para o setor e empreendimentos agr\u00edcolas com vista a otimiza\u00e7\u00e3o de sua produ\u00e7\u00e3o e rentabilidade. Gest\u00e3o da produ\u00e7\u00e3o, or\u00e7amenta\u00e7\u00e3o, an\u00e1lise de viabilidade econ\u00f4mica, gest\u00e3o de fornecedores, e estrat\u00e9gias de produ\u00e7\u00e3o e marketing.<\/span><\/p>\n<table>\n<tbody>\n<tr style=\"height: 39px\">\n<td style=\"width: 179px;text-align: left;vertical-align: middle;height: 39px\" width=\"104\"><strong><span style=\"font-size: 12pt\">Professores<\/span><\/strong><\/td>\n<td style=\"width: 446px;text-align: left;vertical-align: middle;height: 39px\" width=\"274\"><strong><span style=\"font-size: 12pt\">Linhas de Pesquisa em que Atuam<\/span><\/strong><\/td>\n<td style=\"width: 205px;text-align: left;vertical-align: middle;height: 39px\" width=\"170\"><strong><span style=\"font-size: 12pt\">Contato<\/span><\/strong><\/td>\n<\/tr>\n<tr style=\"height: 61px\">\n<td style=\"width: 179px;text-align: left;vertical-align: middle;height: 61px\" width=\"104\"><span style=\"font-size: 12pt\"><a href=\"https:\/\/wp.ufpel.edu.br\/dcsa\/canever\/\">Canever, Mario<\/a><\/span><\/td>\n<td style=\"width: 446px;text-align: left;vertical-align: middle;height: 61px\" width=\"274\"><span style=\"font-size: 12pt\"><a href=\"https:\/\/wp.ufpel.edu.br\/dcsa\/pesquisa\/sistemas-agroindustriais\/\">Agrega\u00e7\u00e3o de Valor em Sistemas Agroindustriais<\/a>; <a href=\"https:\/\/wp.ufpel.edu.br\/dcsa\/pesquisa\/economia-aplicada-ao-agronegocio\/\">Economia Aplicada e Empreendedorismo<\/a>;\u00a0 <a href=\"https:\/\/wp.ufpel.edu.br\/dcsa\/pesquisa\/gestao-empresarial-no-agronegocio\/\">Gest\u00e3o Empresarial no Agroneg\u00f3cio;\u00a0<\/a><a href=\"https:\/\/wp.ufpel.edu.br\/dcsa\/pesquisa\/desenvolvimento-territorial-e-ruralidade\/\">Desenvolvimento Territorial e Ruralidade<\/a><\/span><\/td>\n<td style=\"width: 205px;text-align: left;vertical-align: middle;height: 61px\" width=\"170\"><span style=\"font-size: 12pt\"><a href=\"mailto:caneverm@gmail.com\">caneverm@gmail.com<\/a><\/span><\/td>\n<\/tr>\n<tr style=\"height: 83px\">\n<td style=\"width: 179px;text-align: left;vertical-align: middle;height: 52px\" width=\"104\"><span style=\"font-size: 12pt\"><a href=\"https:\/\/wp.ufpel.edu.br\/dcsa\/conill\/\">Conill, M\u00e1rio<\/a><\/span><\/td>\n<td style=\"width: 446px;text-align: left;vertical-align: middle;height: 52px\" width=\"274\"><span style=\"font-size: 12pt\"><a href=\"https:\/\/wp.ufpel.edu.br\/dcsa\/pesquisa\/sistemas-agroindustriais\/\">Agrega\u00e7\u00e3o de Valor em Sistemas Agroindustriais<\/a>; <a href=\"https:\/\/wp.ufpel.edu.br\/dcsa\/pesquisa\/economia-aplicada-ao-agronegocio\/\">Economia Aplicada e Empreendedorismo<\/a>;\u00a0 <a href=\"https:\/\/wp.ufpel.edu.br\/dcsa\/pesquisa\/gestao-empresarial-no-agronegocio\/\">Gest\u00e3o Empresarial no Agroneg\u00f3cio<\/a>; <a href=\"https:\/\/wp.ufpel.edu.br\/dcsa\/pesquisa\/agricultura-familiar\/\">Agricultura Familiar<\/a><\/span><\/td>\n<td style=\"width: 205px;text-align: left;vertical-align: middle;height: 52px\" width=\"170\"><span style=\"font-size: 12pt\"><a href=\"mailto:mconill@gmail.com\">mconill@gmail.com<\/a><\/span><\/td>\n<\/tr>\n<tr style=\"height: 105px\">\n<td style=\"width: 179px;text-align: left;vertical-align: middle;height: 105px\"><span style=\"font-size: 12pt\"><a href=\"https:\/\/wp.ufpel.edu.br\/dcsa\/pessoas\/professores\/kohls-krause-volnei\/\">Kohls, Volnei<\/a><\/span><\/td>\n<td style=\"width: 446px;text-align: left;vertical-align: middle;height: 105px\"><span style=\"font-size: 12pt\"><a href=\"https:\/\/wp.ufpel.edu.br\/dcsa\/pesquisa\/sistemas-agroindustriais\/\">Agrega\u00e7\u00e3o de Valor em Sistemas Agroindustriais<\/a>; <a href=\"https:\/\/wp.ufpel.edu.br\/dcsa\/pesquisa\/economia-aplicada-ao-agronegocio\/\">Economia Aplicada e Empreendedorismo<\/a>;\u00a0 <a href=\"https:\/\/wp.ufpel.edu.br\/dcsa\/pesquisa\/gestao-empresarial-no-agronegocio\/\">Gest\u00e3o Empresarial no Agroneg\u00f3cio;\u00a0<\/a><a href=\"https:\/\/wp.ufpel.edu.br\/dcsa\/pesquisa\/desenvolvimento-territorial-e-ruralidade\/\">Desenvolvimento Territorial e Ruralidade<\/a><\/span><\/td>\n<td style=\"width: 205px;text-align: left;vertical-align: middle;height: 105px\"><a href=\"mailto:vkkohls@hotmail.com\">vkkohls@hotmail.com<\/a><\/td>\n<\/tr>\n<tr style=\"height: 61px\">\n<td style=\"width: 179px;text-align: left;vertical-align: middle;height: 41px\" width=\"104\"><span style=\"font-size: 12pt\"><a href=\"https:\/\/wp.ufpel.edu.br\/dcsa\/gabrielito\/\">Menezes, Gabrielito<\/a><\/span><\/td>\n<td style=\"width: 446px;text-align: left;vertical-align: middle;height: 41px\" width=\"274\"><span style=\"font-size: 12pt\"><a href=\"https:\/\/wp.ufpel.edu.br\/dcsa\/pesquisa\/sistemas-agroindustriais\/\">Agrega\u00e7\u00e3o de Valor em Sistemas Agroindustriais<\/a>; <a href=\"https:\/\/wp.ufpel.edu.br\/dcsa\/pesquisa\/economia-aplicada-ao-agronegocio\/\">Economia Aplicada e Empreendedorismo<\/a>;\u00a0 <a href=\"https:\/\/wp.ufpel.edu.br\/dcsa\/pesquisa\/gestao-empresarial-no-agronegocio\/\">Gest\u00e3o Empresarial no Agroneg\u00f3cio<\/a>;\u00a0<a href=\"https:\/\/wp.ufpel.edu.br\/dcsa\/pesquisa\/desenvolvimento-territorial-e-ruralidade\/\">Desenvolvimento Territorial e Ruralidade<\/a><\/span><\/td>\n<td style=\"width: 205px;text-align: left;vertical-align: middle;height: 41px\" width=\"170\"><span style=\"font-size: 12pt\"><a href=\"mailto:gabrielitorm@gmail.com\">gabrielitorm@gmail.com<\/a><\/span><\/td>\n<\/tr>\n<tr style=\"height: 61px\">\n<td style=\"width: 179px;text-align: left;vertical-align: middle;height: 61px\" width=\"104\"><span style=\"font-size: 12pt\"><a href=\"https:\/\/wp.ufpel.edu.br\/dcsa\/pessoas\/professores\/rigatto\/\">Rigatto, Paulo<\/a><\/span><\/td>\n<td style=\"width: 446px;text-align: left;vertical-align: middle;height: 61px\" width=\"274\"><span style=\"font-size: 12pt\"><a href=\"https:\/\/wp.ufpel.edu.br\/dcsa\/pesquisa\/sistemas-agroindustriais\/\">Agrega\u00e7\u00e3o de Valor em Sistemas Agroindustriais<\/a>; <a href=\"https:\/\/wp.ufpel.edu.br\/dcsa\/pesquisa\/economia-aplicada-ao-agronegocio\/\">Economia Aplicada e Empreendedorismo<\/a>;\u00a0 <a href=\"https:\/\/wp.ufpel.edu.br\/dcsa\/pesquisa\/gestao-empresarial-no-agronegocio\/\">Gest\u00e3o Empresarial no Agroneg\u00f3cio<\/a><\/span><\/td>\n<td style=\"width: 205px;text-align: left;vertical-align: middle;height: 61px\" width=\"170\"><span style=\"font-size: 12pt\"><a href=\"mailto:prof_rigatto@yahoo.com\">prof_rigatto@yahoo.com<\/a><\/span><\/td>\n<\/tr>\n<\/tbody>\n<\/table>\n<p><span style=\"font-size: 12pt\"><strong>Projetos em Andamento<\/strong><\/span><\/p>\n<ul>\n<li>Possibilidades e limites de uma unidade de compostagem de res\u00edduos de pesca em Pelotas\/RS<br \/>\n<a href=\"https:\/\/wp.ufpel.edu.br\/dcsa\/professores\/conill-mario-gomes\/\">Conill, M\u00e1rio<\/a>\u00a0(Coordenador)<br \/>\n<a href=\"https:\/\/wp.ufpel.edu.br\/dcsa\/professores\/cotrim-souza-decio\/\">Cotrim, D\u00e9cio<\/a>\u00a0(Colaborador)<\/li>\n<li><span style=\"font-size: 12pt\">Determina\u00e7\u00e3o do Ponto de Equilibrio para aquisi\u00e7\u00e3o de colhedora para a lavoura de arroz irrigado.<br \/>\n<a href=\"https:\/\/wp.ufpel.edu.br\/dcsa\/pessoas\/professores\/rigatto\/\">Rigatto, Paulo<\/a>\u00a0(Coordenador)<br \/>\n<\/span><\/li>\n<li><span style=\"font-size: 12pt\">An\u00e1lise de viabilidade econ\u00f4mica da produ\u00e7\u00e3o de mirtilo na Zona Sul do Rio grande do Sul<\/span><\/li>\n<li><span style=\"font-size: 12pt\"><a href=\"https:\/\/wp.ufpel.edu.br\/dcsa\/pessoas\/professores\/rigatto\/\">Rigatto, Paulo<\/a>\u00a0(Coordenador)<br \/>\n<\/span><\/li>\n<li><span style=\"font-size: 12pt\">An\u00e1lise de viabilidade economica da produ\u00e7\u00e3o de frutas vermelhas em estufa no sistema de hidroponia<br \/>\n<a href=\"https:\/\/wp.ufpel.edu.br\/dcsa\/pessoas\/professores\/rigatto\/\">Rigatto, Paulo<\/a>\u00a0(Coordenador)<br \/>\n<\/span><\/li>\n<li><span style=\"font-size: 12pt\">Rela\u00e7\u00e3o Insumo-Produto na produ\u00e7\u00e3o orizicola no RGS.<br \/>\n<a style=\"font-size: 12pt;background-color: #ffffff\" href=\"https:\/\/wp.ufpel.edu.br\/dcsa\/pessoas\/professores\/rigatto\/\">Rigatto, Paulo<\/a><span style=\"font-size: 12pt\">\u00a0(Coordenador)<\/span><br \/>\n<\/span><\/li>\n<li><span style=\"font-size: 12pt\">An\u00e1lise de viabilidade econ\u00f4mica da produ\u00e7\u00e3o de cogumelos na Zona Sul do Rio Grande do Sul<br \/>\n<\/span><span style=\"font-size: 12pt\"><a href=\"https:\/\/wp.ufpel.edu.br\/dcsa\/pessoas\/professores\/rigatto\/\">Rigatto, Paulo<\/a>\u00a0(Coordenador)<\/p>\n<p><\/span><\/li>\n<\/ul>\n","protected":false},"excerpt":{"rendered":"<p>O DCSA desenvolve estudos sobre estrat\u00e9gias econ\u00f4micas para o desenvolvimento de ferramentas e aplica\u00e7\u00f5es para o setor e empreendimentos agr\u00edcolas com vista a otimiza\u00e7\u00e3o de sua produ\u00e7\u00e3o e rentabilidade. Gest\u00e3o da produ\u00e7\u00e3o, or\u00e7amenta\u00e7\u00e3o, an\u00e1lise de viabilidade econ\u00f4mica, gest\u00e3o de fornecedores, e estrat\u00e9gias de produ\u00e7\u00e3o e marketing. Professores Linhas de Pesquisa em que Atuam Contato Canever, &hellip; <\/p>\n<p><a class=\"more-link btn\" href=\"https:\/\/wp.ufpel.edu.br\/dcsa\/pesquisa\/gestao-empresarial-no-agronegocio\/\">Continue lendo<\/a><\/p>\n","protected":false},"author":141,"featured_media":329,"parent":124,"menu_order":6,"comment_status":"closed","ping_status":"closed","template":"template-twocolumnsleft.php","meta":{"footnotes":""},"class_list":["post-1119","page","type-page","status-publish","has-post-thumbnail","hentry","nodate","item-wrap"],"jetpack_sharing_enabled":true,"jetpack_likes_enabled":false,"_links":{"self":[{"href":"https:\/\/wp.ufpel.edu.br\/dcsa\/wp-json\/wp\/v2\/pages\/1119","targetHints":{"allow":["GET"]}}],"collection":[{"href":"https:\/\/wp.ufpel.edu.br\/dcsa\/wp-json\/wp\/v2\/pages"}],"about":[{"href":"https:\/\/wp.ufpel.edu.br\/dcsa\/wp-json\/wp\/v2\/types\/page"}],"author":[{"embeddable":true,"href":"https:\/\/wp.ufpel.edu.br\/dcsa\/wp-json\/wp\/v2\/users\/141"}],"replies":[{"embeddable":true,"href":"https:\/\/wp.ufpel.edu.br\/dcsa\/wp-json\/wp\/v2\/comments?post=1119"}],"version-history":[{"count":19,"href":"https:\/\/wp.ufpel.edu.br\/dcsa\/wp-json\/wp\/v2\/pages\/1119\/revisions"}],"predecessor-version":[{"id":1655,"href":"https:\/\/wp.ufpel.edu.br\/dcsa\/wp-json\/wp\/v2\/pages\/1119\/revisions\/1655"}],"up":[{"embeddable":true,"href":"https:\/\/wp.ufpel.edu.br\/dcsa\/wp-json\/wp\/v2\/pages\/124"}],"wp:featuredmedia":[{"embeddable":true,"href":"https:\/\/wp.ufpel.edu.br\/dcsa\/wp-json\/wp\/v2\/media\/329"}],"wp:attachment":[{"href":"https:\/\/wp.ufpel.edu.br\/dcsa\/wp-json\/wp\/v2\/media?parent=1119"}],"curies":[{"name":"wp","href":"https:\/\/api.w.org\/{rel}","templated":true}]}}