{"id":1088,"date":"2018-08-02T20:09:20","date_gmt":"2018-08-02T23:09:20","guid":{"rendered":"https:\/\/wp.ufpel.edu.br\/dcsa\/?page_id=1088"},"modified":"2020-05-28T23:19:34","modified_gmt":"2020-05-29T02:19:34","slug":"chefia","status":"publish","type":"page","link":"https:\/\/wp.ufpel.edu.br\/dcsa\/departamento\/chefia\/","title":{"rendered":"Chefia"},"content":{"rendered":"<ul class=\"dados-cobalto cobalto-chefias-unidade\"><li><span class=\"cobalto-label\">Chefe de Departamento<\/span><a href=\"https:\/\/institucional.ufpel.edu.br\/servidores\/id\/28601\">MARCELO FERNANDES PACHECO DIAS<\/a><\/li><li><span class=\"cobalto-label\">Chefe de departamento Substituto<\/span><a href=\"https:\/\/institucional.ufpel.edu.br\/servidores\/id\/25574\">MARIO CONILL GOMES<\/a><\/li><\/ul><p class=\"dados-cobalto cobalto-endereco-unidade\"><span class=\"cobalto-label\">Endere\u00e7o<\/span>Campus Cap\u00e3o do Le\u00e3o<br>Campus Cap\u00e3o do Le\u00e3o<br>96001-970 - Cap\u00e3o do Le\u00e3o, RS<\/p><div class=\"dados-cobalto cobalto-telefones-unidade\"><span class=\"cobalto-label\">Telefones<\/span><table class=\"cobalto-tabela-telefones cobalto-tabela-zebrada\"><tr class=\"cobalto-tabela-quebra-conteudo\"><td colspan=\"2\">Departamento de Ci\u00eancias Sociais Agr\u00e1rias<\/td><\/tr><tr><td class=\"cobalto-tabela-indenta\">Sala de docentes<\/td><td class=\"nowrap\"><a href=\"callto:(53) 3275-7257\">(53) 3275-7257<\/td><\/tr><tr><td class=\"cobalto-tabela-indenta\">Telefone<\/td><td class=\"nowrap\"><a href=\"callto:(53) 3275-7256\">(53) 3275-7256<\/td><\/tr><\/table><\/div>\n","protected":false},"excerpt":{"rendered":"","protected":false},"author":141,"featured_media":0,"parent":1090,"menu_order":3,"comment_status":"closed","ping_status":"closed","template":"template-twocolumnsleft.php","meta":{"footnotes":""},"class_list":["post-1088","page","type-page","status-publish","hentry","nodate","item-wrap"],"jetpack_sharing_enabled":true,"jetpack_likes_enabled":false,"_links":{"self":[{"href":"https:\/\/wp.ufpel.edu.br\/dcsa\/wp-json\/wp\/v2\/pages\/1088","targetHints":{"allow":["GET"]}}],"collection":[{"href":"https:\/\/wp.ufpel.edu.br\/dcsa\/wp-json\/wp\/v2\/pages"}],"about":[{"href":"https:\/\/wp.ufpel.edu.br\/dcsa\/wp-json\/wp\/v2\/types\/page"}],"author":[{"embeddable":true,"href":"https:\/\/wp.ufpel.edu.br\/dcsa\/wp-json\/wp\/v2\/users\/141"}],"replies":[{"embeddable":true,"href":"https:\/\/wp.ufpel.edu.br\/dcsa\/wp-json\/wp\/v2\/comments?post=1088"}],"version-history":[{"count":12,"href":"https:\/\/wp.ufpel.edu.br\/dcsa\/wp-json\/wp\/v2\/pages\/1088\/revisions"}],"predecessor-version":[{"id":2070,"href":"https:\/\/wp.ufpel.edu.br\/dcsa\/wp-json\/wp\/v2\/pages\/1088\/revisions\/2070"}],"up":[{"embeddable":true,"href":"https:\/\/wp.ufpel.edu.br\/dcsa\/wp-json\/wp\/v2\/pages\/1090"}],"wp:attachment":[{"href":"https:\/\/wp.ufpel.edu.br\/dcsa\/wp-json\/wp\/v2\/media?parent=1088"}],"curies":[{"name":"wp","href":"https:\/\/api.w.org\/{rel}","templated":true}]}}