{"id":1084,"date":"2018-08-02T19:48:23","date_gmt":"2018-08-02T22:48:23","guid":{"rendered":"https:\/\/wp.ufpel.edu.br\/dcsa\/?page_id=1084"},"modified":"2020-05-31T01:57:36","modified_gmt":"2020-05-31T04:57:36","slug":"ensino","status":"publish","type":"page","link":"https:\/\/wp.ufpel.edu.br\/dcsa\/ensino\/","title":{"rendered":"Ensino"},"content":{"rendered":"<p>Veja lista de disciplinas do DCSA na <a href=\"https:\/\/wp.ufpel.edu.br\/dcsa\/ensino\/graduacao\/\">Gradua\u00e7\u00e3o<\/a> e na <a href=\"https:\/\/wp.ufpel.edu.br\/dcsa\/ensino\/pos-graduacao\/\">P\u00f3s Gradua\u00e7\u00e3o<\/a><\/p>\n","protected":false},"excerpt":{"rendered":"<p>Veja lista de disciplinas do DCSA na Gradua\u00e7\u00e3o e na P\u00f3s Gradua\u00e7\u00e3o<\/p>\n","protected":false},"author":141,"featured_media":0,"parent":0,"menu_order":0,"comment_status":"closed","ping_status":"closed","template":"template-twocolumnsleft.php","meta":{"footnotes":""},"class_list":["post-1084","page","type-page","status-publish","hentry","nodate","item-wrap"],"jetpack_sharing_enabled":true,"jetpack_likes_enabled":false,"_links":{"self":[{"href":"https:\/\/wp.ufpel.edu.br\/dcsa\/wp-json\/wp\/v2\/pages\/1084","targetHints":{"allow":["GET"]}}],"collection":[{"href":"https:\/\/wp.ufpel.edu.br\/dcsa\/wp-json\/wp\/v2\/pages"}],"about":[{"href":"https:\/\/wp.ufpel.edu.br\/dcsa\/wp-json\/wp\/v2\/types\/page"}],"author":[{"embeddable":true,"href":"https:\/\/wp.ufpel.edu.br\/dcsa\/wp-json\/wp\/v2\/users\/141"}],"replies":[{"embeddable":true,"href":"https:\/\/wp.ufpel.edu.br\/dcsa\/wp-json\/wp\/v2\/comments?post=1084"}],"version-history":[{"count":4,"href":"https:\/\/wp.ufpel.edu.br\/dcsa\/wp-json\/wp\/v2\/pages\/1084\/revisions"}],"predecessor-version":[{"id":2215,"href":"https:\/\/wp.ufpel.edu.br\/dcsa\/wp-json\/wp\/v2\/pages\/1084\/revisions\/2215"}],"wp:attachment":[{"href":"https:\/\/wp.ufpel.edu.br\/dcsa\/wp-json\/wp\/v2\/media?parent=1084"}],"curies":[{"name":"wp","href":"https:\/\/api.w.org\/{rel}","templated":true}]}}