{"id":1082,"date":"2018-08-02T19:46:58","date_gmt":"2018-08-02T22:46:58","guid":{"rendered":"https:\/\/wp.ufpel.edu.br\/dcsa\/?page_id=1082"},"modified":"2018-10-10T17:15:16","modified_gmt":"2018-10-10T20:15:16","slug":"grupos-de-pesquisa","status":"publish","type":"page","link":"https:\/\/wp.ufpel.edu.br\/dcsa\/grupos-de-pesquisa\/","title":{"rendered":"Grupos de Pesquisa"},"content":{"rendered":"<p><span style=\"color: #000000\">Centro de Estudos Eud\u00e1imocos (CEEU)<\/span><\/p>\n<p><span style=\"color: #000000\">N\u00facelo de Estudos em Agroneg\u00f3cio (<a href=\"https:\/\/wp.ufpel.edu.br\/dcsa\/nea\/\">NEA<\/a>)<\/span><\/p>\n<p><span style=\"color: #000000\">N\u00facleo de Estudos em Economia Agr\u00e1ria e Meio Ambiente (<a href=\"https:\/\/wp.ufpel.edu.br\/dcsa\/neama\/\">NEEAMA<\/a>)<\/span><\/p>\n<p><span style=\"color: #000000\">N\u00facleo de Pesquisa e Extens\u00e3o em Agroelcologia e Politicas para a Agricultura Familiar (<a href=\"https:\/\/wp.ufpel.edu.br\/dcsa\/nupear\/\">NUPEAR<\/a>)<\/span><\/p>\n<p>&nbsp;<\/p>\n","protected":false},"excerpt":{"rendered":"<p>Centro de Estudos Eud\u00e1imocos (CEEU) N\u00facelo de Estudos em Agroneg\u00f3cio (NEA) N\u00facleo de Estudos em Economia Agr\u00e1ria e Meio Ambiente (NEEAMA) N\u00facleo de Pesquisa e Extens\u00e3o em Agroelcologia e Politicas para a Agricultura Familiar (NUPEAR) &nbsp;<\/p>\n","protected":false},"author":141,"featured_media":0,"parent":0,"menu_order":0,"comment_status":"closed","ping_status":"closed","template":"template-twocolumnsleft.php","meta":{"footnotes":""},"class_list":["post-1082","page","type-page","status-publish","hentry","nodate","item-wrap"],"jetpack_sharing_enabled":true,"jetpack_likes_enabled":false,"_links":{"self":[{"href":"https:\/\/wp.ufpel.edu.br\/dcsa\/wp-json\/wp\/v2\/pages\/1082","targetHints":{"allow":["GET"]}}],"collection":[{"href":"https:\/\/wp.ufpel.edu.br\/dcsa\/wp-json\/wp\/v2\/pages"}],"about":[{"href":"https:\/\/wp.ufpel.edu.br\/dcsa\/wp-json\/wp\/v2\/types\/page"}],"author":[{"embeddable":true,"href":"https:\/\/wp.ufpel.edu.br\/dcsa\/wp-json\/wp\/v2\/users\/141"}],"replies":[{"embeddable":true,"href":"https:\/\/wp.ufpel.edu.br\/dcsa\/wp-json\/wp\/v2\/comments?post=1082"}],"version-history":[{"count":4,"href":"https:\/\/wp.ufpel.edu.br\/dcsa\/wp-json\/wp\/v2\/pages\/1082\/revisions"}],"predecessor-version":[{"id":1547,"href":"https:\/\/wp.ufpel.edu.br\/dcsa\/wp-json\/wp\/v2\/pages\/1082\/revisions\/1547"}],"wp:attachment":[{"href":"https:\/\/wp.ufpel.edu.br\/dcsa\/wp-json\/wp\/v2\/media?parent=1082"}],"curies":[{"name":"wp","href":"https:\/\/api.w.org\/{rel}","templated":true}]}}